{"id":3425,"date":"2022-07-24T05:25:48","date_gmt":"2022-07-24T02:25:48","guid":{"rendered":"https:\/\/espoonperinneseura.net\/espoo1972\/?page_id=3425"},"modified":"2022-08-05T08:12:47","modified_gmt":"2022-08-05T05:12:47","slug":"r-i-p-bembolen-koulu","status":"publish","type":"page","link":"https:\/\/espoonperinneseura.net\/espoo1972\/koulutus-espoossa-2020-luvulla\/r-i-p-bembolen-koulu\/","title":{"rendered":"R.I.P. Bemb\u00f6len koulu"},"content":{"rendered":"<!-- Added by Post\/Page Specific Custom Code plugin, thank you for using! -->\n<style>.entry-title,  .entry-header {\r\n\tdisplay: none;\r\n}<\/style>\n<h5>Koulutuksen kehittyminen Espoossa\u00a0\u00a0\u00a0\u00a0\u00a0\u00a0\u00a0\u00a0<a href=\"https:\/\/espoonperinneseura.net\/espoo1972\/koulutus-espoossa-1970-2020\/\">Kansisivulle<\/a><\/h5>\r\n\r\n<div style=\"margin: auto;\">\r\n<div class=\"btn\"><a class=\"btn-text\" style=\"color: #000;\" href=\"https:\/\/espoonperinneseura.net\/espoo1972\/koulutus-espoossa-1970-luvulla\/\">1970-luku<\/a><\/div>\r\n<div class=\"btn\"><a class=\"btn-text\" style=\"color: #000;\" href=\"https:\/\/espoonperinneseura.net\/espoo1972\/koulutus-espoossa-1980-luvulla\/\">1980-luku<\/a><\/div>\r\n<div class=\"btn\"><a class=\"btn-text\" style=\"color: #000;\" href=\"https:\/\/espoonperinneseura.net\/espoo1972\/koulutus-espoossa-1990-luvulla\/\">1990-luku<\/a><\/div>\r\n<div class=\"btn\"><a class=\"btn-text\" style=\"color: #000;\" href=\"https:\/\/espoonperinneseura.net\/espoo1972\/koulutus-espoossa-2000-luvulla\/\">2000-luku<\/a><\/div>\r\n<div class=\"btn\"><a class=\"btn-text\" style=\"color: #000;\" href=\"https:\/\/espoonperinneseura.net\/espoo1972\/koulutus-espoossa-2010-luvulla\/\">2010-luku<\/a><\/div>\r\n<div class=\"btn\"><a class=\"btn-text\" style=\"color: #fff;\" href=\"https:\/\/espoonperinneseura.net\/espoo1972\/koulutus-espoossa-2020-luvulla\/\">2020-luku<\/a><\/div>\r\n<\/div>\r\n\r\n\r\n\r\n<h3 style=\"clear: both; padding-top: 25px;\">R.I.P. Bemb\u00f6len koulu<\/h3>\r\n<p><img loading=\"lazy\" decoding=\"async\" class=\"alignnone size-full wp-image-3872\" src=\"https:\/\/espoonperinneseura.net\/espoo1972\/wp-content\/uploads\/2022\/08\/Bembole.jpg\" alt=\"\" width=\"700\" height=\"434\" srcset=\"https:\/\/espoonperinneseura.net\/espoo1972\/wp-content\/uploads\/2022\/08\/Bembole.jpg 700w, https:\/\/espoonperinneseura.net\/espoo1972\/wp-content\/uploads\/2022\/08\/Bembole-300x186.jpg 300w\" sizes=\"auto, (max-width: 700px) 100vw, 700px\" \/><\/p>\r\n<p>2020-luvun alussa k\u00e4ytiin Espoossa j\u00e4lleen kiivasta taistelua pienten koulujen lakkauttamisesta. Ruotsinkielisist\u00e4 opetusasioista p\u00e4\u00e4tt\u00e4v\u00e4 lautakunta Svenska rum hylk\u00e4si kev\u00e4\u00e4ll\u00e4 2022 virkamiesten valmisteleman esityksen Bemb\u00f6len koulun lakkauttamisesta. Kaupunginhallitus k\u00e4ytti kuitenkin nosto-oikeutta ja lakkautti koulun vuotta ennen kuin koulussa olisi juhlittu satavuotissyntt\u00e4reit\u00e4.<\/p>\r\n<p>Perusteluja tietysti oli. Koulu oli todella pieni. Koulussa oli en\u00e4\u00e4 39 peruskoulun oppilasta luokilla 1-4 ja nelj\u00e4 ty\u00f6ntekij\u00e4\u00e4. Omaa rehtoria sill\u00e4 ei en\u00e4\u00e4 ollut.<\/p>\r\n<p>Koulurakennus oli vanha. Se oli rakennettu kansakoulua varten. Koululla oli ainoa yh\u00e4 k\u00e4yt\u00f6ss\u00e4 oleva 1920-luvulla rakennettu koulurakennus.<\/p>\r\n<p>Lakkauttamisen v\u00e4itettiin tuovan noin 250\u2009000 euron vuosittaiset s\u00e4\u00e4st\u00f6t, joita tarvitaan, jotta pysyt\u00e4\u00e4n valtuuston hyv\u00e4ksym\u00e4n Taloudellisesti Kest\u00e4v\u00e4 Espoo -s\u00e4\u00e4st\u00f6ohjelman tavoitteissa. Todellisuudessa tuo summa ei s\u00e4\u00e4styne. Koulurakennusta ei voida myyd\u00e4 asemakaavan takia. Se on suojeltu rakennus, ja sille on m\u00e4\u00e4ritelty k\u00e4ytt\u00f6tarkoitus. Joten vuokrakustannukset rakennuksesta pysyv\u00e4t Espoon kaupungilla.<\/p>\r\n<p>P\u00e4\u00e4t\u00f6s her\u00e4tti oppilaiden vanhemmissa valtavia tunteita. He ovat olleet tyytyv\u00e4isi\u00e4 leikkimielisesti \u201dH\u00f6lm\u00f6l\u00e4isten yliopistoksi\u201d kutsutun koulun toimintaan, vaikka tilat eiv\u00e4t ymm\u00e4rrett\u00e4v\u00e4sti ole samantasoisia kuin upouusissa kouluissa.<\/p>\r\n<p>Bemb\u00f6len koulu (Bemb\u00f6le skola) valmistui vuonna 1923 Kuninkaantien varrelle. Koulun suunnitteli arkkitehtitoimisto Borg\u2013Sir\u00e9n\u2013\u00c5berg, sama toimisto, joka suunnitteli my\u00f6s Eduskuntatalon. Punatiilinen, kaksikerroksinen koulu oli tuolloin Espoon komein julkinen rakennus keskiaikaisen kivikirkon lis\u00e4ksi. Se on yh\u00e4 rakennustaiteellisesti arvokas.<\/p>\r\n<p>Bemb\u00f6len koulussa toteutettiin ensimm\u00e4isen\u00e4 Espoossa juuri voimaan astunutta oppivelvollisuutta. Koulun tuolloinen opettaja, itsep\u00e4inen pohjalainen, joutui v\u00e4\u00e4nt\u00e4m\u00e4\u00e4n asiasta paikallisten maanviljelij\u00f6iden kanssa. Heid\u00e4n mielest\u00e4\u00e4n koulu oli tarpeeton, tai jopa vaarallinen renkien lapsille.<\/p>\r\n<p>Syksyll\u00e4 2022 Bemb\u00f6len koulua ei en\u00e4\u00e4 ole. Hieman yli kolmen kilometrin p\u00e4\u00e4ss\u00e4 on Lagstads skola, jossa on tilaa. Toinen vaihtoehto on Karamalmenin koulu. Perheet saavat itse valita.<\/p>\r\n","protected":false},"excerpt":{"rendered":"<p>Koulutuksen kehittyminen Espoossa\u00a0\u00a0\u00a0\u00a0\u00a0\u00a0\u00a0\u00a0Kansisivulle 1970-luku 1980-luku 1990-luku 2000-luku 2010-luku 2020-luku R.I.P. Bemb\u00f6len koulu 2020-luvun alussa k\u00e4ytiin Espoossa j\u00e4lleen kiivasta taistelua pienten koulujen lakkauttamisesta. Ruotsinkielisist\u00e4 opetusasioista p\u00e4\u00e4tt\u00e4v\u00e4 lautakunta Svenska rum hylk\u00e4si kev\u00e4\u00e4ll\u00e4 2022 virkamiesten valmisteleman esityksen Bemb\u00f6len koulun lakkauttamisesta. Kaupunginhallitus k\u00e4ytti kuitenkin nosto-oikeutta ja lakkautti koulun vuotta ennen kuin koulussa olisi juhlittu satavuotissyntt\u00e4reit\u00e4. Perusteluja tietysti oli. Koulu&hellip; <a class=\"more-link\" href=\"https:\/\/espoonperinneseura.net\/espoo1972\/koulutus-espoossa-2020-luvulla\/r-i-p-bembolen-koulu\/\">Jatka lukemista <span class=\"screen-reader-text\">R.I.P. Bemb\u00f6len koulu<\/span><\/a><\/p>\n","protected":false},"author":1,"featured_media":0,"parent":3217,"menu_order":0,"comment_status":"closed","ping_status":"closed","template":"","meta":{"_eb_attr":"","_exactmetrics_skip_tracking":false,"_exactmetrics_sitenote_active":false,"_exactmetrics_sitenote_note":"","_exactmetrics_sitenote_category":0,"footnotes":""},"class_list":["post-3425","page","type-page","status-publish","hentry","entry"],"_links":{"self":[{"href":"https:\/\/espoonperinneseura.net\/espoo1972\/wp-json\/wp\/v2\/pages\/3425","targetHints":{"allow":["GET"]}}],"collection":[{"href":"https:\/\/espoonperinneseura.net\/espoo1972\/wp-json\/wp\/v2\/pages"}],"about":[{"href":"https:\/\/espoonperinneseura.net\/espoo1972\/wp-json\/wp\/v2\/types\/page"}],"author":[{"embeddable":true,"href":"https:\/\/espoonperinneseura.net\/espoo1972\/wp-json\/wp\/v2\/users\/1"}],"replies":[{"embeddable":true,"href":"https:\/\/espoonperinneseura.net\/espoo1972\/wp-json\/wp\/v2\/comments?post=3425"}],"version-history":[{"count":3,"href":"https:\/\/espoonperinneseura.net\/espoo1972\/wp-json\/wp\/v2\/pages\/3425\/revisions"}],"predecessor-version":[{"id":3873,"href":"https:\/\/espoonperinneseura.net\/espoo1972\/wp-json\/wp\/v2\/pages\/3425\/revisions\/3873"}],"up":[{"embeddable":true,"href":"https:\/\/espoonperinneseura.net\/espoo1972\/wp-json\/wp\/v2\/pages\/3217"}],"wp:attachment":[{"href":"https:\/\/espoonperinneseura.net\/espoo1972\/wp-json\/wp\/v2\/media?parent=3425"}],"curies":[{"name":"wp","href":"https:\/\/api.w.org\/{rel}","templated":true}]}}