{"id":3482,"date":"2022-07-28T08:03:23","date_gmt":"2022-07-28T05:03:23","guid":{"rendered":"https:\/\/espoonperinneseura.net\/espoo1972\/?page_id=3482"},"modified":"2022-07-28T08:30:23","modified_gmt":"2022-07-28T05:30:23","slug":"steinerkoulu","status":"publish","type":"page","link":"https:\/\/espoonperinneseura.net\/espoo1972\/koulutus-espoossa-1990-luvulla\/steinerkoulu\/","title":{"rendered":"Espooseen yksityiskoulu:  Steinerkoulu"},"content":{"rendered":"<!-- Added by Post\/Page Specific Custom Code plugin, thank you for using! -->\n<style>.entry-title,  .entry-header {\r\n\tdisplay: none;\r\n}<\/style>\n<h5>Koulutuksen kehittyminen Espoossa\u00a0\u00a0\u00a0\u00a0\u00a0\u00a0\u00a0\u00a0<a href=\"https:\/\/espoonperinneseura.net\/espoo1972\/koulutus-espoossa-1970-2020\/\">Kansisivulle<\/a><\/h5>\r\n\r\n<div style=\"margin: auto;\">\r\n<div class=\"btn\"><a class=\"btn-text\" style=\"color: #000;\" href=\"https:\/\/espoonperinneseura.net\/espoo1972\/koulutus-espoossa-1970-luvulla\/\">1970-luku<\/a><\/div>\r\n<div class=\"btn\"><a class=\"btn-text\" style=\"color: #000;\" href=\"https:\/\/espoonperinneseura.net\/espoo1972\/koulutus-espoossa-1980-luvulla\/\">1980-luku<\/a><\/div>\r\n<div class=\"btn\"><a class=\"btn-text\" style=\"color: #fff;\" href=\"https:\/\/espoonperinneseura.net\/espoo1972\/koulutus-espoossa-1990-luvulla\/\">1990-luku<\/a><\/div>\r\n<div class=\"btn\"><a class=\"btn-text\" style=\"color: #000;\" href=\"https:\/\/espoonperinneseura.net\/espoo1972\/koulutus-espoossa-2000-luvulla\/\">2000-luku<\/a><\/div>\r\n<div class=\"btn\"><a class=\"btn-text\" style=\"color: #000;\" href=\"https:\/\/espoonperinneseura.net\/espoo1972\/koulutus-espoossa-2010-luvulla\/\">2010-luku<\/a><\/div>\r\n<div class=\"btn\"><a class=\"btn-text\" style=\"color: #000;\" href=\"https:\/\/espoonperinneseura.net\/espoo1972\/koulutus-espoossa-2020-luvulla\/\">2020-luku<\/a><\/div>\r\n\r\n\r\n\r\n<h3 style=\"clear: both; padding-top: 25px;\">Espooseen yksityiskoulu: Steinerkoulu<\/h3>\r\n<p>Kun Espoo siirtyi peruskouluj\u00e4rjestelm\u00e4\u00e4n vuonna 1977, kunnan kouluverkkoon ei j\u00e4\u00e4nyt yht\u00e4\u00e4n yksityist\u00e4, ns. korvaava koulua. Kaikki peruskoulut olivat kaupungin omia.<\/p>\r\n<p>1970-luvulla Suomessa innostuttiin ns. vaihtoehtokouluista, mm. Freinetin, Montessorin ja Steinerin pedagogiikoista. Niist\u00e4 innostuneet opettajat ja vanhemmat halusivat perustaa omia, yksityisi\u00e4 kouluja.<\/p>\r\n<p>Vuonna 1977 eduskunnassa s\u00e4\u00e4dettiin ns. steinerkoululaki, jota seurasi todellinen perustamisbuumi: Yksityinen koulu ei ollut en\u00e4\u00e4 m\u00f6rk\u00f6.<\/p>\r\n<p>Vuonna 1992 Espoon Steinerkoulun kannatusyhdistys sai perustamisluvan Espoon Steinerkoululle.<\/p>\r\n<p>Steiner-koululakia muutettiin vuosina 1995 ja 1996. Nyt Steinerkoulut saivat k\u00e4ytt\u00f6kustannuksiinsa valtionapua, joka on 57 % sijaintikunnan peruskoulun oppilasta kohden m\u00e4\u00e4r\u00e4tyn yksikk\u00f6hinnan ja koulun oppilasm\u00e4\u00e4r\u00e4n tulosta. Samalla m\u00e4\u00e4r\u00e4ttiin, ett\u00e4 kunta, joka on Steinerkoulun oppilaan kotikuntalaissa (201\/94) tarkoitettu kotikunta, on velvollinen suorittamaan Steinerkoulun yll\u00e4pit\u00e4j\u00e4lle maksuosuuden, joka on 43 % laissa tarkoitetusta yksikk\u00f6hinnasta. Espoo hyv\u00e4ksyi Espoon Steinerkoulun osaksi omaa kouluverkkoaan ja sitoutui maksamaan valtionosuuteen oikeuttavat k\u00e4ytt\u00f6menot.<\/p>\r\n<p>Vuonna 1996 s\u00e4\u00e4dettiin, ett\u00e4 Steinerkouluun voi kuulua lukio-opetusta vastaavaa opetusta varten erillisi\u00e4 toimintayksikk\u00f6j\u00e4. Laki mahdollisti steinerpedagogisen lukio-opetuksen j\u00e4rjest\u00e4misen niill\u00e4 paikkakunnilla, joissa oppilaat ovat saaneet steinerpedagogiikkaan perustuvan peruskouluopetuksen peruskoulua, mutta jossa lukio-opetusta oli jouduttu antamaan kouluj\u00e4rjestelm\u00e4n ulkopuolisissa yksityisiss\u00e4 opetusryhmiss\u00e4.<\/p>\r\n<p>S\u00e4\u00e4d\u00f6ksen mukaan Steinerkoulujen k\u00e4ytt\u00f6kustannusten rahoitusj\u00e4rjestelm\u00e4 oli p\u00e4\u00e4osin samanlainen kuin peruskoulussa ja lukiossa. Steinerkoulun oppilaan kotikunta olisi velvollinen suorittamaan koulun yll\u00e4pit\u00e4j\u00e4lle kotikunnan maksuosuuden.<\/p>\r\n<p>Espoon Steinerkoulu sai ylioppilastutkinto-oikeuden 16.08.2002<\/p>\r\n<p><strong>Koulurakennukset<\/strong><\/p>\r\n<p>Espoon Steinerkoulu toimi ensimm\u00e4isen vuoden Olarin Piispankyl\u00e4ss\u00e4 sijaitsevassa omakotitalossa, kunnes se p\u00e4\u00e4si vuonna 1993 entisen Invalidien ammattioppilaitoksen purku-uhan alla olleisiin vuokratiloihin Niittykumpuun.<\/p>\r\n<div style=\"margin: auto;\">\r\n<div style=\"float: left; width: 310px; margin: 0 10px 0px 0; padding-top: 5px;\">\r\n<figure id=\"attachment_3569\" aria-describedby=\"caption-attachment-3569\" style=\"width: 300px\" class=\"wp-caption alignleft\"><img loading=\"lazy\" decoding=\"async\" class=\"wp-image-3569 size-medium\" src=\"https:\/\/espoonperinneseura.net\/espoo1972\/wp-content\/uploads\/2022\/07\/Steinerkoulu-300x200.jpg\" alt=\"\" width=\"300\" height=\"200\" srcset=\"https:\/\/espoonperinneseura.net\/espoo1972\/wp-content\/uploads\/2022\/07\/Steinerkoulu-300x200.jpg 300w, https:\/\/espoonperinneseura.net\/espoo1972\/wp-content\/uploads\/2022\/07\/Steinerkoulu.jpg 700w\" sizes=\"auto, (max-width: 300px) 100vw, 300px\" \/><figcaption id=\"caption-attachment-3569\" class=\"wp-caption-text\">Espoon Steinerkoulu<\/figcaption><\/figure>\r\n<\/div>\r\n<p style=\"margin-top: 0px;\"><span style=\"white-space: nowrap;\">Vuonna 2002 kannatusyhdistys<\/span> k\u00e4ynnisti my\u00f6s oman koulurakennuksen suunnittelun.<\/p>\r\n<p>Espoon valtuusto hyv\u00e4ksyi koulutalon uuden tontin ja rakentamisehdotuksen. Rakennuksen suunnitteli Pauli Lindstr\u00f6m yhdess\u00e4 Maarit Holttisen kanssa. Koulun enimm\u00e4ishinnaksi m\u00e4\u00e4r\u00e4ttiin 10,5 miljoonaa euroa. Kaupungin kiinteist\u00f6yhti\u00f6 rakensi koulun, johon tuli tilaa yhteens\u00e4 l\u00e4hes 400 oppilaalle ja koulun henkil\u00f6kunnalle. Kouluun tuli yhdeks\u00e4n perusopetusta antavaa luokkaa ja nelj\u00e4 lukioluokkaa. Uusi koulurakennus valmistui vuonna 2005 Olarinluomaan.<\/p>\r\n<p style=\"clear:both;\"><strong>Opetus Espoon Steinerkoulussa<\/strong><\/p>\r\n<p>Espoon Steinerkoulu on poikkeuksellinen oppilaitos. Noin 350 oppilaan ja 35 opettajan opinahjossa on saman katon alla koululaisia ekaluokkalaisista lukiolaisiin. Lukiolaisia on noin 90. Lukio on nelivuotinen.<\/p>\r\n<p>Koulussa noudatetaan omaa Espoon Steinerkoulun opetussuunnitelmaa, joka vastaa perusajatuksiltaan kaikkialla maailmassa toimivien Steinerkoulujen opetussuunnitelmia.<\/p>\r\n<p>Steinerkoulujen pedagogiikassa kasvatusp\u00e4\u00e4m\u00e4\u00e4r\u00e4n\u00e4 on luonteeltaan hyv\u00e4 ihminen. Jokaista yksil\u00f6\u00e4 halutaan auttaa l\u00f6yt\u00e4m\u00e4\u00e4n itsens\u00e4, omat ainutkertaiset kykyns\u00e4 ja vahvuutensa ja tuomaan ne esiin yhteis\u00f6ss\u00e4. Opetuksessa korostetaan k\u00e4si- ja taidekasvatusta, ja sen erikoisuutena on taideliikuntalaji: eurytmia. Luokkayhteis\u00f6 on kiinte\u00e4. Heikkoja ei j\u00e4tet\u00e4 luokalle eik\u00e4 lahjakkaita seulota. Teknologian tuomaan lis\u00e4arvoon suhtaudutaan kriittisesti.<\/p>\r\n<p><\/p>\r\n<\/div>\r\n<\/div>","protected":false},"excerpt":{"rendered":"<p>Koulutuksen kehittyminen Espoossa\u00a0\u00a0\u00a0\u00a0\u00a0\u00a0\u00a0\u00a0Kansisivulle 1970-luku 1980-luku 1990-luku 2000-luku 2010-luku 2020-luku Espooseen yksityiskoulu: Steinerkoulu Kun Espoo siirtyi peruskouluj\u00e4rjestelm\u00e4\u00e4n vuonna 1977, kunnan kouluverkkoon ei j\u00e4\u00e4nyt yht\u00e4\u00e4n yksityist\u00e4, ns. korvaava koulua. Kaikki peruskoulut olivat kaupungin omia. 1970-luvulla Suomessa innostuttiin ns. vaihtoehtokouluista, mm. Freinetin, Montessorin ja Steinerin pedagogiikoista. Niist\u00e4 innostuneet opettajat ja vanhemmat halusivat perustaa omia, yksityisi\u00e4 kouluja. Vuonna 1977&hellip; <a class=\"more-link\" href=\"https:\/\/espoonperinneseura.net\/espoo1972\/koulutus-espoossa-1990-luvulla\/steinerkoulu\/\">Jatka lukemista <span class=\"screen-reader-text\">Espooseen yksityiskoulu:  Steinerkoulu<\/span><\/a><\/p>\n","protected":false},"author":1,"featured_media":0,"parent":3169,"menu_order":6,"comment_status":"closed","ping_status":"closed","template":"","meta":{"_eb_attr":"","_exactmetrics_skip_tracking":false,"_exactmetrics_sitenote_active":false,"_exactmetrics_sitenote_note":"","_exactmetrics_sitenote_category":0,"footnotes":""},"class_list":["post-3482","page","type-page","status-publish","hentry","entry"],"_links":{"self":[{"href":"https:\/\/espoonperinneseura.net\/espoo1972\/wp-json\/wp\/v2\/pages\/3482","targetHints":{"allow":["GET"]}}],"collection":[{"href":"https:\/\/espoonperinneseura.net\/espoo1972\/wp-json\/wp\/v2\/pages"}],"about":[{"href":"https:\/\/espoonperinneseura.net\/espoo1972\/wp-json\/wp\/v2\/types\/page"}],"author":[{"embeddable":true,"href":"https:\/\/espoonperinneseura.net\/espoo1972\/wp-json\/wp\/v2\/users\/1"}],"replies":[{"embeddable":true,"href":"https:\/\/espoonperinneseura.net\/espoo1972\/wp-json\/wp\/v2\/comments?post=3482"}],"version-history":[{"count":6,"href":"https:\/\/espoonperinneseura.net\/espoo1972\/wp-json\/wp\/v2\/pages\/3482\/revisions"}],"predecessor-version":[{"id":3573,"href":"https:\/\/espoonperinneseura.net\/espoo1972\/wp-json\/wp\/v2\/pages\/3482\/revisions\/3573"}],"up":[{"embeddable":true,"href":"https:\/\/espoonperinneseura.net\/espoo1972\/wp-json\/wp\/v2\/pages\/3169"}],"wp:attachment":[{"href":"https:\/\/espoonperinneseura.net\/espoo1972\/wp-json\/wp\/v2\/media?parent=3482"}],"curies":[{"name":"wp","href":"https:\/\/api.w.org\/{rel}","templated":true}]}}