{"id":3484,"date":"2022-07-28T07:58:05","date_gmt":"2022-07-28T04:58:05","guid":{"rendered":"https:\/\/espoonperinneseura.net\/espoo1972\/?page_id=3484"},"modified":"2022-07-28T08:46:39","modified_gmt":"2022-07-28T05:46:39","slug":"kristillinen-koulu","status":"publish","type":"page","link":"https:\/\/espoonperinneseura.net\/espoo1972\/koulutus-espoossa-1990-luvulla\/kristillinen-koulu\/","title":{"rendered":"Espooseen oma kristillinen koulu"},"content":{"rendered":"<!-- Added by Post\/Page Specific Custom Code plugin, thank you for using! -->\n<style>.entry-title,  .entry-header {\r\n\tdisplay: none;\r\n}<\/style>\n<h5>Koulutuksen kehittyminen Espoossa\u00a0\u00a0\u00a0\u00a0\u00a0\u00a0\u00a0\u00a0<a href=\"https:\/\/espoonperinneseura.net\/espoo1972\/koulutus-espoossa-1970-2020\/\">Kansisivulle<\/a><\/h5>\r\n\r\n<div style=\"margin: auto;\">\r\n<div class=\"btn\"><a class=\"btn-text\" style=\"color: #000;\" href=\"https:\/\/espoonperinneseura.net\/espoo1972\/koulutus-espoossa-1970-luvulla\/\">1970-luku<\/a><\/div>\r\n<div class=\"btn\"><a class=\"btn-text\" style=\"color: #000;\" href=\"https:\/\/espoonperinneseura.net\/espoo1972\/koulutus-espoossa-1980-luvulla\/\">1980-luku<\/a><\/div>\r\n<div class=\"btn\"><a class=\"btn-text\" style=\"color: #fff;\" href=\"https:\/\/espoonperinneseura.net\/espoo1972\/koulutus-espoossa-1990-luvulla\/\">1990-luku<\/a><\/div>\r\n<div class=\"btn\"><a class=\"btn-text\" style=\"color: #000;\" href=\"https:\/\/espoonperinneseura.net\/espoo1972\/koulutus-espoossa-2000-luvulla\/\">2000-luku<\/a><\/div>\r\n<div class=\"btn\"><a class=\"btn-text\" style=\"color: #000;\" href=\"https:\/\/espoonperinneseura.net\/espoo1972\/koulutus-espoossa-2010-luvulla\/\">2010-luku<\/a><\/div>\r\n<div class=\"btn\"><a class=\"btn-text\" style=\"color: #000;\" href=\"https:\/\/espoonperinneseura.net\/espoo1972\/koulutus-espoossa-2020-luvulla\/\">2020-luku<\/a><\/div>\r\n\r\n\r\n\r\n<h3 style=\"clear: both; padding-top: 25px;\">Espooseen oma kristillinen koulu<\/h3>\r\n<p>Vuonna 1999 Espoossa aloitti toimintansa jo toinen yksityinen koulu: Espoon kristillinen koulu. Sen toiminta alkoi Pohjois-Tapiolassa seurakunnan kerhotilassa. Vuonna 2001 koulu sai suuremmat tilat vanhan pankin tiloista Haukilahden ostoskeskuksesta. Oppilaita oli jo 120. My\u00f6s se tila k\u00e4vi pian koululle liian pieneksi, ja se haki lis\u00e4tilaa l\u00e4heisist\u00e4 rakennuksista.<\/p>\r\n<p>Vuonna 2006 Espoon suomenkielinen opetuslautakunta p\u00e4\u00e4tti tarjota kristilliselle koululle opetustiloja Niittykummun koulusta, koska siell\u00e4 oli syksyll\u00e4 nelj\u00e4 -viisi vapaata luokkaa, eik\u00e4 esimerkiksi musiikki- ja tekstiility\u00f6luokkia k\u00e4ytetty t\u00e4ydell\u00e4 teholla. Koulu otti tarjouksen vastaan.<\/p>\r\n<p>Vuonna 2008 valtioneuvosto my\u00f6nsi koululle pysyv\u00e4n opetuksenj\u00e4rjest\u00e4misluvan. Opetuslupa mahdollisti oppilasm\u00e4\u00e4r\u00e4n kasvattamisen 500:een.<\/p>\r\n<p>Iso askel eteenp\u00e4in otettiin 2010-luvulla, kun Espoon kaupunki linjasi kristillisen koulun osaksi kouluverkkoaan.<\/p>\r\n<p>Tilapula oli nyt kova. Neuvottelut Keski-Espoon koulun kanssa kariutuivat. Vuoden 2009 lopulla koulu muutti entisen S\u00e4\u00e4st\u00f6pankkiopiston tiloihin Espoon Matinkyl\u00e4\u00e4n. S\u00e4\u00e4st\u00f6pankkiopiston tilat kuitenkin purettiin tulevan asuntoalueen tielt\u00e4 vuonna 2012. Nyt Espoon kristillinen koulu siirtyi Karamalmille toimistorakennukseen.<\/p>\r\n<div style=\"margin: auto;\">\r\n<div style=\"float: left; width: 310px; margin: 0 10px 0px 0; padding-top: 5px;\">\r\n<figure id=\"attachment_3562\" aria-describedby=\"caption-attachment-3562\" style=\"width: 300px\" class=\"wp-caption alignleft\"><img loading=\"lazy\" decoding=\"async\" class=\"wp-image-3562 size-medium\" src=\"https:\/\/espoonperinneseura.net\/espoo1972\/wp-content\/uploads\/2022\/07\/Kristillinen-koulu-300x182.jpg\" alt=\"\" width=\"300\" height=\"182\" srcset=\"https:\/\/espoonperinneseura.net\/espoo1972\/wp-content\/uploads\/2022\/07\/Kristillinen-koulu-300x182.jpg 300w, https:\/\/espoonperinneseura.net\/espoo1972\/wp-content\/uploads\/2022\/07\/Kristillinen-koulu.jpg 700w\" sizes=\"auto, (max-width: 300px) 100vw, 300px\" \/><figcaption id=\"caption-attachment-3562\" class=\"wp-caption-text\">Espoon kristillinen koulu<\/figcaption><\/figure>\r\n<\/div>\r\n<p style=\"margin-top: 0px;\"><span style=\"white-space: nowrap;\"> Jatkuvaan kiertolaisel\u00e4m\u00e4\u00e4n<\/span> kyll\u00e4stynyt koulun kannatusyhdistys alkoi suunnitella uutta, omaa koulu- ja pa\u0308iva\u0308kotirakennusta Matinkyla\u0308a\u0308n vuoden 2016 alusta.<\/p>\r\n<p>Mittava koulurakennushanke toteutettiin vuokramallilla Hoivatilat Oyj:n kanssa. Yhti\u00f6 rakennutti koulun ja omistaa kiinteist\u00f6n. Kannatusyhdistys vuokrasi rakennuksen 25 vuodeksi. Sopimuksen arvo oli noin 30 miljoonaa euroa.<\/p>\r\n<p>Espoon kaupungille hanke ei maksanut mit\u00e4\u00e4n. Kaupunki vuokrasi yhdistykselle Matinkyl\u00e4n tontin 116 000 euron vuosivuokralla. Vuokra-aika on 30 vuotta.<\/p>\r\n<p>Rakennushanke valmistui tammikuussa 2022. Koulu p\u00e4\u00e4si muuttamaan pysyviin tiloihin Valotalon kampukselle osoitteeseen Matinkartanontie 13. Nelikerroksisen rakennuksen syd\u00e4men\u00e4 on ruokasalin ja liikuntasalin yhdistelm\u00e4. Rakennuksessa on eri ik\u00e4ryhmille omat alueet, mutta suunnittelussa on otettu mallia ns. avoimen koulun ideasta. Pihalla on opetusalueita. Samassa koulurakennuksessa on my\u00f6s Aarteet-p\u00e4iv\u00e4koti sek\u00e4 taidekoulu Talentti. &#8211; P\u00e4iv\u00e4koti Esikon toimitilat sijaitsevat aivan Iso-Omenan kupeessa.<\/p>\r\n<p>Koulurakennukseen on suunniteltu opetustilat 500 oppilaalle. T\u00e4ll\u00e4 hetkell\u00e4 siell\u00e4 on hieman alle 300 oppilasta. Koulussa annetaan perusopetusta 1-9. -luokilla sek\u00e4 esiopetusta. Esi- ja perusopetus ovat oppilaille maksuttomia.<\/p>\r\n<p>Opetusta rahoitetaan valtiolta saatavilla maksuilla. Espoo maksaa kannatusyhdistykselle opetuksen ja\u0308rjesta\u0308misesta\u0308 tehdyn sopimuksen perusteella oppilaskohtaista korvausta espoolaisista oppilaista saman verran kuin se maksaa mm. Steiner-koululle. Vuonna 2020 maksettu korvaus oli 442 164 euroa.<\/p>\r\n<p><strong>Haasteita<\/strong><\/p>\r\n<p>Useissa eri osoitteissa toimineella koululla on nyt oma \u201dkoti\u201d seuraavien 25 vuoden ajaksi. Koululla on edess\u00e4\u00e4n kahdenlaisia haasteita: taloudellisia ja hallinnollis-pedagogisia. Rahaa ei ole liikaa, ja niinp\u00e4 koulu anoi kaupungilta rahoitusta koulun kalustamiseen. Sellaisia rahoja ei Espoolla ollut. Koulussa on my\u00f6s runsaasti \u201dtyhj\u00e4\u00e4\u201d tilaa, johon on tarve l\u00f6yt\u00e4\u00e4 vuokralaisia, ellei koulun oppilasm\u00e4\u00e4r\u00e4 kasva.<\/p>\r\n<p>Hallinnollis-pedagogiset haasteet liittyv\u00e4t koulun kristilliseen toimintakulttuuriin. Kaikissa peruskouluissa tulee noudattaa niit\u00e4 koskevia s\u00e4\u00e4d\u00f6ksi\u00e4 ja opetussuunnitelman perusteita. Peruskouluissa on yh\u00e4 vahvemmin irrottauduttu kristillisest\u00e4 perinteest\u00e4. Uskonnonkaan opetus ei ole saanut olla tunnustuksellista vuoden 2003 j\u00e4lkeen. Hartaustilaisuudet eiv\u00e4t en\u00e4\u00e4 sovi koulun arkeen.<\/p>\r\n<p>Toistaiseksi Suomen 16 kristillisen koulun uskonnollispainotteisen toimintaan ei kuitenkaan ole puututtu juridisesti.<\/p>\r\n<p><\/p>\r\n<\/div>\r\n<\/div>","protected":false},"excerpt":{"rendered":"<p>Koulutuksen kehittyminen Espoossa\u00a0\u00a0\u00a0\u00a0\u00a0\u00a0\u00a0\u00a0Kansisivulle 1970-luku 1980-luku 1990-luku 2000-luku 2010-luku 2020-luku Espooseen oma kristillinen koulu Vuonna 1999 Espoossa aloitti toimintansa jo toinen yksityinen koulu: Espoon kristillinen koulu. Sen toiminta alkoi Pohjois-Tapiolassa seurakunnan kerhotilassa. Vuonna 2001 koulu sai suuremmat tilat vanhan pankin tiloista Haukilahden ostoskeskuksesta. Oppilaita oli jo 120. My\u00f6s se tila k\u00e4vi pian koululle liian pieneksi, ja&hellip; <a class=\"more-link\" href=\"https:\/\/espoonperinneseura.net\/espoo1972\/koulutus-espoossa-1990-luvulla\/kristillinen-koulu\/\">Jatka lukemista <span class=\"screen-reader-text\">Espooseen oma kristillinen koulu<\/span><\/a><\/p>\n","protected":false},"author":1,"featured_media":0,"parent":3169,"menu_order":6,"comment_status":"closed","ping_status":"closed","template":"","meta":{"_eb_attr":"","_exactmetrics_skip_tracking":false,"_exactmetrics_sitenote_active":false,"_exactmetrics_sitenote_note":"","_exactmetrics_sitenote_category":0,"footnotes":""},"class_list":["post-3484","page","type-page","status-publish","hentry","entry"],"_links":{"self":[{"href":"https:\/\/espoonperinneseura.net\/espoo1972\/wp-json\/wp\/v2\/pages\/3484","targetHints":{"allow":["GET"]}}],"collection":[{"href":"https:\/\/espoonperinneseura.net\/espoo1972\/wp-json\/wp\/v2\/pages"}],"about":[{"href":"https:\/\/espoonperinneseura.net\/espoo1972\/wp-json\/wp\/v2\/types\/page"}],"author":[{"embeddable":true,"href":"https:\/\/espoonperinneseura.net\/espoo1972\/wp-json\/wp\/v2\/users\/1"}],"replies":[{"embeddable":true,"href":"https:\/\/espoonperinneseura.net\/espoo1972\/wp-json\/wp\/v2\/comments?post=3484"}],"version-history":[{"count":5,"href":"https:\/\/espoonperinneseura.net\/espoo1972\/wp-json\/wp\/v2\/pages\/3484\/revisions"}],"predecessor-version":[{"id":3580,"href":"https:\/\/espoonperinneseura.net\/espoo1972\/wp-json\/wp\/v2\/pages\/3484\/revisions\/3580"}],"up":[{"embeddable":true,"href":"https:\/\/espoonperinneseura.net\/espoo1972\/wp-json\/wp\/v2\/pages\/3169"}],"wp:attachment":[{"href":"https:\/\/espoonperinneseura.net\/espoo1972\/wp-json\/wp\/v2\/media?parent=3484"}],"curies":[{"name":"wp","href":"https:\/\/api.w.org\/{rel}","templated":true}]}}