{"id":3486,"date":"2022-07-28T08:05:09","date_gmt":"2022-07-28T05:05:09","guid":{"rendered":"https:\/\/espoonperinneseura.net\/espoo1972\/?page_id=3486"},"modified":"2022-08-22T05:05:00","modified_gmt":"2022-08-22T02:05:00","slug":"esponen","status":"publish","type":"page","link":"https:\/\/espoonperinneseura.net\/espoo1972\/koulutus-espoossa-2000-luvulla\/esponen\/","title":{"rendered":"Koululaislehti Esponen ilmestyi yli 30 vuotta"},"content":{"rendered":"<!-- Added by Post\/Page Specific Custom Code plugin, thank you for using! -->\n<style>.entry-title,  .entry-header {\r\n\tdisplay: none;\r\n}<\/style>\n<h5>Koulutuksen kehittyminen Espoossa\u00a0\u00a0\u00a0\u00a0\u00a0\u00a0\u00a0\u00a0<a href=\"https:\/\/espoonperinneseura.net\/espoo1972\/koulutus-espoossa-1970-2020\/\">Kansisivulle<\/a><\/h5>\r\n\r\n<div style=\"margin: auto;\">\r\n<div class=\"btn\"><a class=\"btn-text\" style=\"color: #000;\" href=\"https:\/\/espoonperinneseura.net\/espoo1972\/koulutus-espoossa-1970-luvulla\/\">1970-luku<\/a><\/div>\r\n<div class=\"btn\"><a class=\"btn-text\" style=\"color: #000;\" href=\"https:\/\/espoonperinneseura.net\/espoo1972\/koulutus-espoossa-1980-luvulla\/\">1980-luku<\/a><\/div>\r\n<div class=\"btn\"><a class=\"btn-text\" style=\"color: #000;\" href=\"https:\/\/espoonperinneseura.net\/espoo1972\/koulutus-espoossa-1990-luvulla\/\">1990-luku<\/a><\/div>\r\n<div class=\"btn\"><a class=\"btn-text\" style=\"color: #fff;\" href=\"https:\/\/espoonperinneseura.net\/espoo1972\/koulutus-espoossa-2000-luvulla\/\">2000-luku<\/a><\/div>\r\n<div class=\"btn\"><a class=\"btn-text\" style=\"color: #000;\" href=\"https:\/\/espoonperinneseura.net\/espoo1972\/koulutus-espoossa-2010-luvulla\/\">2010-luku<\/a><\/div>\r\n<div class=\"btn\"><a class=\"btn-text\" style=\"color: #000;\" href=\"https:\/\/espoonperinneseura.net\/espoo1972\/koulutus-espoossa-2020-luvulla\/\">2020-luku<\/a><\/div>\r\n<\/div>\r\n\r\n<h3 style=\"clear: both; padding-top: 25px;\">Koululaislehti Esponen ilmestyi yli 30 vuotta<\/h3>\r\n<div style=\"margin: auto;\">\r\n<div style=\"float: left; width: 217px; margin: 0 10px 0px 0; padding-top: 5px;\"><img loading=\"lazy\" decoding=\"async\" class=\"alignleft size-medium wp-image-3595\" style=\"margin-bottom: 15px;\" src=\"https:\/\/espoonperinneseura.net\/espoo1972\/wp-content\/uploads\/2022\/07\/Esponen-207x300.png\" alt=\"\" width=\"207\" height=\"300\" srcset=\"https:\/\/espoonperinneseura.net\/espoo1972\/wp-content\/uploads\/2022\/07\/Esponen-207x300.png 207w, https:\/\/espoonperinneseura.net\/espoo1972\/wp-content\/uploads\/2022\/07\/Esponen.png 628w\" sizes=\"auto, (max-width: 207px) 100vw, 207px\" \/><\/div>\r\n<p style=\"margin-top: 0px;\"><span style=\"white-space: nowrap;\">Espoon ja Kauniaisten<\/span> opettajien ammattiyhdistys julkaisi kev\u00e4\u00e4ll\u00e4 2006 viimeisen toimittamansa <em>Espos<\/em>-lehden. Espoolainen opettajayhdistys oli julkaissut ensimm\u00e4isen numeron jo kansakouluaikaan vuonna 1971. Lehti toimi niin, ett\u00e4 opettajat ker\u00e4siv\u00e4t alakoululaisilta hauskoja tarinoita, runoja, piirroksia ja muita hengentuotteita lehte\u00e4 varten. Vanhempia ja aikuisia tietysti kiinnostivat omien ja muiden lasten tuotokset. <em>Espos<\/em>-lehte\u00e4 toimitettiin humoristisessa hengess\u00e4. Ajatuksena oli, ett\u00e4 ei naureta lapsille vaan lasten kanssa. Nyt vuosikymmenien perinne katkesi.<\/p>\r\n<p>Lehden esikuvana oli Helsingin kansakoulunopettajien vuonna 1949 k\u00e4ynnist\u00e4m\u00e4 <em>Kev\u00e4tp\u00f6rri\u00e4inen<\/em>. Se ilmestyy yh\u00e4 joka kev\u00e4t. Lehteen kootaan eri alakoulujen oppilaiden tarinoita, kuvia ja my\u00f6s vitsej\u00e4 ja teht\u00e4vi\u00e4. Lehdess\u00e4 on my\u00f6s vitsej\u00e4 ja teht\u00e4vi\u00e4. Oppilaat myyv\u00e4t lehte\u00e4 kiert\u00e4m\u00e4ll\u00e4 l\u00e4hiseudun taloissa ja ostoskeskuksissa. Myyntitulot on k\u00e4ytetty luokkien leirikoulurahastoihin tai esim. oppilaiden stipendeihin.<\/p>\r\n<p>L\u00e4nsiv\u00e4yl\u00e4-lehti haastatteli vuonna 2016 <em>Esposen<\/em> toimitussihteerin\u00e4 pitk\u00e4\u00e4n toiminutta Mainingin koulun entist\u00e4 opettajaa Hannu Suntiota. Jutussa Suntio kertoi, ett\u00e4 painosm\u00e4\u00e4r\u00e4 oli parhaimmillaan ollut l\u00e4hes 20 000 kpl. Lehte\u00e4 myytiin hyvin, koska moni halusi n\u00e4hd\u00e4 oman hengentuotteensa painettuna.<\/p>\r\n<p>Julkaisija, Espoon ja Kauniaisten opettajien ammattiyhdistys (EKOAY) jakoi lastenkulttuurilehden tuoton kokonaan kouluille k\u00e4ytett\u00e4v\u00e4ksi oppilasstipendeihin. Lehden hinnasta EKOAY:lle tilitetty osuus ei kattanut aina edes kaikkia kustannuksia.<\/p>\r\n<p>Moni on toivonut, ett\u00e4 lehti her\u00e4tett\u00e4isiin henkiin. Se oli v\u00e4rik\u00e4s, monikymmensivuinen, oman aikansa upeimpia koululaislehti\u00e4. Lehti vaati kuitenkin hurjasti talkooty\u00f6t\u00e4; viel\u00e4 ei ole l\u00f6ytynyt siihen uusia tekij\u00f6it\u00e4.<\/p>\r\n<p>Lehden p\u00e4\u00e4toimittajana toimi pitk\u00e4\u00e4n Jousenkaaren koulun opettaja Anna-Leena Br\u00e4nnare ja h\u00e4nen j\u00e4lkeens\u00e4 luokanopettaja Sirpa Wass.<\/p>\r\n<\/div>","protected":false},"excerpt":{"rendered":"<p>Koulutuksen kehittyminen Espoossa\u00a0\u00a0\u00a0\u00a0\u00a0\u00a0\u00a0\u00a0Kansisivulle 1970-luku 1980-luku 1990-luku 2000-luku 2010-luku 2020-luku Koululaislehti Esponen ilmestyi yli 30 vuotta Espoon ja Kauniaisten opettajien ammattiyhdistys julkaisi kev\u00e4\u00e4ll\u00e4 2006 viimeisen toimittamansa Espos-lehden. Espoolainen opettajayhdistys oli julkaissut ensimm\u00e4isen numeron jo kansakouluaikaan vuonna 1971. Lehti toimi niin, ett\u00e4 opettajat ker\u00e4siv\u00e4t alakoululaisilta hauskoja tarinoita, runoja, piirroksia ja muita hengentuotteita lehte\u00e4 varten. Vanhempia ja aikuisia&hellip; <a class=\"more-link\" href=\"https:\/\/espoonperinneseura.net\/espoo1972\/koulutus-espoossa-2000-luvulla\/esponen\/\">Jatka lukemista <span class=\"screen-reader-text\">Koululaislehti Esponen ilmestyi yli 30 vuotta<\/span><\/a><\/p>\n","protected":false},"author":1,"featured_media":0,"parent":3170,"menu_order":18,"comment_status":"closed","ping_status":"closed","template":"","meta":{"_eb_attr":"","_exactmetrics_skip_tracking":false,"_exactmetrics_sitenote_active":false,"_exactmetrics_sitenote_note":"","_exactmetrics_sitenote_category":0,"footnotes":""},"class_list":["post-3486","page","type-page","status-publish","hentry","entry"],"_links":{"self":[{"href":"https:\/\/espoonperinneseura.net\/espoo1972\/wp-json\/wp\/v2\/pages\/3486","targetHints":{"allow":["GET"]}}],"collection":[{"href":"https:\/\/espoonperinneseura.net\/espoo1972\/wp-json\/wp\/v2\/pages"}],"about":[{"href":"https:\/\/espoonperinneseura.net\/espoo1972\/wp-json\/wp\/v2\/types\/page"}],"author":[{"embeddable":true,"href":"https:\/\/espoonperinneseura.net\/espoo1972\/wp-json\/wp\/v2\/users\/1"}],"replies":[{"embeddable":true,"href":"https:\/\/espoonperinneseura.net\/espoo1972\/wp-json\/wp\/v2\/comments?post=3486"}],"version-history":[{"count":8,"href":"https:\/\/espoonperinneseura.net\/espoo1972\/wp-json\/wp\/v2\/pages\/3486\/revisions"}],"predecessor-version":[{"id":4027,"href":"https:\/\/espoonperinneseura.net\/espoo1972\/wp-json\/wp\/v2\/pages\/3486\/revisions\/4027"}],"up":[{"embeddable":true,"href":"https:\/\/espoonperinneseura.net\/espoo1972\/wp-json\/wp\/v2\/pages\/3170"}],"wp:attachment":[{"href":"https:\/\/espoonperinneseura.net\/espoo1972\/wp-json\/wp\/v2\/media?parent=3486"}],"curies":[{"name":"wp","href":"https:\/\/api.w.org\/{rel}","templated":true}]}}