{"id":3490,"date":"2022-07-28T08:00:44","date_gmt":"2022-07-28T05:00:44","guid":{"rendered":"https:\/\/espoonperinneseura.net\/espoo1972\/?page_id=3490"},"modified":"2022-08-16T09:20:35","modified_gmt":"2022-08-16T06:20:35","slug":"ammattikorkeakoulu","status":"publish","type":"page","link":"https:\/\/espoonperinneseura.net\/espoo1972\/koulutus-espoossa-1990-luvulla\/ammattikorkeakoulu\/","title":{"rendered":"Espoo p\u00e4\u00e4si mukaan ammattikorkeakouluun"},"content":{"rendered":"<!-- Added by Post\/Page Specific Custom Code plugin, thank you for using! -->\n<style>.entry-title,  .entry-header {\r\n\tdisplay: none;\r\n}<\/style>\n<h5>Koulutuksen kehittyminen Espoossa\u00a0\u00a0\u00a0\u00a0\u00a0\u00a0\u00a0\u00a0<a href=\"https:\/\/espoonperinneseura.net\/espoo1972\/koulutus-espoossa-1970-2020\/\">Kansisivulle<\/a><\/h5>\r\n\r\n<div style=\"margin: auto;\">\r\n<div class=\"btn\"><a class=\"btn-text\" style=\"color: #000;\" href=\"https:\/\/espoonperinneseura.net\/espoo1972\/koulutus-espoossa-1970-luvulla\/\">1970-luku<\/a><\/div>\r\n<div class=\"btn\"><a class=\"btn-text\" style=\"color: #000;\" href=\"https:\/\/espoonperinneseura.net\/espoo1972\/koulutus-espoossa-1980-luvulla\/\">1980-luku<\/a><\/div>\r\n<div class=\"btn\"><a class=\"btn-text\" style=\"color: #fff;\" href=\"https:\/\/espoonperinneseura.net\/espoo1972\/koulutus-espoossa-1990-luvulla\/\">1990-luku<\/a><\/div>\r\n<div class=\"btn\"><a class=\"btn-text\" style=\"color: #000;\" href=\"https:\/\/espoonperinneseura.net\/espoo1972\/koulutus-espoossa-2000-luvulla\/\">2000-luku<\/a><\/div>\r\n<div class=\"btn\"><a class=\"btn-text\" style=\"color: #000;\" href=\"https:\/\/espoonperinneseura.net\/espoo1972\/koulutus-espoossa-2010-luvulla\/\">2010-luku<\/a><\/div>\r\n<div class=\"btn\"><a class=\"btn-text\" style=\"color: #000;\" href=\"https:\/\/espoonperinneseura.net\/espoo1972\/koulutus-espoossa-2020-luvulla\/\">2020-luku<\/a><\/div>\r\n\r\n\r\n\r\n<h3 style=\"clear: both; padding-top: 25px;\">Espoo p\u00e4\u00e4si mukaan ammattikorkeakouluun<\/h3>\r\n<p>Ammattikorkeakouluajatuksen istuttamisesta Suomen koulutuspolitiikkaan saadaan kiitt\u00e4\u00e4 erityisesti opetusministeri Christoffer Taxellia ja kulttuuriministeri Anna-Liisa Kasurista. He esittiv\u00e4t idean 1980-luvun lopulla.<\/p>\r\n<p>Tarvetta ammattikorkeakoululle perusteltiin sek\u00e4 ty\u00f6el\u00e4m\u00e4n muuttuneilla vaatimuksilla ammattitaidosta ett\u00e4 my\u00f6s koulutettavien tarpeilla. Jo pitk\u00e4\u00e4n ylioppilastutkinnon suorittaneita nuoria oli jouduttu k\u00e4\u00e4nnytt\u00e4m\u00e4\u00e4n tiede- ja taidekorkeakoulujen ovilta.<\/p>\r\n<p>Valtion vuoden 1990 budjetissa oli sitten m\u00e4\u00e4r\u00e4raha ammattikorkeakoulun kokeilu- ja kehitt\u00e4mistoimintaan. Laki siit\u00e4 hyv\u00e4ksyttiin vuonna 1991. Kokeilun ideana oli nostaa v\u00e4est\u00f6n koulutustasoa. Hajanaista oppilaitosverkkoa haluttiin j\u00e4rkeist\u00e4\u00e4 selv\u00e4sti suuremmiksi ja vahvemmiksi yksik\u00f6iksi. Opistoasteen ja ylemm\u00e4n opistoasteen eli ammatillisen korkea-asteen koulutus haluttiin kehitt\u00e4\u00e4 korkea-asteen koulutukseksi.<\/p>\r\n<p>Kokeilulupia haettiin runsaasti. Ensimm\u00e4iset kokeilut saivat luvan k\u00e4ynnisty\u00e4 jo syksyll\u00e4 1991. Ammattikorkeakoulukokeiluun mukaan hyv\u00e4ksytt\u00e4vilt\u00e4 edellytettiin tarpeeksi korkeakoulumaista koulutusotetta. Niin ik\u00e4\u00e4n oli oltava osaamista my\u00f6s ty\u00f6el\u00e4m\u00e4\u00e4 palvelevaan, soveltavaan tutkimus- ja kehitt\u00e4misteht\u00e4v\u00e4\u00e4n.<\/p>\r\n<p>Innostusta oli Espoossakin. T\u00e4nne haluttiin kokonaan oma Espoon ammattikorkeakoulu. Espoon kaupunki ja koulutuskuntayhtym\u00e4 (my\u00f6hemmin Omnia) hakivat yhteist\u00e4 lupaa vuonna 1991. Kaupungin oppilaitoksista mukana hakemuksessa olivat Espoon ja Espoonlahden kauppaoppilaitokset ja kuntayhtym\u00e4st\u00e4 kaikki sen nelj\u00e4 oppilaitosta: Espoon sairaanhoito-oppilaitos, Espoon hotelli- ja ravintola-alan oppilaitos, Espoon sosiaalialan oppilaitos ja Espoon koti- ja laitostalousoppilaitos .<\/p>\r\n<p>Lupaa ei saatu. Espoo ei ollut k\u00e4ynnist\u00e4nyt riitt\u00e4v\u00e4sti kokeilutoimintaa eik\u00e4 panostanut suunnitteluun.<\/p>\r\n<p>Vuonna 1992 lupaa hakivat Espoon ja Espoonlahden kauppaoppilaitokset. Lupaa ei saatu. Vuonna 1993 lupaa hakivat Espoo, kuntayhtym\u00e4 ja my\u00f6s Suomen Raamattuopisto. Lupaa ei saatu. Ei my\u00f6sk\u00e4\u00e4n vuonna 1994.<\/p>\r\n<p>Vuonna 1995 Espoo ja kuntayhtym\u00e4n opistotaso hakivat suoraan lupaa vakinaisen ammattikorkeakoulun perustamiseen ilman kokeilua yhdess\u00e4 vantaalaisten kanssa. Ammattikorkeakoulun saamisesta oli tullut sek\u00e4 poliittisen ett\u00e4 virkamiesjohdon p\u00e4\u00e4tavoite.<\/p>\r\n<p><img loading=\"lazy\" decoding=\"async\" class=\"alignleft size-medium wp-image-3948\" src=\"https:\/\/espoonperinneseura.net\/espoo1972\/wp-content\/uploads\/2022\/08\/EVTEK-300x91.png\" alt=\"\" width=\"300\" height=\"91\" srcset=\"https:\/\/espoonperinneseura.net\/espoo1972\/wp-content\/uploads\/2022\/08\/EVTEK-300x91.png 300w, https:\/\/espoonperinneseura.net\/espoo1972\/wp-content\/uploads\/2022\/08\/EVTEK-1024x310.png 1024w, https:\/\/espoonperinneseura.net\/espoo1972\/wp-content\/uploads\/2022\/08\/EVTEK-768x233.png 768w, https:\/\/espoonperinneseura.net\/espoo1972\/wp-content\/uploads\/2022\/08\/EVTEK.png 1254w\" sizes=\"auto, (max-width: 300px) 100vw, 300px\" \/><span style=\"white-space: nowrap;\">Espoon-Vantaan<\/span> teknillinen oppilaitos (EVTEK) oli saanut toimilupap\u00e4\u00e4t\u00f6ksen vuonna 1995. Siin\u00e4 oli kehitt\u00e4misvelvoite muodostaa vaiheittain perustettava Espoon-Vantaan ammattikorkeakouluosakeyhti\u00f6n yll\u00e4pit\u00e4m\u00e4 Espoon-Vantaan ammattikorkeakoulu. Nyt edettiin vauhdikkaasti kohti maakunnallista, ei en\u00e4\u00e4 Espoon omaa ammattikorkeakoulua.<\/p>\r\n<p>Ammattikorkeakoulu-uudistuksen tavoitteisiin kuului oppilaitosten fuusioituminen. Niinp\u00e4 Espoo oli yhdist\u00e4nyt kaksi kauppaoppilaitostaan ja kuntayhtym\u00e4 nelj\u00e4 oppilaitostaan kahdeksi. N\u00e4in my\u00f6s siksi, ett\u00e4 EVTEK vaati mukaan tulevien oppilaitosten m\u00e4\u00e4r\u00e4\u00e4 v\u00e4hennett\u00e4v\u00e4ksi.<\/p>\r\n<p>Poliittisesti t\u00e4m\u00e4 ammattikorkeakouluhanke ei ollut kuitenkaan l\u00e4pihuutojuttu. Kokoomus oli vastustanut sit\u00e4 alusta asti. Heit\u00e4 kiinnosti enemm\u00e4n t\u00e4htiammattikorkeakoulun, Espoon-Vantaan teknillisen ammattikorkeakoulun kehitt\u00e4minen. Lopulta poliittinen p\u00e4\u00e4t\u00f6s syntyi yksimielisesti, kun Espoon-Vantaan ammattikorkeakoulu Oy muodostettiin.<\/p>\r\n<p>Espoon valtuusto hyv\u00e4ksyi vuonna 1996 osakas- ja yhteistoimintasopimuksen osakeyhti\u00f6muotoisen Espoon-Vantaan ammattikorkeakoulun (EVAMK) perustamiseksi. Kokeiluhakemus voitiin allekirjoittaa. Suomen suurin ammattikorkeakoulu oli syntynyt.<br \/>Espoon oppilaitoksista siihen liittyi liiketalousinstituutti ELIT ja koulutuskuntayhtym\u00e4st\u00e4 Espoon terveys- ja sosiaalialan oppilaitos ETSO sek\u00e4 Espoon palvelualojen oppilaitos EPO.<\/p>\r\n<p>Kokeilu sujui hyvin ja 5.2.1999 valtioneuvosto my\u00f6nsi Espoon-Vantaan ammattikorkeakoululle vakinaistamisluvan 1.8.2000 alkaen. Toimilupaan sis\u00e4ltyi yhdistymisvelvoite Espoon-Vantaan teknillisen ammattikorkeakoulun kanssa.<\/p>\r\n<p>Espoon-Vantaan ammattikorkeakoulun nimi vaihtui Laurea-ammattikorkeakouluksi 1.8.2001.<\/p>\r\n<p><\/p>\r\n<\/div>","protected":false},"excerpt":{"rendered":"<p>Koulutuksen kehittyminen Espoossa\u00a0\u00a0\u00a0\u00a0\u00a0\u00a0\u00a0\u00a0Kansisivulle 1970-luku 1980-luku 1990-luku 2000-luku 2010-luku 2020-luku Espoo p\u00e4\u00e4si mukaan ammattikorkeakouluun Ammattikorkeakouluajatuksen istuttamisesta Suomen koulutuspolitiikkaan saadaan kiitt\u00e4\u00e4 erityisesti opetusministeri Christoffer Taxellia ja kulttuuriministeri Anna-Liisa Kasurista. He esittiv\u00e4t idean 1980-luvun lopulla. Tarvetta ammattikorkeakoululle perusteltiin sek\u00e4 ty\u00f6el\u00e4m\u00e4n muuttuneilla vaatimuksilla ammattitaidosta ett\u00e4 my\u00f6s koulutettavien tarpeilla. Jo pitk\u00e4\u00e4n ylioppilastutkinnon suorittaneita nuoria oli jouduttu k\u00e4\u00e4nnytt\u00e4m\u00e4\u00e4n tiede- ja taidekorkeakoulujen&hellip; <a class=\"more-link\" href=\"https:\/\/espoonperinneseura.net\/espoo1972\/koulutus-espoossa-1990-luvulla\/ammattikorkeakoulu\/\">Jatka lukemista <span class=\"screen-reader-text\">Espoo p\u00e4\u00e4si mukaan ammattikorkeakouluun<\/span><\/a><\/p>\n","protected":false},"author":1,"featured_media":0,"parent":3169,"menu_order":6,"comment_status":"closed","ping_status":"closed","template":"","meta":{"_eb_attr":"","_exactmetrics_skip_tracking":false,"_exactmetrics_sitenote_active":false,"_exactmetrics_sitenote_note":"","_exactmetrics_sitenote_category":0,"footnotes":""},"class_list":["post-3490","page","type-page","status-publish","hentry","entry"],"_links":{"self":[{"href":"https:\/\/espoonperinneseura.net\/espoo1972\/wp-json\/wp\/v2\/pages\/3490","targetHints":{"allow":["GET"]}}],"collection":[{"href":"https:\/\/espoonperinneseura.net\/espoo1972\/wp-json\/wp\/v2\/pages"}],"about":[{"href":"https:\/\/espoonperinneseura.net\/espoo1972\/wp-json\/wp\/v2\/types\/page"}],"author":[{"embeddable":true,"href":"https:\/\/espoonperinneseura.net\/espoo1972\/wp-json\/wp\/v2\/users\/1"}],"replies":[{"embeddable":true,"href":"https:\/\/espoonperinneseura.net\/espoo1972\/wp-json\/wp\/v2\/comments?post=3490"}],"version-history":[{"count":3,"href":"https:\/\/espoonperinneseura.net\/espoo1972\/wp-json\/wp\/v2\/pages\/3490\/revisions"}],"predecessor-version":[{"id":3962,"href":"https:\/\/espoonperinneseura.net\/espoo1972\/wp-json\/wp\/v2\/pages\/3490\/revisions\/3962"}],"up":[{"embeddable":true,"href":"https:\/\/espoonperinneseura.net\/espoo1972\/wp-json\/wp\/v2\/pages\/3169"}],"wp:attachment":[{"href":"https:\/\/espoonperinneseura.net\/espoo1972\/wp-json\/wp\/v2\/media?parent=3490"}],"curies":[{"name":"wp","href":"https:\/\/api.w.org\/{rel}","templated":true}]}}