{"id":3492,"date":"2022-07-28T08:10:03","date_gmt":"2022-07-28T05:10:03","guid":{"rendered":"https:\/\/espoonperinneseura.net\/espoo1972\/?page_id=3492"},"modified":"2022-08-16T09:39:40","modified_gmt":"2022-08-16T06:39:40","slug":"pisa-tuloksia","status":"publish","type":"page","link":"https:\/\/espoonperinneseura.net\/espoo1972\/koulutus-espoossa-2010-luvulla\/pisa-tuloksia\/","title":{"rendered":"Espoossa iloitaan upeista PISA-tuloksista"},"content":{"rendered":"<!-- Added by Post\/Page Specific Custom Code plugin, thank you for using! -->\n<style>.entry-title,  .entry-header {\r\n\tdisplay: none;\r\n}<\/style>\n<h5>Koulutuksen kehittyminen Espoossa\u00a0\u00a0\u00a0\u00a0\u00a0\u00a0\u00a0\u00a0<a href=\"https:\/\/espoonperinneseura.net\/espoo1972\/koulutus-espoossa-1970-2020\/\">Kansisivulle<\/a><\/h5>\r\n\r\n<div style=\"margin: auto;\">\r\n<div class=\"btn\"><a class=\"btn-text\" style=\"color: #000;\" href=\"https:\/\/espoonperinneseura.net\/espoo1972\/koulutus-espoossa-1970-luvulla\/\">1970-luku<\/a><\/div>\r\n<div class=\"btn\"><a class=\"btn-text\" style=\"color: #000;\" href=\"https:\/\/espoonperinneseura.net\/espoo1972\/koulutus-espoossa-1980-luvulla\/\">1980-luku<\/a><\/div>\r\n<div class=\"btn\"><a class=\"btn-text\" style=\"color: #000;\" href=\"https:\/\/espoonperinneseura.net\/espoo1972\/koulutus-espoossa-1990-luvulla\/\">1990-luku<\/a><\/div>\r\n<div class=\"btn\"><a class=\"btn-text\" style=\"color: #000;\" href=\"https:\/\/espoonperinneseura.net\/espoo1972\/koulutus-espoossa-2000-luvulla\/\">2000-luku<\/a><\/div>\r\n<div class=\"btn\"><a class=\"btn-text\" style=\"color: #fff;\" href=\"https:\/\/espoonperinneseura.net\/espoo1972\/koulutus-espoossa-2010-luvulla\/\">2010-luku<\/a><\/div>\r\n<div class=\"btn\"><a class=\"btn-text\" style=\"color: #000;\" href=\"https:\/\/espoonperinneseura.net\/espoo1972\/koulutus-espoossa-2020-luvulla\/\">2020-luku<\/a><\/div>\r\n<\/div>\r\n\r\n\r\n\r\n<h3 style=\"clear: both; padding-top: 25px;\">Espoossa iloitaan upeista PISA-tuloksista<\/h3>\r\n<p>Varsinkin 1990-luvulla her\u00e4si yleinen kiinnostus vertailla eri maiden koulutusj\u00e4rjestelmien laatua. Oli t\u00e4rke\u00e4\u00e4 l\u00f6yt\u00e4\u00e4 parhaat mallit, joilla oppilaat oppivat. Teht\u00e4v\u00e4 ei ollut helppo, koska joka maassa on oma erityinen opetussuunnitelma ja my\u00f6s eri asioita opetetaan.<\/p>\r\n<p><img loading=\"lazy\" decoding=\"async\" class=\"alignleft size-full wp-image-3969\" src=\"https:\/\/espoonperinneseura.net\/espoo1972\/wp-content\/uploads\/2022\/08\/pisa-oecd.png\" alt=\"\" width=\"266\" height=\"190\" \/><span style=\"white-space: nowrap;\">Syntyi OECD:n<\/span> j\u00e4senmaiden yhteinen tutkimusohjelma: PISA-tutkimus (Programme for International Student Assessment). PISA-projektissa verrattiin 15-vuotiaiden 9.-luokkalaisten suorituksia lukemisessa, matematiikassa ja luonnontieteiss\u00e4. Mittaus tehd\u00e4\u00e4n kolmen vuoden v\u00e4lein, ensimm\u00e4iset vuonna 2000 ja tuoreimmat vuonna 2018.<\/p>\r\n<p>Mukana on hyvin erilaisia maita ja my\u00f6s er\u00e4it\u00e4 erityisalueita, kuten Shanghai. Jokaisesta maasta tutkimukseen osallistuu n\u00e4ytteellinen kouluja. Vuonna 2018 tutkimukseen osallistui 79 maata tai aluetta, Suomessa noin 8 000 koululaista 200 peruskoulusta.<\/p>\r\n<p>Ensimm\u00e4iset tulokset julkaistiin vuonna 2001. Suomalaiskoululaiset sijoittuivat ensimm\u00e4isiksi lukutaitoa mittaavissa testeiss\u00e4. PISA-tulosten arvoa lis\u00e4si se, ett\u00e4 ne saavutettiin teollisuusmaiden mittapuulla mitattuina keskitasoisin kustannuksin. Puheet tasap\u00e4ist\u00e4v\u00e4st\u00e4 peruskoulusta vaikenivat.<\/p>\r\n<p>\u201dSuomalaisille itselleen PISA-menestys oli j\u00e4rkytys. Kaikenhan piti menn\u00e4 huonosti peruskoulussa,\u201d (professori Kauko H\u00e4m\u00e4l\u00e4inen 2008).<\/p>\r\n<p>Koululaistemme menestys on tuoreimpien tulosten mukaan heikentynyt, ei tosin mitenk\u00e4\u00e4n dramaattisesti. Huolimatta heikentyneist\u00e4 tuloksista suomalaisten sijoittuminen on edelleen korkea.<br \/><br \/>Suomalaisnuorten lukutaito on yh\u00e4 OECD-maiden parhaimmistoa. Matematiikan pisteet laskivat nopeasti 2010-luvun alussa, mutta nyt lasku on ilahduttavasti taittunut. Luonnontieteiss\u00e4 Suomen tulokset ovat laskeneet tasaisesti. Niiss\u00e4 Suomi on sijalla kuusi. PISA-tulosten perusteella suomalaiset koululaiset ovat sek\u00e4 osaavia ett\u00e4 tyytyv\u00e4isi\u00e4 el\u00e4m\u00e4\u00e4ns\u00e4. T\u00e4m\u00e4 on harvinaista OECD-maiden vertailussa.<\/p>\r\n<p><strong>Espoon PISA-tulokset edelleen maailman huippua<\/strong><\/p>\r\n<p>Espoon koulujen PISA-tulokset ovat olleet toistuvasti erinomaiset. Vuonna 2015 espoolaiskoulut menestyiv\u00e4t selv\u00e4sti valtakunnallista keskitasoa paremmin. Espoon tulokset ylittiv\u00e4t my\u00f6s p\u00e4\u00e4kaupunkiseudun yhteisen tuloksen kaikilla osa-alueilla. Tulokset olivat selke\u00e4sti valtakunnallisia tuloksia parempia niin tytt\u00f6jen kuin poikien osalta.<br \/><br \/>Vuoden 2015 tutkimukseen osallistui Espoosta satunnaisotannalla yhdeks\u00e4n koulua. Jokaisesta koulusta osallistui 34\u201340 oppilasta, yhteens\u00e4 341 espoolaista oppilasta. Espoon opetustoimessa voitiin iloita koulujen hyvist\u00e4 PISA-tuloksista. Esimerkiksi Mainingin koulun keskiarvo luonnontieteiss\u00e4 oli 602, kun koko Suomen keskiarvo oli 545 ja OECD-maiden 501.<\/p>\r\n<p>Voidaan perustellusti v\u00e4itt\u00e4\u00e4, ett\u00e4 t\u00e4m\u00e4n selvityksen perusteella Espoossa on maailman parhaita kouluja ja koululaisia.<\/p>\r\n","protected":false},"excerpt":{"rendered":"<p>Koulutuksen kehittyminen Espoossa\u00a0\u00a0\u00a0\u00a0\u00a0\u00a0\u00a0\u00a0Kansisivulle 1970-luku 1980-luku 1990-luku 2000-luku 2010-luku 2020-luku Espoossa iloitaan upeista PISA-tuloksista Varsinkin 1990-luvulla her\u00e4si yleinen kiinnostus vertailla eri maiden koulutusj\u00e4rjestelmien laatua. Oli t\u00e4rke\u00e4\u00e4 l\u00f6yt\u00e4\u00e4 parhaat mallit, joilla oppilaat oppivat. Teht\u00e4v\u00e4 ei ollut helppo, koska joka maassa on oma erityinen opetussuunnitelma ja my\u00f6s eri asioita opetetaan. Syntyi OECD:n j\u00e4senmaiden yhteinen tutkimusohjelma: PISA-tutkimus (Programme for&hellip; <a class=\"more-link\" href=\"https:\/\/espoonperinneseura.net\/espoo1972\/koulutus-espoossa-2010-luvulla\/pisa-tuloksia\/\">Jatka lukemista <span class=\"screen-reader-text\">Espoossa iloitaan upeista PISA-tuloksista<\/span><\/a><\/p>\n","protected":false},"author":1,"featured_media":0,"parent":3171,"menu_order":3,"comment_status":"closed","ping_status":"closed","template":"","meta":{"_eb_attr":"","_exactmetrics_skip_tracking":false,"_exactmetrics_sitenote_active":false,"_exactmetrics_sitenote_note":"","_exactmetrics_sitenote_category":0,"footnotes":""},"class_list":["post-3492","page","type-page","status-publish","hentry","entry"],"_links":{"self":[{"href":"https:\/\/espoonperinneseura.net\/espoo1972\/wp-json\/wp\/v2\/pages\/3492","targetHints":{"allow":["GET"]}}],"collection":[{"href":"https:\/\/espoonperinneseura.net\/espoo1972\/wp-json\/wp\/v2\/pages"}],"about":[{"href":"https:\/\/espoonperinneseura.net\/espoo1972\/wp-json\/wp\/v2\/types\/page"}],"author":[{"embeddable":true,"href":"https:\/\/espoonperinneseura.net\/espoo1972\/wp-json\/wp\/v2\/users\/1"}],"replies":[{"embeddable":true,"href":"https:\/\/espoonperinneseura.net\/espoo1972\/wp-json\/wp\/v2\/comments?post=3492"}],"version-history":[{"count":3,"href":"https:\/\/espoonperinneseura.net\/espoo1972\/wp-json\/wp\/v2\/pages\/3492\/revisions"}],"predecessor-version":[{"id":3980,"href":"https:\/\/espoonperinneseura.net\/espoo1972\/wp-json\/wp\/v2\/pages\/3492\/revisions\/3980"}],"up":[{"embeddable":true,"href":"https:\/\/espoonperinneseura.net\/espoo1972\/wp-json\/wp\/v2\/pages\/3171"}],"wp:attachment":[{"href":"https:\/\/espoonperinneseura.net\/espoo1972\/wp-json\/wp\/v2\/media?parent=3492"}],"curies":[{"name":"wp","href":"https:\/\/api.w.org\/{rel}","templated":true}]}}