{"id":3494,"date":"2022-07-28T08:08:27","date_gmt":"2022-07-28T05:08:27","guid":{"rendered":"https:\/\/espoonperinneseura.net\/espoo1972\/?page_id=3494"},"modified":"2022-07-28T08:17:31","modified_gmt":"2022-07-28T05:17:31","slug":"etela-tapiolan-lukio","status":"publish","type":"page","link":"https:\/\/espoonperinneseura.net\/espoo1972\/koulutus-espoossa-2010-luvulla\/etela-tapiolan-lukio\/","title":{"rendered":"Etel\u00e4-Tapiolan lukiossa loistavat yo-tulokset"},"content":{"rendered":"<!-- Added by Post\/Page Specific Custom Code plugin, thank you for using! -->\n<style>.entry-title,  .entry-header {\r\n\tdisplay: none;\r\n}<\/style>\n<h5>Koulutuksen kehittyminen Espoossa\u00a0\u00a0\u00a0\u00a0\u00a0\u00a0\u00a0\u00a0<a href=\"https:\/\/espoonperinneseura.net\/espoo1972\/koulutus-espoossa-1970-2020\/\">Kansisivulle<\/a><\/h5>\r\n\r\n<div style=\"margin: auto;\">\r\n<div class=\"btn\"><a class=\"btn-text\" style=\"color: #000;\" href=\"https:\/\/espoonperinneseura.net\/espoo1972\/koulutus-espoossa-1970-luvulla\/\">1970-luku<\/a><\/div>\r\n<div class=\"btn\"><a class=\"btn-text\" style=\"color: #000;\" href=\"https:\/\/espoonperinneseura.net\/espoo1972\/koulutus-espoossa-1980-luvulla\/\">1980-luku<\/a><\/div>\r\n<div class=\"btn\"><a class=\"btn-text\" style=\"color: #000;\" href=\"https:\/\/espoonperinneseura.net\/espoo1972\/koulutus-espoossa-1990-luvulla\/\">1990-luku<\/a><\/div>\r\n<div class=\"btn\"><a class=\"btn-text\" style=\"color: #000;\" href=\"https:\/\/espoonperinneseura.net\/espoo1972\/koulutus-espoossa-2000-luvulla\/\">2000-luku<\/a><\/div>\r\n<div class=\"btn\"><a class=\"btn-text\" style=\"color: #fff;\" href=\"https:\/\/espoonperinneseura.net\/espoo1972\/koulutus-espoossa-2010-luvulla\/\">2010-luku<\/a><\/div>\r\n<div class=\"btn\"><a class=\"btn-text\" style=\"color: #000;\" href=\"https:\/\/espoonperinneseura.net\/espoo1972\/koulutus-espoossa-2020-luvulla\/\">2020-luku<\/a><\/div>\r\n<\/div>\r\n\r\n\r\n\r\n<h3 style=\"clear: both; padding-top: 25px;\">Etel\u00e4-Tapiolan lukiossa loistavat yo-tulokset<\/h3>\r\n<p>Espoolainen Etel\u00e4-Tapiolan lukio (\u201dEtis\u201d) on saanut useana vuonna Suomen parhaat pisteet ylioppilaskirjoituksissa. Ykk\u00f6ssija on saavutettu nelj\u00e4n\u00e4 per\u00e4kk\u00e4isen\u00e4 kev\u00e4\u00e4n\u00e4 2014-2017. Kev\u00e4\u00e4ll\u00e4 2018 ja syksyll\u00e4 2019 tuli hopeatila. \u201dEtis\u201d ei mahtunut 22 parhaan lukion listalle kev\u00e4\u00e4ll\u00e4 2020 eik\u00e4 kev\u00e4\u00e4ll\u00e4 2022. Kev\u00e4\u00e4ll\u00e4 2021 tuli pronssia.<\/p>\r\n<p>Etel\u00e4-Tapiolan lukio on kansainv\u00e4linen yleislukio, jossa on my\u00f6s IB-linja sek\u00e4 talous- ja yhteiskuntatieteellinen painotus. Opiskelijoita siell\u00e4 on hieman alle 600.<\/p>\r\n<p>Syit\u00e4 huikeaan menestykseen on arvailtu. On v\u00e4itetty, ett\u00e4 \u201dEtis\u201d olisi eliitin yksityiskoulu, jossa vain prepataan yo-kirjoituksiin. Varmasti tuloksia selitt\u00e4\u00e4 my\u00f6s, ett\u00e4 lukioon vaaditaan peruskoulun p\u00e4\u00e4tt\u00f6todistuksen korkea keskiarvo ja ett\u00e4 opiskelijat ovat motivoituneita. Etel\u00e4-Tapiolan lukioon vaadittu keskiarvo on vaihdellut vuosittain. Vuonna 2015 se oli 9,31, vuonna 2017 8,92, vuonna 2019 se oli vain 7. Vuonna 2020 ja 2021 se oli 8,83 ja vuonna 2022 8,85.<\/p>\r\n<p><strong>Yhteis\u00f6llinen toimintakulttuuri \u2013 menestyksen avain<\/strong><\/p>\r\n<div style=\"margin: auto;\">\r\n<div style=\"float: left; width: 219px; margin: 0 10px 0px 0; padding-top: 5px;\">\r\n<figure id=\"attachment_3558\" aria-describedby=\"caption-attachment-3558\" style=\"width: 209px\" class=\"wp-caption alignleft\"><img loading=\"lazy\" decoding=\"async\" class=\"wp-image-3558 size-medium\" src=\"https:\/\/espoonperinneseura.net\/espoo1972\/wp-content\/uploads\/2022\/07\/Harri-Rinta-Aho-209x300.jpg\" alt=\"\" width=\"209\" height=\"300\" srcset=\"https:\/\/espoonperinneseura.net\/espoo1972\/wp-content\/uploads\/2022\/07\/Harri-Rinta-Aho-209x300.jpg 209w, https:\/\/espoonperinneseura.net\/espoo1972\/wp-content\/uploads\/2022\/07\/Harri-Rinta-Aho.jpg 422w\" sizes=\"auto, (max-width: 209px) 100vw, 209px\" \/><figcaption id=\"caption-attachment-3558\" class=\"wp-caption-text\">Harri Rinta-aho<\/figcaption><\/figure>\r\n<\/div>\r\n<p style=\"margin-top: 0px;\"><span style=\"white-space: nowrap;\">Lehtihaastattelussa<\/span> (Iltalehti 19.5.2017) Etel\u00e4-Tapiolan lukion tuolloinen rehtori Harri Rinta-aho uskoi, ett\u00e4 avain menestykseen piilee yhteis\u00f6llisess\u00e4 toimintakulttuurissa. Koulussa harrastetaan paljon ryhm\u00e4ty\u00f6metodeja. Yhdess\u00e4 tekeminen v\u00e4hent\u00e4\u00e4 opiskelijoiden tuntemia paineita ja minimoi kilpailun. Opiskelijat tekev\u00e4t paljon t\u00f6it\u00e4. Kiitos kuuluu tietenkin my\u00f6s opettajille, jotka panostavat opetukseen.<\/p>\r\n<p>Harri Rinta-Aho oli Etel\u00e4-Tapiolan lukion rehtorina vuoteen 2018 saakka. Sen j\u00e4lkeen rehtoreina ovat olleet Jukka Kivioja ja Anni Virnes.<\/p>\r\n<p>MTV julkaisi \u201dilman lupaa\u201d ensimm\u00e4isen ranking-listan Suomen parhaista lukioista vuonna 2002. Vuonna 2008 korkein hallinto-oikeus velvoitti ylioppilastutkintolautakunnan luovuttamaan tulokset s\u00e4hk\u00f6isess\u00e4 muodossa. Sen j\u00e4lkeen tiedotusv\u00e4lineet ovat julkaisseet s\u00e4\u00e4nn\u00f6llisesti lukiolistoja. Listojen julkaisemista on paheksuttu. Niiden on v\u00e4itetty syvent\u00e4v\u00e4n hyvin ja huonosti menestyneiden lukioiden eroja. Erinomaisten yo-koetulosten saaman huomion katsottiin vet\u00e4v\u00e4n lahjakkaimpia nuoria eliittilukioihin.<\/p>\r\n<p>Muiden joukossa valtion taloudellinen tutkimuskeskus VATT on kritisoinut lukiovertailuja. Se pit\u00e4\u00e4 medioiden laatimia lukiovertailuja harhaanjohtavina, jos tarkoitus on asettaa lukioita paremmuusj\u00e4rjestykseen laadun perusteella. Vertailuissa pit\u00e4isi ottaa huomioon lukio-oppilaiden l\u00e4ht\u00f6taso (todistuksen keskiarvo), mutta my\u00f6s se, ett\u00e4 eri yl\u00e4kouluissa on erilaiset arviointik\u00e4yt\u00e4nn\u00f6t. Tutkimuksin on osoitettu, ett\u00e4 samantasoisella osaamisella voi saada p\u00e4\u00e4tt\u00f6todistukseen toisessa koulussa esim. seiskan ja toisessa ysin.<\/p>\r\n<p style=\"margin-top: 0px;\"><span style=\"white-space: nowrap;\"><\/span><\/p>\r\n<\/div>","protected":false},"excerpt":{"rendered":"<p>Koulutuksen kehittyminen Espoossa\u00a0\u00a0\u00a0\u00a0\u00a0\u00a0\u00a0\u00a0Kansisivulle 1970-luku 1980-luku 1990-luku 2000-luku 2010-luku 2020-luku Etel\u00e4-Tapiolan lukiossa loistavat yo-tulokset Espoolainen Etel\u00e4-Tapiolan lukio (\u201dEtis\u201d) on saanut useana vuonna Suomen parhaat pisteet ylioppilaskirjoituksissa. Ykk\u00f6ssija on saavutettu nelj\u00e4n\u00e4 per\u00e4kk\u00e4isen\u00e4 kev\u00e4\u00e4n\u00e4 2014-2017. Kev\u00e4\u00e4ll\u00e4 2018 ja syksyll\u00e4 2019 tuli hopeatila. \u201dEtis\u201d ei mahtunut 22 parhaan lukion listalle kev\u00e4\u00e4ll\u00e4 2020 eik\u00e4 kev\u00e4\u00e4ll\u00e4 2022. Kev\u00e4\u00e4ll\u00e4 2021 tuli pronssia.&hellip; <a class=\"more-link\" href=\"https:\/\/espoonperinneseura.net\/espoo1972\/koulutus-espoossa-2010-luvulla\/etela-tapiolan-lukio\/\">Jatka lukemista <span class=\"screen-reader-text\">Etel\u00e4-Tapiolan lukiossa loistavat yo-tulokset<\/span><\/a><\/p>\n","protected":false},"author":1,"featured_media":0,"parent":3171,"menu_order":3,"comment_status":"closed","ping_status":"closed","template":"","meta":{"_eb_attr":"","_exactmetrics_skip_tracking":false,"_exactmetrics_sitenote_active":false,"_exactmetrics_sitenote_note":"","_exactmetrics_sitenote_category":0,"footnotes":""},"class_list":["post-3494","page","type-page","status-publish","hentry","entry"],"_links":{"self":[{"href":"https:\/\/espoonperinneseura.net\/espoo1972\/wp-json\/wp\/v2\/pages\/3494","targetHints":{"allow":["GET"]}}],"collection":[{"href":"https:\/\/espoonperinneseura.net\/espoo1972\/wp-json\/wp\/v2\/pages"}],"about":[{"href":"https:\/\/espoonperinneseura.net\/espoo1972\/wp-json\/wp\/v2\/types\/page"}],"author":[{"embeddable":true,"href":"https:\/\/espoonperinneseura.net\/espoo1972\/wp-json\/wp\/v2\/users\/1"}],"replies":[{"embeddable":true,"href":"https:\/\/espoonperinneseura.net\/espoo1972\/wp-json\/wp\/v2\/comments?post=3494"}],"version-history":[{"count":5,"href":"https:\/\/espoonperinneseura.net\/espoo1972\/wp-json\/wp\/v2\/pages\/3494\/revisions"}],"predecessor-version":[{"id":3561,"href":"https:\/\/espoonperinneseura.net\/espoo1972\/wp-json\/wp\/v2\/pages\/3494\/revisions\/3561"}],"up":[{"embeddable":true,"href":"https:\/\/espoonperinneseura.net\/espoo1972\/wp-json\/wp\/v2\/pages\/3171"}],"wp:attachment":[{"href":"https:\/\/espoonperinneseura.net\/espoo1972\/wp-json\/wp\/v2\/media?parent=3494"}],"curies":[{"name":"wp","href":"https:\/\/api.w.org\/{rel}","templated":true}]}}