{"id":3496,"date":"2022-07-28T08:06:52","date_gmt":"2022-07-28T05:06:52","guid":{"rendered":"https:\/\/espoonperinneseura.net\/espoo1972\/?page_id=3496"},"modified":"2022-08-05T14:18:42","modified_gmt":"2022-08-05T11:18:42","slug":"monikko","status":"publish","type":"page","link":"https:\/\/espoonperinneseura.net\/espoo1972\/koulutus-espoossa-2020-luvulla\/monikko\/","title":{"rendered":"Monikko &#8211; uudenlainen ja inspiroiva koulukampus"},"content":{"rendered":"<!-- Added by Post\/Page Specific Custom Code plugin, thank you for using! -->\n<style>.entry-title,  .entry-header {\r\n\tdisplay: none;\r\n}<\/style>\n<h5>Koulutuksen kehittyminen Espoossa\u00a0\u00a0\u00a0\u00a0\u00a0\u00a0\u00a0\u00a0<a href=\"https:\/\/espoonperinneseura.net\/espoo1972\/koulutus-espoossa-1970-2020\/\">Kansisivulle<\/a><\/h5>\r\n\r\n<div style=\"margin: auto;\">\r\n<div class=\"btn\"><a class=\"btn-text\" style=\"color: #000;\" href=\"https:\/\/espoonperinneseura.net\/espoo1972\/koulutus-espoossa-1970-luvulla\/\">1970-luku<\/a><\/div>\r\n<div class=\"btn\"><a class=\"btn-text\" style=\"color: #000;\" href=\"https:\/\/espoonperinneseura.net\/espoo1972\/koulutus-espoossa-1980-luvulla\/\">1980-luku<\/a><\/div>\r\n<div class=\"btn\"><a class=\"btn-text\" style=\"color: #000;\" href=\"https:\/\/espoonperinneseura.net\/espoo1972\/koulutus-espoossa-1990-luvulla\/\">1990-luku<\/a><\/div>\r\n<div class=\"btn\"><a class=\"btn-text\" style=\"color: #000;\" href=\"https:\/\/espoonperinneseura.net\/espoo1972\/koulutus-espoossa-2000-luvulla\/\">2000-luku<\/a><\/div>\r\n<div class=\"btn\"><a class=\"btn-text\" style=\"color: #000;\" href=\"https:\/\/espoonperinneseura.net\/espoo1972\/koulutus-espoossa-2010-luvulla\/\">2010-luku<\/a><\/div>\r\n<div class=\"btn\"><a class=\"btn-text\" style=\"color: #fff;\" href=\"https:\/\/espoonperinneseura.net\/espoo1972\/koulutus-espoossa-2020-luvulla\/\">2020-luku<\/a><\/div>\r\n<\/div>\r\n\r\n\r\n\r\n<h3 style=\"clear: both; padding-top: 25px;\">Monikko &#8211; uudenlainen ja inspiroiva koulukampus<\/h3>\r\n<div style=\"margin: auto;\">\r\n<div style=\"float: left; width: 510px; margin: 0 15px 10px 0; padding-top: 5px;\">\r\n<figure id=\"attachment_3565\" aria-describedby=\"caption-attachment-3565\" style=\"width: 500px\" class=\"wp-caption alignleft\"><img loading=\"lazy\" decoding=\"async\" class=\"wp-image-3565 size-full\" src=\"https:\/\/espoonperinneseura.net\/espoo1972\/wp-content\/uploads\/2022\/07\/Monikko.jpg\" alt=\"\" width=\"500\" height=\"333\" srcset=\"https:\/\/espoonperinneseura.net\/espoo1972\/wp-content\/uploads\/2022\/07\/Monikko.jpg 700w, https:\/\/espoonperinneseura.net\/espoo1972\/wp-content\/uploads\/2022\/07\/Monikko-300x200.jpg 300w\" sizes=\"auto, (max-width: 500px) 100vw, 500px\" \/><figcaption id=\"caption-attachment-3565\" class=\"wp-caption-text\">Monikon koulukeskus<\/figcaption><\/figure>\r\n<\/div>\r\n<p style=\"margin-top: 0px;\"><span style=\"white-space: nowrap;\"> Espoon Lepp\u00e4vaarassa<\/span> otettiin k\u00e4ytt\u00f6\u00f6n elokuussa 2021 monin tavoin uusi ja erilainen koulukokonaisuus, Monikon koulukeskus. Peruskorjausta ja uudisrakentamista yhdist\u00e4en toteutettu koulurakennus tarjoaa energiatehokkaat ja muuntojoustavat tilat suomen- ja ruotsinkieliselle opetukselle ja varhaiskasvatukselle.<\/p>\r\n<p>Monikon koulukeskus on ensimm\u00e4inen laatuaan Espoossa: suomenkielinen ja ruotsinkielinen koulu saman katon alle. Monikko tarjoaa ensimm\u00e4isen\u00e4 espoolaiskouluna koulu- ja varhaiskasvatuspaikan sek\u00e4 suomen- ett\u00e4 ruotsinkielisille lapsille. Koulukeskus yhdist\u00e4\u00e4 mm. Ver\u00e4j\u00e4pellon ja Lepp\u00e4vaaran suomenkieliset koulut sek\u00e4 ruotsinkielisen Albergaskolanin. Koulut pysyv\u00e4t erillisin\u00e4, kuten laki edellytt\u00e4\u00e4, mutta k\u00e4ytt\u00e4v\u00e4t osittain samoja tiloja, kuten ruokalaa, liikuntasalia ja aineluokkia. My\u00f6s opettajat voivat olla yhteinen resurssi.<\/p>\r\n<p>Rakennuksessa on tilat my\u00f6s Monikon p\u00e4iv\u00e4kodille ja Alberga daghem och f\u00f6rskolalle. Monikon p\u00e4iv\u00e4koti on useammasta pienest\u00e4 p\u00e4iv\u00e4kodista muodostettu suomenkielinen p\u00e4iv\u00e4koti, jossa j\u00e4rjestet\u00e4\u00e4n vuorohoitoa, sek\u00e4 ruotsinkielinen p\u00e4iv\u00e4koti Alberga daghem och f\u00f6rskola (aiemmin nimill\u00e4 Bost\u00e4lls daghem ja Bergans daghem), jossa j\u00e4rjestet\u00e4\u00e4n ymp\u00e4rivuorokautista p\u00e4iv\u00e4hoitoa. Kaiken kukkuraksi koulurakennuksessa on nyt v\u00e4ist\u00f6ss\u00e4 osa Kilon koulun oppilaista.<\/p>\r\n<p>Monikko on my\u00f6s monitoimitalo, joka avataan illoiksi ja viikonlopuiksi alueen asukkaiden k\u00e4ytt\u00f6\u00f6n. Espoon uusi j\u00e4ttikoulu on neli\u00f6m\u00e4\u00e4r\u00e4lt\u00e4\u00e4n yht\u00e4 suuri kuin Maxi-market oli aikanaan.<\/p>\r\n<p>Monikko rakennettiin Lepp\u00e4vaaran koulukeskuksen peruskorjaus- ja uudisrakennushankkeena. Lepp\u00e4vaaran koulun vanhin osa peruskorjattiin, muilta osin rakennus on uusi. Rakennuksen suunnitteli Arkkitehtitoimisto Perko. Rakennusliike SRV vastasi toteutuksesta. Urakkasumma oli noin 46,5 miljoonaa euroa. Espoo sovelsi Monikon koulukeskuksessa elinkaariajattelua uudella tavalla: Keskus siirtyi heti Espoon kaupungin Tilapalvelujen omistukseen, mutta rakentaja vastaa siit\u00e4, ett\u00e4 kiinteist\u00f6 pysyy kunnossa.<\/p>\r\n<p>Koulukampus on siis monella tavalla uudenlainen ja inspiroiva koulukokonaisuus. Monikko on kaksikielinen. Samassa rakennuksessa ovat suomenkielinen ja ruotsinkielinen koulu. Koulun oppilaat puhuvat yhteens\u00e4 30 eri \u00e4idinkielt\u00e4.<\/p>\r\n<p>Koulukeskus on Espoon suurin. Kolmikerroksinen rakennus on mitoitettu 1300 oppilaalle. Oppilaiden ik\u00e4 vaihtelee varhaiskasvatusik\u00e4isist\u00e4 yl\u00e4koululaisiin.<\/p>\r\n<p>My\u00f6s tiloiltaan se on toisenlainen. Perinteisi\u00e4 luokkahuoneita ei juuri ole. Monikossa on yhteinen ruoka- ja juhlasali sek\u00e4 liikuntasali. Monet luokkatiloista on rakennettu muuntojoustaviksi, jolloin kaksi luokkaa on mahdollista yhdist\u00e4\u00e4 siirt\u00e4m\u00e4ll\u00e4 v\u00e4lisein\u00e4 sivuun. N\u00e4m\u00e4 taitesein\u00e4t ovat helppok\u00e4ytt\u00f6isi\u00e4.<\/p>\r\n<p>My\u00f6s tekniikassa on uutta. Tavoitteena oli elinkaariedullinen ja energiatehokas rakennus. Koulukeskuksen uusiutuvilla energiaratkaisuilla edistet\u00e4\u00e4n Espoon hiilineutraaliustavoitetta.<\/p>\r\n<p>P\u00e4\u00e4asiallisena l\u00e4mmityksen\u00e4 on maal\u00e4mp\u00f6. Energiaa saadaan my\u00f6s aurinkopaneeleista. Uuden talotekniikan avulla voidaan optimoida energiankulutuksen lis\u00e4ksi sis\u00e4olosuhteet rakennuksen kaikissa k\u00e4ytt\u00f6tilanteissa jakamalla k\u00e4ytt\u00f6tilat erillisiin vy\u00f6hykkeisiin.<\/p>\r\n<p><strong>Hyv\u00e4\u00e4 mielt\u00e4\u2026<\/strong><\/p>\r\n<p>Monikon koulukeskus on toiminut nyt ensimm\u00e4inen lukuvuoden ajan. Lepp\u00e4vaarassa on uusi, terveellinen ja turvallinen koulukampus. Ilmanvaihto toimii hyvin. Kalusteet ovat uusia. Musiikkiluokka on vaikuttava. Auditorio on toimiva. Oppilaat kertovat viihtyv\u00e4ns\u00e4 uusissa tiloissa.<\/p>\r\n<p><strong>\u2026ja arvosteluakin<\/strong><\/p>\r\n<p>Henkil\u00f6st\u00f6ll\u00e4 on ollut huolen aiheita. Monikon alkuper\u00e4iseen ideaan, oppikyl\u00e4ajatteluun n\u00e4hden oppilaita on liikaa. S\u00e4ilytys- ja varastotilaa on v\u00e4h\u00e4n. L\u00e4hes kaikissa luokissa on yksi lasisein\u00e4; opettajat ovat rakentaneet niihin keskittymist\u00e4 edist\u00e4v\u00e4\u00e4 n\u00e4k\u00f6suojaa oppilast\u00f6it\u00e4 hy\u00f6dynt\u00e4en. Osaan luokista kuljetaan muiden luokkien l\u00e4pi. Koulupiha on j\u00e4\u00e4nyt pieneksi 900 oppilaalle.<\/p>\r\n<\/div>","protected":false},"excerpt":{"rendered":"<p>Koulutuksen kehittyminen Espoossa\u00a0\u00a0\u00a0\u00a0\u00a0\u00a0\u00a0\u00a0Kansisivulle 1970-luku 1980-luku 1990-luku 2000-luku 2010-luku 2020-luku Monikko &#8211; uudenlainen ja inspiroiva koulukampus Espoon Lepp\u00e4vaarassa otettiin k\u00e4ytt\u00f6\u00f6n elokuussa 2021 monin tavoin uusi ja erilainen koulukokonaisuus, Monikon koulukeskus. Peruskorjausta ja uudisrakentamista yhdist\u00e4en toteutettu koulurakennus tarjoaa energiatehokkaat ja muuntojoustavat tilat suomen- ja ruotsinkieliselle opetukselle ja varhaiskasvatukselle. Monikon koulukeskus on ensimm\u00e4inen laatuaan Espoossa: suomenkielinen ja ruotsinkielinen&hellip; <a class=\"more-link\" href=\"https:\/\/espoonperinneseura.net\/espoo1972\/koulutus-espoossa-2020-luvulla\/monikko\/\">Jatka lukemista <span class=\"screen-reader-text\">Monikko &#8211; uudenlainen ja inspiroiva koulukampus<\/span><\/a><\/p>\n","protected":false},"author":1,"featured_media":0,"parent":3217,"menu_order":2,"comment_status":"closed","ping_status":"closed","template":"","meta":{"_eb_attr":"","_exactmetrics_skip_tracking":false,"_exactmetrics_sitenote_active":false,"_exactmetrics_sitenote_note":"","_exactmetrics_sitenote_category":0,"footnotes":""},"class_list":["post-3496","page","type-page","status-publish","hentry","entry"],"_links":{"self":[{"href":"https:\/\/espoonperinneseura.net\/espoo1972\/wp-json\/wp\/v2\/pages\/3496","targetHints":{"allow":["GET"]}}],"collection":[{"href":"https:\/\/espoonperinneseura.net\/espoo1972\/wp-json\/wp\/v2\/pages"}],"about":[{"href":"https:\/\/espoonperinneseura.net\/espoo1972\/wp-json\/wp\/v2\/types\/page"}],"author":[{"embeddable":true,"href":"https:\/\/espoonperinneseura.net\/espoo1972\/wp-json\/wp\/v2\/users\/1"}],"replies":[{"embeddable":true,"href":"https:\/\/espoonperinneseura.net\/espoo1972\/wp-json\/wp\/v2\/comments?post=3496"}],"version-history":[{"count":20,"href":"https:\/\/espoonperinneseura.net\/espoo1972\/wp-json\/wp\/v2\/pages\/3496\/revisions"}],"predecessor-version":[{"id":3888,"href":"https:\/\/espoonperinneseura.net\/espoo1972\/wp-json\/wp\/v2\/pages\/3496\/revisions\/3888"}],"up":[{"embeddable":true,"href":"https:\/\/espoonperinneseura.net\/espoo1972\/wp-json\/wp\/v2\/pages\/3217"}],"wp:attachment":[{"href":"https:\/\/espoonperinneseura.net\/espoo1972\/wp-json\/wp\/v2\/media?parent=3496"}],"curies":[{"name":"wp","href":"https:\/\/api.w.org\/{rel}","templated":true}]}}