{"id":3498,"date":"2022-07-28T07:40:41","date_gmt":"2022-07-28T04:40:41","guid":{"rendered":"https:\/\/espoonperinneseura.net\/espoo1972\/?page_id=3498"},"modified":"2022-08-05T08:14:23","modified_gmt":"2022-08-05T05:14:23","slug":"viimeinen-kansalaiskoululainen","status":"publish","type":"page","link":"https:\/\/espoonperinneseura.net\/espoo1972\/koulutus-espoossa-1980-luvulla\/viimeinen-kansalaiskoululainen\/","title":{"rendered":"Viimeinen kansalaiskoululainen sulki koulun oven 1981"},"content":{"rendered":"<!-- Added by Post\/Page Specific Custom Code plugin, thank you for using! -->\n<style>.entry-title,  .entry-header {\r\n\tdisplay: none;\r\n}<\/style>\n<h5>Koulutuksen kehittyminen Espoossa\u00a0\u00a0\u00a0\u00a0\u00a0\u00a0\u00a0\u00a0<a href=\"https:\/\/espoonperinneseura.net\/espoo1972\/koulutus-espoossa-1970-2020\/\">Kansisivulle<\/a><\/h5>\r\n\r\n<div style=\"margin: auto;\">\r\n<div class=\"btn\"><a class=\"btn-text\" style=\"color: #000;\" href=\"https:\/\/espoonperinneseura.net\/espoo1972\/koulutus-espoossa-1970-luvulla\/\">1970-luku<\/a><\/div>\r\n<div class=\"btn\"><a class=\"btn-text\" style=\"color: #fff;\" href=\"https:\/\/espoonperinneseura.net\/espoo1972\/koulutus-espoossa-1980-luvulla\/\">1980-luku<\/a><\/div>\r\n<div class=\"btn\"><a class=\"btn-text\" style=\"color: #000;\" href=\"https:\/\/espoonperinneseura.net\/espoo1972\/koulutus-espoossa-1990-luvulla\/\">1990-luku<\/a><\/div>\r\n<div class=\"btn\"><a class=\"btn-text\" style=\"color: #000;\" href=\"https:\/\/espoonperinneseura.net\/espoo1972\/koulutus-espoossa-2000-luvulla\/\">2000-luku<\/a><\/div>\r\n<div class=\"btn\"><a class=\"btn-text\" style=\"color: #000;\" href=\"https:\/\/espoonperinneseura.net\/espoo1972\/koulutus-espoossa-2010-luvulla\/\">2010-luku<\/a><\/div>\r\n<div class=\"btn\"><a class=\"btn-text\" style=\"color: #000;\" href=\"https:\/\/espoonperinneseura.net\/espoo1972\/koulutus-espoossa-2020-luvulla\/\">2020-luku<\/a><\/div>\r\n<\/div>\r\n\r\n\r\n\r\n<h3 style=\"clear: both; padding-top: 25px;\">Viimeinen kansalaiskoululainen sulki koulun oven 1981<\/h3>\r\n<p>Lauantaina 30.5.1981 viimeiset kansalaiskoululaiset saivat p\u00e4\u00e4st\u00f6todistuksen. Espoo oli siirtynyt 1.8.1977 peruskouluj\u00e4rjestelm\u00e4\u00e4n 1.-5. luokkien osalta, ja lakkauttanut periaatteessa kolme kansalaiskouluaan: Etel\u00e4-Espoon, L\u00e4nsi-Espoon ja Pohjois-Espoon kansalaiskoulut.<\/p>\r\n<p><img loading=\"lazy\" decoding=\"async\" class=\"alignnone size-full wp-image-3874\" src=\"https:\/\/espoonperinneseura.net\/espoo1972\/wp-content\/uploads\/2022\/08\/kansalaiskoulu.jpg\" alt=\"\" width=\"700\" height=\"391\" srcset=\"https:\/\/espoonperinneseura.net\/espoo1972\/wp-content\/uploads\/2022\/08\/kansalaiskoulu.jpg 700w, https:\/\/espoonperinneseura.net\/espoo1972\/wp-content\/uploads\/2022\/08\/kansalaiskoulu-300x168.jpg 300w\" sizes=\"auto, (max-width: 700px) 100vw, 700px\" \/><\/p>\r\n<p>Espoo oli aikanaan 1960-luvulla hy\u00f6dynt\u00e4nyt mahdollisuuden ja lis\u00e4nnyt kaksivuotiseen kansalaiskouluun kolmannen luokan. N\u00e4in oppilaat, jotka k\u00e4viv\u00e4t syksyll\u00e4 1977 kansakoulun kuudetta luokkaa ja tai kansalaiskoulun 7.\u20139. luokkaa, jatkoivat opiskelua omien vanhojen opetussuunnitelmiensa &#8211; ei peruskoulun opetussuunnitelman &#8211; mukaisesti uusissa peruskouluissa: Pohjois-Tapiolan, Kivenlahden ja Lepp\u00e4vaaran yl\u00e4asteilla. Oppikouluissa syksyll\u00e4 1977 olleet siirtyiv\u00e4t opiskelemaan peruskoulun opetussuunnitelman mukaan.<\/p>\r\n<p>Kansalaiskoulun p\u00e4\u00e4st\u00f6todistus avasi ovet ammatillisen koulutuksen koulutasoisille linjoille, p\u00e4\u00e4asiassa teknillisiin ammattikouluihin ja kauppakouluihin, mutta ei esimerkiksi lukioon. Alemmat ammattioppilaitokset kouluttivat ammattitaitoisia ty\u00f6ntekij\u00f6it\u00e4. Ammatillinen koulutus oli tuolloin jakaantunut 650 eriasteiseen opintolinjaan.<\/p>\r\n<p>Kaikki eiv\u00e4t menneet amikseen, osa meni suoraan t\u00f6ihin. Silloin oli t\u00f6it\u00e4, joihin 15-vuotiaskin voi p\u00e4\u00e4st\u00e4.<\/p>\r\n<p>Espoon kaupungilla oli syksyll\u00e4 1981 tarjolla kaksi ammattikoulua ja kauppakoulua kansalaiskoulun p\u00e4\u00e4tt\u00e4neille. Ensimm\u00e4inen oma ammattikoulu, kaksikielinen Espoon Ammattikoulu \u2013 Esbo Yrkeskolan, oli aloittanut opetuksen vuonna 1958. Vuonna 1975 Espoon Ammattikoulu oli muuttanut nimens\u00e4 Lepp\u00e4vaaran ammattikouluksi. Valittavana oli koulutusta mm. metalli-, s\u00e4hk\u00f6- ja autonkorjaust\u00f6ihin, puusep\u00e4ksi, ravintolateollisuuteen sek\u00e4 tekstiilialalle.<\/p>\r\n<p>Vuonna 1961 Espoo oli perustanut toisen oman ammatillisen oppilaitoksensa, Espoon kauppakoulun ja vuonna 1974 toisen oman ammattikoulunsa. Se aloitti toimintansa Matinkyl\u00e4n ammattikouluna. Samana vuonna Espoo perusti my\u00f6s toisen kauppaopistonsa, Espoonlahden kauppaopiston. Kauppaoppilaitoksista saattoi valmistua merkantiksi kansalaiskoulupohjalta.<\/p>\r\n","protected":false},"excerpt":{"rendered":"<p>Koulutuksen kehittyminen Espoossa\u00a0\u00a0\u00a0\u00a0\u00a0\u00a0\u00a0\u00a0Kansisivulle 1970-luku 1980-luku 1990-luku 2000-luku 2010-luku 2020-luku Viimeinen kansalaiskoululainen sulki koulun oven 1981 Lauantaina 30.5.1981 viimeiset kansalaiskoululaiset saivat p\u00e4\u00e4st\u00f6todistuksen. Espoo oli siirtynyt 1.8.1977 peruskouluj\u00e4rjestelm\u00e4\u00e4n 1.-5. luokkien osalta, ja lakkauttanut periaatteessa kolme kansalaiskouluaan: Etel\u00e4-Espoon, L\u00e4nsi-Espoon ja Pohjois-Espoon kansalaiskoulut. Espoo oli aikanaan 1960-luvulla hy\u00f6dynt\u00e4nyt mahdollisuuden ja lis\u00e4nnyt kaksivuotiseen kansalaiskouluun kolmannen luokan. N\u00e4in oppilaat, jotka k\u00e4viv\u00e4t&hellip; <a class=\"more-link\" href=\"https:\/\/espoonperinneseura.net\/espoo1972\/koulutus-espoossa-1980-luvulla\/viimeinen-kansalaiskoululainen\/\">Jatka lukemista <span class=\"screen-reader-text\">Viimeinen kansalaiskoululainen sulki koulun oven 1981<\/span><\/a><\/p>\n","protected":false},"author":1,"featured_media":0,"parent":3168,"menu_order":16,"comment_status":"closed","ping_status":"closed","template":"","meta":{"_eb_attr":"","_exactmetrics_skip_tracking":false,"_exactmetrics_sitenote_active":false,"_exactmetrics_sitenote_note":"","_exactmetrics_sitenote_category":0,"footnotes":""},"class_list":["post-3498","page","type-page","status-publish","hentry","entry"],"_links":{"self":[{"href":"https:\/\/espoonperinneseura.net\/espoo1972\/wp-json\/wp\/v2\/pages\/3498","targetHints":{"allow":["GET"]}}],"collection":[{"href":"https:\/\/espoonperinneseura.net\/espoo1972\/wp-json\/wp\/v2\/pages"}],"about":[{"href":"https:\/\/espoonperinneseura.net\/espoo1972\/wp-json\/wp\/v2\/types\/page"}],"author":[{"embeddable":true,"href":"https:\/\/espoonperinneseura.net\/espoo1972\/wp-json\/wp\/v2\/users\/1"}],"replies":[{"embeddable":true,"href":"https:\/\/espoonperinneseura.net\/espoo1972\/wp-json\/wp\/v2\/comments?post=3498"}],"version-history":[{"count":4,"href":"https:\/\/espoonperinneseura.net\/espoo1972\/wp-json\/wp\/v2\/pages\/3498\/revisions"}],"predecessor-version":[{"id":3875,"href":"https:\/\/espoonperinneseura.net\/espoo1972\/wp-json\/wp\/v2\/pages\/3498\/revisions\/3875"}],"up":[{"embeddable":true,"href":"https:\/\/espoonperinneseura.net\/espoo1972\/wp-json\/wp\/v2\/pages\/3168"}],"wp:attachment":[{"href":"https:\/\/espoonperinneseura.net\/espoo1972\/wp-json\/wp\/v2\/media?parent=3498"}],"curies":[{"name":"wp","href":"https:\/\/api.w.org\/{rel}","templated":true}]}}