{"id":3682,"date":"2022-08-02T06:36:42","date_gmt":"2022-08-02T03:36:42","guid":{"rendered":"https:\/\/espoonperinneseura.net\/espoo1972\/?page_id=3682"},"modified":"2022-08-16T09:31:41","modified_gmt":"2022-08-16T06:31:41","slug":"1980-luvun-opetusvalineita","status":"publish","type":"page","link":"https:\/\/espoonperinneseura.net\/espoo1972\/koulutus-espoossa-1980-luvulla\/1980-luvun-opetusvalineita\/","title":{"rendered":"1980-luvun opetusv\u00e4lineit\u00e4"},"content":{"rendered":"<!-- Added by Post\/Page Specific Custom Code plugin, thank you for using! -->\n<style>.entry-title,  .entry-header {\r\n\tdisplay: none;\r\n}<\/style>\n<h5>Koulutuksen kehittyminen Espoossa\u00a0\u00a0\u00a0\u00a0\u00a0\u00a0\u00a0\u00a0<a href=\"https:\/\/espoonperinneseura.net\/espoo1972\/koulutus-espoossa-1970-2020\/\">Kansisivulle<\/a><\/h5>\r\n\r\n<div style=\"margin: auto;\">\r\n<div class=\"btn\"><a class=\"btn-text\" style=\"color: #000;\" href=\"https:\/\/espoonperinneseura.net\/espoo1972\/koulutus-espoossa-1970-luvulla\/\">1970-luku<\/a><\/div>\r\n<div class=\"btn\"><a class=\"btn-text\" style=\"color: #fff;\" href=\"https:\/\/espoonperinneseura.net\/espoo1972\/koulutus-espoossa-1980-luvulla\/\">1980-luku<\/a><\/div>\r\n<div class=\"btn\"><a class=\"btn-text\" style=\"color: #000;\" href=\"https:\/\/espoonperinneseura.net\/espoo1972\/koulutus-espoossa-1990-luvulla\/\">1990-luku<\/a><\/div>\r\n<div class=\"btn\"><a class=\"btn-text\" style=\"color: #000;\" href=\"https:\/\/espoonperinneseura.net\/espoo1972\/koulutus-espoossa-2000-luvulla\/\">2000-luku<\/a><\/div>\r\n<div class=\"btn\"><a class=\"btn-text\" style=\"color: #000;\" href=\"https:\/\/espoonperinneseura.net\/espoo1972\/koulutus-espoossa-2010-luvulla\/\">2010-luku<\/a><\/div>\r\n<div class=\"btn\"><a class=\"btn-text\" style=\"color: #000;\" href=\"https:\/\/espoonperinneseura.net\/espoo1972\/koulutus-espoossa-2020-luvulla\/\">2020-luku<\/a><\/div>\r\n<\/div>\r\n\r\n<h3 style=\"clear: both; padding-top: 25px;\">1980-luvun opetusv\u00e4lineit\u00e4<\/h3>\r\n<div style=\"margin: auto;\">\r\n<p>1980-luku oli koulunpidon kultaista aikaa. Koulujen m\u00e4\u00e4r\u00e4rahat kasvoivat tasaisesti. Valtionapu opetukseen oli korvamerkitty\u00e4. Rahaa riitti, eik\u00e4 koulutarvikkeista tarvinnut tinki\u00e4.<\/p>\r\n<p>Tekniikka kehittyi huimaa vauhtia. Kellareihin raahattiin episkooppeja, kelanauhureita, vanhoja rainoja ja rainaheittimi\u00e4, t\u00e4ytettyj\u00e4 el\u00e4imi\u00e4 sek\u00e4 vanhentuneita kuvatauluja.<br \/>Kouluradio lopetti harmittavasti toimintansa vuonna 1989, mutta koulu-tv jatkoi.<\/p>\r\n<p><img loading=\"lazy\" decoding=\"async\" class=\"alignleft size-full wp-image-3951\" src=\"https:\/\/espoonperinneseura.net\/espoo1972\/wp-content\/uploads\/2022\/08\/PonttoMac.jpg\" alt=\"\" width=\"250\" height=\"208\" \/><span style=\"white-space: nowrap;\">Kaitafilmikameroiden<\/span> tilalle saatiin videokameroita ja videonauhureita, joilla voi katsoa itse kuvattuja elokuvia. Vanhemmat hankkivat kouluihin ensimm\u00e4isi\u00e4 tietokoneita. MikroMikko ja P\u00f6ntt\u00f6Mac olivat kovia sanoja. Vantaalla oli j\u00e4\u00e4kaapin kokoinen puhuva tietokone (Didata), jota k\u00e4ytiin Espoosta k\u00e4sin ihailemassa. Jos osasi naputtaa koneelle oikean vastauksen, kone kehui ihan suomeksi. Yl\u00e4kouluihin rakennettiin oikein atk-luokkia.<\/p>\r\n<p>Joka luokassa oli televisiot ja videot. Ylen Koulu-tv tuotti hienoja ohjelmia. Uusiin kouluihin saatiin avattavia liitutauluja. Kirjastoautosta sai lainata luettavaa.<\/p>\r\n<p>1970-luvun oppikirjat uudistettiin. 1980-luvun alkupuolella niiss\u00e4 oli erikseen kaikille tarkoitettu perusoppiaines (ydinoppiaines) ja noheville suunnattu lis\u00e4oppiaines.<\/p>\r\n<p>Kansalaistaitoon tarjottiin opetuspakettia, johon kuului oppilaan oppikirjan lis\u00e4ksi ty\u00f6vihkot ja opettajan k\u00e4sikirja. Matematiikkaan oli monenlaisia paketteja, laskukortteja ja pulmavihkoja, jopa erillisi\u00e4 kertausmateriaaleja. Jopa tekstiility\u00f6h\u00f6n ja oppilaan ohjaukseen ilmestyi ihan omat oppikirjat. Liikunnan opetukseen myytiin kansiollisia tuntiohjelmia. Oma oppikirja ilmestyi my\u00f6s koulunk\u00e4ynti\u00e4 aloitteleville ns. pehme\u00e4n laskun ajaksi. Siin\u00e4 oli mm. kotiteht\u00e4vi\u00e4. Tukiopetusta varten kustantajat tuottivat erityisi\u00e4 tukiopetusvihkosia.<\/p>\r\n<p>Oppituntien virkist\u00e4miseksi myynniss\u00e4 oli satudioja \u00e4\u00e4nitteineen, kuvakirjoja saduista ja \u00e4\u00e4nitteit\u00e4 klassisesta musiikista, videosatuja. Tapakasvatusohjelmat korvasivat raittiuskirjoitukset.<\/p>\r\n<p>Peruskoulun Uusi opetussuunnitelma ilmestyi vuonna 1985. Oppikirjat meniv\u00e4t j\u00e4lleen uusiksi. Idea perus- ja lis\u00e4oppiaineksesta haudattiin. Matematiikkaan oli nyt myynniss\u00e4 paitsi p\u00e4\u00e4ss\u00e4laskuteht\u00e4vi\u00e4 my\u00f6s p\u00e4\u00e4ss\u00e4laskukasetteja sek\u00e4 p\u00e4\u00e4ttelyteht\u00e4vien kalvopohjia.<\/p>\r\n<p>Uusi idea oli my\u00f6s yhteinen karttakirja maantiedon, historian ja uskonnon opetukseen. Kansalaistaitoon tuli tarjolle toimintakirja, jonka oppilas toimitti itse valmiiksi. Todistusarvosanojen valmistamiseksi tarjottiin opettajaj\u00e4rjest\u00f6jen tuottamaa 6. kouluvuoden matematiikan koetta.<\/p>\r\n<p><img loading=\"lazy\" decoding=\"async\" class=\"alignleft size-medium wp-image-3968\" src=\"https:\/\/espoonperinneseura.net\/espoo1972\/wp-content\/uploads\/2022\/08\/Piirtojeitin-204x300.jpg\" alt=\"\" width=\"204\" height=\"300\" srcset=\"https:\/\/espoonperinneseura.net\/espoo1972\/wp-content\/uploads\/2022\/08\/Piirtojeitin-204x300.jpg 204w, https:\/\/espoonperinneseura.net\/espoo1972\/wp-content\/uploads\/2022\/08\/Piirtojeitin.jpg 467w\" sizes=\"auto, (max-width: 204px) 100vw, 204px\" \/><span style=\"white-space: nowrap;\">Monessa luokassa<\/span> oli jo piirtoheitin. Sen avulla selailtiin kalvoja. Luokkien seinill\u00e4 oli oppilast\u00f6it\u00e4, aikajanoja. Pulpettien j\u00e4rjestyst\u00e4 ja kotiryhmi\u00e4 vaihdeltiin.<\/p>\r\n<p>Vuosikymmenen alussa monisteita tulostetiin viel\u00e4 spriikoneilla, mutta vuosikymmenen lopulla yh\u00e4 enemm\u00e4n valokopiokoneilla. Viestej\u00e4 kouluviraston kanssa vaihdettiin postisalkuilla, mutta pian my\u00f6s faksilla.<\/p>\r\n<p>Koulujen pihoille tilattiin jalkapallomaalien lis\u00e4ksi leikkiv\u00e4lineit\u00e4 ja pihakalusteita.<\/p>\r\n<\/div>","protected":false},"excerpt":{"rendered":"<p>Koulutuksen kehittyminen Espoossa\u00a0\u00a0\u00a0\u00a0\u00a0\u00a0\u00a0\u00a0Kansisivulle 1970-luku 1980-luku 1990-luku 2000-luku 2010-luku 2020-luku 1980-luvun opetusv\u00e4lineit\u00e4 1980-luku oli koulunpidon kultaista aikaa. Koulujen m\u00e4\u00e4r\u00e4rahat kasvoivat tasaisesti. Valtionapu opetukseen oli korvamerkitty\u00e4. Rahaa riitti, eik\u00e4 koulutarvikkeista tarvinnut tinki\u00e4. Tekniikka kehittyi huimaa vauhtia. Kellareihin raahattiin episkooppeja, kelanauhureita, vanhoja rainoja ja rainaheittimi\u00e4, t\u00e4ytettyj\u00e4 el\u00e4imi\u00e4 sek\u00e4 vanhentuneita kuvatauluja.Kouluradio lopetti harmittavasti toimintansa vuonna 1989, mutta koulu-tv jatkoi.&hellip; <a class=\"more-link\" href=\"https:\/\/espoonperinneseura.net\/espoo1972\/koulutus-espoossa-1980-luvulla\/1980-luvun-opetusvalineita\/\">Jatka lukemista <span class=\"screen-reader-text\">1980-luvun opetusv\u00e4lineit\u00e4<\/span><\/a><\/p>\n","protected":false},"author":1,"featured_media":0,"parent":3168,"menu_order":27,"comment_status":"closed","ping_status":"closed","template":"","meta":{"_eb_attr":"","_exactmetrics_skip_tracking":false,"_exactmetrics_sitenote_active":false,"_exactmetrics_sitenote_note":"","_exactmetrics_sitenote_category":0,"footnotes":""},"class_list":["post-3682","page","type-page","status-publish","hentry","entry"],"_links":{"self":[{"href":"https:\/\/espoonperinneseura.net\/espoo1972\/wp-json\/wp\/v2\/pages\/3682","targetHints":{"allow":["GET"]}}],"collection":[{"href":"https:\/\/espoonperinneseura.net\/espoo1972\/wp-json\/wp\/v2\/pages"}],"about":[{"href":"https:\/\/espoonperinneseura.net\/espoo1972\/wp-json\/wp\/v2\/types\/page"}],"author":[{"embeddable":true,"href":"https:\/\/espoonperinneseura.net\/espoo1972\/wp-json\/wp\/v2\/users\/1"}],"replies":[{"embeddable":true,"href":"https:\/\/espoonperinneseura.net\/espoo1972\/wp-json\/wp\/v2\/comments?post=3682"}],"version-history":[{"count":4,"href":"https:\/\/espoonperinneseura.net\/espoo1972\/wp-json\/wp\/v2\/pages\/3682\/revisions"}],"predecessor-version":[{"id":3976,"href":"https:\/\/espoonperinneseura.net\/espoo1972\/wp-json\/wp\/v2\/pages\/3682\/revisions\/3976"}],"up":[{"embeddable":true,"href":"https:\/\/espoonperinneseura.net\/espoo1972\/wp-json\/wp\/v2\/pages\/3168"}],"wp:attachment":[{"href":"https:\/\/espoonperinneseura.net\/espoo1972\/wp-json\/wp\/v2\/media?parent=3682"}],"curies":[{"name":"wp","href":"https:\/\/api.w.org\/{rel}","templated":true}]}}