{"id":3686,"date":"2022-08-02T06:28:36","date_gmt":"2022-08-02T03:28:36","guid":{"rendered":"https:\/\/espoonperinneseura.net\/espoo1972\/?page_id=3686"},"modified":"2022-08-16T09:54:21","modified_gmt":"2022-08-16T06:54:21","slug":"aikuislukio","status":"publish","type":"page","link":"https:\/\/espoonperinneseura.net\/espoo1972\/koulutus-espoossa-2010-luvulla\/aikuislukio\/","title":{"rendered":"Lukio vain aikuisille"},"content":{"rendered":"<!-- Added by Post\/Page Specific Custom Code plugin, thank you for using! -->\n<style>.entry-title,  .entry-header {\r\n\tdisplay: none;\r\n}<\/style>\n<h5>Koulutuksen kehittyminen Espoossa\u00a0\u00a0\u00a0\u00a0\u00a0\u00a0\u00a0\u00a0<a href=\"https:\/\/espoonperinneseura.net\/espoo1972\/koulutus-espoossa-1970-2020\/\">Kansisivulle<\/a><\/h5>\r\n\r\n<div style=\"margin: auto;\">\r\n<div class=\"btn\"><a class=\"btn-text\" style=\"color: #000;\" href=\"https:\/\/espoonperinneseura.net\/espoo1972\/koulutus-espoossa-1970-luvulla\/\">1970-luku<\/a><\/div>\r\n<div class=\"btn\"><a class=\"btn-text\" style=\"color: #000;\" href=\"https:\/\/espoonperinneseura.net\/espoo1972\/koulutus-espoossa-1980-luvulla\/\">1980-luku<\/a><\/div>\r\n<div class=\"btn\"><a class=\"btn-text\" style=\"color: #000;\" href=\"https:\/\/espoonperinneseura.net\/espoo1972\/koulutus-espoossa-1990-luvulla\/\">1990-luku<\/a><\/div>\r\n<div class=\"btn\"><a class=\"btn-text\" style=\"color: #000;\" href=\"https:\/\/espoonperinneseura.net\/espoo1972\/koulutus-espoossa-2000-luvulla\/\">2000-luku<\/a><\/div>\r\n<div class=\"btn\"><a class=\"btn-text\" style=\"color: #fff;\" href=\"https:\/\/espoonperinneseura.net\/espoo1972\/koulutus-espoossa-2010-luvulla\/\">2010-luku<\/a><\/div>\r\n<div class=\"btn\"><a class=\"btn-text\" style=\"color: #000;\" href=\"https:\/\/espoonperinneseura.net\/espoo1972\/koulutus-espoossa-2020-luvulla\/\">2020-luku<\/a><\/div>\r\n<\/div>\r\n\r\n<h3 style=\"clear: both; padding-top: 25px;\">Lukio vain aikuisille<\/h3>\r\n<div style=\"margin: auto;\">\r\n<p>Voi sanoa, ett\u00e4 erillinen aikuisille tarkoitettu lukio syntyi vasta 1990-luvulla. Vuoden 1994 aikuislukiolaki nimitt\u00e4in muutti pitk\u00e4\u00e4n toimineet iltalukiot (joissa opiskeli my\u00f6s varsin nuoria) aikuislukioiksi ja lukioiden iltalinjat aikuislinjoiksi. Aikuislukio sai erikoistua tiettyjen opetussis\u00e4lt\u00f6jen tai kohderyhmien opetukseen. Opetus voitiin toteuttaa et\u00e4opetuksena tai muita erityisi\u00e4 opetusmuotoja k\u00e4ytt\u00e4en.<\/p>\r\n<p>Mutta voi my\u00f6s sanoa, ett\u00e4 aikuislukiot kuolivat taaperoi\u00e4ss\u00e4. Vuonna 1998 lukiolaki nimitt\u00e4in korvasi aikuislukiolain. Nyt lukio oli lakiteknisesti sama nuorille ja aikuisille.<\/p>\r\n<p>Tulevaisuutta ennustaneen lain mukaan opetus voitiin toteuttaa et\u00e4opetuksena \u201dtai muita erityisi\u00e4 opetusmuotoja k\u00e4ytt\u00e4en\u201d.<\/p>\r\n<p><strong>Juuret ovat kuitenkin kaukana.<\/strong><\/p>\r\n<p>Ajatus siit\u00e4, ett\u00e4 ylioppilaaksi voivat kirjoittaa muutkin kuin nuoret, ei ole ihan uusi. Juuret palaavat 1900-luvun alkuun. Jos oppikoulu oli j\u00e4\u00e4nyt kesken, sai kirjautua oppikouluun yksityisoppilaaksi, privatistiksi. Oppikouluilla oli my\u00f6s velvollisuus ottaa heit\u00e4. Opiskelu tapahtui opettajien johdolla mutta normaalin kouluty\u00f6n ulkopuolella.<\/p>\r\n<p>Ryhm\u00e4muotoinen yksityisopetus alkoi vuonna 1927, kun Suomalaiseen yhteislyseoon alkoi kirjautua yksityisoppilaaksi yht\u00e4 aikaa useita opintojensa t\u00e4ydent\u00e4ji\u00e4. Synty ehk\u00e4 Euroopan ensimm\u00e4inen iltaoppikoulu: Helsingin Suomalaisen Yhteislyseon iltalinja.<\/p>\r\n<p>Sodan j\u00e4lkeen my\u00f6s muihin oppikouluihin alettiin perustaa iltalinjoja. Iltakoulujen verkosto laajeni 1960-luvulla. Erityisen kuuluisaksi tuli Touko Voutilaisen vuonna 1962 perustama iltalinja K\u00e4pyl\u00e4\u00e4n Helsingin yhten\u00e4iskoulun yhteyteen, omaan koulutaloon.<\/p>\r\n<p>Vuonna 1968 annettiin laki ja asetus valtion iltaoppikouluista ja valtionkoulujen iltalinjoista.<\/p>\r\n<p><strong>Milloin Espoo tuli mukaan?<\/strong><\/p>\r\n<figure id=\"attachment_3971\" aria-describedby=\"caption-attachment-3971\" style=\"width: 300px\" class=\"wp-caption alignleft\"><img loading=\"lazy\" decoding=\"async\" class=\"size-medium wp-image-3971\" src=\"https:\/\/espoonperinneseura.net\/espoo1972\/wp-content\/uploads\/2022\/08\/Tapiolanaikuiset-300x224.jpg\" alt=\"\" width=\"300\" height=\"224\" srcset=\"https:\/\/espoonperinneseura.net\/espoo1972\/wp-content\/uploads\/2022\/08\/Tapiolanaikuiset-300x224.jpg 300w, https:\/\/espoonperinneseura.net\/espoo1972\/wp-content\/uploads\/2022\/08\/Tapiolanaikuiset.jpg 500w\" sizes=\"auto, (max-width: 300px) 100vw, 300px\" \/><figcaption id=\"caption-attachment-3971\" class=\"wp-caption-text\">Tapiolan yhteiskoulu<\/figcaption><\/figure>\r\n<figure id=\"attachment_3973\" aria-describedby=\"caption-attachment-3973\" style=\"width: 318px\" class=\"wp-caption alignleft\"><img loading=\"lazy\" decoding=\"async\" class=\"size-medium wp-image-3973\" src=\"https:\/\/espoonperinneseura.net\/espoo1972\/wp-content\/uploads\/2022\/08\/Viherinaikuiset-300x211.jpg\" alt=\"\" width=\"318\" height=\"224\" srcset=\"https:\/\/espoonperinneseura.net\/espoo1972\/wp-content\/uploads\/2022\/08\/Viherinaikuiset-300x211.jpg 300w, https:\/\/espoonperinneseura.net\/espoo1972\/wp-content\/uploads\/2022\/08\/Viherinaikuiset.jpg 600w\" sizes=\"auto, (max-width: 318px) 100vw, 318px\" \/><figcaption id=\"caption-attachment-3973\" class=\"wp-caption-text\">Viherlaakson yhteiskoulu<\/figcaption><\/figure>\r\n<p style=\"clear: both;\">Vuonna 1969 k\u00e4ynnistyi Tapiolan yhteiskoulun iltalinja ja vuonna 1972 Viherlaakson yhteiskoulun iltalinja.<\/p>\r\n<p>Kun Espoo siirtyi peruskouluun vuonna 1977, oppikoulu lakkasi olemasta, ja j\u00e4ljelle j\u00e4i vain lukio. Iltalinjat liitettiin Espoon kouluj\u00e4rjestelm\u00e4\u00e4n. Nimiksi tulivat Tapiolan lukion iltalinja ja Viherlaakson lukion iltalinja. Vuonna 1983 iltaoppikouluista tuli iltalukioita. Lain mukaan iltalukio toimi luokattomana tai luokallisena. Luokaton lukio oli jo tuolloin kurssimuotoinen<\/p>\r\n<p>Iltalukio oli tarkoitettu ty\u00f6ss\u00e4 k\u00e4yville, tai joka tapauksessa aikuisille. Alaik\u00e4raja korotettiin 18 vuoteen.<\/p>\r\n<p>Vuonna 1988 iltalinjat itsen\u00e4istyiv\u00e4t. Niiden nimiksi tulivat Tapiolan iltalukio ja Viherlaakson iltalukio.<\/p>\r\n<p><strong>2000-luku<\/strong><\/p>\r\n<p><img loading=\"lazy\" decoding=\"async\" class=\"alignleft size-medium wp-image-3965\" src=\"https:\/\/espoonperinneseura.net\/espoo1972\/wp-content\/uploads\/2022\/08\/Aikuislukio-300x222.jpg\" alt=\"\" width=\"300\" height=\"222\" srcset=\"https:\/\/espoonperinneseura.net\/espoo1972\/wp-content\/uploads\/2022\/08\/Aikuislukio-300x222.jpg 300w, https:\/\/espoonperinneseura.net\/espoo1972\/wp-content\/uploads\/2022\/08\/Aikuislukio.jpg 700w\" sizes=\"auto, (max-width: 300px) 100vw, 300px\" \/><span style=\"white-space: nowrap;\">Aikuislukioiden m\u00e4\u00e4r\u00e4<\/span> v\u00e4heni 2000-luvulla. Lis\u00e4ksi aikuislukion opetussuunnitelma oli k\u00e4yt\u00f6ss\u00e4 noin 50 oppilaitoksessa, joista osa oli mm. kansanopistoja.<\/p>\r\n<p>Niinp\u00e4 2000-luvun alussa useassa aikuislukioissa alettiin j\u00e4rjest\u00e4\u00e4 tutkintotavoitteellista, erityisesti maahanmuuttajille suunnattua perusopetusta.<\/p>\r\n<p>Vuonna 2005 kaksi Espoon aikuislukiota yhdistyi Espoon aikuislukioksi, jolla oli <br \/>(aluksi) kaksi toimipistett\u00e4. Vuonna 2009 Viherlaakson toimipiste lakkautettiin.<\/p>\r\n<p><strong>2010-luku<\/strong><\/p>\r\n<p>Aikuislukioilla oli krooninen pula opiskelijoista. Espookin l\u00e4hti mukaan vuonna 2011 tarjoamaan maahanmuuttajille suunnattua perusopetusta. Lukiokoulutukseen valmistavaa koulutusta (LUVA) alettiin j\u00e4rjest\u00e4\u00e4 lukuvuoden 2013 alussa.<\/p>\r\n<p>Merkitt\u00e4v\u00e4 k\u00e4\u00e4nne osuu vuoteen 2015. Espoon aikuislukio liittyi Omniaan. Samana vuonna Suomeen tuli yhteens\u00e4 32 400 turvapaikanhakijaa. Merkitt\u00e4v\u00e4 osa heist\u00e4 tarvitsi koulutusta, jota aikuislukio voi j\u00e4rjest\u00e4\u00e4.<\/p>\r\n<p>Vuonna 2016 tehtiin lakimuutos, joka antoi luvan j\u00e4rjest\u00e4\u00e4 perusopetusta aikuisille ja ennen muuta maahanmuuttaja-aikuisille. Siin\u00e4 oli kaksi vaihetta: alkuvaihe, johon voi kuulua lukutaitovaihe, sek\u00e4 p\u00e4\u00e4tt\u00f6vaihe. Samalla erillinen luku- ja kirjoitustaidon opetus lakkasi. Opiskelu oli kokop\u00e4iv\u00e4ist\u00e4. Vuoden 2018 alusta lukioon valmistava opetus rajattiin vain esiopetus- ja oppivelvollisuusik\u00e4isille.<\/p>\r\n<p>Seuraavana vuonna 2017 k\u00e4ynnistyi lukiokoulutukseen valmistava koulumuoto, jossa annettiin tutkintotavoitteellista, erityisesti maahanmuuttajille suunnattua perusopetusta.<\/p>\r\n<p><strong>Haasteita<\/strong><\/p>\r\n<p>Nyt aikuislukioilla on monia haasteita: Opiskelija-aineksen eri-ik\u00e4isyys tuo luokkatilanteisiin j\u00e4nnitteit\u00e4, joihin p\u00e4iv\u00e4lukiossa ei helposti t\u00f6rm\u00e4\u00e4. Opiskelijam\u00e4\u00e4r\u00e4t hiipuvat, ja monet keskeytt\u00e4v\u00e4t opiskelun. Kulkeeko aikuislukiotoiminta kohti auringonlaskua?<\/p>\r\n<p>Keskeisen\u00e4 kohderyhm\u00e4n\u00e4 ovat nyt maahanmuuttajanuoret. Heill\u00e4 on valtava taustojen ja opiskeluvalmiuksien kirjo. T\u00e4ss\u00e4 kohderyhm\u00e4ss\u00e4 ajatus toisesta mahdollisuudesta el\u00e4\u00e4 edelleen. Onko koko nimike aikuislukio harhaanjohtava? Pit\u00e4isik\u00f6 sen olla nuorten maahanmuuttajien aikuislukio? Puutetta on aikuisille sopivista materiaaleista, tukipalveluista, rahasta, opiskelijaeduista.<\/p>\r\n<\/div>","protected":false},"excerpt":{"rendered":"<p>Koulutuksen kehittyminen Espoossa\u00a0\u00a0\u00a0\u00a0\u00a0\u00a0\u00a0\u00a0Kansisivulle 1970-luku 1980-luku 1990-luku 2000-luku 2010-luku 2020-luku Lukio vain aikuisille Voi sanoa, ett\u00e4 erillinen aikuisille tarkoitettu lukio syntyi vasta 1990-luvulla. Vuoden 1994 aikuislukiolaki nimitt\u00e4in muutti pitk\u00e4\u00e4n toimineet iltalukiot (joissa opiskeli my\u00f6s varsin nuoria) aikuislukioiksi ja lukioiden iltalinjat aikuislinjoiksi. Aikuislukio sai erikoistua tiettyjen opetussis\u00e4lt\u00f6jen tai kohderyhmien opetukseen. Opetus voitiin toteuttaa et\u00e4opetuksena tai muita erityisi\u00e4&hellip; <a class=\"more-link\" href=\"https:\/\/espoonperinneseura.net\/espoo1972\/koulutus-espoossa-2010-luvulla\/aikuislukio\/\">Jatka lukemista <span class=\"screen-reader-text\">Lukio vain aikuisille<\/span><\/a><\/p>\n","protected":false},"author":1,"featured_media":0,"parent":3171,"menu_order":9,"comment_status":"closed","ping_status":"closed","template":"","meta":{"_eb_attr":"","_exactmetrics_skip_tracking":false,"_exactmetrics_sitenote_active":false,"_exactmetrics_sitenote_note":"","_exactmetrics_sitenote_category":0,"footnotes":""},"class_list":["post-3686","page","type-page","status-publish","hentry","entry"],"_links":{"self":[{"href":"https:\/\/espoonperinneseura.net\/espoo1972\/wp-json\/wp\/v2\/pages\/3686","targetHints":{"allow":["GET"]}}],"collection":[{"href":"https:\/\/espoonperinneseura.net\/espoo1972\/wp-json\/wp\/v2\/pages"}],"about":[{"href":"https:\/\/espoonperinneseura.net\/espoo1972\/wp-json\/wp\/v2\/types\/page"}],"author":[{"embeddable":true,"href":"https:\/\/espoonperinneseura.net\/espoo1972\/wp-json\/wp\/v2\/users\/1"}],"replies":[{"embeddable":true,"href":"https:\/\/espoonperinneseura.net\/espoo1972\/wp-json\/wp\/v2\/comments?post=3686"}],"version-history":[{"count":4,"href":"https:\/\/espoonperinneseura.net\/espoo1972\/wp-json\/wp\/v2\/pages\/3686\/revisions"}],"predecessor-version":[{"id":3983,"href":"https:\/\/espoonperinneseura.net\/espoo1972\/wp-json\/wp\/v2\/pages\/3686\/revisions\/3983"}],"up":[{"embeddable":true,"href":"https:\/\/espoonperinneseura.net\/espoo1972\/wp-json\/wp\/v2\/pages\/3171"}],"wp:attachment":[{"href":"https:\/\/espoonperinneseura.net\/espoo1972\/wp-json\/wp\/v2\/media?parent=3686"}],"curies":[{"name":"wp","href":"https:\/\/api.w.org\/{rel}","templated":true}]}}