{"id":3690,"date":"2022-08-02T06:43:08","date_gmt":"2022-08-02T03:43:08","guid":{"rendered":"https:\/\/espoonperinneseura.net\/espoo1972\/?page_id=3690"},"modified":"2022-08-22T05:29:24","modified_gmt":"2022-08-22T02:29:24","slug":"kuntainliitto","status":"publish","type":"page","link":"https:\/\/espoonperinneseura.net\/espoo1972\/koulutus-espoossa-1980-luvulla\/kuntainliitto\/","title":{"rendered":"Kuntainliiton oppilaitoksista palvelualojen osaajia"},"content":{"rendered":"<!-- Added by Post\/Page Specific Custom Code plugin, thank you for using! -->\n<style>.entry-title,  .entry-header {\r\n\tdisplay: none;\r\n}<\/style>\n<h5>Koulutuksen kehittyminen Espoossa\u00a0\u00a0\u00a0\u00a0\u00a0\u00a0\u00a0\u00a0<a href=\"https:\/\/espoonperinneseura.net\/espoo1972\/koulutus-espoossa-1970-2020\/\">Kansisivulle<\/a><\/h5>\r\n\r\n<div style=\"margin: auto;\">\r\n<div class=\"btn\"><a class=\"btn-text\" style=\"color: #000;\" href=\"https:\/\/espoonperinneseura.net\/espoo1972\/koulutus-espoossa-1970-luvulla\/\">1970-luku<\/a><\/div>\r\n<div class=\"btn\"><a class=\"btn-text\" style=\"color: #fff;\" href=\"https:\/\/espoonperinneseura.net\/espoo1972\/koulutus-espoossa-1980-luvulla\/\">1980-luku<\/a><\/div>\r\n<div class=\"btn\"><a class=\"btn-text\" style=\"color: #000;\" href=\"https:\/\/espoonperinneseura.net\/espoo1972\/koulutus-espoossa-1990-luvulla\/\">1990-luku<\/a><\/div>\r\n<div class=\"btn\"><a class=\"btn-text\" style=\"color: #000;\" href=\"https:\/\/espoonperinneseura.net\/espoo1972\/koulutus-espoossa-2000-luvulla\/\">2000-luku<\/a><\/div>\r\n<div class=\"btn\"><a class=\"btn-text\" style=\"color: #000;\" href=\"https:\/\/espoonperinneseura.net\/espoo1972\/koulutus-espoossa-2010-luvulla\/\">2010-luku<\/a><\/div>\r\n<div class=\"btn\"><a class=\"btn-text\" style=\"color: #000;\" href=\"https:\/\/espoonperinneseura.net\/espoo1972\/koulutus-espoossa-2020-luvulla\/\">2020-luku<\/a><\/div>\r\n<\/div>\r\n\r\n<h3 style=\"clear: both; padding-top: 25px;\">Kuntainliiton oppilaitoksista palvelualojen osaajia<\/h3>\r\n<div style=\"margin: auto;\">\r\n<p>1980-luvun aikana Espoon keskustan ammatillisten oppilaitosten kuntainliitto k\u00e4ynnisti nelj\u00e4 isoa ammatillista oppilaitosta. Ensimm\u00e4isen\u00e4 aloitti 1.8.1985 Espoon sairaanhoito-oppilaitos (ESHO) ja seuraavana vuonna Espoon hotelli- ja ravintola-alan oppilaitos (EHRO). Vuonna 1988 aloitti Espoon sosiaalialan oppilaitos (ESO) ja vuonna 1989 Espoon koti- ja laitostalousoppilaitos (EKLO).<\/p>\r\n<p>Kaikissa niiss\u00e4 tehtiin hyv\u00e4\u00e4 ty\u00f6t\u00e4. Oppilaitokset olivat monessa mieless\u00e4 edell\u00e4k\u00e4vij\u00f6it\u00e4 ja kehittiv\u00e4t pedagogiikkaa. Niiss\u00e4 tuotettiin palvelukaupungiksi muuttuneen Espoon tarpeisiin mm. kodinhoitajia, kokkeja, kotiavustajia, laitoshuoltajia, l\u00e4hi- ja sairaanhoitajia, sosiaalikasvattajia, tarjoilijoita ja p\u00e4iv\u00e4hoitajia.<\/p>\r\n<p>Tarkastellaan nyt yht\u00e4 niist\u00e4 hieman tarkemmin.<\/p>\r\n<p>Espoon hotelli- ja ravintola-alan oppilaitos aloitti toimintansa Matinkyl\u00e4ss\u00e4. Neuvottelujen tuloksena p\u00e4\u00e4tettiin myyd\u00e4 tilojen vuokraoikeudet kaupungille. Saaduilla rahoilla rakennettiin Espoon keskukseen uusia tiloja. EHRO sai oman rakennuksen Lakelaan. Rakennuksessa oli mm. runsaasti hotellihuoneita, vastaanotto, auditorio, ryhm\u00e4tiloja, ravintolat kahdessa eri kerroksessa, opetuskeitti\u00f6, leipomo ja toimistotiloja. Toiminta upeissa tiloissa alkoi vuonna 1989.<\/p>\r\n<p>Espoossa oli nyt oma hotelli- ja ravintola-alan oppilaitos, joka alkoi vakavasti kilpailla Helsingiss\u00e4 pitk\u00e4\u00e4n toimineen ja arvostetun Ravintolakoulu Perhon kanssa. Perholla oli pitk\u00e4 kokemus; se oli kouluttanut tarjoilijoita, kokkeja, keitt\u00e4ji\u00e4 ja kylm\u00e4k\u00f6it\u00e4 jo vuodesta 1935, aluksi yksityisen\u00e4 Suomen hotelli- ja ravintolakouluna. 1960-luvulla Perhosta valmistui ty\u00f6ntekij\u00f6iden lis\u00e4ksi my\u00f6s esimiehi\u00e4. Ravintolakoulu Perho toimi vuosina 1935-2016. Ravintolakoulu Perho, Helmi Liiketalousopisto ja Haaga Perho yhdistyiv\u00e4t 1.1.2017 Perho Liiketalousopistoksi.\u00a0<\/p>\r\n<p>EHRO:n ravintolatoiminta oli hyvin aktiivista. Kaupunki k\u00e4ytti tiloja mm. henkil\u00f6st\u00f6ns\u00e4 koulutuksiin. Auditoriota ja tarjoilua myytiin ulkopuolisille. Ruoka oli hyv\u00e4\u00e4, juomat kylmi\u00e4 ja jonot siell\u00e4 j\u00e4rjestettyihin juhliin pitki\u00e4. Kerrotaan, ett\u00e4 siell\u00e4 j\u00e4rjestettiin Espoon parhaita juhlia. Maine kasvoi. Taistelu opiskelijoista oli kuitenkin kovaa. Nuoren oppilaitoksen maine ei ollut viel\u00e4 kiirinyt kaikkialle.<\/p>\r\n<p>1990-luvun alussa kuntainliitto vaihtoi nimekseen Espoon seudun ammatillisen koulutuksen kuntayhtym\u00e4. T\u00e4ll\u00e4 nimell\u00e4 se toimi vuosituhannen loppuun saakka. Vuosikymmenen muutospaineissa kuntayhtym\u00e4n oppilaitosrakenne koki suuria muutoksia. Vastasyntyneet nelj\u00e4 oppilaitosta oli yhdistett\u00e4v\u00e4 kahdeksi. Vuonna 1994 syntyi Espoon terveys- ja sosiaalialan oppilaitos. Ja vuonna 1996 Espoon palvelualojen oppilaitos. Miksi? Viisi syyt\u00e4. Raha. Ajan henki. Muuttuneet tutkintorakenteet. Nimike ammattikorkeakoulu, joka kiehtoi opistotason v\u00e4ke\u00e4.<\/p>\r\n<div style=\"margin: auto;\">\r\n<div style=\"float: left; width: 310px; margin: 0 10px 20px 0; padding-top: 5px;\">\r\n<figure id=\"attachment_3725\" aria-describedby=\"caption-attachment-3725\" style=\"width: 300px\" class=\"wp-caption alignleft\"><img loading=\"lazy\" decoding=\"async\" class=\"wp-image-3725 size-medium\" src=\"https:\/\/espoonperinneseura.net\/espoo1972\/wp-content\/uploads\/2022\/08\/Hotelli-ja-ravintolakoulu-300x159.jpg\" alt=\"\" width=\"300\" height=\"159\" srcset=\"https:\/\/espoonperinneseura.net\/espoo1972\/wp-content\/uploads\/2022\/08\/Hotelli-ja-ravintolakoulu-300x159.jpg 300w, https:\/\/espoonperinneseura.net\/espoo1972\/wp-content\/uploads\/2022\/08\/Hotelli-ja-ravintolakoulu.jpg 700w\" sizes=\"auto, (max-width: 300px) 100vw, 300px\" \/><figcaption id=\"caption-attachment-3725\" class=\"wp-caption-text\">Omnia, Lakelankatu 1, Espoon keskus<\/figcaption><\/figure>\r\n<\/div>\r\n<p style=\"margin-top: 0px;\"><span style=\"white-space: nowrap;\">Hotelli- ja ravintola-alan<\/span> koulutus jatkui Lakelan tiloissa osana Espoon palvelualojen oppilaitosta vuoteen 2006 saakka. Rakennus siirtyi Espoon kaupungin omistukseen 31.12.2010. Hotellipuolella toisessa kerroksessa on edelleen oppilaitoksen ruokala. Niin ik\u00e4\u00e4n osa kellaritiloista, mm. autohalli on Omnian k\u00e4yt\u00f6ss\u00e4. Varsinaista opetustoimintaa ei hotellin puolella en\u00e4\u00e4 ole.<\/p>\r\n<p style=\"margin-top: 0px;\">Nykyinen Omnia koulutus Oy j\u00e4rjest\u00e4\u00e4 yh\u00e4 ravintola- ja catering-alan koulutusta Kirkkokadun varteen rakennetusta Omnian p\u00e4\u00e4rakennuksessa mm. sen Henricus-ravintolassa. Sielt\u00e4 valmistuu yh\u00e4 mm. baarimestareita, tarjoilijoita, leipureita, majoitus- ja ravitsemusalan esimiehi\u00e4.<\/p>\r\n<\/div>\r\n<\/div>","protected":false},"excerpt":{"rendered":"<p>Koulutuksen kehittyminen Espoossa\u00a0\u00a0\u00a0\u00a0\u00a0\u00a0\u00a0\u00a0Kansisivulle 1970-luku 1980-luku 1990-luku 2000-luku 2010-luku 2020-luku Kuntainliiton oppilaitoksista palvelualojen osaajia 1980-luvun aikana Espoon keskustan ammatillisten oppilaitosten kuntainliitto k\u00e4ynnisti nelj\u00e4 isoa ammatillista oppilaitosta. Ensimm\u00e4isen\u00e4 aloitti 1.8.1985 Espoon sairaanhoito-oppilaitos (ESHO) ja seuraavana vuonna Espoon hotelli- ja ravintola-alan oppilaitos (EHRO). Vuonna 1988 aloitti Espoon sosiaalialan oppilaitos (ESO) ja vuonna 1989 Espoon koti- ja laitostalousoppilaitos (EKLO).&hellip; <a class=\"more-link\" href=\"https:\/\/espoonperinneseura.net\/espoo1972\/koulutus-espoossa-1980-luvulla\/kuntainliitto\/\">Jatka lukemista <span class=\"screen-reader-text\">Kuntainliiton oppilaitoksista palvelualojen osaajia<\/span><\/a><\/p>\n","protected":false},"author":1,"featured_media":0,"parent":3168,"menu_order":20,"comment_status":"closed","ping_status":"closed","template":"","meta":{"_eb_attr":"","_exactmetrics_skip_tracking":false,"_exactmetrics_sitenote_active":false,"_exactmetrics_sitenote_note":"","_exactmetrics_sitenote_category":0,"footnotes":""},"class_list":["post-3690","page","type-page","status-publish","hentry","entry"],"_links":{"self":[{"href":"https:\/\/espoonperinneseura.net\/espoo1972\/wp-json\/wp\/v2\/pages\/3690","targetHints":{"allow":["GET"]}}],"collection":[{"href":"https:\/\/espoonperinneseura.net\/espoo1972\/wp-json\/wp\/v2\/pages"}],"about":[{"href":"https:\/\/espoonperinneseura.net\/espoo1972\/wp-json\/wp\/v2\/types\/page"}],"author":[{"embeddable":true,"href":"https:\/\/espoonperinneseura.net\/espoo1972\/wp-json\/wp\/v2\/users\/1"}],"replies":[{"embeddable":true,"href":"https:\/\/espoonperinneseura.net\/espoo1972\/wp-json\/wp\/v2\/comments?post=3690"}],"version-history":[{"count":11,"href":"https:\/\/espoonperinneseura.net\/espoo1972\/wp-json\/wp\/v2\/pages\/3690\/revisions"}],"predecessor-version":[{"id":4033,"href":"https:\/\/espoonperinneseura.net\/espoo1972\/wp-json\/wp\/v2\/pages\/3690\/revisions\/4033"}],"up":[{"embeddable":true,"href":"https:\/\/espoonperinneseura.net\/espoo1972\/wp-json\/wp\/v2\/pages\/3168"}],"wp:attachment":[{"href":"https:\/\/espoonperinneseura.net\/espoo1972\/wp-json\/wp\/v2\/media?parent=3690"}],"curies":[{"name":"wp","href":"https:\/\/api.w.org\/{rel}","templated":true}]}}