{"id":3692,"date":"2022-08-02T06:46:26","date_gmt":"2022-08-02T03:46:26","guid":{"rendered":"https:\/\/espoonperinneseura.net\/espoo1972\/?page_id=3692"},"modified":"2022-08-03T05:38:46","modified_gmt":"2022-08-03T02:38:46","slug":"omnia","status":"publish","type":"page","link":"https:\/\/espoonperinneseura.net\/espoo1972\/koulutus-espoossa-2020-luvulla\/omnia\/","title":{"rendered":"Omnia \u2013 yhden amiksen j\u00e4rjest\u00e4j\u00e4st\u00e4 monialaiseksi ja monimuotoiseksi koulutus- ja palveluorganisaatioksi"},"content":{"rendered":"<!-- Added by Post\/Page Specific Custom Code plugin, thank you for using! -->\n<style>.entry-title,  .entry-header {\r\n\tdisplay: none;\r\n}<\/style>\n<h5>Koulutuksen kehittyminen Espoossa\u00a0\u00a0\u00a0\u00a0\u00a0\u00a0\u00a0\u00a0<a href=\"https:\/\/espoonperinneseura.net\/espoo1972\/koulutus-espoossa-1970-2020\/\">Kansisivulle<\/a><\/h5>\r\n\r\n<div style=\"margin: auto;\">\r\n<div class=\"btn\"><a class=\"btn-text\" style=\"color: #000;\" href=\"https:\/\/espoonperinneseura.net\/espoo1972\/koulutus-espoossa-1970-luvulla\/\">1970-luku<\/a><\/div>\r\n<div class=\"btn\"><a class=\"btn-text\" style=\"color: #000;\" href=\"https:\/\/espoonperinneseura.net\/espoo1972\/koulutus-espoossa-1980-luvulla\/\">1980-luku<\/a><\/div>\r\n<div class=\"btn\"><a class=\"btn-text\" style=\"color: #000;\" href=\"https:\/\/espoonperinneseura.net\/espoo1972\/koulutus-espoossa-1990-luvulla\/\">1990-luku<\/a><\/div>\r\n<div class=\"btn\"><a class=\"btn-text\" style=\"color: #000;\" href=\"https:\/\/espoonperinneseura.net\/espoo1972\/koulutus-espoossa-2000-luvulla\/\">2000-luku<\/a><\/div>\r\n<div class=\"btn\"><a class=\"btn-text\" style=\"color: #000;\" href=\"https:\/\/espoonperinneseura.net\/espoo1972\/koulutus-espoossa-2010-luvulla\/\">2010-luku<\/a><\/div>\r\n<div class=\"btn\"><a class=\"btn-text\" style=\"color: #fff;\" href=\"https:\/\/espoonperinneseura.net\/espoo1972\/koulutus-espoossa-2020-luvulla\/\">2020-luku<\/a><\/div>\r\n<\/div>\r\n\r\n<h3 style=\"clear: both; padding-top: 25px;\">Omnia \u2013 yhden amiksen j\u00e4rjest\u00e4j\u00e4st\u00e4 monialaiseksi ja monimuotoiseksi koulutus- ja palveluorganisaatioksi<\/h3>\r\n<div style=\"margin: auto;\">\r\n<p>Espoon seudun koulutuskuntayhtym\u00e4 Omnia on vuonna 1982 toimintansa aloittanut monialainen koulutuksen j\u00e4rjest\u00e4j\u00e4 sek\u00e4 Espoon seudun alueellinen kehitt\u00e4miskeskus. Omnialla on yli 10 toimipistett\u00e4 Espoossa ja yksi toimipiste Kirkkonummella. Omistajakunnat ovat Espoo, Kauniainen ja Kirkkonummi, kotipes\u00e4 on Espoo. Omnia ty\u00f6llist\u00e4\u00e4 noin 1000 henkil\u00f6\u00e4. Vuosittain siell\u00e4 opiskelee yli 30 000 oppijaa.<\/p>\r\n<p>Omnian nimi on matkan varrella vaihtunut monta kertaa. Alun perin vuonna 1982 se oli Espoon keskuksen ammatillisen oppilaitoksen kuntainliitto. Vuonna 1983 nimi vaihdettiin monikkoon: Espoon keskustan ammatillisten oppilaitosten kuntainliitoksi.<\/p>\r\n<p>1990-luvulla laki muuttui, ja kuntainliitosta tuli Espoon seudun ammatillisen koulutuksen kuntayhtym\u00e4. Omnia-nimi keksittiin vuonna 2005, ja seuraavan vuonna t\u00e4\u00e4ll\u00e4 toimi virallisestikin Espoon seudun koulutuskuntayhtym\u00e4 Omnia. Sill\u00e4 nimell\u00e4 posti kulkee edelleen.<\/p>\r\n<p>Omnian tarina erill\u00e4\u00e4n toimineiden ammatillisten oppilaitosten nipusta monialaiseksi mahdollisuuksien taloksi ja lopulta kansainv\u00e4lisesti ainutlaatuiseksi elinik\u00e4isen ja el\u00e4m\u00e4nlaajuisen oppimisen keskukseksi oli kuin kolmiosainen Tuhkimo-tarina.<\/p>\r\n<p><strong>Ryysyist\u00e4 rikkauksiin ja takaisin ryysyihin<\/strong><\/p>\r\n<p>Ensimm\u00e4inen tarinoista on \u201dryysyist\u00e4 rikkauksiin\u201d ja toinen \u201drikkauksista r\u00e4\u00e4syihin\u201d. Ne kuvaavat kuntainliiton\/kunta-yhtym\u00e4n kahta ensimm\u00e4ist\u00e4 vuosikymment\u00e4 klassisen tragedian kaavalla.<\/p>\r\n<p>Omnia kasvoi ja laajeni. 1980-luvulla se k\u00e4ynnisti nelj\u00e4 ammatillista oppilaitosta ja j\u00e4rjesti niille tilat: Espoon Sairaanhoito-oppilaitoksen, Hotelli- ja ravintolaoppilaitoksen, Sosiaalialan oppilaitoksen sek\u00e4 Koti-ja laitostalousoppilaitoksen.<\/p>\r\n<p>1990-luvulla Omnia joutui yhdist\u00e4m\u00e4\u00e4n oppilaitoksensa kahdeksi: Espoon terveys- ja sosiaalialan sek\u00e4 Espoon palvelualojen oppilaitokseksi. Syit\u00e4 oli useita. Yksi niist\u00e4 oli 1900-luvun suuri mahdollisuus: ammattikorkeakoulukokeilu.<\/p>\r\n<p>Klassisen tragedian kaavan mukaisesti silloinen koulutuskuntayhtym\u00e4 uskaltautui mukaan lopulta tuhoisaksi osoittautuneeseen \u201dseikkailuun\u201d. Kokeilu johti sankarin \u201dtuhoon\u201d: kuntayhtym\u00e4n oppilaitosten opistoasteen koulutus irtautui, henkil\u00f6st\u00f6 jaettiin jyviin (kelpaa ammattikorkeakouluun) ja akanoihin (ei kelpaa).<\/p>\r\n<p>Milleniumista alkoi toinen tarina: \u201dRyysyist\u00e4 rikkaaksi \u201d: Noin puolet henkil\u00f6kunnastaan menett\u00e4nyt opetuksen j\u00e4rjest\u00e4j\u00e4 alkoi uudelleen kasvaa. 2000-luvulla se sai vastuulleen l\u00e4hes kaiken ammatillisen koulutuksen Espoon seudulla. Se vastasi nyt 6-7 itsen\u00e4isin\u00e4 itse\u00e4\u00e4n pit\u00e4neen, p\u00e4\u00e4asiassa koulutasoisen ammatillisen oppilaitoksen opetuksesta: amiskoulutusta, liiketalouden, palvelualojen sek\u00e4 terveys- ja sosiaalialan koulutuksesta.<\/p>\r\n<p>Milleniumin j\u00e4lkeen, vuonna 2001 amikset yhdistettiin AMTEK:iksi ja hoidettavaksi otettiin oppisopimuskoulutus.<\/p>\r\n<p>Organisaatiomuutokset kiihtyiv\u00e4t. Vuonna 2005 Espoon seudun koulutuskuntayhtym\u00e4 Omnia yhdisti kaikki oppilaitoksensa yhdeksi oppilaitokseksi: Omnian ammattiopistoksi. Uutena vastuualueena olivat nuorten ty\u00f6pajat.<\/p>\r\n<p>Seuraavana vuonna laki muuttui. Nuorten aikuisten ammatillinen koulutus erotettiin toisistaan. Vuonna 2006 Omniassa oli kaksi oppilaitosta: ammattiopisto ja aikuisopisto sek\u00e4 kaksi muuta yksikk\u00f6\u00e4: oppisopimus ja syrj\u00e4ytymisen ehk\u00e4isy (ty\u00f6pajat).<\/p>\r\n<p>Vuonna 2011 Omniassa oli viisi yksikk\u00f6\u00e4: ammattiopisto, aikuisopisto, oppisopimustoimisto, nuorten ty\u00f6pajat, InnoOmnia sek\u00e4 sis\u00e4isi\u00e4 palveluyksik\u00f6it\u00e4.<\/p>\r\n<p>Vuonna 2015 ammatilliseen koulutuksen ja syrj\u00e4ytymisen ehk\u00e4isyyn omistautunut Omnia teki huikean loikan yleissivist\u00e4v\u00e4n koulutuksen puolelle. Siihen yhdistettiin sek\u00e4 Espoon aikuislukio ett\u00e4 Espoon ty\u00f6v\u00e4enopisto. Syrj\u00e4ytymisen ehk\u00e4isyss\u00e4 ja kotouttamisessa saatiin uusia haasteita, kun vuoden 2015 globaali pakolaiskriisi iski my\u00f6s Suomeen. Omnia vastasi siihen kaksin k\u00e4sin mm. luovuttamalla Finnsin tiloja pakolaiskeskukseksi.<\/p>\r\n<p>Vuonna 2017 Omniassa toteutettiin j\u00e4lleen organisaatiomuutos. Nyt sill\u00e4 oli toisen kerran vain yksi oppilaitos: Omnia Koulutus.<\/p>\r\n<p>Omnia oli nyt suurkoulu. Omnian ammattiopisto, aikuisopisto, Espoon ty\u00f6v\u00e4enopisto ja aikuislukio. Omnian oppisopimustoimisto ja Omnian nuorten ty\u00f6pajat olivat nyt hallinnollisesti yksi oppilaitos, jossa oli kolme yksikk\u00f6\u00e4: ammatillisen oppimisen, elinik\u00e4isen oppimisen ja sis\u00e4isten palvelujen yksikk\u00f6. InnoOmnia ajettiin alas.<\/p>\r\n<p>Samaan aikaan Omnia oli aloittanut laajan kansainv\u00e4lisen yhteisty\u00f6n ammatillisen koulutuksen kehitt\u00e4miseksi.<\/p>\r\n<p>Vuonna 2018 Omnian toimilupa p\u00e4ivitettiin. Omnia sai j\u00e4rjest\u00e4\u00e4 yli 20 ammatillista perustutkintoa ja l\u00e4hes 40 ammatti- ja erikoisammattitutkintoa. Se sai my\u00f6s j\u00e4rjest\u00e4\u00e4 ammatillista lis\u00e4koulutusta, ty\u00f6voimakoulutusta ja laajaa oppisopimuskoulutusta. Omnialle my\u00f6nnettiin lis\u00e4ksi erityisteht\u00e4v\u00e4 urheilijoiden ammatillisen koulutuksen j\u00e4rjest\u00e4miseen.<\/p>\r\n<p>Liiketalouden sek\u00e4 sosiaali- ja terveysalan perustutkinnot saatiin j\u00e4rjest\u00e4\u00e4 my\u00f6s englanniksi. Uusi lupa tuki my\u00f6s Omnian hyvin alkanutta koulutusvienti\u00e4<\/p>\r\n<p><strong>Omnia vuonna 2022<\/strong><\/p>\r\n<p>Omnia on nyt ainutlaatuinen nuorten ja aikuisten ammatillisen ja yleissivist\u00e4v\u00e4n oppimisen keidas: Se on p\u00e4iv\u00e4- ja iltakoulu, joka tarjoaa palveluita yhden luukun periaatteella. Se on innovaatiokeskus, oman alueen elinkeinoel\u00e4m\u00e4n verkostokumppani sek\u00e4 kulttuurialan yhteisty\u00f6kumppani. Omnian v\u00e4ki tekee syrj\u00e4ytymist\u00e4 ehk\u00e4isev\u00e4\u00e4 ja kest\u00e4v\u00e4\u00e4 kehityst\u00e4 edist\u00e4v\u00e4\u00e4 ty\u00f6t\u00e4 isolla syd\u00e4mell\u00e4.<\/p>\r\n<p>40 vuodessa Omnia on kasvanut monialaiseksi, kansainv\u00e4lisestikin ainutlaatuiseksi elinik\u00e4isen ja el\u00e4m\u00e4nlaajuisen oppimisen ja palvelujen keskukseksi. Paitsi koulutusorganisaatio Omnia on my\u00f6s innovaatiokeskus ja osaamisen n\u00e4yteikkuna mm kansainv\u00e4lisille vieraille.<\/p>\r\n<p>Omnian tarina on ollut menetystarina. Tuhkimotarina.<\/p>\r\n<\/div>","protected":false},"excerpt":{"rendered":"<p>Koulutuksen kehittyminen Espoossa\u00a0\u00a0\u00a0\u00a0\u00a0\u00a0\u00a0\u00a0Kansisivulle 1970-luku 1980-luku 1990-luku 2000-luku 2010-luku 2020-luku Omnia \u2013 yhden amiksen j\u00e4rjest\u00e4j\u00e4st\u00e4 monialaiseksi ja monimuotoiseksi koulutus- ja palveluorganisaatioksi Espoon seudun koulutuskuntayhtym\u00e4 Omnia on vuonna 1982 toimintansa aloittanut monialainen koulutuksen j\u00e4rjest\u00e4j\u00e4 sek\u00e4 Espoon seudun alueellinen kehitt\u00e4miskeskus. Omnialla on yli 10 toimipistett\u00e4 Espoossa ja yksi toimipiste Kirkkonummella. Omistajakunnat ovat Espoo, Kauniainen ja Kirkkonummi, kotipes\u00e4 on&hellip; <a class=\"more-link\" href=\"https:\/\/espoonperinneseura.net\/espoo1972\/koulutus-espoossa-2020-luvulla\/omnia\/\">Jatka lukemista <span class=\"screen-reader-text\">Omnia \u2013 yhden amiksen j\u00e4rjest\u00e4j\u00e4st\u00e4 monialaiseksi ja monimuotoiseksi koulutus- ja palveluorganisaatioksi<\/span><\/a><\/p>\n","protected":false},"author":1,"featured_media":0,"parent":3217,"menu_order":7,"comment_status":"closed","ping_status":"closed","template":"","meta":{"_eb_attr":"","_exactmetrics_skip_tracking":false,"_exactmetrics_sitenote_active":false,"_exactmetrics_sitenote_note":"","_exactmetrics_sitenote_category":0,"footnotes":""},"class_list":["post-3692","page","type-page","status-publish","hentry","entry"],"_links":{"self":[{"href":"https:\/\/espoonperinneseura.net\/espoo1972\/wp-json\/wp\/v2\/pages\/3692","targetHints":{"allow":["GET"]}}],"collection":[{"href":"https:\/\/espoonperinneseura.net\/espoo1972\/wp-json\/wp\/v2\/pages"}],"about":[{"href":"https:\/\/espoonperinneseura.net\/espoo1972\/wp-json\/wp\/v2\/types\/page"}],"author":[{"embeddable":true,"href":"https:\/\/espoonperinneseura.net\/espoo1972\/wp-json\/wp\/v2\/users\/1"}],"replies":[{"embeddable":true,"href":"https:\/\/espoonperinneseura.net\/espoo1972\/wp-json\/wp\/v2\/comments?post=3692"}],"version-history":[{"count":3,"href":"https:\/\/espoonperinneseura.net\/espoo1972\/wp-json\/wp\/v2\/pages\/3692\/revisions"}],"predecessor-version":[{"id":3724,"href":"https:\/\/espoonperinneseura.net\/espoo1972\/wp-json\/wp\/v2\/pages\/3692\/revisions\/3724"}],"up":[{"embeddable":true,"href":"https:\/\/espoonperinneseura.net\/espoo1972\/wp-json\/wp\/v2\/pages\/3217"}],"wp:attachment":[{"href":"https:\/\/espoonperinneseura.net\/espoo1972\/wp-json\/wp\/v2\/media?parent=3692"}],"curies":[{"name":"wp","href":"https:\/\/api.w.org\/{rel}","templated":true}]}}