{"id":3694,"date":"2022-08-02T06:55:38","date_gmt":"2022-08-02T03:55:38","guid":{"rendered":"https:\/\/espoonperinneseura.net\/espoo1972\/?page_id=3694"},"modified":"2022-08-16T09:42:26","modified_gmt":"2022-08-16T06:42:26","slug":"sahkoiset-ylioppilaskirjoitukset","status":"publish","type":"page","link":"https:\/\/espoonperinneseura.net\/espoo1972\/koulutus-espoossa-2010-luvulla\/sahkoiset-ylioppilaskirjoitukset\/","title":{"rendered":"Ylioppilaskirjoitukset s\u00e4hk\u00f6istettiin"},"content":{"rendered":"<!-- Added by Post\/Page Specific Custom Code plugin, thank you for using! -->\n<style>.entry-title,  .entry-header {\r\n\tdisplay: none;\r\n}<\/style>\n<h5>Koulutuksen kehittyminen Espoossa\u00a0\u00a0\u00a0\u00a0\u00a0\u00a0\u00a0\u00a0<a href=\"https:\/\/espoonperinneseura.net\/espoo1972\/koulutus-espoossa-1970-2020\/\">Kansisivulle<\/a><\/h5>\r\n\r\n<div style=\"margin: auto;\">\r\n<div class=\"btn\"><a class=\"btn-text\" style=\"color: #000;\" href=\"https:\/\/espoonperinneseura.net\/espoo1972\/koulutus-espoossa-1970-luvulla\/\">1970-luku<\/a><\/div>\r\n<div class=\"btn\"><a class=\"btn-text\" style=\"color: #000;\" href=\"https:\/\/espoonperinneseura.net\/espoo1972\/koulutus-espoossa-1980-luvulla\/\">1980-luku<\/a><\/div>\r\n<div class=\"btn\"><a class=\"btn-text\" style=\"color: #000;\" href=\"https:\/\/espoonperinneseura.net\/espoo1972\/koulutus-espoossa-1990-luvulla\/\">1990-luku<\/a><\/div>\r\n<div class=\"btn\"><a class=\"btn-text\" style=\"color: #000;\" href=\"https:\/\/espoonperinneseura.net\/espoo1972\/koulutus-espoossa-2000-luvulla\/\">2000-luku<\/a><\/div>\r\n<div class=\"btn\"><a class=\"btn-text\" style=\"color: #fff;\" href=\"https:\/\/espoonperinneseura.net\/espoo1972\/koulutus-espoossa-2010-luvulla\/\">2010-luku<\/a><\/div>\r\n<div class=\"btn\"><a class=\"btn-text\" style=\"color: #000;\" href=\"https:\/\/espoonperinneseura.net\/espoo1972\/koulutus-espoossa-2020-luvulla\/\">2020-luku<\/a><\/div>\r\n<\/div>\r\n\r\n<h3 style=\"clear: both; padding-top: 25px;\">Ylioppilaskirjoitukset s\u00e4hk\u00f6istettiin<\/h3>\r\n<div style=\"margin: auto;\">\r\n<p><img loading=\"lazy\" decoding=\"async\" class=\"alignleft size-medium wp-image-3970\" src=\"https:\/\/espoonperinneseura.net\/espoo1972\/wp-content\/uploads\/2022\/08\/sahkoinenyo-289x300.jpg\" alt=\"\" width=\"289\" height=\"300\" srcset=\"https:\/\/espoonperinneseura.net\/espoo1972\/wp-content\/uploads\/2022\/08\/sahkoinenyo-289x300.jpg 289w, https:\/\/espoonperinneseura.net\/espoo1972\/wp-content\/uploads\/2022\/08\/sahkoinenyo.jpg 674w\" sizes=\"auto, (max-width: 289px) 100vw, 289px\" \/><span style=\"white-space: nowrap;\">Ylioppilastutkintoa on<\/span> kehitetty vuosien varrella. Vuonna 1994 sallittiin ylioppilastutkinnon hajauttaminen jopa kolmelle per\u00e4kk\u00e4iselle tutkintokerralle. Vuonna 2006 reaalikoe uudistui reaaliaineen kokeeksi. Muutosvauhti kiihtyi.<\/p>\r\n<p>Ylioppilaskirjoitusten s\u00e4hk\u00f6ist\u00e4misen valmistelu alkoi vuonna 2013. Vuoden 2016 syksyll\u00e4 s\u00e4hk\u00f6iset ylioppilaskokeet alkoivat. Vuosina 2014 ja 2017 parannettiin arvosanojen vertailtavuutta. Muutettiin ohjeet siit\u00e4, montako kertaa yo-kirjoituksen saa uusia. Syksyst\u00e4 2016 alkaen yo-kirjoitukset on arvioitu anonyymisti.<\/p>\r\n<p>Uudet opetussuunnitelmat otettiin k\u00e4ytt\u00f6\u00f6n syksyll\u00e4 2016 ja vuonna 2021 taas seuraavat. Lukioissa siirryttiin vuonna 2021 kurssimuotoisuudesta opintopisteisiin. Vuonna 2006 jokaiselle reaaliaineelle tuli oma kokeensa. Vuonna 2020 korkeakoulujen opiskelijavalinta muuttui niin, ett\u00e4 yo-tutkinnon tuloksilla oli entist\u00e4 suurempi painoarvo.<\/p>\r\n<p>Vuonna 2018 muutettiin lukiolakia ja lakia ylioppilastutkinnosta. Vuodesta 2022 alkaen ylioppilastutkinnon valmiiksi saamiseen tarvitaan viisi koetta. \u00c4idinkielen ja kirjallisuuden kokeen suorittaminen vaaditaan kaikilta, ja muut vaadittavat nelj\u00e4 koetta tulee valita seuraavista ryhmist\u00e4:<\/p>\r\n<ul>\r\n<li>vieras kieli<\/li>\r\n<li>toinen kotimainen kieli<\/li>\r\n<li>matematiikka<\/li>\r\n<li>reaali<\/li>\r\n<\/ul>\r\n<p>V\u00e4hint\u00e4\u00e4n yhden kokeen tulee olla pitk\u00e4n oppim\u00e4\u00e4r\u00e4n koe. Kokeet on valittava v\u00e4hint\u00e4\u00e4n kolmesta eri ryhm\u00e4st\u00e4. Teht\u00e4vien m\u00e4\u00e4r\u00e4 vaihtelee aineittain. Mukana on my\u00f6s jokeriteht\u00e4vi\u00e4, joista saa enemm\u00e4n pisteit\u00e4.<\/p>\r\n<p>Pitk\u00e4n historiansa suurimman mullistuksen ylioppilaskirjoitukset kohtasivat 2010-luvulla, kun ylioppilaskokeet s\u00e4hk\u00f6istettiin. My\u00f6s ylioppilaskokeen tuli vastata maailmaa, jossa opiskelijat tulevat el\u00e4m\u00e4\u00e4n. Tietotekniikkaa hy\u00f6dynnet\u00e4\u00e4n ja tiedonhakutaitoja tarvitaan nykyp\u00e4iv\u00e4n jatko-opinnoissa ja ty\u00f6el\u00e4m\u00e4ss\u00e4, joten tiedon hakemisen taitoja on t\u00e4rke\u00e4\u00e4 mitata my\u00f6s ylioppilaskirjoituksissa. Paperikokeista luopuminen nopeutti kokeiden tarkistusta. Taustalla oli my\u00f6s pyrkimys, ett\u00e4 kaikki lukiot ryhtyisiv\u00e4t aktiivisesti k\u00e4ytt\u00e4m\u00e4\u00e4n tietotekniikkaa opetuksessa.<\/p>\r\n<p>Syksyll\u00e4 2016 aloitettiin kolmella harvemmin kirjoitetulla aineella: saksa, maantiede ja filosofia. Kev\u00e4\u00e4ll\u00e4 2019 koko ylioppilastutkinto suoritettiin s\u00e4hk\u00f6isesti.<\/p>\r\n<p>Kokeissa vastaaminen helpottui, varsinkin reaaliaineissa, kun teksti\u00e4 voi editoida. Teht\u00e4v\u00e4tyyppit ovat moninaisia. \u00c4idinkielen koe koostuu kahdesta osakokeesta: tekstitaidon kokeesta ja esseekokeesta. Reaaliaineissa k\u00e4ytet\u00e4\u00e4n perinteisten esseekysymysten lis\u00e4ksi esimerkiksi monivalintateht\u00e4vi\u00e4, piirrosteht\u00e4vi\u00e4, aineistojen analysointia ja n\u00e4iden yhdistelmi\u00e4. Taustamateriaali on my\u00f6s monipuolisempaa: tekstej\u00e4, kuvia, videoita, \u00e4\u00e4nitteit\u00e4, karttoja, animaatioita.<\/p>\r\n<img loading=\"lazy\" decoding=\"async\" class=\"alignleft size-full wp-image-3734\" style=\"padding: 10px 0;\" src=\"https:\/\/espoonperinneseura.net\/espoo1972\/wp-content\/uploads\/2022\/08\/Abitti.png\" alt=\"\" width=\"658\" height=\"252\" srcset=\"https:\/\/espoonperinneseura.net\/espoo1972\/wp-content\/uploads\/2022\/08\/Abitti.png 658w, https:\/\/espoonperinneseura.net\/espoo1972\/wp-content\/uploads\/2022\/08\/Abitti-300x115.png 300w\" sizes=\"auto, (max-width: 658px) 100vw, 658px\" \/>\r\n<p style=\"clear: both; margin-top: 12px;\">Kaikki digitaaliset yo-kokeet tehd\u00e4\u00e4n Abitti-j\u00e4rjestelm\u00e4ll\u00e4. Kokelaat kirjoittavat s\u00e4hk\u00f6iset kokeet omalla kannettavalla tietokoneellaan. Se k\u00e4ynnistet\u00e4\u00e4n kokeen alussa jaettavalta usb-muistitikulta. Koe tehd\u00e4\u00e4n suljetussa verkossa, josta ei p\u00e4\u00e4se esim. internetiin. Kokeen aikana ei p\u00e4\u00e4se my\u00f6sk\u00e4\u00e4n omalla koneella oleviin tiedostoihin tai ohjelmiin. Kokeessa k\u00e4ytet\u00e4\u00e4n muistitikulta ladatussa k\u00e4ytt\u00f6ymp\u00e4rist\u00f6ss\u00e4 olevia ohjelmia ja aineistoja.<\/p>\r\n<p>Ihan helppoa muutos ei ole ollut. Ensimm\u00e4isi\u00e4 kirjoituksia varten jumppasaleihin vedettiin kaapelit. Pian siirryttiin langattomiin yhteyksiin. Kirjoitusten s\u00e4hk\u00f6ist\u00e4minen vaati enemm\u00e4n tilaa kuin aiemmin. Tilaa tarvittiin p\u00f6ytien ja tuolien lis\u00e4ksi s\u00e4hk\u00f6johdoille ja v\u00e4lisermeille. Kokeissa ilmenee aina my\u00f6s teknisi\u00e4 ongelmia. Salissa on varmuuden vuoksi varakoneita.<\/p>\r\n<p>S\u00e4hk\u00f6isi\u00e4 kokeita piti harjoitella. Espoossa harjoiteltiin koevastausten naputtamista jo vuonna 2014. Kokeilua varten rakennettiin kolmeen lukioon s\u00e4hk\u00f6iset testitilat 60 000:lla eurolla: Espoon yhteislyseon sek\u00e4 Etel\u00e4-Tapiolan lukioihin rakennettiin koeymp\u00e4rist\u00f6 l\u00e4hes sadalle opiskelijalle. Espoonlahden lukiossa pilotoitiiin s\u00e4hk\u00f6isten kokeiden j\u00e4rjest\u00e4mist\u00e4 luokkaratkaisuna.<\/p>\r\n<p>Ylioppilastutkintolautakunnan s\u00e4hk\u00f6inen kurssikoej\u00e4rjestelm\u00e4 tuli koulujen k\u00e4ytt\u00f6\u00f6n vuoden 2015 alussa. Kokeissa k\u00e4ytettiin kiinte\u00e4\u00e4, langallista verkkoa. Siksi koetilat vaativat kaapelia kilometritolkulla. Sopivia ohjelmiakaan ei heti ollut.<\/p>\r\n<p>Kev\u00e4\u00e4ll\u00e4 2015 my\u00f6s Olarin lukiolaiset p\u00e4\u00e4siv\u00e4t mukaan pilotointiin. Nyt kokeiltiin langatonta verkkoa, haasteena olivat mahdolliset h\u00e4iri\u00f6t. Testiss\u00e4 k\u00e4ytettiin ylioppilastutkintolautakunnan kehitt\u00e4m\u00e4\u00e4 Abitti-kurssikoej\u00e4rjestelm\u00e4\u00e4. K\u00e4yt\u00f6ss\u00e4 oli riisuttu versio, jossa ei ollut mahdollista esimerkiksi k\u00e4ytt\u00e4\u00e4 koekysymyksess\u00e4 kuvaa, teett\u00e4\u00e4 monivalintateht\u00e4v\u00e4\u00e4 tai kuullun ymm\u00e4rt\u00e4misteht\u00e4v\u00e4\u00e4.<\/p>\r\n<p>Syksyll\u00e4 2016 alkoivat sitten oikeat kirjoitukset. Tekniset ongelmat kiusasivat vuosien varrella s\u00e4hk\u00f6ist\u00e4 yo-koetta joissain lukioissa. Kokeen alku saattoi viiv\u00e4sty\u00e4, kun esimerkiksi koeteht\u00e4v\u00e4tiedostojen palvelimelle lataamisessa oli ongelmia. Joissain lukiossa palvelin jumittui, ja se jouduttiin vaihtamaan, ja kokelaat joutuivat keskeytt\u00e4m\u00e4\u00e4n kokeen siksi aikaa.<\/p>\r\n<p>Syksyll\u00e4 2017 ruotsinkielisess\u00e4 Mattlidenin lukiossa j\u00e4rjestettiin Espoon kaikkien aikojen suurin s\u00e4hk\u00f6inen ylioppilaskoe. Toisen kotimaisen kielen s\u00e4hk\u00f6iseen yo-kokeeseen osallistui 137 abiturienttia.<\/p>\r\n<p>Kev\u00e4\u00e4ll\u00e4 2019 koko yo-kirjoitus tapahtui s\u00e4hk\u00f6isesti. Kaikesta p\u00e4\u00e4telleen t\u00e4\u00e4ll\u00e4 muutos vietiin hienosti l\u00e4pi. Espoon lukioiden opiskelijat p\u00e4rj\u00e4siv\u00e4t hyvin. Ylioppilastutkinnon pakollisten kokeiden arvosanapisteiden keskiarvo oli Espoossa kev\u00e4\u00e4ll\u00e4 2019 huomattavasti korkeampi kuin muissa p\u00e4\u00e4kaupunkiseudun kunnissa tai koko maassa keskim\u00e4\u00e4rin. Yo-kirjoitusten 10 parhaan suuren lukion ranking-listalla oli kolme espoolaislukiota: Etel\u00e4-Tapiolan lukio sijalla 2, Mattlidens Gymnasium sijalla 8 ja Olarin lukio sijalla 9.<\/p>\r\n<\/div>","protected":false},"excerpt":{"rendered":"<p>Koulutuksen kehittyminen Espoossa\u00a0\u00a0\u00a0\u00a0\u00a0\u00a0\u00a0\u00a0Kansisivulle 1970-luku 1980-luku 1990-luku 2000-luku 2010-luku 2020-luku Ylioppilaskirjoitukset s\u00e4hk\u00f6istettiin Ylioppilastutkintoa on kehitetty vuosien varrella. Vuonna 1994 sallittiin ylioppilastutkinnon hajauttaminen jopa kolmelle per\u00e4kk\u00e4iselle tutkintokerralle. Vuonna 2006 reaalikoe uudistui reaaliaineen kokeeksi. Muutosvauhti kiihtyi. Ylioppilaskirjoitusten s\u00e4hk\u00f6ist\u00e4misen valmistelu alkoi vuonna 2013. Vuoden 2016 syksyll\u00e4 s\u00e4hk\u00f6iset ylioppilaskokeet alkoivat. Vuosina 2014 ja 2017 parannettiin arvosanojen vertailtavuutta. Muutettiin ohjeet siit\u00e4,&hellip; <a class=\"more-link\" href=\"https:\/\/espoonperinneseura.net\/espoo1972\/koulutus-espoossa-2010-luvulla\/sahkoiset-ylioppilaskirjoitukset\/\">Jatka lukemista <span class=\"screen-reader-text\">Ylioppilaskirjoitukset s\u00e4hk\u00f6istettiin<\/span><\/a><\/p>\n","protected":false},"author":1,"featured_media":0,"parent":3171,"menu_order":7,"comment_status":"closed","ping_status":"closed","template":"","meta":{"_eb_attr":"","_exactmetrics_skip_tracking":false,"_exactmetrics_sitenote_active":false,"_exactmetrics_sitenote_note":"","_exactmetrics_sitenote_category":0,"footnotes":""},"class_list":["post-3694","page","type-page","status-publish","hentry","entry"],"_links":{"self":[{"href":"https:\/\/espoonperinneseura.net\/espoo1972\/wp-json\/wp\/v2\/pages\/3694","targetHints":{"allow":["GET"]}}],"collection":[{"href":"https:\/\/espoonperinneseura.net\/espoo1972\/wp-json\/wp\/v2\/pages"}],"about":[{"href":"https:\/\/espoonperinneseura.net\/espoo1972\/wp-json\/wp\/v2\/types\/page"}],"author":[{"embeddable":true,"href":"https:\/\/espoonperinneseura.net\/espoo1972\/wp-json\/wp\/v2\/users\/1"}],"replies":[{"embeddable":true,"href":"https:\/\/espoonperinneseura.net\/espoo1972\/wp-json\/wp\/v2\/comments?post=3694"}],"version-history":[{"count":7,"href":"https:\/\/espoonperinneseura.net\/espoo1972\/wp-json\/wp\/v2\/pages\/3694\/revisions"}],"predecessor-version":[{"id":3982,"href":"https:\/\/espoonperinneseura.net\/espoo1972\/wp-json\/wp\/v2\/pages\/3694\/revisions\/3982"}],"up":[{"embeddable":true,"href":"https:\/\/espoonperinneseura.net\/espoo1972\/wp-json\/wp\/v2\/pages\/3171"}],"wp:attachment":[{"href":"https:\/\/espoonperinneseura.net\/espoo1972\/wp-json\/wp\/v2\/media?parent=3694"}],"curies":[{"name":"wp","href":"https:\/\/api.w.org\/{rel}","templated":true}]}}