{"id":3753,"date":"2022-08-04T05:57:00","date_gmt":"2022-08-04T02:57:00","guid":{"rendered":"https:\/\/espoonperinneseura.net\/espoo1972\/?page_id=3753"},"modified":"2022-08-05T07:54:05","modified_gmt":"2022-08-05T04:54:05","slug":"pandemia","status":"publish","type":"page","link":"https:\/\/espoonperinneseura.net\/espoo1972\/koulutus-espoossa-2020-luvulla\/pandemia\/","title":{"rendered":"Koulunpito keskell\u00e4 pandemiaa"},"content":{"rendered":"<!-- Added by Post\/Page Specific Custom Code plugin, thank you for using! -->\n<style>.entry-title,  .entry-header {\r\n\tdisplay: none;\r\n}<\/style>\n<h5>Koulutuksen kehittyminen Espoossa\u00a0\u00a0\u00a0\u00a0\u00a0\u00a0\u00a0\u00a0<a href=\"https:\/\/espoonperinneseura.net\/espoo1972\/koulutus-espoossa-1970-2020\/\">Kansisivulle<\/a><\/h5>\r\n\r\n<div style=\"margin: auto;\">\r\n<div class=\"btn\"><a class=\"btn-text\" style=\"color: #000;\" href=\"https:\/\/espoonperinneseura.net\/espoo1972\/koulutus-espoossa-1970-luvulla\/\">1970-luku<\/a><\/div>\r\n<div class=\"btn\"><a class=\"btn-text\" style=\"color: #000;\" href=\"https:\/\/espoonperinneseura.net\/espoo1972\/koulutus-espoossa-1980-luvulla\/\">1980-luku<\/a><\/div>\r\n<div class=\"btn\"><a class=\"btn-text\" style=\"color: #000;\" href=\"https:\/\/espoonperinneseura.net\/espoo1972\/koulutus-espoossa-1990-luvulla\/\">1990-luku<\/a><\/div>\r\n<div class=\"btn\"><a class=\"btn-text\" style=\"color: #000;\" href=\"https:\/\/espoonperinneseura.net\/espoo1972\/koulutus-espoossa-2000-luvulla\/\">2000-luku<\/a><\/div>\r\n<div class=\"btn\"><a class=\"btn-text\" style=\"color: #000;\" href=\"https:\/\/espoonperinneseura.net\/espoo1972\/koulutus-espoossa-2010-luvulla\/\">2010-luku<\/a><\/div>\r\n<div class=\"btn\"><a class=\"btn-text\" style=\"color: #fff;\" href=\"https:\/\/espoonperinneseura.net\/espoo1972\/koulutus-espoossa-2020-luvulla\/\">2020-luku<\/a><\/div>\r\n<\/div>\r\n\r\n<h3 style=\"clear: both; padding-top: 25px;\">Koulunpito keskell\u00e4 pandemiaa<\/h3>\r\n<div style=\"margin: auto;\">\r\n<p>Koronapandemia sulki koulut maaliskuun puoliv\u00e4list\u00e4 18.3. toukokuun puoliv\u00e4liin 14.5. 2020. Jo t\u00e4t\u00e4 ennen mm. Viikin normaalikoulu oli ollut karanteenissa. Peruskoulut palasivat kahdeksi viikoksi l\u00e4hiopetukseen, ja siell\u00e4 on p\u00e4\u00e4osin pysytty jo kaksi lukuvuotta, 2020-21 ja 2021-22, vaikka pandemia on jatkunut. Vain joitain kouluja m\u00e4\u00e4r\u00e4ttiin kokonaan karanteeniin joksikin aikaa, toisen asteen oppilaitoksissa et\u00e4koulu kev\u00e4\u00e4seen 2021 saakka. Tartuntoja vastaan on taisteltu jatkuvasti p\u00e4ivittyvien m\u00e4\u00e4r\u00e4ysten, ohjeiden, suositusten ja omien ideoidenkin mukaan.<\/p>\r\n<p><img loading=\"lazy\" decoding=\"async\" class=\"alignnone size-large wp-image-3856\" src=\"https:\/\/espoonperinneseura.net\/espoo1972\/wp-content\/uploads\/2022\/08\/KUVAKoronakouu-1024x761.png\" alt=\"\" width=\"750\" height=\"557\" srcset=\"https:\/\/espoonperinneseura.net\/espoo1972\/wp-content\/uploads\/2022\/08\/KUVAKoronakouu-1024x761.png 1024w, https:\/\/espoonperinneseura.net\/espoo1972\/wp-content\/uploads\/2022\/08\/KUVAKoronakouu-300x223.png 300w, https:\/\/espoonperinneseura.net\/espoo1972\/wp-content\/uploads\/2022\/08\/KUVAKoronakouu-768x571.png 768w, https:\/\/espoonperinneseura.net\/espoo1972\/wp-content\/uploads\/2022\/08\/KUVAKoronakouu.png 1416w\" sizes=\"auto, (max-width: 750px) 100vw, 750px\" \/><\/p>\r\n<p><strong>Keinovalikoimaa<\/strong><\/p>\r\n<p>Alakouluissa koko p\u00e4iv\u00e4 samassa ryhm\u00e4ss\u00e4. Opettaja on yhden luokan kanssa koko p\u00e4iv\u00e4n. Toisessa kotimaisessa sek\u00e4 vieraissa kieliss\u00e4, osa-aikaisessa erityisopetuksessa, suomi ja ruotsi toisena kielen\u00e4 -opetuksessa sek\u00e4 oppilaan oman \u00e4idinkielen opetuksessa ja esimerkiksi valinnaisissa aineissa opetusryhm\u00e4t koostuvat tyypillisesti eri luokkien oppilaista. T\u00e4ll\u00f6in oppilaan opetusryhm\u00e4 koulup\u00e4iv\u00e4n aikana voi vaihtua, jos opetusta ei voida muutoin toteuttaa.<\/p>\r\n<p>Yl\u00e4koulussa ryhm\u00e4 voi vaihtua. Opettajat pysyttelev\u00e4t saman ryhm\u00e4n kanssa niin paljon kuin mahdollista. Tarpeetonta ryhmien vaihtamista v\u00e4ltet\u00e4\u00e4n.<\/p>\r\n<ul>\r\n<li>Altistuneiden j\u00e4ljitt\u00e4minen (rehtori)<\/li>\r\n<li>Ei yhteisi\u00e4 juhlia eik\u00e4 yhteisi\u00e4 p\u00e4iv\u00e4navauksia<\/li>\r\n<li>Ei perinteisi\u00e4 kev\u00e4tjuhlia<\/li>\r\n<li>Ei siirroille toiseen kouluun<\/li>\r\n<li>Ei vieraille: Muiden kuin oppilaiden ja koulun henkil\u00f6kunnan oleskelua koulun alueella tulee v\u00e4ltt\u00e4\u00e4.<\/li>\r\n<li>Eri luokkien oppilaista koostuvissa opetusryhmissa: erityisopettaja\/aineenopettaja antaa et\u00e4opetusta ja oppilaat osallistuvat koulun tiloista laitteilla luokan opettajan tai avustajan ohjauksessa.<\/li>\r\n<li>Henkil\u00f6st\u00f6n keskin\u00e4isten l\u00e4hikontaktien minimoiminen<\/li>\r\n<li>Henkil\u00f6st\u00f6n v\u00e4lisess\u00e4 viestinn\u00e4ss\u00e4 ja yhteydenpidossa s\u00e4hk\u00f6isten yhteydenottotapojen hy\u00f6dynt\u00e4minen<\/li>\r\n<li>Hybridimallivalmius<\/li>\r\n<li>Hygieniaj\u00e4rjestelyt (mm. ruuanvalmistus)<\/li>\r\n<li>Joustavat j\u00e4rjestelyt<\/li>\r\n<li>Karanteeni (sairastuneille)<\/li>\r\n<li>Koronarokotukset oppilaille<\/li>\r\n<li>Koronavirustartunnan saanut pois koulusta tai varhaiskasvatuksesta v\u00e4hint\u00e4\u00e4n seitsem\u00e4n vuorokauden ajan oireiden alkamisesta, mutta tarvittaessa pidemp\u00e4\u00e4n niin, ett\u00e4 h\u00e4n on ollut v\u00e4hint\u00e4\u00e4n kaksi vuorokautta oireeton ennen kuin palaa<\/li>\r\n<li>Koulun sulkeminen<\/li>\r\n<li>Koulun sulkeminen vierailta<\/li>\r\n<li>Kuljetusten porrastaminen<\/li>\r\n<li>K\u00e4sien pesu (vett\u00e4, saippuaa ja k\u00e4sidesi\u00e4. Kouluun tullessa ja kotiin l\u00e4htiess\u00e4 k\u00e4det pest\u00e4\u00e4n. Samoin aina kun tullaan ulkoa, ennen sy\u00f6mist\u00e4 ja aivastamisen j\u00e4lkeen.)<\/li>\r\n<li>Luokille eri WC:t, luokille aikataulu<\/li>\r\n<li>Luokkaruokailu &#8211; ei yhteisruokailua\/ruokasalin k\u00e4yt\u00f6n porrastus\/ valmiit ruokapaketit<\/li>\r\n<li>Luokkien sekoittamisen kielto (ei onnistunut yl\u00e4kouluissa)<\/li>\r\n<li>Maskit aikuisille: opettajille ja henkil\u00f6kunnalle, yl\u00e4koululaisille, maskipakko vieraille<\/li>\r\n<li>Muiden kuin oppilaiden ja koulun henkil\u00f6kunnan oleskelun koulun alueella v\u00e4ltt\u00e4minen<\/li>\r\n<li>Oireinen lapsi siirret\u00e4\u00e4n v\u00e4litt\u00f6m\u00e4sti aikuisen kanssa erilliseen tilaan odottamaan huoltajaa.<\/li>\r\n<li>Opettajainkokoukset et\u00e4n\u00e4<\/li>\r\n<li>Opetuksen porrastaminen (yl\u00e4koulut)<\/li>\r\n<li>Opetus alakouluissa p\u00e4\u00e4s\u00e4\u00e4nt\u00f6isesti luokanopettajan johdolla<\/li>\r\n<li>Opetusryhm\u00e4t pidet\u00e4\u00e4n erill\u00e4\u00e4n koko koulup\u00e4iv\u00e4n ajan<\/li>\r\n<li>Osa-aikainen erityisopetus ja muu pienryhm\u00e4opetus et\u00e4yhteyksill\u00e4<\/li>\r\n<li>Retkill\u00e4 hygieniaohjeistukset (ei busseilla)<\/li>\r\n<li>Sairaana ei kouluun<\/li>\r\n<li>Sairastunut opettaja l\u00e4htee pois koulun tiloista.<\/li>\r\n<li>Samanaikaisopettajina toimivien opettajien (mm. resurssiopettajat, osa-aikaiset erityisopettajat) opetus niin, ett\u00e4 he toimivat mahdollisimman v\u00e4h\u00e4n eri ryhmien kanssa.<\/li>\r\n<li>Siirtymiin liittyv\u00e4 yhteisty\u00f6 eri opetuksen ja koulutuksen j\u00e4rjest\u00e4jien kanssa et\u00e4yhteyksien avulla.<\/li>\r\n<li>Siirtymi\u00e4 yksik\u00f6iden v\u00e4lill\u00e4 saman p\u00e4iv\u00e4n aikana pyrit\u00e4\u00e4n v\u00e4ltt\u00e4m\u00e4\u00e4n.<\/li>\r\n<li>Siivous: Tiloja siivotaan tavallista paremmin: Pulpetit ja ovenkahvat pyyhit\u00e4\u00e4n koulussa kerran tai kahdesti p\u00e4iviss\u00e4.<\/li>\r\n<li>Tarpeettomien aikuiskontaktien v\u00e4ltt\u00e4minen (ei viipyill\u00e4 opettajainhuoneessa)<\/li>\r\n<li>Turvalliset koulukuljetukset<\/li>\r\n<li>Turvav\u00e4lit: Aikuisten v\u00e4liset et\u00e4isyydet kannattaa maksimoida (Turvav\u00e4leist\u00e4 ei m\u00e4\u00e4r\u00e4yst\u00e4 lapsille)<\/li>\r\n<li>Ulko-opetuksen lis\u00e4\u00e4minen; l\u00e4hist\u00f6ll\u00e4 olevien ulkotilojen sek\u00e4 luontoymp\u00e4rist\u00f6jen hy\u00f6dynt\u00e4minen eri oppiaineiden opiskelussa<\/li>\r\n<li>Uuteen, tulevaan kouluun tutustuminen et\u00e4yhteyden avulla<\/li>\r\n<li>Vanhempainiltojen j\u00e4rjest\u00e4minen et\u00e4yhteyksi\u00e4 hy\u00f6dynt\u00e4en.<\/li>\r\n<li>Vanhempien tapaamisissa et\u00e4yhteyksien hy\u00f6dynt\u00e4minen mahdollisuuksien mukaan<\/li>\r\n<li>Vuorottelu l\u00e4hi- ja et\u00e4opetuksen v\u00e4lill\u00e4<\/li>\r\n<li>V\u00e4kim\u00e4\u00e4r\u00e4 koulussa: samaan aikaan oppilaita on paikalla tavallista v\u00e4hemm\u00e4n.<\/li>\r\n<li>V\u00e4lj\u00e4t tilaj\u00e4rjestelyt (mm. k\u00e4ytt\u00e4m\u00e4ll\u00e4 lukion tiloja)<\/li>\r\n<li>V\u00e4lineet: Oppilaat k\u00e4ytt\u00e4v\u00e4t p\u00e4\u00e4s\u00e4\u00e4nt\u00f6isesti vain omia kouluv\u00e4lineit\u00e4\u00e4n; v\u00e4ltet\u00e4\u00e4n sellaisten yhteisten v\u00e4lineiden k\u00e4ytt\u00f6\u00e4, joita ei voi helposti pest\u00e4 tai pit\u00e4\u00e4 puhtaana.<\/li>\r\n<li>V\u00e4lineiden desinfiointi<\/li>\r\n<li>V\u00e4lituntialueet<\/li>\r\n<li>V\u00e4lituntien porrastus<\/li>\r\n<li>V\u00e4lituntien vuorottelu (oman luokan kanssa)<\/li>\r\n<li>Yhteisk\u00e4yt\u00f6ss\u00e4 olevien ty\u00f6v\u00e4lineiden, kuten n\u00e4pp\u00e4imist\u00f6jen, tablettien tai askartelutarvikkeiden (sakset ym.) k\u00e4yt\u00f6n v\u00e4ltt\u00e4minen tai niiden puhdistaminen aina k\u00e4ytt\u00e4jien v\u00e4lill\u00e4<\/li>\r\n<li>Yhteisten tilojen v\u00e4lisiivous<\/li>\r\n<\/ul>\r\n<p>Lukuvuosi 2022-23 alkaa normaalitilassa. Koulutuksen j\u00e4rjest\u00e4ji\u00e4 suositellaan kuitenkin jatkamaan korona-aikana opittuja, hyv\u00e4ksi havaittuja hygieniatoimia. Pidet\u00e4\u00e4n tartuntariski toiminnassa mahdollisimman pienen\u00e4.<\/p>\r\n<p>Terveysturvallisuudesta on suositeltavaa edelleen muistaa:<\/p>\r\n<ul>\r\n<li>Ei tulla oireisena varhaiskasvatukseen tai opetukseen.<\/li>\r\n<li>Tiloihin saapuminen ja toiminta j\u00e4rjestet\u00e4\u00e4n v\u00e4lj\u00e4sti.<\/li>\r\n<li>K\u00e4si- ja yskimishygieniasta huolehditaan.<\/li>\r\n<li>Tilojen ja pintojen puhdistamisesta huolehditaan.<\/li>\r\n<li>Tilojen ilmanvaihdosta huolehditaan.<\/li>\r\n<li>Tiedotetaan koronatartunnoista avoimesti, salassapito huomioiden.<\/li>\r\n<\/ul>\r\n<p>&nbsp;<\/p>\r\n<\/div>","protected":false},"excerpt":{"rendered":"<p>Koulutuksen kehittyminen Espoossa\u00a0\u00a0\u00a0\u00a0\u00a0\u00a0\u00a0\u00a0Kansisivulle 1970-luku 1980-luku 1990-luku 2000-luku 2010-luku 2020-luku Koulunpito keskell\u00e4 pandemiaa Koronapandemia sulki koulut maaliskuun puoliv\u00e4list\u00e4 18.3. toukokuun puoliv\u00e4liin 14.5. 2020. Jo t\u00e4t\u00e4 ennen mm. Viikin normaalikoulu oli ollut karanteenissa. Peruskoulut palasivat kahdeksi viikoksi l\u00e4hiopetukseen, ja siell\u00e4 on p\u00e4\u00e4osin pysytty jo kaksi lukuvuotta, 2020-21 ja 2021-22, vaikka pandemia on jatkunut. Vain joitain kouluja m\u00e4\u00e4r\u00e4ttiin&hellip; <a class=\"more-link\" href=\"https:\/\/espoonperinneseura.net\/espoo1972\/koulutus-espoossa-2020-luvulla\/pandemia\/\">Jatka lukemista <span class=\"screen-reader-text\">Koulunpito keskell\u00e4 pandemiaa<\/span><\/a><\/p>\n","protected":false},"author":1,"featured_media":0,"parent":3217,"menu_order":8,"comment_status":"closed","ping_status":"closed","template":"","meta":{"_eb_attr":"","_exactmetrics_skip_tracking":false,"_exactmetrics_sitenote_active":false,"_exactmetrics_sitenote_note":"","_exactmetrics_sitenote_category":0,"footnotes":""},"class_list":["post-3753","page","type-page","status-publish","hentry","entry"],"_links":{"self":[{"href":"https:\/\/espoonperinneseura.net\/espoo1972\/wp-json\/wp\/v2\/pages\/3753","targetHints":{"allow":["GET"]}}],"collection":[{"href":"https:\/\/espoonperinneseura.net\/espoo1972\/wp-json\/wp\/v2\/pages"}],"about":[{"href":"https:\/\/espoonperinneseura.net\/espoo1972\/wp-json\/wp\/v2\/types\/page"}],"author":[{"embeddable":true,"href":"https:\/\/espoonperinneseura.net\/espoo1972\/wp-json\/wp\/v2\/users\/1"}],"replies":[{"embeddable":true,"href":"https:\/\/espoonperinneseura.net\/espoo1972\/wp-json\/wp\/v2\/comments?post=3753"}],"version-history":[{"count":3,"href":"https:\/\/espoonperinneseura.net\/espoo1972\/wp-json\/wp\/v2\/pages\/3753\/revisions"}],"predecessor-version":[{"id":3858,"href":"https:\/\/espoonperinneseura.net\/espoo1972\/wp-json\/wp\/v2\/pages\/3753\/revisions\/3858"}],"up":[{"embeddable":true,"href":"https:\/\/espoonperinneseura.net\/espoo1972\/wp-json\/wp\/v2\/pages\/3217"}],"wp:attachment":[{"href":"https:\/\/espoonperinneseura.net\/espoo1972\/wp-json\/wp\/v2\/media?parent=3753"}],"curies":[{"name":"wp","href":"https:\/\/api.w.org\/{rel}","templated":true}]}}