{"id":3762,"date":"2022-08-04T06:21:11","date_gmt":"2022-08-04T03:21:11","guid":{"rendered":"https:\/\/espoonperinneseura.net\/espoo1972\/?page_id=3762"},"modified":"2022-08-04T18:10:49","modified_gmt":"2022-08-04T15:10:49","slug":"aamu-ja-iltapaivatoiminta","status":"publish","type":"page","link":"https:\/\/espoonperinneseura.net\/espoo1972\/koulutus-espoossa-2000-luvulla\/aamu-ja-iltapaivatoiminta\/","title":{"rendered":"Aamu- ja iltap\u00e4iv\u00e4toiminta perusopetuksessa alkoi"},"content":{"rendered":"<!-- Added by Post\/Page Specific Custom Code plugin, thank you for using! -->\n<style>.entry-title,  .entry-header {\r\n\tdisplay: none;\r\n}<\/style>\n<h5>Koulutuksen kehittyminen Espoossa\u00a0\u00a0\u00a0\u00a0\u00a0\u00a0\u00a0\u00a0<a href=\"https:\/\/espoonperinneseura.net\/espoo1972\/koulutus-espoossa-1970-2020\/\">Kansisivulle<\/a><\/h5>\r\n\r\n<div style=\"margin: auto;\">\r\n<div class=\"btn\"><a class=\"btn-text\" style=\"color: #000;\" href=\"https:\/\/espoonperinneseura.net\/espoo1972\/koulutus-espoossa-1970-luvulla\/\">1970-luku<\/a><\/div>\r\n<div class=\"btn\"><a class=\"btn-text\" style=\"color: #000;\" href=\"https:\/\/espoonperinneseura.net\/espoo1972\/koulutus-espoossa-1980-luvulla\/\">1980-luku<\/a><\/div>\r\n<div class=\"btn\"><a class=\"btn-text\" style=\"color: #000;\" href=\"https:\/\/espoonperinneseura.net\/espoo1972\/koulutus-espoossa-1990-luvulla\/\">1990-luku<\/a><\/div>\r\n<div class=\"btn\"><a class=\"btn-text\" style=\"color: #fff;\" href=\"https:\/\/espoonperinneseura.net\/espoo1972\/koulutus-espoossa-2000-luvulla\/\">2000-luku<\/a><\/div>\r\n<div class=\"btn\"><a class=\"btn-text\" style=\"color: #000;\" href=\"https:\/\/espoonperinneseura.net\/espoo1972\/koulutus-espoossa-2010-luvulla\/\">2010-luku<\/a><\/div>\r\n<div class=\"btn\"><a class=\"btn-text\" style=\"color: #000;\" href=\"https:\/\/espoonperinneseura.net\/espoo1972\/koulutus-espoossa-2020-luvulla\/\">2020-luku<\/a><\/div>\r\n<\/div>\r\n\r\n<h3 style=\"clear: both; padding-top: 25px;\">Aamu- ja iltap\u00e4iv\u00e4toiminta perusopetuksessa alkoi<\/h3>\r\n<div style=\"margin: auto;\"><img loading=\"lazy\" decoding=\"async\" class=\"alignnone size-full wp-image-3775\" src=\"https:\/\/espoonperinneseura.net\/espoo1972\/wp-content\/uploads\/2022\/08\/Kerho.jpg\" alt=\"\" width=\"700\" height=\"375\" srcset=\"https:\/\/espoonperinneseura.net\/espoo1972\/wp-content\/uploads\/2022\/08\/Kerho.jpg 700w, https:\/\/espoonperinneseura.net\/espoo1972\/wp-content\/uploads\/2022\/08\/Kerho-300x161.jpg 300w\" sizes=\"auto, (max-width: 700px) 100vw, 700px\" \/>\r\n<p>1990-luvun laman my\u00f6t\u00e4 koulujen kerhoja supistettiin. Vuonna 1996 subjektiivinen p\u00e4iv\u00e4hoito-oikeus vei iltap\u00e4iv\u00e4kerhopaikat koululaisilta. Asiasta k\u00e4ynnistyi julkinen keskustelu. Sen laittoi alulle Eeva Ahtisaari, silloisen tasavallan presidentin Martti Ahtisaaren puoliso. Valtio tarttui asiaan, ja elokuun alussa vuonna 2004 astui voimaan lains\u00e4\u00e4d\u00e4nt\u00f6 aamu- ja iltap\u00e4iv\u00e4toiminnasta.<\/p>\r\n<p>Toiminnan avulla haluttiin helpottaa pienten koululaisten huoltajien huolta lasten yksin\u00e4isist\u00e4 iltap\u00e4ivist\u00e4, jolloin koulu on jo loppunut, mutta vanhemmat ovat viel\u00e4 t\u00f6iss\u00e4. Yksin pa\u0308rja\u0308a\u0308minen aamuisin ja iltapa\u0308ivisin on riski pienten lasten hyvinvoinnille.<\/p>\r\n<p>Niinp\u00e4 nyt alettiin j\u00e4rjest\u00e4\u00e4 vapaa-ajan toimintaa 1. ja 2. luokan sek\u00e4 erityisopetuksen oppilaille aluksi sek\u00e4 aamuiksi ennen koulun alkua ett\u00e4 iltap\u00e4iviksi, klo 7-17 v\u00e4lill\u00e4. Toimintaa ohjaavat perusopetuksen arvot ja tavoitteet.<\/p>\r\n<p>Aamuisin tarjottiin aamupala, ja iltap\u00e4ivisin v\u00e4lipala. Lapsiryhma\u0308n ohjaajalla tuli olla tehta\u0308va\u0308a\u0308 vastaava tutkinto ja taito ohjata ryhma\u0308a\u0308.<\/p>\r\n<p>Toiminnan j\u00e4rjest\u00e4minen oli kunnille vapaaehtoista ja siihen osallistuminen lapsille niin ik\u00e4\u00e4n vapaaehtoista ja maksullista. Valtio my\u00f6nsi kunnille valtionosuutta aamu- ja iltap\u00e4iv\u00e4toiminnan j\u00e4rjest\u00e4miskustannuksiin. Valtionosuuden lisa\u0308ksi kunta voi peria\u0308 aamu- ja iltapa\u0308iva\u0308toiminnasta asiakasmaksua. Maksu riippui toiminnan tuntim\u00e4\u00e4r\u00e4st\u00e4, ja se oli 120-160 euroa\/kk.<\/p>\r\n<p>Varsinaisina toiminnan j\u00e4rjest\u00e4jin\u00e4 oli kuntien lis\u00e4ksi eri j\u00e4rjest\u00f6j\u00e4, yksityisi\u00e4 palveluntuottajia ja aluksi my\u00f6s seurakuntia. Toiminta tarjosi usein tarpeellista lis\u00e4tuloa aamup\u00e4iv\u00e4t koulussa koulunk\u00e4ynnin ohjaajina toimineille.<\/p>\r\n<p>Vuonna 2011 opetushallitus vahvisti perusteet perusopetuksen aamu- ja iltapa\u0308iva\u0308toiminnalle (2011). Niiss\u00e4 linjataan toiminnan tavoitteet seka\u0308 keskeiset sisa\u0308llo\u0308t. Lisa\u0308ksi opetus- ja kulttuuriministerio\u0308 laati toiminnan tueksi laatukriteerit vuonna 2012.<\/p>\r\n<p>Toiminnasta on ollut perheille paljon iloa, mutta esiin on noussut my\u00f6s hankaluuksia.<\/p>\r\n<p>Vuonna 2017 opetushallitus asetti koululaisten aamu- ja iltapa\u0308iva\u0308toiminnan kehitta\u0308mistyo\u0308ryhma\u0308n, jonka tehta\u0308va\u0308na\u0308 oli mm. laatia ehdotus toiminnan kehitta\u0308miseksi. Se teki joukon ehdotuksia, mm. n\u00e4m\u00e4:<\/p>\r\n<ul>\r\n<li>Aamu- ja iltap\u00e4iv\u00e4toiminnan perusteasiakirja tulisi uusia. Tarvitaan selke\u00e4t linjaukset toiminnalle. Esim. ohjeet tuen piirissa\u0308 olevien lasten palveluille eiv\u00e4t ole riitt\u00e4v\u00e4n selke\u00e4t, Kiusaamisen ehk\u00e4isy\u00e4 tule ohjeistaa paremmin.<\/li>\r\n<li>Kuljetusten odottamisajan turvallisuudessa on puutteita.<\/li>\r\n<li>Pit\u00e4isi k\u00e4ynnist\u00e4 kokeilu, jossa huolenpitoa ja valvontaa tarvitsevat lapset voisivat tulla koululle vapaamuotoiseen mutta valvottuun toimintaan ennen koulun alkua. Koulupa\u0308iva\u0308n ja\u0308lkeen toiminta jatkuisi ohjatun, pedagogisen \u201diltapa\u0308iva\u0308klubin\u201d merkeissa\u0308.<\/li>\r\n<li>Aamu- ja iltapa\u0308iva\u0308toiminnan ohjaajat tarvitsevat lis\u00e4\u00e4 mahdollisuuksia ta\u0308ydennyskoulutukseen. Kaikilla ei ole tarvittava peruskoulutustakaan.<\/li>\r\n<li>Kerhotoiminnan koordinointia tulee jatkaa.<\/li>\r\n<li>V\u00e4lipalojen laatua tulee kehitt\u00e4\u00e4 ja lepomahdollisuuksia lis\u00e4t\u00e4.<\/li>\r\n<li>Aamu- ja iltapa\u0308iva\u0308toiminnan tarpeet tulee ottaa huomioon kansallisissa tilasuunnittelun ohjeissa ja informaatio-ohjauksessa.<\/li>\r\n<\/ul>\r\n<p>K\u00e4yt\u00e4nn\u00f6ss\u00e4 aamup\u00e4iv\u00e4toiminta on hiipunut. Monet kunnat, my\u00f6s Espoo, ovat joutuneet raha- ja tilapulassaan karsimaan osallistujia. Osa halukkaista kakkosluokkalaisista on j\u00e4\u00e4nyt palvelujen ulkopuolelle. Isoja vaikeuksia on opettajien mukaan ollut my\u00f6s v\u00e4kivaltaisten erityisoppilaiden kanssa. Juuri kell\u00e4\u00e4n ohjaajalla ei ole heid\u00e4n ohjaamiseensa tarvittavaa osaamista.<\/p>\r\n<\/div>","protected":false},"excerpt":{"rendered":"<p>Koulutuksen kehittyminen Espoossa\u00a0\u00a0\u00a0\u00a0\u00a0\u00a0\u00a0\u00a0Kansisivulle 1970-luku 1980-luku 1990-luku 2000-luku 2010-luku 2020-luku Aamu- ja iltap\u00e4iv\u00e4toiminta perusopetuksessa alkoi 1990-luvun laman my\u00f6t\u00e4 koulujen kerhoja supistettiin. Vuonna 1996 subjektiivinen p\u00e4iv\u00e4hoito-oikeus vei iltap\u00e4iv\u00e4kerhopaikat koululaisilta. Asiasta k\u00e4ynnistyi julkinen keskustelu. Sen laittoi alulle Eeva Ahtisaari, silloisen tasavallan presidentin Martti Ahtisaaren puoliso. Valtio tarttui asiaan, ja elokuun alussa vuonna 2004 astui voimaan lains\u00e4\u00e4d\u00e4nt\u00f6 aamu- ja&hellip; <a class=\"more-link\" href=\"https:\/\/espoonperinneseura.net\/espoo1972\/koulutus-espoossa-2000-luvulla\/aamu-ja-iltapaivatoiminta\/\">Jatka lukemista <span class=\"screen-reader-text\">Aamu- ja iltap\u00e4iv\u00e4toiminta perusopetuksessa alkoi<\/span><\/a><\/p>\n","protected":false},"author":1,"featured_media":0,"parent":3170,"menu_order":19,"comment_status":"closed","ping_status":"closed","template":"","meta":{"_eb_attr":"","_exactmetrics_skip_tracking":false,"_exactmetrics_sitenote_active":false,"_exactmetrics_sitenote_note":"","_exactmetrics_sitenote_category":0,"footnotes":""},"class_list":["post-3762","page","type-page","status-publish","hentry","entry"],"_links":{"self":[{"href":"https:\/\/espoonperinneseura.net\/espoo1972\/wp-json\/wp\/v2\/pages\/3762","targetHints":{"allow":["GET"]}}],"collection":[{"href":"https:\/\/espoonperinneseura.net\/espoo1972\/wp-json\/wp\/v2\/pages"}],"about":[{"href":"https:\/\/espoonperinneseura.net\/espoo1972\/wp-json\/wp\/v2\/types\/page"}],"author":[{"embeddable":true,"href":"https:\/\/espoonperinneseura.net\/espoo1972\/wp-json\/wp\/v2\/users\/1"}],"replies":[{"embeddable":true,"href":"https:\/\/espoonperinneseura.net\/espoo1972\/wp-json\/wp\/v2\/comments?post=3762"}],"version-history":[{"count":3,"href":"https:\/\/espoonperinneseura.net\/espoo1972\/wp-json\/wp\/v2\/pages\/3762\/revisions"}],"predecessor-version":[{"id":3777,"href":"https:\/\/espoonperinneseura.net\/espoo1972\/wp-json\/wp\/v2\/pages\/3762\/revisions\/3777"}],"up":[{"embeddable":true,"href":"https:\/\/espoonperinneseura.net\/espoo1972\/wp-json\/wp\/v2\/pages\/3170"}],"wp:attachment":[{"href":"https:\/\/espoonperinneseura.net\/espoo1972\/wp-json\/wp\/v2\/media?parent=3762"}],"curies":[{"name":"wp","href":"https:\/\/api.w.org\/{rel}","templated":true}]}}