{"id":3889,"date":"2022-08-12T16:35:18","date_gmt":"2022-08-12T13:35:18","guid":{"rendered":"https:\/\/espoonperinneseura.net\/espoo1972\/?page_id=3889"},"modified":"2022-08-12T16:39:40","modified_gmt":"2022-08-12T13:39:40","slug":"paula-hiltusen-muistoja-karakalliosta","status":"publish","type":"page","link":"https:\/\/espoonperinneseura.net\/espoo1972\/muistoja-espoosta\/paula-hiltusen-muistoja-karakalliosta\/","title":{"rendered":"Paula Hiltusen muistoja Karakalliosta"},"content":{"rendered":"<!-- Added by Post\/Page Specific Custom Code plugin, thank you for using! -->\n<style>li {\r\n  margin:0 0 18px 32px;\r\n}<\/style>\n\n<p><em>Oona Kelahaara<\/em>, Auroran koulu<\/p>\n\n\n\n<p>Auroran koulun 4K-luokka otti vastaan Espoon perinneseuran haasteen ker\u00e4t\u00e4 muisteluksia Espoosta. Opettaja Kaija Kuivasen johdolla luokka keksi kysymyksi\u00e4. Aktiivinen koululainen Oona Kelahaara haastatteli Paula Hiltusta, joka oli k\u00e4ynyt koulua Espoossa Karakalliossa.&nbsp;<strong>Millaista oli olla ennen vanhaan lapsi ja koululainen?<\/strong><\/p>\n\n\n\n<p>Nimi: Paula Hiltunen<br>Syntym\u00e4vuosi: 1939<br>Kotipaikka vuonna 1972 Espoo Karakallio.<\/p>\n\n\n\n<ol class=\"wp-block-list\"><li>Miss\u00e4 ole syntynyt? <br>Olen syntynyt Oulussa.<\/li><li>Millaisessa talossa asuit? <br>Kaupunkipuutalossa.<\/li><li>Mit\u00e4 koulua k\u00e4vit? <br>K\u00e4vin kansakoulua, keskikoulua ja lukiota.<\/li><li>Oliko koulussa ruokailu oppilaille? <br>Kansakoulussa oli, mutta oppikoulussa ei ollut.<\/li><li>Muistatko jonkun opettajan? <br>Eeva Kauppi ja Eeva Jukola.<\/li><li>Mit\u00e4 oppilaat tekiv\u00e4t v\u00e4litunneilla? <br>Hypittiin hyppynarua, hypittiin ruutua ja leikittiin piilosta.<\/li><li>Oliko sinulla lemmikki\u00e4? <br>Ei ollut.<\/li><li>Miss\u00e4 asuit lapsena maalla vai kaupungissa? <br>Asuin kaupungissa.<\/li><li>Asuiko l\u00e4hell\u00e4 paljon lapsia? <br>L\u00e4hell\u00e4 asui paljon lapsia.<\/li><li>Millaiset tiet ja kadut olivat? <br>Mukulakivikadut.<\/li><li>Miten kotipaikkasi on muuttunut? <br>Puutalokaupunki on h\u00e4vinnyt. Tilalle on tullut KORKEITA kerrostaloja.<\/li><li>Kuka oli Suomen presidentti, kun olit lapsi? <br>Juho Kusti Paasikivi.<\/li><li>Oliko lapsuus kivaa aikaa? <br>Oli kivaa aikaa. Ensimm\u00e4isi\u00e4 elinvuosia varjosti sota.<\/li><li>Mik\u00e4 oli parasta lapsuudessasi? <br>Kivat kaverit ja kauniit l\u00e4mpim\u00e4t kes\u00e4t.<\/li><li>Mit\u00e4 olet tehnyt ty\u00f6ksesi ja miss\u00e4 olet ty\u00f6skennellyt? <br>Olen ty\u00f6skennellyt kouluterveydenhoitajana L\u00e4hdenrannan koululla ja neuvolassa, Viherkallion koulussa ja Viherlaakson yl\u00e4asteella ja lukiossa.<\/li><li>Onko Lippaj\u00e4rven alue sinulle tuttu? <br>On tuttu.<\/li><li>Ent\u00e4 Myllykyl\u00e4n Kansakoulu? <br>Myllykyl\u00e4n kansakoulu on tuttu.<\/li><li>K\u00e4vittek\u00f6 Lippaj\u00e4rvess\u00e4 uimassa tai kalastamassa? <br>Uimassa k\u00e4ytiin.<\/li><li>Miten Lippaj\u00e4rven alue on muuttunut? <br>Paljon rakennettu lis\u00e4\u00e4.<\/li><li>Miten Karakallion alue on muuttunut? <br>Taloja on tullut paljon lis\u00e4\u00e4.<\/li><\/ol>\n\n\n\n<p>Haastattelijana toimi Oona Kelahaara. <br>Kun tein haastattelun, olin 4K-luokalla, mutta nyt olen siirtynyt 5S-luokalle. Haastattelu tehtiin 27.4.2022.<\/p>\n","protected":false},"excerpt":{"rendered":"<p>Oona Kelahaara, Auroran koulu Auroran koulun 4K-luokka otti vastaan Espoon perinneseuran haasteen ker\u00e4t\u00e4 muisteluksia Espoosta. Opettaja Kaija Kuivasen johdolla luokka keksi kysymyksi\u00e4. Aktiivinen koululainen Oona Kelahaara haastatteli Paula Hiltusta, joka oli k\u00e4ynyt koulua Espoossa Karakalliossa.&nbsp;Millaista oli olla ennen vanhaan lapsi ja koululainen? Nimi: Paula HiltunenSyntym\u00e4vuosi: 1939Kotipaikka vuonna 1972 Espoo Karakallio. Miss\u00e4 ole syntynyt? Olen syntynyt&hellip; <a class=\"more-link\" href=\"https:\/\/espoonperinneseura.net\/espoo1972\/muistoja-espoosta\/paula-hiltusen-muistoja-karakalliosta\/\">Jatka lukemista <span class=\"screen-reader-text\">Paula Hiltusen muistoja Karakalliosta<\/span><\/a><\/p>\n","protected":false},"author":1,"featured_media":0,"parent":302,"menu_order":0,"comment_status":"closed","ping_status":"closed","template":"","meta":{"_eb_attr":"","_exactmetrics_skip_tracking":false,"_exactmetrics_sitenote_active":false,"_exactmetrics_sitenote_note":"","_exactmetrics_sitenote_category":0,"footnotes":""},"class_list":["post-3889","page","type-page","status-publish","hentry","entry"],"_links":{"self":[{"href":"https:\/\/espoonperinneseura.net\/espoo1972\/wp-json\/wp\/v2\/pages\/3889","targetHints":{"allow":["GET"]}}],"collection":[{"href":"https:\/\/espoonperinneseura.net\/espoo1972\/wp-json\/wp\/v2\/pages"}],"about":[{"href":"https:\/\/espoonperinneseura.net\/espoo1972\/wp-json\/wp\/v2\/types\/page"}],"author":[{"embeddable":true,"href":"https:\/\/espoonperinneseura.net\/espoo1972\/wp-json\/wp\/v2\/users\/1"}],"replies":[{"embeddable":true,"href":"https:\/\/espoonperinneseura.net\/espoo1972\/wp-json\/wp\/v2\/comments?post=3889"}],"version-history":[{"count":4,"href":"https:\/\/espoonperinneseura.net\/espoo1972\/wp-json\/wp\/v2\/pages\/3889\/revisions"}],"predecessor-version":[{"id":3896,"href":"https:\/\/espoonperinneseura.net\/espoo1972\/wp-json\/wp\/v2\/pages\/3889\/revisions\/3896"}],"up":[{"embeddable":true,"href":"https:\/\/espoonperinneseura.net\/espoo1972\/wp-json\/wp\/v2\/pages\/302"}],"wp:attachment":[{"href":"https:\/\/espoonperinneseura.net\/espoo1972\/wp-json\/wp\/v2\/media?parent=3889"}],"curies":[{"name":"wp","href":"https:\/\/api.w.org\/{rel}","templated":true}]}}