{"id":3941,"date":"2022-08-15T12:05:19","date_gmt":"2022-08-15T09:05:19","guid":{"rendered":"https:\/\/espoonperinneseura.net\/espoo1972\/?page_id=3941"},"modified":"2022-08-15T12:08:25","modified_gmt":"2022-08-15T09:08:25","slug":"kolme-sukupolvea-saman-katon-alla-olarissa-1972","status":"publish","type":"page","link":"https:\/\/espoonperinneseura.net\/espoo1972\/muistoja-espoosta\/kolme-sukupolvea-saman-katon-alla-olarissa-1972\/","title":{"rendered":"Kolme sukupolvea saman katon alla Olarissa 1972"},"content":{"rendered":"\n<p><em>Sirkku D\u00f6lle<\/em><\/p>\n\n\n\n<p>On harvinaista kaupunkiymp\u00e4rist\u00f6ss\u00e4, ett\u00e4 samassa omakotitalossa asuisi useita sukupolvia. Olarissa oli t\u00e4llainen harvinaisuus vuonna 1972.<\/p>\n\n\n\n<p class=\"has-large-font-size\">Talo<\/p>\n\n\n\n<p>Pohjanmaalta muuttanut pariskunta rakensi omin k\u00e4sin 2-kerroksisen talonsa 1930-luvun puoliv\u00e4liss\u00e4. Asuinrakennus oli tontin takaosassa, joten avaraa pihamaata oli kylliksi. Puutarhaakin oli.<\/p>\n\n\n\n<p class=\"has-large-font-size\">Asujat<\/p>\n\n\n\n<p>Rakentajapariskunta: isovanhemmista vaari k\u00e4vi viel\u00e4 1970-luvun alussa kodin ulkopuolella t\u00f6iss\u00e4. Rouva, mummo, oli koti\u00e4iti, mutta ompelutaitoisena taloudenhoidon ohessa ompeli vaatteita sek\u00e4 omalle v\u00e4elle ett\u00e4 tilauksesta vieraillekin.<\/p>\n\n\n\n<p>Perheess\u00e4 oli yksi lapsi, poika, dipl.ins., avioitui 1960.<br>Puoliso, sairaanhoitaja, oli 1972 kotihommissa.<br>Tyt\u00e4r, s. 1963, k\u00e4vi Niittykummussa kansakoulua.<br>Poika, s.1965, k\u00e4vi Olarin korttelikoulua.<\/p>\n\n\n\n<p class=\"has-large-font-size\">Asuminen<\/p>\n\n\n\n<p>Talo oli kaksikerroksinen, siin\u00e4 oli tilaa monihenkiselle asumiselle. Pojan avioiduttua nuori pari p\u00e4\u00e4tti j\u00e4\u00e4d\u00e4 asumaan taloon. Rakennukseen tehtiin muutoksia niin, ett\u00e4 vanhemmat, rakennuttajat, j\u00e4iv\u00e4t asumaan alakertaan ja toiseen kerrokseen tehtiin tarvittavat muutokset nuorta paria varten. Saman katon alle muodostui siis kaksi eri taloutta. Kumpikin sai itselleen mieleisens\u00e4 tilat. Ratkaisu osoittautui eritt\u00e4in onnistuneeksi. Puul\u00e4mmitteinen sauna alimmassa kerroksessa oli yhteisk\u00e4yt\u00f6ss\u00e4, l\u00e4mmitettiin kerran viikossa.<\/p>\n\n\n\n<p>T\u00e4llainen l\u00e4hiasuminen helpotti kummankin perheen el\u00e4m\u00e4\u00e4, apu oli tarvittaessa nopeasti saatavissa. Nuoripari sai luotettavaa lastenhoitoapua ja ik\u00e4\u00e4ntyv\u00e4t isovanhemmat tarpeen tullen tukea nuorelta parilta. Pienet lapset luonnollisesti toivat iloa ja eloa p\u00e4ivitt\u00e4iseen yhdess\u00e4oloon. Yhdess\u00e4 elett\u00e4ess\u00e4 n\u00e4htiin erilaisuutta ja opittiin samalla ymm\u00e4rt\u00e4m\u00e4\u00e4n toisenlaisia ihmisi\u00e4. Sopu oli aina hyv\u00e4.<\/p>\n\n\n\n<p>Iso\u00e4iti, mummo, piti puutarhat\u00f6ist\u00e4, omenapuut olivat hyv\u00e4n hoidon vuoksi satoisia ja perennat kukkivat runsaasti. Viel\u00e4 kerrostaloonkin muuton j\u00e4lkeen mummo k\u00e4vi voimiensa mukaan pihaa hoitamassa. Viherpeukalous ei hevin hellitt\u00e4nyt.<\/p>\n\n\n\n<p class=\"has-large-font-size\">P\u00e4iv\u00e4j\u00e4rjestys<\/p>\n\n\n\n<p>Lapsiperheen \u00e4iti nousi aina aamuisin ensimm\u00e4isen\u00e4 laittamaan aamiaista. Lapset ja is\u00e4 s\u00f6iv\u00e4t puuronsa ja sen j\u00e4lkeen kukin l\u00e4hti taholleen. Lapset k\u00e4veliv\u00e4t kouluunsa ja is\u00e4 istuutui omaan autoonsa ja l\u00e4hti kohti ty\u00f6paikkaansa. \u00c4iti j\u00e4i siistim\u00e4\u00e4n huoneita, tiskasi, pyykk\u00e4si ja siivosi. Kun kaikki oli tehty, saattoi istuutua lukemaan p\u00e4iv\u00e4n sanomalehte\u00e4 \u2013 ja juoda ehk\u00e4 kupillisen kahvia. Radiotakin saattoi kuunnella. Iltap\u00e4iv\u00e4ll\u00e4 lapset tulivat koulusta ja vilskett\u00e4 oli niin sis\u00e4ll\u00e4 kuin ulkona.<\/p>\n\n\n\n<p>Ruoka valmistettiin kotona alusta loppuun asti. Elanto Kilontiell\u00e4 oli l\u00e4hikauppa. Sielt\u00e4 haettiin maito, voi, juusto, leip\u00e4, liha, makkara, kananmunat, jauhot, suurimot, sokeri, kahvi, tee ja hedelm\u00e4t. Joskus sai kalaakin.<\/p>\n\n\n\n<p>Astianpesukonetta ei viel\u00e4 1972 ollut, k\u00e4sin pestiin astiat p\u00e4ivitt\u00e4in. Pyykkikone tuli vesijohdon my\u00f6t\u00e4. Koneella peseminen helpotti suuresti vaatehuoltoa, varsinkin miesten alus- ja p\u00e4\u00e4llysvaatteet olivat painavia pest\u00e4 ja huuhdella k\u00e4sin. Pestyjen vaatteiden kuivatus tapahtui kes\u00e4aikaan takapihalle pingotetulla narulla, tuuli leyhytteli ja auringonpaiste kuivasi. Pyykist\u00e4 levisi hyv\u00e4 raikas tuoksu.<\/p>\n\n\n\n<p class=\"has-large-font-size\">Vuotuisjuhlat<\/p>\n\n\n\n<p>Kirkollisten juhlapyhien viettoon valmistauduttiin asettamalla esille asiaan kuuluvia koristeita ja valmistamalla perinteisi\u00e4 kuhunkin juhlaan liittyvi\u00e4 ruokia.<\/p>\n\n\n\n<p>Vuotuisjuhlista joulu oli huomattavin. Siihen valmistauduttiin paikat perusteellisesti siivoamalla sek\u00e4 leipomalla pikkuleipi\u00e4, torttuja, kakkuja ja pullaa.<\/p>\n\n\n\n<p>Joululahjoja saivat kaikki niin aikuiset kuin lapset. Lapset saivat vaatteita ja kirjoja ja v\u00e4h\u00e4n suunhyv\u00e4\u00e4kin.<\/p>\n\n\n\n<p class=\"has-large-font-size\">Lapsista<\/p>\n\n\n\n<p>Koululaiset k\u00e4viv\u00e4t koulua eri tahoilla, tyt\u00e4r Niittykummussa, poika Olarissa. Kumpikin kulki jalan kouluun ja koulusta kotiin. Matkalla mukaan liittyi kavereita. Koulussa kivointa oli k\u00e4sity\u00f6t. Kouluruoka oli perusruokaa, mutta kes\u00e4- ja pinaattikeitto olivat tosi vastenmielisi\u00e4. Niiden l\u00e4mmin maito ei sitten maistunut mill\u00e4\u00e4n.<\/p>\n\n\n\n<p>Lasten leikit olivat moninaiset, naapurissa asuvat lapset tulivat v\u00e4lill\u00e4 mukaan. Piilosta, polttopalloa, hippaa, 10 tikkua, hyp\u00e4ttiin narua ja ruutua, heitettiin noppaa, askarreltiin koristeita eri materiaaleista,<br>pelattiin Mustaa Pekkaa, ajettiin polkupy\u00f6r\u00e4ll\u00e4, talvella hiihdettiin ja laskettiin m\u00e4ke\u00e4 \u2013 ja tietenkin leikittiin nukeilla.<\/p>\n\n\n\n<p>Lastenkekkereit\u00e4 syntym\u00e4- ja nimip\u00e4ivien merkeiss\u00e4 ei ollut.<\/p>\n\n\n\n<p class=\"has-large-font-size\">Matkat<\/p>\n\n\n\n<p>Kes\u00e4isin loma-aikaan tehtiin omalla autolla matkoja niin kotimaassa kuin ulkomailla. Kotimaassa melkein joka vuosi suuntauduttiin kerran Pohjanmaalle, isovanhempien kotiseudulle. Siell\u00e4 aika kului sukulaisvierailuissa, jokaista kutsua pyrittiin noudattamaan.<\/p>\n\n\n\n<p>Ja viimeiseksi \u2013 kaupungin j\u00e4rjest\u00e4m\u00e4 upea ilotulitus on pysynyt muistissa. Sit\u00e4 saattoi katsella parvekkeelta.<\/p>\n","protected":false},"excerpt":{"rendered":"<p>Sirkku D\u00f6lle On harvinaista kaupunkiymp\u00e4rist\u00f6ss\u00e4, ett\u00e4 samassa omakotitalossa asuisi useita sukupolvia. Olarissa oli t\u00e4llainen harvinaisuus vuonna 1972. Talo Pohjanmaalta muuttanut pariskunta rakensi omin k\u00e4sin 2-kerroksisen talonsa 1930-luvun puoliv\u00e4liss\u00e4. Asuinrakennus oli tontin takaosassa, joten avaraa pihamaata oli kylliksi. Puutarhaakin oli. Asujat Rakentajapariskunta: isovanhemmista vaari k\u00e4vi viel\u00e4 1970-luvun alussa kodin ulkopuolella t\u00f6iss\u00e4. Rouva, mummo, oli koti\u00e4iti, mutta&hellip; <a class=\"more-link\" href=\"https:\/\/espoonperinneseura.net\/espoo1972\/muistoja-espoosta\/kolme-sukupolvea-saman-katon-alla-olarissa-1972\/\">Jatka lukemista <span class=\"screen-reader-text\">Kolme sukupolvea saman katon alla Olarissa 1972<\/span><\/a><\/p>\n","protected":false},"author":1,"featured_media":0,"parent":302,"menu_order":0,"comment_status":"closed","ping_status":"closed","template":"","meta":{"_eb_attr":"","_exactmetrics_skip_tracking":false,"_exactmetrics_sitenote_active":false,"_exactmetrics_sitenote_note":"","_exactmetrics_sitenote_category":0,"footnotes":""},"class_list":["post-3941","page","type-page","status-publish","hentry","entry"],"_links":{"self":[{"href":"https:\/\/espoonperinneseura.net\/espoo1972\/wp-json\/wp\/v2\/pages\/3941","targetHints":{"allow":["GET"]}}],"collection":[{"href":"https:\/\/espoonperinneseura.net\/espoo1972\/wp-json\/wp\/v2\/pages"}],"about":[{"href":"https:\/\/espoonperinneseura.net\/espoo1972\/wp-json\/wp\/v2\/types\/page"}],"author":[{"embeddable":true,"href":"https:\/\/espoonperinneseura.net\/espoo1972\/wp-json\/wp\/v2\/users\/1"}],"replies":[{"embeddable":true,"href":"https:\/\/espoonperinneseura.net\/espoo1972\/wp-json\/wp\/v2\/comments?post=3941"}],"version-history":[{"count":2,"href":"https:\/\/espoonperinneseura.net\/espoo1972\/wp-json\/wp\/v2\/pages\/3941\/revisions"}],"predecessor-version":[{"id":3943,"href":"https:\/\/espoonperinneseura.net\/espoo1972\/wp-json\/wp\/v2\/pages\/3941\/revisions\/3943"}],"up":[{"embeddable":true,"href":"https:\/\/espoonperinneseura.net\/espoo1972\/wp-json\/wp\/v2\/pages\/302"}],"wp:attachment":[{"href":"https:\/\/espoonperinneseura.net\/espoo1972\/wp-json\/wp\/v2\/media?parent=3941"}],"curies":[{"name":"wp","href":"https:\/\/api.w.org\/{rel}","templated":true}]}}