{"id":4062,"date":"2022-08-25T16:58:33","date_gmt":"2022-08-25T13:58:33","guid":{"rendered":"https:\/\/espoonperinneseura.net\/espoo1972\/?page_id=4062"},"modified":"2022-08-25T17:24:30","modified_gmt":"2022-08-25T14:24:30","slug":"muisteloita-50-vuoden-ajalta-kesalla-2022","status":"publish","type":"page","link":"https:\/\/espoonperinneseura.net\/espoo1972\/muistoja-espoosta\/muisteloita-50-vuoden-ajalta-kesalla-2022\/","title":{"rendered":"Muisteloita 50 vuoden ajalta kes\u00e4ll\u00e4 2022"},"content":{"rendered":"\n<p><em>Lea Siivola<\/em><\/p>\n\n\n\n<p class=\"has-large-font-size\">Otaniemi 1965\u20131972<\/p>\n\n\n\n<p>Olen kotoisin maalta Porin seudulta. Opiskelin Otaniemess\u00e4, kuten miehenikin. Olimme 1970-luvun alussa molemmat teekkareita ja asuimme esikoisemme syntyess\u00e4 viel\u00e4 teekkarikyl\u00e4ss\u00e4 Otaniemess\u00e4. H\u00e4nen syntym\u00e4paikakseen kirjattiin opiskelijastatuksemme ja kotipaikkamme vuoksi silloisen tavan mukaan Pori. El\u00e4m\u00e4mme ja opiskelumme rajoittui Otaniemeen, kauppamme oli Otavalinta tai v\u00e4liin Elanto. Tapiolassa k\u00e4vimme vain harvoin, Heikintorin valmistuminen ja Ralin ruokakauppa sek\u00e4 Alko kyll\u00e4 houkuttelivat my\u00f6s meit\u00e4. Lenkkipolkuinamme olivat Otaniemen rannat ja Teknillisen korkeakoulun nurmikot. Viihdyimme hyvin n\u00e4iss\u00e4 ympyr\u00f6iss\u00e4.<\/p>\n\n\n\n<p class=\"has-large-font-size\">Tapiola 1972\u20131974<\/p>\n\n\n\n<p>Vuonna 1972, kun Espoosta tuli kaupunki, olimme espoolaisia, asuimme Tapiolassa ensimm\u00e4isess\u00e4 omassa asunnossa silloisella Louhentiell\u00e4. Mieheni oli valmis DI, min\u00e4 viel\u00e4 opiskelin. Se aika oli niin hektist\u00e4 nuorenparin el\u00e4m\u00e4\u00e4, ett\u00e4 siit\u00e4 Espoon kaupungiksi tulosta minulla ei ole muistoja. Rahoitimme asumistamme lainarahalla ja vuokraamalla yht\u00e4 huonetta kahdelle teekkarille. Se ei ollut mitenk\u00e4\u00e4n tavatonta siihen aikaan.<\/p>\n\n\n\n<p>Lasten p\u00e4iv\u00e4hoitoa ei silloin ollut j\u00e4rjestetty &#8211; kuten nykyisin. P\u00e4iv\u00e4hoidon j\u00e4rjest\u00e4minen oli perheiden oma asia. Kunnalliseen p\u00e4iv\u00e4kotiin ei opiskelijan ja vastavalmistuneen insin\u00f6\u00f6rin lapsella ollut asiaa. Tyt\u00e4rt\u00e4mme hoiti aluksi kotiapulainen, joka oli iltaopiskelija, ja my\u00f6hemmin tytt\u00e4remme oli p\u00e4iv\u00e4hoidossa toisessa perheess\u00e4, jossa perheen kotiapulainen hoiti perheen lasten lis\u00e4ksi tyt\u00e4rt\u00e4mme.<\/p>\n\n\n\n<p>Tapiolan niityt, mets\u00e4t ja palvelut tulivat meille tuolloin tutuiksi ja rakkaiksi. Pohjois-Tapiolan kauppakeskus oli silloin vilkas liikepaikka, vaikka Elanto oli l\u00e4hikauppamme, ja olihan meill\u00e4 Tiet\u00e4j\u00e4ntiell\u00e4 toki Hansa-market \u2013 sen ajan \u201dCity-market\u201d. Asuntojen sijoittelu ja puistot sek\u00e4 Tapiolan yleisten alueiden hyv\u00e4 hoito tekiv\u00e4t meist\u00e4 Tapiola-faneja.<\/p>\n\n\n\n<p class=\"has-large-font-size\">Mankkaa 1974\u20131985<\/p>\n\n\n\n<p>Muutimme syksyll\u00e4 1974 Mankkaalle rintamamiestaloon, jonka onnistuimme ostamaan Tapiolan asunnon hinnan noustua inflaation vuoksi paljon. Toki tarvitsimme lis\u00e4lainaa. Talo sijaitsi Siiril\u00e4ntiell\u00e4, jonka nimen kaupunki muutaman vuoden p\u00e4\u00e4st\u00e4 muutti Porttiniityntieksi \u2013 syyt\u00e4 en oikein k\u00e4sitt\u00e4nyt silloin, enk\u00e4 k\u00e4sit\u00e4 viel\u00e4k\u00e4\u00e4n.<\/p>\n\n\n\n<p>Talo oli unelmamme, oli tilaa kolmessa kerroksessa sis\u00e4ll\u00e4 ja ulkona oli iso yli 2000 m2:n piha. Talo oli kuitenkin tosi huonossa kunnossa, vaikka olikin sik\u00e4l\u00e4isiin olosuhteisiin n\u00e4hden rakennettu hyvin. Teimme perusteellisen korjaussuunnitelman sek\u00e4 talolle ett\u00e4 pihalle. P\u00e4\u00e4timme asua yhdess\u00e4 kerroksessa ja korjata toista.<\/p>\n\n\n\n<figure class=\"wp-block-image size-large is-resized\"><img loading=\"lazy\" decoding=\"async\" src=\"https:\/\/espoonperinneseura.net\/espoo1972\/wp-content\/uploads\/2022\/08\/Lea-Siivola-Kuva1-1024x722.jpg\" alt=\"\" class=\"wp-image-4064\" width=\"512\" height=\"361\" srcset=\"https:\/\/espoonperinneseura.net\/espoo1972\/wp-content\/uploads\/2022\/08\/Lea-Siivola-Kuva1-1024x722.jpg 1024w, https:\/\/espoonperinneseura.net\/espoo1972\/wp-content\/uploads\/2022\/08\/Lea-Siivola-Kuva1-300x212.jpg 300w, https:\/\/espoonperinneseura.net\/espoo1972\/wp-content\/uploads\/2022\/08\/Lea-Siivola-Kuva1-768x542.jpg 768w, https:\/\/espoonperinneseura.net\/espoo1972\/wp-content\/uploads\/2022\/08\/Lea-Siivola-Kuva1.jpg 1472w\" sizes=\"auto, (max-width: 512px) 100vw, 512px\" \/><figcaption>Talo pihan puolelta ennen remonttia<\/figcaption><\/figure>\n\n\n\n<p>Taloon tuli kunnallinen vesi, mutta j\u00e4tevesi meni omaan sakokaivoon eli kunnallista viem\u00e4ri\u00e4 ei ollut. Tiesimme sen. Yll\u00e4tykseni oli kuitenkin suuri, kun muutettuamme pestess\u00e4ni ylh\u00e4\u00e4ll\u00e4 tytt\u00e4reni sukkahousuja k\u00e4sin lavuaarissa ja ykskaks totesin, ett\u00e4 vesi ei laskenut mihink\u00e4\u00e4n. Mieheni oli yst\u00e4v\u00e4ns\u00e4 kanssa jossain remonttihommissa alakerrassa. H\u00e4n koitti s\u00e4hk\u00f6jousella avata kellarista viem\u00e4ri\u00e4 tuloksetta \u2013 aina vain tuli uutta sontaa. Miehill\u00e4 oli hauskaa, he vitsailivat Huovisen malliin, ett\u00e4 perustavat firman nimelt\u00e4 Paska Seppo &amp; Poika. Y\u00f6n saapuessa meinasi hymy hyyty\u00e4, kun homma ei loppunut. Lopulta \u00e4lysimme raottaa pihassa olleen sakokaivon kantta ja seh\u00e4n oli ihan t\u00e4ynn\u00e4 kiinte\u00e4\u00e4 sontaa. No, t\u00e4m\u00e4n hoiti kuntoon seuraavana p\u00e4iv\u00e4n\u00e4 imuauto \u201dPaska Seppo &amp; Poika\u201d.<\/p>\n\n\n\n<p>Remontti alkoi kellarin korjauksella ja talon perustuksen salaojituksella, sill\u00e4 se puuttui kokonaan. Syksy oli onneksi leuto ja salaojitus saatiin nopeasti kuntoon. Kellarikerroksen vanhat rakenteet sek\u00e4 olematon lattia kaivettiin yl\u00f6s ja niiden tilalle tehtiin uudet kunnolliset. Kellarikerrokseen tehtiin sauna, pukuhuone ja saniteettitilat sek\u00e4 yksi asuinhuone, jonne oli erillinen sis\u00e4\u00e4nk\u00e4ynti ulkoa. Huonetta tarvittiin lastenhoitajaa varten, sill\u00e4 olin valmistunut ja k\u00e4vin t\u00f6iss\u00e4 Helsingiss\u00e4. Seuraava lapsemme syntyi Mankkaalla remontin keskelle, eik\u00e4 p\u00e4iv\u00e4hoitotilanne ollut yht\u00e4\u00e4n parantunut.<\/p>\n\n\n\n<p>Eristeet talon kaikista seinist\u00e4 ja katosta purettiin ja tilalle laitettiin uudet paksummat eristeet. Keskikerros oli ainut, miss\u00e4 sein\u00e4t s\u00e4ilyiv\u00e4t entisill\u00e4 paikoillaan. Talon ikkunat s\u00e4ilytettiin, mutta kunnostettiin. Kellarikerrokseen tehtiin uusi ikkuna ja kattoon tehtiin kattoikkuna.<\/p>\n\n\n\n<p>Talon remontointi l\u00e4pikotaisin tuskin olisi onnistunut, tai ei olisi onnistunut ainakaan niin kunnolla kuin nyt, ellemme olisi l\u00f6yt\u00e4neet hyvin ammattitaitoista kirvesmiest\u00e4, tai oikeastaan puusepp\u00e4\u00e4. H\u00e4n asui Kirkkonummella ja k\u00e4vi l\u00e4hes vuoden verran p\u00e4ivitt\u00e4in meill\u00e4 t\u00f6iss\u00e4 korjaus \u2013 rakennushommissa. H\u00e4n jaksoi korjata kaltevat pinnat, sovittaa palasia yhteen ja pohtia fiksuja ja luovia ratkaisuja eik\u00e4 hermostunut, kun h\u00e4\u00e4rimme h\u00e4nen ty\u00f6ns\u00e4 keskell\u00e4. H\u00e4nen asennettaan kuvaa hyvin se, ett\u00e4 kun olin talvella kotona \u00e4itiyslomalla maalaushommissa ja ihmettelin h\u00e4nelle \u00e4\u00e4neen, onkohan meill\u00e4 huonot eristeet katossa, kun meid\u00e4n talomme katolta lumi tippuu, naapureiden ei. H\u00e4n ei sanonut mit\u00e4\u00e4n, vaan h\u00e4ipyi. Olin jo unohtanut asian, kun h\u00e4n tuli takaisin ja sanoi, ett\u00e4 teill\u00e4 on jyrkempi katto. En voinut todeta kuin \u201dkiitos Stig\u201d. H\u00e4nelt\u00e4 opimme paljon.<\/p>\n\n\n\n<figure class=\"wp-block-gallery has-nested-images columns-default is-cropped wp-block-gallery-1 is-layout-flex wp-block-gallery-is-layout-flex\">\n<figure class=\"wp-block-image size-large\"><img loading=\"lazy\" decoding=\"async\" width=\"1024\" height=\"685\" data-id=\"4068\" src=\"https:\/\/espoonperinneseura.net\/espoo1972\/wp-content\/uploads\/2022\/08\/Lea-Siivola-Kuva2-1-1024x685.jpg\" alt=\"\" class=\"wp-image-4068\" srcset=\"https:\/\/espoonperinneseura.net\/espoo1972\/wp-content\/uploads\/2022\/08\/Lea-Siivola-Kuva2-1-1024x685.jpg 1024w, https:\/\/espoonperinneseura.net\/espoo1972\/wp-content\/uploads\/2022\/08\/Lea-Siivola-Kuva2-1-300x201.jpg 300w, https:\/\/espoonperinneseura.net\/espoo1972\/wp-content\/uploads\/2022\/08\/Lea-Siivola-Kuva2-1-768x514.jpg 768w, https:\/\/espoonperinneseura.net\/espoo1972\/wp-content\/uploads\/2022\/08\/Lea-Siivola-Kuva2-1.jpg 1472w\" sizes=\"auto, (max-width: 1024px) 100vw, 1024px\" \/><figcaption>Talo pihan puolelta remontin valmistuttua<\/figcaption><\/figure>\n\n\n\n<figure class=\"wp-block-image size-large\"><img loading=\"lazy\" decoding=\"async\" width=\"1024\" height=\"694\" data-id=\"4067\" src=\"https:\/\/espoonperinneseura.net\/espoo1972\/wp-content\/uploads\/2022\/08\/Lea-Siivola-Kuva3-1024x694.jpg\" alt=\"\" class=\"wp-image-4067\" srcset=\"https:\/\/espoonperinneseura.net\/espoo1972\/wp-content\/uploads\/2022\/08\/Lea-Siivola-Kuva3-1024x694.jpg 1024w, https:\/\/espoonperinneseura.net\/espoo1972\/wp-content\/uploads\/2022\/08\/Lea-Siivola-Kuva3-300x203.jpg 300w, https:\/\/espoonperinneseura.net\/espoo1972\/wp-content\/uploads\/2022\/08\/Lea-Siivola-Kuva3-768x520.jpg 768w, https:\/\/espoonperinneseura.net\/espoo1972\/wp-content\/uploads\/2022\/08\/Lea-Siivola-Kuva3.jpg 1472w\" sizes=\"auto, (max-width: 1024px) 100vw, 1024px\" \/><figcaption>Talo kadulta remontin j\u00e4lkeen<\/figcaption><\/figure>\n<\/figure>\n\n\n\n<p>Mankkaa oli siihen aikaan sekoitus maaseutua ja pikku kyl\u00e4\u00e4, joka oli muutoksen kourissa. Opimme siksi paljon, mm. kaavoituksesta. Sin\u00e4 aikana asuinalueemme kaava valmistui, mik\u00e4 tarkoitti rakennusoikeuden suurta kasvua. Meid\u00e4nkin tontille olisi saanut rakentaa muistaakseni nelj\u00e4 taloa. Kaavan tulo oli pelastus, sill\u00e4 rahantarpeemme oli remontin kustannusten vuoksi suuri. Emme kuitenkaan pit\u00e4neet n\u00e4in tihe\u00e4st\u00e4 rakentamisesta, sill\u00e4 se olisi turmellut ymp\u00e4rist\u00f6mme. Perustimme tontillemme asunto-osakeyhti\u00f6n, joka hallinnoi tonttia, taloamme ja toista rakennettavaa taloa siten, ett\u00e4 tontti jaettiin talojen kesken tasapuolisesti. Ratkaisu osoittautui onnistuneeksi.<\/p>\n\n\n\n<p>Mankkaan aikaan sis\u00e4ltyy liikuttaviakin muistoja ihmisist\u00e4. Muistan hyvin er\u00e4\u00e4n laitapuolen kulkijan, joka soitti silloin t\u00e4ll\u00f6in ovikelloa ja h\u00e4nell\u00e4 oli siili laatikossa. H\u00e4n sanoi, ett\u00e4 siilill\u00e4 on n\u00e4lk\u00e4. H\u00e4n ja siili saivat toki aina ruokaa.<\/p>\n\n\n\n<p>Tutustuimme naapureihin \u2013 erityisesti heihin, joilla oli samanik\u00e4isi\u00e4 lapsia, olimme mukana monessa mm. p\u00e4iv\u00e4kotitoiminnassa. Yst\u00e4vyyssuhteet ovat s\u00e4ilyneet, vaikka emme en\u00e4\u00e4 ole naapureita.<\/p>\n\n\n\n<p>Mankkaan talo on edelleen olemassa, tosin nyky\u00e4\u00e4n valkoisena, ja toisen kerran omistajaa vaihtaneena.<\/p>\n\n\n\n<p class=\"has-large-font-size\">Tapiola 1985 \u2013<\/p>\n\n\n\n<p>Kalevalantiet\u00e4 ei ollut viel\u00e4 olemassa silloin, kun muutimme Tapiolasta Mankkaalle. Kalevalantien alue oli peltoa ja p\u00f6heikk\u00f6\u00e4. Suurin piirtein nykyisen S-Marketin vieress\u00e4 olevan muuntajan paikalla olivat radiomastot. Pohjois-Tapiolan kerros- ja rivitalojen sek\u00e4 Arabikyl\u00e4n ja Aarnivalkean pientaloalueen v\u00e4linen alue oli Asuntos\u00e4\u00e4ti\u00f6n omistamaa ja kaavoittamatonta. Alueen kaavoitus alkoi suurin piirtein samaan aikaan. Vanha asutus vastusti kovasti alueen kaavoitusta ja rakentamista. N\u00e4imme, ett\u00e4 kaavoitus voi muuttua paljon alkuper\u00e4isest\u00e4 suunnitelmasta. Tapiola-faneina olimme jo silloin yhteydess\u00e4 Asuntos\u00e4\u00e4ti\u00f6\u00f6n ja ilmaisimme halumme ostaa omakotitontin, jos niit\u00e4 kaavaan tulisi. Kaavasta valitettiin KHO:een asti. Se vahvistui 1983 ja siin\u00e4 oli 12 omakotitonttia vanhan asutuksen pohjoispuolella.<\/p>\n\n\n\n<p>Asuntos\u00e4\u00e4ti\u00f6 oli teett\u00e4nyt Nyyrikintien omakotialueesta viitesuunnitelman, jonka toteuttamiseen tontinostajat sitoutuivat. Olimme onnellisten tontinostajien joukossa. Tonttien jako ostajille tapahtui arpomalla. Vuonna 1983 alkoi talon suunnittelu viitesuunnitelman mukaan. Suunnitelma oli hieno, Eric Adlercreutzin (A-konsultit) tekem\u00e4. Ainoa ongelma oli taas raha. Onneksemme sekin j\u00e4rjestyi. Olimme hyvin tyytyv\u00e4isi\u00e4. Eric kis\u00e4lleineen suunnitteli my\u00f6s talomme, joka rakennettiin kirvesmiesporukalla ja aliurakoita k\u00e4ytt\u00e4en vuosina 1984\u20131985. Joulukuusta 1985 asti olemme asuneet Tapiolassa.<\/p>\n\n\n\n<figure class=\"wp-block-image size-large is-resized\"><img loading=\"lazy\" decoding=\"async\" src=\"https:\/\/espoonperinneseura.net\/espoo1972\/wp-content\/uploads\/2022\/08\/Lea-Siivola-Kuva4-1024x768.jpg\" alt=\"\" class=\"wp-image-4069\" width=\"768\" height=\"576\" srcset=\"https:\/\/espoonperinneseura.net\/espoo1972\/wp-content\/uploads\/2022\/08\/Lea-Siivola-Kuva4-1024x768.jpg 1024w, https:\/\/espoonperinneseura.net\/espoo1972\/wp-content\/uploads\/2022\/08\/Lea-Siivola-Kuva4-300x225.jpg 300w, https:\/\/espoonperinneseura.net\/espoo1972\/wp-content\/uploads\/2022\/08\/Lea-Siivola-Kuva4-768x576.jpg 768w, https:\/\/espoonperinneseura.net\/espoo1972\/wp-content\/uploads\/2022\/08\/Lea-Siivola-Kuva4.jpg 1472w\" sizes=\"auto, (max-width: 768px) 100vw, 768px\" \/><figcaption>Tapiolan talo pihan puolelta<\/figcaption><\/figure>\n\n\n\n<p>Tapiola on muuttunut paljon l\u00e4hes 40 vuodessa. Muuttaessamme Sokos, Stockmann ja Kotihalli olivat p\u00e4ivitt\u00e4istavaran ostospaikkojamme. Heikintorilla oli useita erikoistavaraliikkeit\u00e4, joita my\u00f6s tarvitsimme.<\/p>\n\n\n\n<p>Lapsillamme on isot ik\u00e4erot, ensimm\u00e4isen ja toisen ik\u00e4ero on 5 vuotta ja toisen ja kolmannen 7 vuotta. Tytt\u00e4remme k\u00e4vi Tapiolaan muuttaessamme ensin Pohjois-Tapiolan ja my\u00f6hemmin Tapiolan lukiota. Keskimm\u00e4inen lapsi k\u00e4vi Aarnivalkean koulua, ja nuorinkin p\u00e4\u00e4si pian Satusopen p\u00e4iv\u00e4kotiin. Me vanhemmat osallistuimme kaikissa n\u00e4iss\u00e4 vanhempaintoimintaan eli tapahtumia riitti ja lasten kautta tuttavapiirimme kasvoi hurjasti. Satusopen my\u00f6t\u00e4 tutustuimme heti my\u00f6s asukasyhdistys Tapiolan Kilta ry:hyn, sill\u00e4 Kilta oli silloin p\u00e4iv\u00e4kodin yll\u00e4pit\u00e4j\u00e4. Napanuora Kiltaan katkaistiin pian ja Satusopelle perustettiin oma vanhempainyhdistys.<\/p>\n\n\n\n<p>K\u00e4vin aina t\u00f6iss\u00e4 Helsingiss\u00e4 ja koin ty\u00f6matkan bussilla siirtym\u00e4riitiksi kodin ja ty\u00f6paikan v\u00e4lill\u00e4. Se oli minulle todellista omaa aikaa. Lasten muutettua kotoa vapaa-ajan k\u00e4site kuten moni muukin asia muuttui.<br>Erilaiset yhdistykset haukkasivat ja haukkaavat edelleen ison osan vapaa-ajastani. Tapiolan Killan toiminta yhteis\u00f6llisyyden rakentajana oli ja on niist\u00e4 palkitsevin. Erityisell\u00e4 l\u00e4mm\u00f6ll\u00e4 muistan kahta Y\u00d6 TAPIOLASSA-tapahtumaa, jotka Kilta j\u00e4rjesti 1990-luvun taitteessa ensimm\u00e4isen\u00e4 vuonna yksin ja seuraavana vuonna yhdess\u00e4 kaupungin kanssa. Tapahtumien esikuva oli Helsingiss\u00e4 Akateemisessa kirjakaupassa j\u00e4rjestetty Taiteiden y\u00f6. Y\u00f6n viettoon osallistuivat kaupat, koulut, j\u00e4rjest\u00f6t ja jopa kirkko. Ne ker\u00e4siv\u00e4t valtavat ihmism\u00e4\u00e4r\u00e4t Tapiolaan, eiv\u00e4tk\u00e4 aiheuttanut mit\u00e4\u00e4n j\u00e4rjestysh\u00e4iri\u00f6it\u00e4.<\/p>\n\n\n\n<p>Metron tulon my\u00f6t\u00e4 Tapiola on muuttunut ja muuttuu koko ajan. Koen muutoksen eli keskustan rakentamisen positiivisena, ilman sit\u00e4 Tapiola olisi n\u00e4ivettynyt. Toki toivon, ett\u00e4 rakentaminen jossain vaiheessa loppuisi ja johtaisi siihen, ett\u00e4 Tapiolan keskustaan saadaan vastaavaa p\u00f6hin\u00e4\u00e4, kahviloita ja pikkuliikkeit\u00e4 kuin kaupunkien keskustoissa on. Sit\u00e4 kaipaavat Tapiolan uudet ja vanhat asukkaat. Tiivis keskusta tarvitsee ymp\u00e4rilleen luontoa. Tapiolan niityt ja mets\u00e4t ovat minulle ja tapiolalaisille t\u00e4rkeit\u00e4 virkistyskohteita eli akkujen latauspaikkoja \u2013 niiden merkitys tapiolalaisille on vastaava kuin Rantaraitin muille espoolaisille.<\/p>\n\n\n\n<p>Espoon ja Tapiolan muutos sek\u00e4 asukasm\u00e4\u00e4r\u00e4n kasvu on luonnollista ja ilahduttavaa. Me espoolaiset ja tapiolalaiset haluamme s\u00e4ilytt\u00e4\u00e4 seuraaville sukupolville Tapiolan erityispiirteet &#8211; mets\u00e4t, niityt ja aukiot, talojen sijoittelun sek\u00e4 toimivan yhdyskuntarakenteen. Niist\u00e4 Espoo ja Tapiola tunnetaan. Niit\u00e4 tullaan katsomaan kaukaa.<br>Kiitos kotikaupunkini Espoo ja onnea sek\u00e4 viisautta seuraavaa 50 vuotta varten!<\/p>\n","protected":false},"excerpt":{"rendered":"<p>Lea Siivola Otaniemi 1965\u20131972 Olen kotoisin maalta Porin seudulta. Opiskelin Otaniemess\u00e4, kuten miehenikin. Olimme 1970-luvun alussa molemmat teekkareita ja asuimme esikoisemme syntyess\u00e4 viel\u00e4 teekkarikyl\u00e4ss\u00e4 Otaniemess\u00e4. H\u00e4nen syntym\u00e4paikakseen kirjattiin opiskelijastatuksemme ja kotipaikkamme vuoksi silloisen tavan mukaan Pori. El\u00e4m\u00e4mme ja opiskelumme rajoittui Otaniemeen, kauppamme oli Otavalinta tai v\u00e4liin Elanto. Tapiolassa k\u00e4vimme vain harvoin, Heikintorin valmistuminen ja Ralin&hellip; <a class=\"more-link\" href=\"https:\/\/espoonperinneseura.net\/espoo1972\/muistoja-espoosta\/muisteloita-50-vuoden-ajalta-kesalla-2022\/\">Jatka lukemista <span class=\"screen-reader-text\">Muisteloita 50 vuoden ajalta kes\u00e4ll\u00e4 2022<\/span><\/a><\/p>\n","protected":false},"author":1,"featured_media":0,"parent":302,"menu_order":0,"comment_status":"closed","ping_status":"closed","template":"","meta":{"_eb_attr":"","_exactmetrics_skip_tracking":false,"_exactmetrics_sitenote_active":false,"_exactmetrics_sitenote_note":"","_exactmetrics_sitenote_category":0,"footnotes":""},"class_list":["post-4062","page","type-page","status-publish","hentry","entry"],"_links":{"self":[{"href":"https:\/\/espoonperinneseura.net\/espoo1972\/wp-json\/wp\/v2\/pages\/4062","targetHints":{"allow":["GET"]}}],"collection":[{"href":"https:\/\/espoonperinneseura.net\/espoo1972\/wp-json\/wp\/v2\/pages"}],"about":[{"href":"https:\/\/espoonperinneseura.net\/espoo1972\/wp-json\/wp\/v2\/types\/page"}],"author":[{"embeddable":true,"href":"https:\/\/espoonperinneseura.net\/espoo1972\/wp-json\/wp\/v2\/users\/1"}],"replies":[{"embeddable":true,"href":"https:\/\/espoonperinneseura.net\/espoo1972\/wp-json\/wp\/v2\/comments?post=4062"}],"version-history":[{"count":2,"href":"https:\/\/espoonperinneseura.net\/espoo1972\/wp-json\/wp\/v2\/pages\/4062\/revisions"}],"predecessor-version":[{"id":4070,"href":"https:\/\/espoonperinneseura.net\/espoo1972\/wp-json\/wp\/v2\/pages\/4062\/revisions\/4070"}],"up":[{"embeddable":true,"href":"https:\/\/espoonperinneseura.net\/espoo1972\/wp-json\/wp\/v2\/pages\/302"}],"wp:attachment":[{"href":"https:\/\/espoonperinneseura.net\/espoo1972\/wp-json\/wp\/v2\/media?parent=4062"}],"curies":[{"name":"wp","href":"https:\/\/api.w.org\/{rel}","templated":true}]}}