{"id":16,"date":"2025-05-14T13:46:43","date_gmt":"2025-05-14T10:46:43","guid":{"rendered":"https:\/\/espoonperinneseura.net\/historiikki\/?page_id=16"},"modified":"2026-04-17T07:42:43","modified_gmt":"2026-04-17T04:42:43","slug":"16-2","status":"publish","type":"page","link":"https:\/\/espoonperinneseura.net\/historiikki\/","title":{"rendered":"Espoon perinneseura 2000 &#8211; 2025"},"content":{"rendered":"\n<div class=\"wp-block-group alignfull has-background has-global-padding is-layout-constrained wp-container-core-group-is-layout-1bf334ca wp-block-group-is-layout-constrained\" style=\"background-color:#e4efeb;margin-top:0;margin-bottom:0;padding-top:0;padding-bottom:0\">\n<div class=\"wp-block-columns alignwide has-background is-layout-flex wp-container-core-columns-is-layout-9a01b68c wp-block-columns-is-layout-flex\" style=\"border-style:none;border-width:0px;background-color:#f1fefb\">\n<div class=\"wp-block-column is-vertically-aligned-center is-layout-flow wp-container-core-column-is-layout-119bc444 wp-block-column-is-layout-flow\">\n<div class=\"wp-block-columns alignwide has-background is-layout-flex wp-container-core-columns-is-layout-28232c24 wp-block-columns-is-layout-flex\" style=\"border-style:none;border-width:0px;background-color:#f1fefb\">\n<div class=\"wp-block-column has-global-padding is-content-justification-right is-layout-constrained wp-container-core-column-is-layout-1fcf15ac wp-block-column-is-layout-constrained\" style=\"flex-basis:250px\">\n<figure class=\"wp-block-image size-full is-resized has-custom-border\" style=\"margin-top:0;margin-bottom:0\"><img loading=\"lazy\" decoding=\"async\" width=\"567\" height=\"567\" src=\"https:\/\/espoonperinneseura.net\/historiikki\/wp-content\/uploads\/2025\/05\/Espoon-perinneseuran-sinetti.png\" alt=\"\" class=\"wp-image-45\" style=\"border-style:none;border-width:0px;box-shadow:none;width:248px;height:auto\" srcset=\"https:\/\/espoonperinneseura.net\/historiikki\/wp-content\/uploads\/2025\/05\/Espoon-perinneseuran-sinetti.png 567w, https:\/\/espoonperinneseura.net\/historiikki\/wp-content\/uploads\/2025\/05\/Espoon-perinneseuran-sinetti-300x300.png 300w, https:\/\/espoonperinneseura.net\/historiikki\/wp-content\/uploads\/2025\/05\/Espoon-perinneseuran-sinetti-150x150.png 150w\" sizes=\"auto, (max-width: 567px) 100vw, 567px\" \/><\/figure>\n<\/div>\n\n\n\n<div class=\"wp-block-column is-vertically-aligned-center has-global-padding is-layout-constrained wp-container-core-column-is-layout-19e250f3 wp-block-column-is-layout-constrained\">\n<p class=\"has-text-align-center\" style=\"font-weight:normal;font-size: clamp(0.8rem, calc(0.7rem + 2.2vw), 4rem);\">Espoon perinneseura<br \/>2000 &#8211; 2025<\/p>\n<\/div>\n<\/div>\n\n\n\n<p class=\"has-text-align-center\" style=\"border-style:none;border-width:0px;margin-top:0px;margin-bottom:0px;font-size:clamp(1.428rem, 1.428rem + ((1vw - 0.2rem) * 1.537), 2.35rem);\">Tervetuloa aikamatkalle \u2013 tarinoita, kuvia ja muistoja vuosikymmenten varrelta<\/p>\n\n\n\n<p style=\"margin-top:1rem;margin-bottom:1rem;font-size:clamp(0.875rem, 0.875rem + ((1vw - 0.2rem) * 0.542), 1.2rem);\">Verkkohistoriikki kertoo tarinan yhdistyksen perustamisesta, toiminnan kehityksest\u00e4, keskeisist\u00e4 henkil\u00f6ist\u00e4 ja saavutuksista. L\u00f6yd\u00e4t t\u00e4\u00e4lt\u00e4 valokuvia, muistoja, julkaisuja ja asiakirjoja yhdistyksen vuosikymmenten taipaleelta.<\/p>\n<\/div>\n<\/div>\n\n\n\n<div class=\"wp-block-group alignfull has-background has-global-padding is-layout-constrained wp-block-group-is-layout-constrained\" style=\"background-color:#e4efeb;margin-top:0;margin-bottom:0;padding-top:0;padding-bottom:0\">\n<div class=\"wp-block-group alignwide has-background is-layout-grid wp-container-core-group-is-layout-2adb4439 wp-block-group-is-layout-grid\" style=\"background-color:#f1fefb;margin-top:0px;margin-bottom:0px;padding-top:1rem;padding-right:var(--wp--preset--spacing--10);padding-bottom:1rem;padding-left:var(--wp--preset--spacing--10)\">\n<div class=\"wp-block-group is-style-section-1 has-base-2-background-color has-background wp-container-content-7ed1b8cc is-vertical is-layout-flex wp-container-core-group-is-layout-bba1e248 wp-block-group-is-layout-flex\" style=\"border-width:1px;border-radius:10px;min-height:520px;padding-top:var(--wp--preset--spacing--30);padding-right:var(--wp--preset--spacing--30);padding-bottom:var(--wp--preset--spacing--30);padding-left:var(--wp--preset--spacing--30);box-shadow:var(--wp--preset--shadow--natural)\">\n<p class=\"has-text-align-left has-large-font-size\" style=\"line-height:1.3\">Yhdistyksen toiminta<\/p>\n\n\n\n<p style=\"font-size:clamp(0.875rem, 0.875rem + ((1vw - 0.2rem) * 0.542), 1.2rem);line-height:1.3\"><a href=\"https:\/\/espoonperinneseura.net\/historiikki\/kronikka\/\" data-type=\"page\" data-id=\"458\" target=\"_blank\" rel=\"noreferrer noopener\">Espoon perinneseuran kronikka 2000 &#8211; 2025<\/a><\/p>\n\n\n\n<figure class=\"wp-block-image size-full has-custom-border\"><a href=\"https:\/\/espoonperinneseura.net\/historiikki\/kronikka\/\" target=\"_blank\"><img decoding=\"async\" src=\"https:\/\/espoonperinneseura.net\/historiikki\/wp-content\/uploads\/2026\/04\/Perinneseura-2000-2025-kansi-scaled.jpg\" alt=\"\" class=\"has-border-color has-contrast-3-border-color wp-image-478\" style=\"border-width:1px\"\/><\/a><\/figure>\n<\/div>\n\n\n\n<div class=\"wp-block-group is-style-section-1 has-base-2-background-color has-background wp-container-content-7ed1b8cc is-vertical is-layout-flex wp-container-core-group-is-layout-bba1e248 wp-block-group-is-layout-flex\" style=\"border-width:1px;border-radius:10px;min-height:520px;padding-top:var(--wp--preset--spacing--30);padding-right:var(--wp--preset--spacing--30);padding-bottom:var(--wp--preset--spacing--30);padding-left:var(--wp--preset--spacing--30);box-shadow:var(--wp--preset--shadow--natural)\">\n<p class=\"has-text-align-center has-large-font-size\" style=\"line-height:1.3\">Toimintaa<\/p>\n\n\n\n<p style=\"font-size:clamp(0.875rem, 0.875rem + ((1vw - 0.2rem) * 0.542), 1.2rem);line-height:1.3\"><a href=\"https:\/\/espoonperinneseura.net\/historiikki\/vuodet2000-2010\/\" data-type=\"page\" data-id=\"237\">Espoon perinneyhdistys Aurora ry 2000 \u2013 2010<\/a><\/p>\n\n\n\n<p style=\"font-size:clamp(0.875rem, 0.875rem + ((1vw - 0.2rem) * 0.542), 1.2rem);line-height:1.3\"><a href=\"https:\/\/espoonperinneseura.net\/historiikki\/vuodet-2011-2020\/\" data-type=\"page\" data-id=\"226\">Kurkistuksia Espoon perinneseuran toimintaan 2011-2020<\/a><\/p>\n\n\n\n<p style=\"font-size:clamp(0.875rem, 0.875rem + ((1vw - 0.2rem) * 0.542), 1.2rem);line-height:1.3\"><a href=\"https:\/\/espoonperinneseura.net\/historiikki\/aurora-tyoryhma\/\" data-type=\"page\" data-id=\"180\">Aurora-ty\u00f6ryhm\u00e4 2015-2019<\/a><\/p>\n\n\n\n<p style=\"font-size:clamp(0.875rem, 0.875rem + ((1vw - 0.2rem) * 0.542), 1.2rem);line-height:1.3\"><a href=\"https:\/\/espoonperinneseura.net\/historiikki\/julkaisuja\/\" data-type=\"page\" data-id=\"185\">Espoon perinneseuran julkaisut<\/a><\/p>\n\n\n\n<p style=\"font-size:clamp(0.875rem, 0.875rem + ((1vw - 0.2rem) * 0.542), 1.2rem);line-height:1.3\"><a href=\"https:\/\/espoonperinneseura.net\/historiikki\/digiaika\/\" data-type=\"page\" data-id=\"246\">Perinnety\u00f6t\u00e4 digiajan edell\u00e4k\u00e4vij\u00e4n\u00e4<\/a><\/p>\n\n\n\n<p style=\"font-size:clamp(0.875rem, 0.875rem + ((1vw - 0.2rem) * 0.542), 1.2rem);line-height:1.3\"><a href=\"https:\/\/espoonperinneseura.net\/historiikki\/perinneseura-25-vuotta\/\" data-type=\"page\" data-id=\"513\">Perinneseura 25 vuotta<\/a><\/p>\n<\/div>\n\n\n\n<div class=\"wp-block-group is-style-section-1 has-base-2-background-color has-background wp-container-content-7ed1b8cc is-vertical is-layout-flex wp-container-core-group-is-layout-bba1e248 wp-block-group-is-layout-flex\" style=\"border-width:1px;border-radius:10px;min-height:520px;padding-top:var(--wp--preset--spacing--30);padding-right:var(--wp--preset--spacing--30);padding-bottom:var(--wp--preset--spacing--30);padding-left:var(--wp--preset--spacing--30);box-shadow:var(--wp--preset--shadow--natural)\">\n<p class=\"has-text-align-left has-large-font-size\" style=\"line-height:1.3\">Teemavuodet<\/p>\n\n\n\n<p class=\"has-text-align-left\" style=\"font-size:clamp(0.875rem, 0.875rem + ((1vw - 0.2rem) * 0.542), 1.2rem);line-height:1.3\"><a href=\"https:\/\/espoonperinneseura.net\/historiikki\/espoo-1972\/\" data-type=\"page\" data-id=\"185\">Espoo 1972 &#8211; 50 vuotta kaupunkina<\/a><\/p>\n\n\n\n<p style=\"font-size:clamp(0.875rem, 0.875rem + ((1vw - 0.2rem) * 0.542), 1.2rem);line-height:1.3\"><a href=\"https:\/\/espoonperinneseura.net\/historiikki\/yrittava-espoo\/\" data-type=\"page\" data-id=\"196\">Yritt\u00e4v\u00e4 Espoo<\/a><\/p>\n\n\n\n<p style=\"font-size:clamp(0.875rem, 0.875rem + ((1vw - 0.2rem) * 0.542), 1.2rem);line-height:1.3\"><a href=\"https:\/\/espoonperinneseura.net\/historiikki\/sivistys\/\" data-type=\"page\" data-id=\"198\">Espoon tie sivistyskaupungiksi<\/a><\/p>\n\n\n\n<p style=\"font-size:clamp(0.875rem, 0.875rem + ((1vw - 0.2rem) * 0.542), 1.2rem);line-height:1.3\"><a href=\"https:\/\/espoonperinneseura.net\/historiikki\/kulttuuriymparisto\/\" data-type=\"page\" data-id=\"199\">Espoon kulttuuriymp\u00e4rist\u00f6<\/a><\/p>\n<\/div>\n\n\n\n<div class=\"wp-block-group is-style-section-1 has-base-2-background-color has-background wp-container-content-7ed1b8cc is-vertical is-layout-flex wp-container-core-group-is-layout-bba1e248 wp-block-group-is-layout-flex\" style=\"border-width:1px;border-radius:10px;min-height:520px;padding-top:var(--wp--preset--spacing--30);padding-right:var(--wp--preset--spacing--30);padding-bottom:var(--wp--preset--spacing--30);padding-left:var(--wp--preset--spacing--30);box-shadow:var(--wp--preset--shadow--natural)\">\n<p class=\"has-text-align-left has-large-font-size\" style=\"line-height:1.3\">Poimintoja perinneseuran toiminnasta<\/p>\n\n\n\n<p class=\"has-text-align-left\" style=\"line-height:1.4\"><a href=\"https:\/\/espoonperinneseura.net\/historiikki\/uolevi-itkonen\/\">Uolevi Itkonen \u2013 L\u00e4nsiv\u00e4yl\u00e4n luoja ja Espoon perinnety\u00f6n pioneeri <\/a><\/p>\n\n\n\n<p class=\"has-text-align-left\"><a href=\"https:\/\/espoonperinneseura.net\/historiikki\/nallevaarin-tervehdys\/\" data-type=\"page\" data-id=\"365\">Nallevaarin tervehdys<\/a><\/p>\n\n\n\n<p><a href=\"https:\/\/espoonperinneseura.net\/historiikki\/syysmatin-markkinat\/\" data-type=\"page\" data-id=\"380\">SyysMatin Markkinat<\/a><\/p>\n\n\n\n<p><a href=\"https:\/\/espoonperinneseura.net\/historiikki\/keittiomuistoja\/\" data-type=\"page\" data-id=\"384\">Keitti\u00f6muistoja<\/a><\/p>\n\n\n\n<p><a href=\"https:\/\/espoonperinneseura.net\/historiikki\/yhteistyo\/\" data-type=\"page\" data-id=\"554\">Yhteisty\u00f6 toiminnan kulmakiven\u00e4 2000\u20132025<\/a><\/p>\n\n\n\n<p><a href=\"https:\/\/espoonperinneseura.net\/historiikki\/perinneseuran-tulevaisuus\/\" data-type=\"page\" data-id=\"390\">Perinneseuran tulevaisuus<\/a><\/p>\n<\/div>\n\n\n\n<figure class=\"wp-block-audio wp-container-content-f9535bf0\"><audio controls src=\"https:\/\/espoonperinneseura.net\/historiikki\/wp-content\/uploads\/2025\/05\/Espoon-perinneseura.mp3\"><\/audio><figcaption class=\"wp-element-caption\">Teko\u00e4lyn tuottama keskustelu perinneseuran toiminnasta<\/figcaption><\/figure>\n<\/div>\n<\/div>\n<\/div>\n\n\n\n<p><\/p>\n","protected":false},"excerpt":{"rendered":"<p>Espoon perinneseura2000 &#8211; 2025 Tervetuloa aikamatkalle \u2013 tarinoita, kuvia ja muistoja vuosikymmenten varrelta Verkkohistoriikki kertoo tarinan yhdistyksen perustamisesta, toiminnan kehityksest\u00e4, keskeisist\u00e4 henkil\u00f6ist\u00e4 ja saavutuksista. L\u00f6yd\u00e4t t\u00e4\u00e4lt\u00e4 valokuvia, muistoja, julkaisuja ja asiakirjoja yhdistyksen vuosikymmenten taipaleelta. Yhdistyksen toiminta Espoon perinneseuran kronikka 2000 &#8211; 2025 Toimintaa Espoon perinneyhdistys Aurora ry 2000 \u2013 2010 Kurkistuksia Espoon perinneseuran toimintaan 2011-2020 [&hellip;]<\/p>\n","protected":false},"author":1,"featured_media":0,"parent":0,"menu_order":0,"comment_status":"closed","ping_status":"closed","template":"","meta":{"footnotes":""},"class_list":["post-16","page","type-page","status-publish","hentry"],"_links":{"self":[{"href":"https:\/\/espoonperinneseura.net\/historiikki\/wp-json\/wp\/v2\/pages\/16","targetHints":{"allow":["GET"]}}],"collection":[{"href":"https:\/\/espoonperinneseura.net\/historiikki\/wp-json\/wp\/v2\/pages"}],"about":[{"href":"https:\/\/espoonperinneseura.net\/historiikki\/wp-json\/wp\/v2\/types\/page"}],"author":[{"embeddable":true,"href":"https:\/\/espoonperinneseura.net\/historiikki\/wp-json\/wp\/v2\/users\/1"}],"replies":[{"embeddable":true,"href":"https:\/\/espoonperinneseura.net\/historiikki\/wp-json\/wp\/v2\/comments?post=16"}],"version-history":[{"count":124,"href":"https:\/\/espoonperinneseura.net\/historiikki\/wp-json\/wp\/v2\/pages\/16\/revisions"}],"predecessor-version":[{"id":580,"href":"https:\/\/espoonperinneseura.net\/historiikki\/wp-json\/wp\/v2\/pages\/16\/revisions\/580"}],"wp:attachment":[{"href":"https:\/\/espoonperinneseura.net\/historiikki\/wp-json\/wp\/v2\/media?parent=16"}],"curies":[{"name":"wp","href":"https:\/\/api.w.org\/{rel}","templated":true}]}}