{"id":226,"date":"2025-10-21T19:19:44","date_gmt":"2025-10-21T16:19:44","guid":{"rendered":"https:\/\/espoonperinneseura.net\/historiikki\/?page_id=226"},"modified":"2025-10-21T20:08:49","modified_gmt":"2025-10-21T17:08:49","slug":"vuodet-2011-2020","status":"publish","type":"page","link":"https:\/\/espoonperinneseura.net\/historiikki\/vuodet-2011-2020\/","title":{"rendered":"Kurkistuksia Espoon perinneseuran toimintaan 2011-2020"},"content":{"rendered":"\n<h1 class=\"wp-block-heading\">Kurkistuksia Espoon perinneseuran toimintaan 2011-2020<\/h1>\n\n\n\n<figure class=\"wp-block-image alignleft\" style=\"margin-top:var(--wp--preset--spacing--10);margin-right:var(--wp--preset--spacing--10);margin-bottom:var(--wp--preset--spacing--10);margin-left:var(--wp--preset--spacing--10)\"><img decoding=\"async\" src=\"https:\/\/espoonperinneseura.net\/wp-content\/uploads\/2020\/09\/Hameri-300x259.jpg\" alt=\"\" class=\"wp-image-11946\"\/><\/figure>\n\n\n\n<p style=\"line-height:1.2\">Espoon perinneseuran ja sen edelt\u00e4j\u00e4n Espoon perinneyhdistys Auroran toiminnan tarkoituksena on ollut alusta alkaen perinne- ja kotiseututy\u00f6n edist\u00e4minen, yll\u00e4pit\u00e4minen ja vaaliminen yhteisty\u00f6ss\u00e4 n\u00e4it\u00e4 asioita tuottavien tahojen kanssa koko Espoon alueella. Yhdistyksen uusi nimi, Espoon perinneseura ry, otettiin k\u00e4ytt\u00f6\u00f6n huhtikuussa 2014.<\/p>\n\n\n\n<p>Toiminnan runkona olivat julkaisut, tapahtumat sek\u00e4 muu perinne- ja kotiseututy\u00f6h\u00f6n liittyv\u00e4 toiminta. Yhteisty\u00f6t\u00e4 muiden yhdistysten, Espoon kaupungin, seurakuntien ja L\u00e4nsiv\u00e4yl\u00e4-lehden kanssa on jatkettu ja kehitetty innokkaasti.<\/p>\n\n\n\n<p><\/p>\n\n\n\n<p>Perinneyhdistyksen yhten\u00e4 tavoitteena on ollut j\u00e4senm\u00e4\u00e4r\u00e4 kasvattaminen niin, ett\u00e4 j\u00e4seniksi liittyisi yh\u00e4 enemm\u00e4n eri-ik\u00e4isi\u00e4 j\u00e4seni\u00e4 Espoon eri puolilta. T\u00e4t\u00e4 kirjoitettaessa j\u00e4seni\u00e4 on 90.<\/p>\n\n\n\n<h4 class=\"wp-block-heading\"><br>Juhani H\u00e4merin teesit<\/h4>\n\n\n\n<p><\/p>\n\n\n\n<p>Yhdistyksen perustaja Juhani H\u00e4meri (1937 \u2013 2007) julkaisi vuonna 2000 yhdistyksen toiminnan periaatteet, teesit, jotka ovat voimassa edelleen:<\/p>\n\n\n\n<ol class=\"wp-block-list\">\n<li style=\"margin-right:var(--wp--preset--spacing--20);margin-left:var(--wp--preset--spacing--20)\"><em>Ainoastaan dokumentoitu tieto j\u00e4\u00e4 el\u00e4m\u00e4\u00e4n. Seuran toiminnasta pit\u00e4\u00e4 siis synty\u00e4 kirjallinen j\u00e4\u00e4mist\u00f6.<\/em><\/li>\n\n\n\n<li style=\"margin-right:var(--wp--preset--spacing--20);margin-left:var(--wp--preset--spacing--20)\"><em>Kerran vuodessa pidet\u00e4\u00e4n seminaari, josta julkaistaan parhaimmillaan kirja, joka onnistuessaan saamaan lukijoita auttaisi yhdistyst\u00e4 my\u00f6s taloudellisesti.<\/em><\/li>\n\n\n\n<li style=\"margin-right:var(--wp--preset--spacing--20);margin-left:var(--wp--preset--spacing--20)\"><em>Kaksikielisyys nostaa yhdistyksen arvoa t\u00e4ss\u00e4 alun perin ruotsinkielisess\u00e4 yhteis\u00f6ss\u00e4.<\/em><\/li>\n\n\n\n<li style=\"margin-right:var(--wp--preset--spacing--20);margin-left:var(--wp--preset--spacing--20)\"><em>P\u00f6yt\u00e4kirjat olkoot mieluummin monisanaisia, sill\u00e4 dokumentoitu v\u00e4ittely on osa yhdistyst\u00e4 ja sin\u00e4ns\u00e4 arvokasta.<\/em><\/li>\n\n\n\n<li style=\"margin-right:var(--wp--preset--spacing--20);margin-left:var(--wp--preset--spacing--20)\"><em>Hallituksen j\u00e4senen ehdoton velvollisuus on ilmoittaa, mik\u00e4li on estynyt osallistumasta kokoukseen.<\/em><\/li>\n\n\n\n<li style=\"margin-right:var(--wp--preset--spacing--20);margin-left:var(--wp--preset--spacing--20)\"><em>Yhteydet muihin kansalaisj\u00e4rjest\u00f6ihin on pidett\u00e4v\u00e4 kunnossa.<\/em><\/li>\n\n\n\n<li style=\"margin-right:var(--wp--preset--spacing--20);margin-left:var(--wp--preset--spacing--20)\"><em>Varsinaiset perinneinstituutiot, kirkko ja museo, pit\u00e4\u00e4 ottaa aina huomioon.<\/em><\/li>\n\n\n\n<li style=\"margin-right:var(--wp--preset--spacing--20);margin-left:var(--wp--preset--spacing--20)\"><em>Espoon kaupungin kulttuuriyst\u00e4v\u00e4llisyydest\u00e4 pit\u00e4\u00e4 yhdistyksen pysty\u00e4 ansaitsemaan toiminnallaan osuutensa.<\/em><\/li>\n\n\n\n<li style=\"margin-right:var(--wp--preset--spacing--20);margin-left:var(--wp--preset--spacing--20)\"><em>Velvoittavia sidonnaisuuksia poliitikkoihin ja virkamiehiin ei saisi p\u00e4\u00e4st\u00e4 syntym\u00e4\u00e4n.<\/em><\/li>\n\n\n\n<li style=\"margin-right:var(--wp--preset--spacing--20);margin-left:var(--wp--preset--spacing--20)\"><em>Kirjallisesti esitetyt asiatiedot pit\u00e4\u00e4 varmistaa paikkansa pit\u00e4viksi.<\/em><\/li>\n\n\n\n<li style=\"margin-right:var(--wp--preset--spacing--20);margin-left:var(--wp--preset--spacing--20)\"><em>Kaiken toiminnan tulee olla julkista. Yhdistys ei ole mik\u00e4\u00e4n salaseura ja tiedottaminen on avainasemassa. Kaikkia median keinoja voidaan k\u00e4ytt\u00e4\u00e4, tolppailmoitus ei ole riitt\u00e4v\u00e4, vaikka sekin on k\u00e4ytt\u00f6kelpoinen.<\/em><\/li>\n\n\n\n<li style=\"margin-right:var(--wp--preset--spacing--20);margin-left:var(--wp--preset--spacing--20)\"><em>On pyritt\u00e4v\u00e4 yhteisty\u00f6h\u00f6n kuhunkin aiheeseen liittyvien asiantuntijoiden kanssa.<\/em><\/li>\n<\/ol>\n\n\n\n<p><em>Juhani H\u00e4meri, Espoon perinneyhdistys Aurora ry:n perustaja<\/em><\/p>\n\n\n\n<p><\/p>\n\n\n\n<h4 class=\"wp-block-heading\">Julkaisut 2011-2020<\/h4>\n\n\n\n<p>Yhdistyksen tuottamat julkaisut ovat tuoneet vuosittain myyntituloja, joiden avulla toimintaa on voitu harjoittaa. My\u00f6s Espoon kaupunki on tukenut yhdistyksen toimintaa rahallisesti vuosittain, mist\u00e4 yhdistys kiitt\u00e4\u00e4 l\u00e4mpim\u00e4sti.<\/p>\n\n\n\n<figure class=\"wp-block-image alignright\" style=\"margin-right:var(--wp--preset--spacing--10);margin-left:var(--wp--preset--spacing--10)\"><img decoding=\"async\" src=\"https:\/\/espoonperinneseura.net\/wp-content\/uploads\/2020\/09\/Kannet-184x1024.jpg\" alt=\"\" class=\"wp-image-11949\"\/><\/figure>\n\n\n\n<p>Julkaisujen myynti\u00e4 varten perustettiin ajan hengen mukaisesti oma verkkokauppa,&nbsp;<em>Perinnekauppa<\/em>, jonka perustaja ja py\u00f6ritt\u00e4j\u00e4 on ollut alusta alkaen yhdistyksen hallituksen nykyinen varapuheenjohtaja Esko Uotila. Julkaisuja myyd\u00e4\u00e4n vuosittain my\u00f6s erilaisissa espoolaisissa tapahtumissa, kuten SyysMatin Markkinoilla kirkonm\u00e4ell\u00e4.<\/p>\n\n\n\n<p>Julkaisujen myynniss\u00e4 yhdistys tekee yhteisty\u00f6t\u00e4 Tapiolan Akateemisen kirjakaupan kanssa v. 2017 alkaen. My\u00f6s Auroran kappeli, Booky.fi ja Kirjav\u00e4litys ovat yhteisty\u00f6kumppaneitamme.<\/p>\n\n\n\n<p><\/p>\n\n\n\n<p><strong>Yhdistyksen julkaisut aikaj\u00e4rjestyksess\u00e4 vuosina 2011 \u2013 2020<\/strong><\/p>\n\n\n\n<ul class=\"wp-block-list\">\n<li style=\"padding-right:var(--wp--preset--spacing--20);padding-left:var(--wp--preset--spacing--20)\">Kari Pohjakallio:&nbsp;<em>Espoon seurakuntien rakennusperint\u00f6\u00e4<\/em>, 2012. Teos pohjautuu Sakraalitilan\u00e4yttelyn aineistoon.<\/li>\n\n\n\n<li style=\"padding-right:var(--wp--preset--spacing--20);padding-left:var(--wp--preset--spacing--20)\">Tarja Rae:&nbsp;<em>Nallevaarin tarinoita<\/em>, 2013. Tarinat kertovat Espoon historiasta el\u00e4intarinoiden muodossa ja auttavat esimerkiksi Espooseen muuttaneita tutustumaan uuteen kotiseutuunsa. Ensisijaisena kohderyhm\u00e4n\u00e4 ovat ala-asteik\u00e4iset lapset, heid\u00e4n perheens\u00e4 ja opettajat. Uudistettu laitos ilmestyi 2015. Kirjasta valmistui Martti Hellstr\u00f6min tuottama kuulokuva, joka on kuultavissa seuran verkkosivuilla.<\/li>\n\n\n\n<li style=\"padding-right:var(--wp--preset--spacing--20);padding-left:var(--wp--preset--spacing--20)\">Aapo Kirvesniemi \u2013 Untamo Utrio:&nbsp;<em>Heiniemen historia \u2013 Kuvaus Espoon asuttamisesta<\/em>, 2013. Teos pohjautuu Untamo Utrion kirjoitukseen Heiniemen asutuksen vaiheista 1930-luvulla. Hankkeen toteuttamisesta vastasivat Aapo Kirvesniemi ja Esko Uotila. Uudistettu laitos ilmestyi 2018.<\/li>\n\n\n\n<li style=\"padding-right:var(--wp--preset--spacing--20);padding-left:var(--wp--preset--spacing--20)\">Kari Pohjakallio:&nbsp;<em>Seuratuvan ajoista Halmeen vintille<\/em>, julkistettiin Kauklahdessa 2014.<\/li>\n\n\n\n<li style=\"padding-right:var(--wp--preset--spacing--20);padding-left:var(--wp--preset--spacing--20)\">Pirkko Kivim\u00e4ki \u2013 Esko Uotila:&nbsp;<em>Espoolaisia kansakoulumuistoja<\/em>, 2015.<br>Espoon perinneseuralle my\u00f6nnettiin v. 2014 erityispalkintona&nbsp;<strong>kunniakirja Minun koulumuistoni \u2011keruussa<\/strong>. Keruun j\u00e4rjestiv\u00e4t Suomen kasvatuksen ja koulutuksen historian seura ja Suomalaisen Kirjallisuuden Seuran kansanrunousarkisto. Keruuhankkeesta ovat perinneseurassa vastanneet Pirkko Kivim\u00e4ki ja Esko Uotila. Kunniakirja luovutettiin Minun koulumuistoni -seminaarissa 28.10.2014 SKS:n juhlasalissa Helsingiss\u00e4.<\/li>\n\n\n\n<li style=\"padding-right:var(--wp--preset--spacing--20);padding-left:var(--wp--preset--spacing--20)\">Pirkko Kivim\u00e4ki \u2013 Aapo Kirvesniemi \u2013 Esko Uotila:&nbsp;<em>Auroran kappeli \u2013 historiaa ja toimintaa<\/em>, 2015.<\/li>\n\n\n\n<li style=\"padding-right:var(--wp--preset--spacing--20);padding-left:var(--wp--preset--spacing--20)\">Maija-Liisa Kaistila et al.:&nbsp;<em>Kierros Espoon Kirkon hautausmaalla<\/em>, 2015.<br>Lis\u00e4painos 2018.<\/li>\n\n\n\n<li style=\"padding-right:var(--wp--preset--spacing--20);padding-left:var(--wp--preset--spacing--20)\">Pirkko Kivim\u00e4ki \u2013 Esko Uotila:&nbsp;<em>Tr\u00e4sk\u00e4ndan kartanon ja Aurora Karamzinin tarina<\/em>, 2016.<\/li>\n\n\n\n<li style=\"padding-right:var(--wp--preset--spacing--20);padding-left:var(--wp--preset--spacing--20)\">Martti Hellstr\u00f6m, toim.:&nbsp;<em>Usein ensimm\u00e4isen\u00e4 \u2013 Atso Vilkkij\u00e4rven taival rahastajapojasta opetusneuvokseksi<\/em>, 2016.<\/li>\n\n\n\n<li style=\"padding-right:var(--wp--preset--spacing--20);padding-left:var(--wp--preset--spacing--20)\">Seija Lohikoski:&nbsp;<em>Kapearaiteinen hevosrautatie ja \u201dryss\u00e4nhakkuut\u201d Espoossa 1915\u20131917<\/em>, 2017.<\/li>\n\n\n\n<li style=\"padding-right:var(--wp--preset--spacing--20);padding-left:var(--wp--preset--spacing--20)\">Maija-Liisa Kaistila \u2013 Maarit Malinen \u2013 Tarja Rae:&nbsp;<em>Kierros Espoon tuomiokirkossa<\/em>, 2017. Lis\u00e4painos ilmestyi 2018. Espoon tuomiokirkon esittely oli maaliskuussa 2016, jolloin Tarja Rae esitteli osallistujille kirkon historiaa, kattomaalauksia ja muita yksityiskohtia.<\/li>\n\n\n\n<li style=\"padding-right:var(--wp--preset--spacing--20);padding-left:var(--wp--preset--spacing--20)\">Esa Lahtinen:&nbsp;<em>Punaisin silmin \u2013 Espoon Kauklahti 1917-1918<\/em>, 2018.<\/li>\n\n\n\n<li style=\"padding-right:var(--wp--preset--spacing--20);padding-left:var(--wp--preset--spacing--20)\">Pirkko Kivim\u00e4ki \u2013 Esko Uotila:&nbsp;<em>Muuralan sairaala \u2013 Espoon ensimm\u00e4inen<\/em>, 2018.<\/li>\n\n\n\n<li style=\"padding-right:var(--wp--preset--spacing--20);padding-left:var(--wp--preset--spacing--20)\">Eija Koivum\u00e4ki \u2013 Nina M\u00e4kel\u00e4 \u2013 Leena Yrj\u00f6l\u00e4:&nbsp;<em>Aurora Karamzin -oppimateriaali peruskouluille<\/em>, 2019.<\/li>\n\n\n\n<li style=\"padding-right:var(--wp--preset--spacing--20);padding-left:var(--wp--preset--spacing--20)\">Tarja Rae:&nbsp;<em>El\u00e4m\u00e4\u00e4 entisajan Espoossa<\/em>, 2019.<\/li>\n\n\n\n<li style=\"padding-right:var(--wp--preset--spacing--20);padding-left:var(--wp--preset--spacing--20)\">Tarja Rae:&nbsp;<em>Keitti\u00f6muistoja ja ruokaohjeita Espoosta<\/em>, 2019.<\/li>\n\n\n\n<li style=\"padding-right:var(--wp--preset--spacing--20);padding-left:var(--wp--preset--spacing--20)\">Maija-Liisa Kaistila \u2013 Aapo Kirvesniemi \u2013 Pirkko Sillanp\u00e4\u00e4 \u2013 Esko Uotila:&nbsp;<em>Maatilojen Espoo<\/em>, 2020.<\/li>\n<\/ul>\n\n\n\n<p>Yhdistys on julkaissut omilla sivuillaan my\u00f6s lukuisan joukon verkkoartikkeleita kiinnostavista teemoista. Artikkelit on lopulta julkaistu painettuina kirjoina.<\/p>\n\n\n\n<p>My\u00f6hemmin t\u00e4n\u00e4 syksyn\u00e4 on odotettavissa Kari Forsbergin kirjoittama kirja espoolaisista kummitustarinoista, joita on luettavissa sivuillamme jo nyt:&nbsp;<a href=\"https:\/\/espoonperinneseura.net\/kummitustarinoita\/\" target=\"_blank\" rel=\"noreferrer noopener\">https:\/\/espoonperinneseura.net\/kummitustarinoita\/<\/a>. Kirjan design ja taitto ovat Leena Yrj\u00f6l\u00e4n k\u00e4sialaa.<\/p>\n\n\n\n<p>Lis\u00e4tietoja julkaisuista l\u00f6ytyy seuran verkkosivuilta:<br><a href=\"https:\/\/espoonperinneseura.net\/julkaisut\/\" target=\"_blank\" rel=\"noreferrer noopener\">https:\/\/espoonperinneseura.net\/julkaisut\/<\/a><\/p>\n\n\n\n<h4 class=\"wp-block-heading\">Huomionosoitus<\/h4>\n\n\n\n<figure class=\"wp-block-image size-full is-resized\"><img loading=\"lazy\" decoding=\"async\" width=\"1000\" height=\"374\" src=\"https:\/\/espoonperinneseura.net\/historiikki\/wp-content\/uploads\/2025\/10\/Espoo-mitalit2014.jpg\" alt=\"\" class=\"wp-image-359\" style=\"width:627px;height:auto\" srcset=\"https:\/\/espoonperinneseura.net\/historiikki\/wp-content\/uploads\/2025\/10\/Espoo-mitalit2014.jpg 1000w, https:\/\/espoonperinneseura.net\/historiikki\/wp-content\/uploads\/2025\/10\/Espoo-mitalit2014-300x112.jpg 300w, https:\/\/espoonperinneseura.net\/historiikki\/wp-content\/uploads\/2025\/10\/Espoo-mitalit2014-768x287.jpg 768w\" sizes=\"auto, (max-width: 1000px) 100vw, 1000px\" \/><\/figure>\n\n\n\n<p><\/p>\n\n\n\n<p>Perinneseuran aktiiviselle j\u00e4senelle&nbsp;<strong>Pirkko Kivim\u00e4elle<\/strong>&nbsp;(kuvassa kahdeksas oikealta) ojennettiin v<strong>uoden 2014 Espoo-mitali<\/strong>&nbsp;itsen\u00e4isyysp\u00e4iv\u00e4n juhlassa Barona Areenalla. Mitali my\u00f6nnettiin tunnustuksena merkitt\u00e4v\u00e4st\u00e4 panoksesta espoolaisen kotiseutuperinteen tallentamisessa. Pirkko on kirjoittanut perinneseuran verkkosivuille laajan artikkelisarjan Tr\u00e4sk\u00e4ndan kartanosta ja Aurora Karamzinista. H\u00e4n on kirjoittanut my\u00f6s Espoon kansakoulujen historiasta ja ker\u00e4nnyt lukuisia espoolaisia koulumuistoja, joita julkaistiin ensin verkossa ja sittemmin kev\u00e4\u00e4ll\u00e4 2015 ilmestyneess\u00e4 kirjassa.<\/p>\n\n\n\n<h4 class=\"wp-block-heading\">Kev\u00e4t- ja syysseminaarit pohjustavat ja siivitt\u00e4v\u00e4t kirjojen julkistuksia<\/h4>\n\n\n\n<p>Kuten sanottu, perinneseuran ydintoimintaa ovat my\u00f6s vuosittain j\u00e4rjestett\u00e4v\u00e4t kev\u00e4t- ja syysseminaarit. Kirjojen julkistukset on pyritty ajoittamaan seminaarien yhteyteen. Seminaarit ovat olleet vuorovaikutteisia tapahtumia, joissa kirjojen tekij\u00e4t ovat esitelleet ty\u00f6ns\u00e4 tulokset ja vastanneet kuulijoiden kysymyksiin. Vuosi 2020 on osoittautunut vaikeaksi Covid-19 -taudin vuoksi, ainakin kev\u00e4tseminaarin j\u00e4rjest\u00e4misen kannalta.<\/p>\n\n\n\n<p>Esimerkiksi vuoden 2013 kev\u00e4tseminaarin teemana olivat&nbsp;<strong>kouluasiat<\/strong>. P\u00e4\u00e4puhuja oli Helsingin yliopiston historiallis-yhteiskuntatiedollisen kasvatuksen professori Jukka Rantala, my\u00f6s Suomen kasvatuksen ja koulutuksen historian seuran puheenjohtaja. Tilaisuudessa oli 45 osallistujaa.<\/p>\n\n\n\n<p>Vuoden 2016 kev\u00e4tseminaari j\u00e4rjestettiin 24.4.2016 Parkvillassa. Seminaarin teemana oli&nbsp;<strong>Yritt\u00e4minen Espoossa<\/strong>. Ohjelmassa oli kaksi mielenkiintoista esityst\u00e4:<br>\u2022 Arja Salmi, Lepp\u00e4vaara-seuran puheenjohtaja:&nbsp;<em>Lepp\u00e4vaaran yritysten historia<\/em>, sek\u00e4<br>\u2022 Kai Halme:&nbsp;<em>Halmeen leipomon historia<\/em>.<\/p>\n\n\n\n<figure class=\"wp-block-image alignleft\" style=\"margin-top:var(--wp--preset--spacing--10);margin-right:var(--wp--preset--spacing--10);margin-bottom:var(--wp--preset--spacing--10);margin-left:var(--wp--preset--spacing--10)\"><img decoding=\"async\" src=\"https:\/\/espoonperinneseura.net\/wp-content\/uploads\/2017\/11\/Syysseminaari-7.11.2017-2net-269x300.jpg\" alt=\"\" class=\"wp-image-4171\"\/><\/figure>\n\n\n\n<p>Suomi 100 -juhlavuoden kunniaksi j\u00e4rjestettiin syysseminaari marraskuussa 2017 Entressen kirjaston tiloissa. Filosofian maisteri Maija-Liisa Kaistilan (kuvassa) esitys&nbsp;<strong>Maan \u00e4idit Ester St\u00e5hlbergista Gerda Rytiin<\/strong>&nbsp;kiinnosti kuulijoita niin paljon, ett\u00e4 oli tarpeen j\u00e4rjest\u00e4\u00e4 toinen tilaisuus,&nbsp;<em>Maan \u00e4idit II,&nbsp;<\/em>vuoden 2018 alkupuolella.<\/p>\n\n\n\n<p><strong>Maan \u00e4idit II<\/strong>&nbsp;-esitelm\u00e4tilaisuus j\u00e4rjestettiin kauppakeskus Sellon kirjaston tiloissa helmikuussa 2018, jolloin Maija-Liisa Kaistila esitteli&nbsp;<strong>Maan \u00e4idit Alli Paasikivest\u00e4 Jenni Haukioon.<\/strong>&nbsp;Mukaan mahtui my\u00f6s yksi miespuolinen \u201dmaan \u00e4iti\u201d.<\/p>\n\n\n\n<p><strong>Vuoden 2018 kev\u00e4tseminaari<\/strong>&nbsp;j\u00e4rjestettiin toukokuussa Entressen kirjaston tiloissa. Tilaisuudessa kuultiin kaksi ajankohtaista ja mielenkiintoista esityst\u00e4:<br>\u2022 Esa Lahtisen esitys&nbsp;<strong>Vuosi 1918 Espoossa<\/strong>&nbsp;perustui h\u00e4nen tuoreeseen kirjaansa&nbsp;<em>Punaisin silmin \u2013 Espoon Kauklahti 1917-1918<\/em>.<br>\u2022 Markku Salmen esitys k\u00e4sitteli&nbsp;<strong>Lepp\u00e4vaaran taisteluja<\/strong>.<\/p>\n\n\n\n<p>Saman vuoden syysseminaari j\u00e4rjestettiin marraskuussa Entressen kirjaston tiloissa. Teemana oli&nbsp;<strong>Espoon sairaanhoidon historia<\/strong>, josta kertoi Espoon perusturvajohtaja Juha Metso. Pirkko Kivim\u00e4en ja Esko Uotilan kirja&nbsp;<em>Muuralan sairaala \u2013 Espoon ensimm\u00e4inen<\/em>&nbsp;julkistettiin silloin.<\/p>\n\n\n\n<h4 class=\"wp-block-heading\">Aurora Karamzin esiin<\/h4>\n\n\n\n<p>Perinneseuraan perustettiin vuonna 2015 Meid\u00e4n Aurora -tiimi. Sen tarkoituksena oli Aurora Karamzinin, aikansa vaikuttajanaisen, el\u00e4m\u00e4nty\u00f6n merkityksen nostaminen esiin historian h\u00e4m\u00e4r\u00e4st\u00e4 sek\u00e4 liputusp\u00e4iv\u00e4n saaminen kalenteriin. Tiimin vet\u00e4j\u00e4ksi valittiin perinneseuran hallituksen j\u00e4sen Kari Koivum\u00e4ki.<\/p>\n\n\n\n<p><strong>Meid\u00e4n Aurora -juhla<\/strong>&nbsp;j\u00e4rjestettiin sunnuntaina 11.9.2016 Villa Elfvikiss\u00e4. Osallistujia oli runsaat 50. Juhlan valmistelu- ja toteutusvastuu oli Meid\u00e4n Aurora -tiimill\u00e4 Kari Koivum\u00e4en johdolla.<\/p>\n\n\n\n<p>Ohjelmassa kirjailija Raija Oranen kertoi Aurora Karamzinin roolista ja merkityksest\u00e4 yhteiskunnallisena vaikuttajana ja Suomen puolestapuhujana tsaarin hovissa Pietarissa. N\u00e4yttelij\u00e4 Marika Sampio-Utriainen esitti keskeisi\u00e4 vaiheita Auroran el\u00e4m\u00e4st\u00e4.<\/p>\n\n\n\n<p>Ohjelmassa oli my\u00f6s paneelikeskustelu (kuvassa ylh\u00e4\u00e4ll\u00e4) panelisteina (oik.) opetusneuvos Martti Hellstr\u00f6m, Espoon kaupunginmuseon asiakkuusp\u00e4\u00e4llikk\u00f6 Marianne L\u00e5ngvik-Huomo sek\u00e4 dosentti, lehtori Mikko Malkavaara Helsingin Diakonissalaitokselta.<\/p>\n\n\n\n<p>Tapahtuman my\u00f6t\u00e4 espoolaisten keskuudessa virisi uusi innostus Auroran Karamzinin perinn\u00f6n kunnioittamiseen ja Tr\u00e4sk\u00e4ndan kartanon kuntoon saattamisen vauhdittamiseen.<\/p>\n\n\n\n<p>T\u00e4rkeit\u00e4 yhteisty\u00f6kumppaneita ovat olleet Helsingin Diakonissalaitos ja Tr\u00e4sk\u00e4ndan kartanon yst\u00e4v\u00e4t ry. Meid\u00e4n Aurora -tiimin aloitteesta perinneseura ja Helsingin Diakonissalaitos l\u00e4hettiv\u00e4t syksyll\u00e4 2016 yhteisen anomuksen sis\u00e4asiainministeri\u00f6lle liputusp\u00e4iv\u00e4n saamiseksi Aurora Karamzinin kunniaksi.<\/p>\n\n\n\n<p>Perinneseura j\u00e4rjesti vuotuisen kev\u00e4tseminaarin toukokuussa 2019 kaupunginmuseossa. Sis\u00e4lt\u00f6n\u00e4 oli&nbsp;<strong>Aurora Karamzin -oppimateriaali peruskouluille<\/strong>&nbsp;-kirjan julkistus keskusteluineen. Aineiston tuotti seuran Meid\u00e4n Aurora -tiimi puheenjohtajansa Kari Koivum\u00e4en johdolla. Tekij\u00e4t olivat espoolaiset opettajat Eija Koivum\u00e4ki, Nina M\u00e4kel\u00e4 ja Leena Yrj\u00f6l\u00e4.<\/p>\n\n\n\n<p>Meid\u00e4n Aurora -tiimi ahkeroi my\u00f6s Tr\u00e4sk\u00e4ndan kartanon peruskorjauksen k\u00e4ynnist\u00e4miseen liittyv\u00e4ss\u00e4 aloitetoiminnassa sek\u00e4 yhteisty\u00f6kumppaneiden kartoittamisessa ja organisaatiomallin selkiinnytt\u00e4misess\u00e4 yhteisty\u00f6ss\u00e4 Espoon kaupungin ja Tr\u00e4sk\u00e4ndan kartanon yst\u00e4v\u00e4t ry:n kanssa.<\/p>\n\n\n\n<h4 class=\"wp-block-heading\">Esimerkkej\u00e4 muista tapahtumista<\/h4>\n\n\n\n<p>Vuoden 1918 tapahtumiin liittyen j\u00e4rjestettiin maaliskuussa 2018 opastettu kierros Espoon kaupunginmuseon n\u00e4yttelyyn&nbsp;<strong>S\u00e4rkynyt el\u00e4m\u00e4 \u2013 Espoo sis\u00e4llissodassa<\/strong>. Sit\u00e4 edelsi tapaaminen filosofian tohtori, museonjohtaja Maarit Henttosen ja museon muun johdon kanssa.<\/p>\n\n\n\n<p>Vuoden 2018 huhtikuussa perehdyttiin Espoon postin historiaan. Janne Nikkanen esitelm\u00f6i&nbsp;<strong>Espoon postihistoriasta<\/strong>&nbsp;alkaen 1600-luvulta vuoteen 1975. Tapahtumapaikka oli Ison Omenan kirjaston Stage Matinkyl\u00e4ss\u00e4.<\/p>\n\n\n\n<figure class=\"wp-block-image alignleft is-resized\" style=\"margin-top:var(--wp--preset--spacing--20);margin-right:var(--wp--preset--spacing--20);margin-bottom:var(--wp--preset--spacing--20);margin-left:var(--wp--preset--spacing--20)\"><img decoding=\"async\" src=\"https:\/\/espoonperinneseura.net\/wp-content\/uploads\/2018\/08\/Aurora-1.8.2018-2-1024x527.jpg\" alt=\"\" class=\"wp-image-4417\" style=\"width:551px;height:auto\"\/><\/figure>\n\n\n\n<p><strong>Aurora Karamzinin syntym\u00e4p\u00e4ivi\u00e4<\/strong>&nbsp;(kuvassa) on vietetty muutaman kerran elokuun alussa. Auroran 210-vuotisjuhla j\u00e4rjestettiin Tr\u00e4sk\u00e4ndan kartanon puistossa 1.8.2018. Perinneseuran Meid\u00e4n Aurora -tiimi vastasi suunnittelusta ja toteutuksesta yhdess\u00e4 Tr\u00e4sk\u00e4ndan kartanon yst\u00e4v\u00e4t ry:n kanssa. Tapahtuma alkoi Auroran promenadilla, jossa oppaana toimi Mari Anthoni. Marika Sampio-Utriainen esitti osia Aurora-n\u00e4ytelm\u00e4st\u00e4\u00e4n. K\u00e4velyn aikana tutustuttiin kartanon keskeisiin l\u00e4hikohteisiin. K\u00e4velyn p\u00e4\u00e4tteeksi perinneseura tarjosi Auroran syntym\u00e4p\u00e4iv\u00e4n kunniaksi kakkukahvit Tr\u00e4sk\u00e4ndan kartanon puiston Piparkakkutalossa. Vuoden 2020 syntym\u00e4p\u00e4iv\u00e4tapahtuma peruuntui koronan vuoksi.<\/p>\n\n\n\n<p>Meid\u00e4n Aurora -tiimi j\u00e4rjesti vierailun&nbsp;<strong>Helsingin Diakonissalaitokselle<\/strong>&nbsp;maaliskuussa 2017. Oppaana oli Diakonissalaitoksen Jaana af H\u00e4llstr\u00f6m. Laitoksen perustaja on Aurora Karamzin.<\/p>\n\n\n\n<p><strong>SyysMatin Markkinat<\/strong>&nbsp;on perinneseuralle t\u00e4rke\u00e4 vuotuinen tapahtuma Kirkonm\u00e4ell\u00e4.<br>Seuran n\u00e4yttelyosastolla esitell\u00e4\u00e4n yhdistyksen toimintaa ja myyd\u00e4\u00e4n seuran julkaisemia kirjoja.<br>Kuvassa ty\u00f6vuorossa olevat Aapo Kirvesniemi (vas.) ja Kari Forsberg.<\/p>\n\n\n\n<p><strong>Vuoden 2017 kes\u00e4retki<\/strong>&nbsp;toteutettiin Oittaan kartanolle kes\u00e4kuussa teemalla&nbsp;<strong>Murharetki Bodomiin<\/strong>. Oppaana toimi aiheesta kirjan kirjoittanut Ulf Johansson Pohjois-Espoosta.<br>Osallistujia oli enn\u00e4tysm\u00e4\u00e4r\u00e4 ja keskustelu vilkasta.<\/p>\n\n\n\n<p>Elokuussa 2017 j\u00e4rjestettiin j\u00e4senille opastettu k\u00e4ynti&nbsp;<strong>Kansalliskirjastoon<\/strong>. Osallistujat kokivat vierailun huikeana el\u00e4myksen\u00e4: Kansalliskirjasto on upea kansallinen aarteemme.<\/p>\n\n\n\n<h4 class=\"wp-block-heading\">Kokoukset<\/h4>\n\n\n\n<p>Yhdistyksen toimintaa on hoidettu tarkasti ja tuloksellisesti.&nbsp;<strong>S\u00e4\u00e4nt\u00f6m\u00e4\u00e4r\u00e4iset syys- ja kev\u00e4tkokoukset<\/strong>&nbsp;on toteutettu syys- ja kev\u00e4tseminaarien yhteydess\u00e4, seminaarien j\u00e4lkeen.<\/p>\n\n\n\n<p><strong>Hallitus<\/strong>&nbsp;on kokoontunut 6-8 kertaa vuodessa. Vuoden 2020 kokouksia on toteutettu suurelta osin et\u00e4kokouksina kehittynytt\u00e4 viestint\u00e4teknologiaa hy\u00f6dynt\u00e4en.<\/p>\n\n\n\n<h4 class=\"wp-block-heading\">Viestint\u00e4<\/h4>\n\n\n\n<p>Seura on viime vuosina hoitanut viestint\u00e4teht\u00e4v\u00e4\u00e4ns\u00e4 6-7 kertaa vuodessa ilmestyvill\u00e4 s\u00e4hk\u00f6isill\u00e4 Uutiskirjeill\u00e4, jotka l\u00e4hetet\u00e4\u00e4n j\u00e4senille s\u00e4hk\u00f6postitse. My\u00f6s Facebook on tiedotusk\u00e4yt\u00f6ss\u00e4.<\/p>\n\n\n\n<h4 class=\"wp-block-heading\">Espoon perinneseuran hallitus 2020<\/h4>\n\n\n\n<p>Martti Hellstr\u00f6m, puheenjohtaja<br>Esko Uotila, varapuheenjohtaja<br>Marjatta Kuitunen, sihteeri<br>Kari Forsberg, rahastonhoitaja<br>Rainer Lahti, j\u00e4sen<br>Seija Lohikoski, j\u00e4sen<br>Tarja Rae, j\u00e4sen<br>Heikki Sorvari, j\u00e4sen<br>Leena Yrj\u00f6l\u00e4, j\u00e4sen<\/p>\n\n\n\n<p><em>Teksti: Marjatta Kuitunen<\/em><br><em>Kuvitus: Esko Uotila<\/em><\/p>\n","protected":false},"excerpt":{"rendered":"<p>Kurkistuksia Espoon perinneseuran toimintaan 2011-2020 Espoon perinneseuran ja sen edelt\u00e4j\u00e4n Espoon perinneyhdistys Auroran toiminnan tarkoituksena on ollut alusta alkaen perinne- ja kotiseututy\u00f6n edist\u00e4minen, yll\u00e4pit\u00e4minen ja vaaliminen yhteisty\u00f6ss\u00e4 n\u00e4it\u00e4 asioita tuottavien tahojen kanssa koko Espoon alueella. Yhdistyksen uusi nimi, Espoon perinneseura ry, otettiin k\u00e4ytt\u00f6\u00f6n huhtikuussa 2014. Toiminnan runkona olivat julkaisut, tapahtumat sek\u00e4 muu perinne- ja kotiseututy\u00f6h\u00f6n [&hellip;]<\/p>\n","protected":false},"author":1,"featured_media":0,"parent":0,"menu_order":0,"comment_status":"closed","ping_status":"closed","template":"","meta":{"footnotes":""},"class_list":["post-226","page","type-page","status-publish","hentry"],"_links":{"self":[{"href":"https:\/\/espoonperinneseura.net\/historiikki\/wp-json\/wp\/v2\/pages\/226","targetHints":{"allow":["GET"]}}],"collection":[{"href":"https:\/\/espoonperinneseura.net\/historiikki\/wp-json\/wp\/v2\/pages"}],"about":[{"href":"https:\/\/espoonperinneseura.net\/historiikki\/wp-json\/wp\/v2\/types\/page"}],"author":[{"embeddable":true,"href":"https:\/\/espoonperinneseura.net\/historiikki\/wp-json\/wp\/v2\/users\/1"}],"replies":[{"embeddable":true,"href":"https:\/\/espoonperinneseura.net\/historiikki\/wp-json\/wp\/v2\/comments?post=226"}],"version-history":[{"count":10,"href":"https:\/\/espoonperinneseura.net\/historiikki\/wp-json\/wp\/v2\/pages\/226\/revisions"}],"predecessor-version":[{"id":362,"href":"https:\/\/espoonperinneseura.net\/historiikki\/wp-json\/wp\/v2\/pages\/226\/revisions\/362"}],"wp:attachment":[{"href":"https:\/\/espoonperinneseura.net\/historiikki\/wp-json\/wp\/v2\/media?parent=226"}],"curies":[{"name":"wp","href":"https:\/\/api.w.org\/{rel}","templated":true}]}}