{"id":365,"date":"2025-10-22T10:59:09","date_gmt":"2025-10-22T07:59:09","guid":{"rendered":"https:\/\/espoonperinneseura.net\/historiikki\/?page_id=365"},"modified":"2025-10-23T15:05:17","modified_gmt":"2025-10-23T12:05:17","slug":"nallevaarin-tervehdys","status":"publish","type":"page","link":"https:\/\/espoonperinneseura.net\/historiikki\/nallevaarin-tervehdys\/","title":{"rendered":"Nallevaarin tervehdys Espoon Perinneseuran t\u00e4ytt\u00e4ess\u00e4 tasavuosia"},"content":{"rendered":"\n<h2 class=\"wp-block-heading\" style=\"margin-right:0;margin-left:0;padding-right:var(--wp--preset--spacing--10);padding-left:var(--wp--preset--spacing--10)\">Nallevaarin tervehdys Espoon perinneseuran t\u00e4ytt\u00e4ess\u00e4 tasavuosia<\/h2>\n\n\n\n<p style=\"padding-right:var(--wp--preset--spacing--10);padding-left:var(--wp--preset--spacing--10)\"><\/p>\n\n\n\n<div class=\"wp-block-columns is-layout-flex wp-container-core-columns-is-layout-28f84493 wp-block-columns-is-layout-flex\">\n<div class=\"wp-block-column is-layout-flow wp-block-column-is-layout-flow\" style=\"flex-basis:33.33%\">\n<figure class=\"wp-block-image size-large\" style=\"margin-right:var(--wp--preset--spacing--10);margin-left:var(--wp--preset--spacing--10)\"><img loading=\"lazy\" decoding=\"async\" width=\"768\" height=\"1024\" src=\"https:\/\/espoonperinneseura.net\/historiikki\/wp-content\/uploads\/2025\/10\/Nallevaari-768x1024.jpg\" alt=\"\" class=\"wp-image-373\" srcset=\"https:\/\/espoonperinneseura.net\/historiikki\/wp-content\/uploads\/2025\/10\/Nallevaari-768x1024.jpg 768w, https:\/\/espoonperinneseura.net\/historiikki\/wp-content\/uploads\/2025\/10\/Nallevaari-225x300.jpg 225w, https:\/\/espoonperinneseura.net\/historiikki\/wp-content\/uploads\/2025\/10\/Nallevaari-1152x1536.jpg 1152w, https:\/\/espoonperinneseura.net\/historiikki\/wp-content\/uploads\/2025\/10\/Nallevaari-1536x2048.jpg 1536w, https:\/\/espoonperinneseura.net\/historiikki\/wp-content\/uploads\/2025\/10\/Nallevaari-scaled.jpg 1920w\" sizes=\"auto, (max-width: 768px) 100vw, 768px\" \/><\/figure>\n<\/div>\n\n\n\n<div class=\"wp-block-column is-layout-flow wp-block-column-is-layout-flow\"><\/div>\n\n\n\n<div class=\"wp-block-column is-layout-flow wp-block-column-is-layout-flow\" style=\"flex-basis:75%\">\n<p style=\"padding-right:0;padding-left:0\">Nallevaari j\u00e4rjesteli viimeisi\u00e4 hunajapurkkejaan pes\u00e4ns\u00e4 talvikomeroon. Hunajaa piti s\u00e4il\u00f6\u00e4 talveksi. Vaari itse kyll\u00e4 aikoi nukkua kev\u00e4\u00e4seen saakka, mutta nuo naapuripes\u00e4n pennut olivat aika vallattomia ja her\u00e4iliv\u00e4t milloin sattuu. Edelliskev\u00e4\u00e4n\u00e4 ne olivat her\u00e4tt\u00e4neet vaarin kesken makeimpien talviunien. <\/p>\n\n\n\n<p>T\u00e4n\u00e4 talvena Nallevaari p\u00e4\u00e4tti olla varautunut. Purkki hunajaa saisi pennut nukahtamaan saman tien uudestaan.<\/p>\n\n\n\n<p>Nallevaari haukotteli pitk\u00e4\u00e4n ja p\u00e4\u00e4tti k\u00f6mpi\u00e4 mukavalle sammalvuoteelleen nukkumaan. Siell\u00e4 se nukkuisi silloinkin, kun Perinneseura t\u00e4ytt\u00e4\u00e4 vuosia. Karhut pit\u00e4v\u00e4t perinteest\u00e4\u2026ainakin talviuniperinteest\u00e4!<\/p>\n\n\n\n<p><em>Tarja Rae<\/em><\/p>\n<\/div>\n<\/div>\n","protected":false},"excerpt":{"rendered":"<p>Nallevaarin tervehdys Espoon perinneseuran t\u00e4ytt\u00e4ess\u00e4 tasavuosia Nallevaari j\u00e4rjesteli viimeisi\u00e4 hunajapurkkejaan pes\u00e4ns\u00e4 talvikomeroon. Hunajaa piti s\u00e4il\u00f6\u00e4 talveksi. Vaari itse kyll\u00e4 aikoi nukkua kev\u00e4\u00e4seen saakka, mutta nuo naapuripes\u00e4n pennut olivat aika vallattomia ja her\u00e4iliv\u00e4t milloin sattuu. Edelliskev\u00e4\u00e4n\u00e4 ne olivat her\u00e4tt\u00e4neet vaarin kesken makeimpien talviunien. T\u00e4n\u00e4 talvena Nallevaari p\u00e4\u00e4tti olla varautunut. Purkki hunajaa saisi pennut nukahtamaan saman tien [&hellip;]<\/p>\n","protected":false},"author":1,"featured_media":0,"parent":0,"menu_order":0,"comment_status":"closed","ping_status":"closed","template":"","meta":{"footnotes":""},"class_list":["post-365","page","type-page","status-publish","hentry"],"_links":{"self":[{"href":"https:\/\/espoonperinneseura.net\/historiikki\/wp-json\/wp\/v2\/pages\/365","targetHints":{"allow":["GET"]}}],"collection":[{"href":"https:\/\/espoonperinneseura.net\/historiikki\/wp-json\/wp\/v2\/pages"}],"about":[{"href":"https:\/\/espoonperinneseura.net\/historiikki\/wp-json\/wp\/v2\/types\/page"}],"author":[{"embeddable":true,"href":"https:\/\/espoonperinneseura.net\/historiikki\/wp-json\/wp\/v2\/users\/1"}],"replies":[{"embeddable":true,"href":"https:\/\/espoonperinneseura.net\/historiikki\/wp-json\/wp\/v2\/comments?post=365"}],"version-history":[{"count":10,"href":"https:\/\/espoonperinneseura.net\/historiikki\/wp-json\/wp\/v2\/pages\/365\/revisions"}],"predecessor-version":[{"id":422,"href":"https:\/\/espoonperinneseura.net\/historiikki\/wp-json\/wp\/v2\/pages\/365\/revisions\/422"}],"wp:attachment":[{"href":"https:\/\/espoonperinneseura.net\/historiikki\/wp-json\/wp\/v2\/media?parent=365"}],"curies":[{"name":"wp","href":"https:\/\/api.w.org\/{rel}","templated":true}]}}