{"id":390,"date":"2025-10-22T11:35:13","date_gmt":"2025-10-22T08:35:13","guid":{"rendered":"https:\/\/espoonperinneseura.net\/historiikki\/?page_id=390"},"modified":"2025-12-29T19:30:30","modified_gmt":"2025-12-29T17:30:30","slug":"perinneseuran-tulevaisuus","status":"publish","type":"page","link":"https:\/\/espoonperinneseura.net\/historiikki\/perinneseuran-tulevaisuus\/","title":{"rendered":"Perinneseuran tulevaisuus"},"content":{"rendered":"\n<h2 class=\"wp-block-heading\">Tulevaisuus<\/h2>\n\n\n\n<p>Espoon perinneseuran kymmenvuotiskatsauksessa oli erillinen tulevaisuusosio. Nyt tuota tulevaisuutta on eletty 15 vuotta. Tulevaisuutta ei silloin varsinaisesti ennustettu. Esitettiin useita kokonaisuuksia \u2013 per\u00e4ti kaksitoista, joissa tulevaisuudessa saattaisi olla muutoksia ja mahdollisuuksia kehitykseen. Kun nyt pohdimme tulevaa tulevaisuutta, voisimme ensiksi tarkastella, mit\u00e4 on tapahtunut asioille tuon menneen tulevaisuuden suhteen. K\u00e4yt\u00e4mme samoja otsikoita kuin 2010. Yhteisty\u00f6st\u00e4 toiminnassa on erillinen kirjoitus.<\/p>\n\n\n\n<p>Esitimme, ett\u00e4 seuralla voisi olla \u201dslogan\u201d eli iskulause tai motto. Asia ei ole ollut esill\u00e4, eik\u00e4 hienoksi ja omaksi mukautunutta ilmaisua ole syntynyt. Ehk\u00e4 tulevat vuodet tuovat. Vaakuna meill\u00e4 on, ja siit\u00e4 on johdettu yksinkertainen logo.<\/p>\n\n\n\n<p>Ehk\u00e4 nytk\u00e4\u00e4n ei ole tarpeellista asettaa tulevaisuudelle selvi\u00e4 mitattavia tavoitteita, mutta kuten aikaisemminkin, voimme luetella asioita, joissa voimme n\u00e4hd\u00e4 muutoksia. Voimmeko jostain luopua tai v\u00e4hent\u00e4\u00e4 huomiotamme ja erikoisesti, mihin pit\u00e4isi panostaa enemm\u00e4n.<\/p>\n\n\n\n<p><strong>J\u00e4senm\u00e4\u00e4r\u00e4<\/strong><\/p>\n\n\n\n<p>Alle sadan henkil\u00f6n j\u00e4senm\u00e4\u00e4r\u00e4 on melko tavallinen vastaavanlaisissa yhteis\u00f6iss\u00e4. J\u00e4senm\u00e4\u00e4r\u00e4 on hieman kasvanut, mutta vuotuinen kasvu on kuitenkin vain muutamia. Espoon oma kasvu perustuu muualta muuttaneiden vaikutukseen. On varsin ymm\u00e4rrett\u00e4v\u00e4\u00e4, ett\u00e4 uusien tulokkaiden mielenkiinto ei ensisijaisesti kohdistu Espoon perinneasioihin.<\/p>\n\n\n\n<p>J\u00e4senm\u00e4\u00e4r\u00e4n suuruudella ei sin\u00e4ns\u00e4 ole oleellista merkityst\u00e4, sill\u00e4 varsinaisen ty\u00f6n ja muut aktiviteetit hoituvat kahdeksan hengen hallituksen ja j\u00e4senist\u00e4 muodostuvan muutaman hengen asiantuntijaryhm\u00e4n toimesta. Seuran talouteen ei j\u00e4senm\u00e4\u00e4r\u00e4ll\u00e4 liioin ole suurta vaikutusta, koska j\u00e4senmaksu on tarkoituksella pidetty alhaisena, jotta maksu ei est\u00e4isi j\u00e4seneksi liittymist\u00e4. Oma varainhankintatoimintamme riitt\u00e4\u00e4 kattamaan kustannukset. J\u00e4senm\u00e4\u00e4r\u00e4n kasvu on tietysti toivottavaa, sill\u00e4 se lis\u00e4\u00e4 eitt\u00e4m\u00e4tt\u00e4 todenn\u00e4k\u00f6isyytt\u00e4 saada hallitukseen tai asiantuntijoiksi uusia aktiivisia perinneasioista kiinnostuneita.<\/p>\n\n\n\n<p>J\u00e4senm\u00e4\u00e4r\u00e4n kasvattaminen on aina ollut vuosisuunnitelmissa mukana. Emme ole kuitenkaan koskaan laatineet todellista toteuttamiskelpoista suunnitelmaa, saatikka sit\u00e4 toteuttaneet. J\u00e4senm\u00e4\u00e4r\u00e4 on kasvanut toimintamme oheisilmi\u00f6n\u00e4 ja sen on katsottu k\u00e4yt\u00e4nn\u00f6ss\u00e4 riitt\u00e4v\u00e4n. Sosiaalista mediaa voidaan soveltaa j\u00e4senm\u00e4\u00e4r\u00e4n kasvatuskeinona. Ideoita j\u00e4senm\u00e4\u00e4r\u00e4n kasvattamiseksi on ollut. Toistaiseksi niiden todellista kokeilua ei ole tehty.<\/p>\n\n\n\n<p>Olisi my\u00f6s melkoisella tarkkuudella laskettavissa toiminnassa 25 vuoden aikana olleiden j\u00e4senten m\u00e4\u00e4r\u00e4. Nelj\u00e4nnesvuosisadassa on moni jo siirtynyt kokonaan pois ja aktiivinen toiminta on loppunut, mutta panos toimintaan v\u00e4hint\u00e4\u00e4nkin seuraajana ja j\u00e4senmaksun maksajana on annettu.<\/p>\n\n\n\n<p><strong>Julkaisujen m\u00e4\u00e4r\u00e4<\/strong><\/p>\n\n\n\n<p>Jo aivan seuramme syntyhetkist\u00e4 l\u00e4htien on julkaisutoiminnan merkitys ollut oleellisen t\u00e4rke\u00e4. Se s\u00e4ilytt\u00e4\u00e4 toimintamme tulokset ja samalla tuottaa toiminnassa tarvittavan rahan. Tilill\u00e4 on aina ollut seuraavan julkaisun tekemiseen tarvittava varanto. Kaikki kirjat ovat tuottaneet v\u00e4hint\u00e4\u00e4n kustannuksensa, ja monet ovat osoittautuneet hyvinkin tuottaviksi. Nykyajan kirjapainotekniikka mahdollistaa pienenkin ensipainosm\u00e4\u00e4r\u00e4n tilaamisen edullisesti. Kun menekki\u00e4 sitten sattuu olemaan, uusintatilaus voidaan riskitt\u00f6m\u00e4sti tehd\u00e4. Kirjoja on valmistunut keskim\u00e4\u00e4rin yksi vuodessa, mik\u00e4 on varmasti sopiva, jos ei vallan kunnioitettava tahti.<\/p>\n\n\n\n<p>Historiallisten aiheiden ohella varsinkin lapsille tarkoitetut tuotteet ovat olleet kysyttyj\u00e4. My\u00f6s Tr\u00e4sk\u00e4ndan kartanosta ja Espoon Tuomiokirkon vaiheista sek\u00e4 kummitustarinoista toimitetut kirjat ovat olleet suosittuja.<\/p>\n\n\n\n<p>Kotisivuillamme on ilmestynyt runsaasti j\u00e4senist\u00f6mme kirjoittamia artikkeleita erityisesti teema-aiheistamme. Muutamia kirjojamme on julkaistu kokonaisuudessaan luettavana kotisivuillamme.<\/p>\n\n\n\n<p>Uusista aiheista ei ole pulaa, mutta ehk\u00e4 olisi syyt\u00e4 tehd\u00e4 arviota, mist\u00e4 aiheista haluaisimme uusia syntyv\u00e4n.<\/p>\n\n\n\n<p><strong>Seminaarien yleis\u00f6m\u00e4\u00e4r\u00e4<\/strong><\/p>\n\n\n\n<p>Seminaarilla olemme k\u00e4sitt\u00e4neet yleis\u00f6tapahtumaa tietylle aiheelle. Seminaarilla on p\u00e4\u00e4luennoitsija ja joskus useitakin valmisteltuja esityksi\u00e4 aiheesta. Yleis\u00f6 on voinut osallistua alustettuun keskusteluun aiheesta. Teemavuosij\u00e4rjestelyss\u00e4 seminaari on ollut tietysti tuo teeman aihepiiri. Yleis\u00f6menestys on ollut melko laimeaa. Teemat ovat olleet luonteeltaan yleisaiheisia, ei yksitt\u00e4isi\u00e4 tapahtumia ja harvemmin julkista debattia muilla areenoilla saavuttaneita puheenaiheita. Yleis\u00f6tapahtuma, miss\u00e4 on selv\u00e4 mielenkiintoinen jo julkista huomiota saanut aihe tai henkil\u00f6kuvaus, vet\u00e4isi salit t\u00e4yteen. Kirjoittajia teema-aiheillemme on sen sijaan l\u00f6ytynyt hyvin.<\/p>\n\n\n\n<p>Muutoksia tilanteeseen tuskin on suuremmin odotettavissa. Seminaarien esitelm\u00f6itsij\u00f6ill\u00e4 ja tilaisuuden pitopaikalla on my\u00f6s merkityst\u00e4 yleis\u00f6m\u00e4\u00e4r\u00e4\u00e4n. Tilaisuuksien markkinoinnissa on varmaankin mahdollista kehitty\u00e4. Ristiriitaista kannanottoa koskevaa aihetta voisimme joskus rohkaistua kokeilemaan.<\/p>\n\n\n\n<p><strong>Tavoitteellisuutta kotisivuille, painetun lehtijulkaisun mahdollisuus<\/strong><\/p>\n\n\n\n<p>Kotisivujen tilannetta arvioidaan erillisess\u00e4 artikkelissa. Painetun s\u00e4\u00e4nn\u00f6llisesti ilmestyv\u00e4n lehden toimittamisen ajatuksesta on luovuttu. Uutiskirje on vakioitunut riitt\u00e4v\u00e4lle ilmestymis- ja tietosis\u00e4lt\u00f6 tasolle<\/p>\n\n\n\n<p><strong>J\u00e4senist\u00f6n resurssien arviointi ja j\u00e4senist\u00f6n aktivointi<\/strong><\/p>\n\n\n\n<p>J\u00e4seni\u00e4 on noin sata. J\u00e4senluettelo sis\u00e4lt\u00e4\u00e4 nimen ja osoitteen, sek\u00e4 osalle s\u00e4hk\u00f6postiosoitteen ja joskus puhelinnumeron. Tietosuojalaki ei salli muita tietoja liitett\u00e4v\u00e4n j\u00e4senluetteloon. Emme siis tied\u00e4, mit\u00e4 rikkauksia luettelossa vain nimen\u00e4 esiintyv\u00e4 voisi tuoda toimintaamme.<\/p>\n\n\n\n<p>Kun henkil\u00f6 on p\u00e4\u00e4tt\u00e4nyt tulla j\u00e4seneksi, on h\u00e4nell\u00e4 t\u00e4ytynyt olla mielenkiintoa seuramme toimintaan. Valitettavasti varsin harvoin t\u00e4m\u00e4 mielenkiinto edistyy aktiivitoiminnaksi. Seura ei ole ottanut tavakseen isommin kannustaa rivij\u00e4seni\u00e4\u00e4n. Rivij\u00e4seniss\u00e4 kuitenkin on kykyj\u00e4 ja osaamista, jolla olisi k\u00e4ytt\u00f6\u00e4.<\/p>\n\n\n\n<p>J\u00e4senist\u00f6n kykyjen arviointia ei ole tehty. Henkil\u00f6iden nimi- ja osoitetietojen lis\u00e4ksi on suhteellisen helppo selvitt\u00e4\u00e4 ammatit, i\u00e4t, toiminta ty\u00f6el\u00e4m\u00e4ss\u00e4 ja jopa harrastukset ja muut yhteiskunnalliset toiminnot. Kohtelias, innostava huomiointi saattaisi aktivoida passiivisen j\u00e4senen ja n\u00e4in olisi taas uusi, edelleen innostustaan levitt\u00e4v\u00e4 j\u00e4sen seurassamme.<\/p>\n\n\n\n<p><strong>S\u00e4\u00e4nt\u00f6jen kriittinen tarkastelu&nbsp;<\/strong><\/p>\n\n\n\n<p>Seuramme viralliset s\u00e4\u00e4nn\u00f6t ovat tavanomaiset. Toiminta ei ole ollut ristiriidassa s\u00e4\u00e4nt\u00f6jen kanssa, joten muutoksiin ei ole ollut tarvetta. Muodollinen muutos on tilintarkastajanimikkeen muuttuminen toiminnantarkastajaksi.<\/p>\n\n\n\n<p><strong>J\u00e4senist\u00f6n koulutus perinnetutkimukseen<\/strong><\/p>\n\n\n\n<p>Seuramme ei ole tieteellinen tutkimusorganisaatio. Koulutusta perinneasioiden tunnistamiseen ja tutkimiseen ei ole kuulunut toimintaamme. Olemme l\u00e4hestyneet kohteiksi sovittuja asioita tavallisen kansalaisen tiedoilla ja taidoilla. Aikaansaannoksiamme seuraavat ovat p\u00e4\u00e4osiltaan my\u00f6s tavallisia kansalaisia, jotka eiv\u00e4t odotakaan tieteellisi\u00e4 tuloksia ja kannanottoja. Tilaisuuksissamme on ollut arvostettuja esitelm\u00f6itsij\u00f6it\u00e4 ja julkisuuden henkil\u00f6it\u00e4, jota k\u00e4yt\u00e4nt\u00f6\u00e4 pyrimme jatkamaan.<\/p>\n\n\n\n<p><strong>Koulutus s\u00e4hk\u00f6isten mediatekniikoitten k\u00e4ytt\u00f6\u00f6n<\/strong><\/p>\n\n\n\n<p>Kaikkialla yhteiskunnassa on tapahtunut valtava muutos median k\u00e4yt\u00f6ss\u00e4. Tekniikoiden hallinta on nuorille ja keski-ik\u00e4isille arkip\u00e4iv\u00e4\u00e4. Tulevaisuudessa on vaikea kuvitella, etteiv\u00e4tk\u00f6 j\u00e4senet suhteellisen hyvin hallitsisi mediatekniikoita. Nykyinen taitomme, kiitos oman hallitusj\u00e4senemme, alan ammattilaisen toimiessa opettajana, on riitt\u00e4nyt hyvinkin toimivalle tasolle. Systeemit n\u00e4ytt\u00e4v\u00e4n monipuolistuvan, mutta on yritett\u00e4v\u00e4 k\u00e4ytt\u00e4\u00e4 niit\u00e4 sill\u00e4 tasolla, joka riitt\u00e4\u00e4 meid\u00e4n tarpeisiimme. Erityisesti tuleva teko\u00e4lyn k\u00e4ytt\u00f6 vaatii lis\u00e4opiskelua. &nbsp;On vanha suomalainen sananlasku \u201dtuli on hyv\u00e4 renki mutta huono is\u00e4nt\u00e4\u201d, mik\u00e4 p\u00e4tee my\u00f6s teko\u00e4lyyn.<\/p>\n\n\n\n<p><strong>Oman arkiston ja pysyv\u00e4n n\u00e4yttelyn perustaminen<\/strong><\/p>\n\n\n\n<p>Kokousp\u00f6yt\u00e4kirjat ja muut asiakirjat on s\u00e4\u00e4nn\u00f6llisesti toimitettu kaupunginarkistoon. Painotuotteiden arkistokappaleet on toimitettu Kansallisarkistoon. Esineit\u00e4 emme ole ker\u00e4nneet, eik\u00e4 ole ollut tarvetta mink\u00e4\u00e4nlaisille pysyville n\u00e4yttelyille. Dokumenttien digitaalinen s\u00e4ilytys on asianmukaisella, parhaimmalla nykytekniikalla varmistettu. Tulevaisuudessa ei ole n\u00e4ht\u00e4viss\u00e4 muutoksia ja digitoinnin suhteen seuraamme ajan kehityst\u00e4.<\/p>\n\n\n\n<p><strong>Julkaisujen markkinoinnin tehostaminen<\/strong><\/p>\n\n\n\n<p>Julkaisujen markkinointi ei ole ollut ongelma. Olemme saaneet tuloja, jotka ovat riitt\u00e4neet julkaisutoimintaan. Markkinointi on ollut oleellinen osa kaikessa muussa toiminnassamme.<\/p>\n\n\n\n<p>Tapahtumissamme on aina ollut kirjojen myynti\u00e4. Olemme osallistuneet muiden seurojen ja yhdistysten tapahtumiin, useinkin pelk\u00e4ll\u00e4 kirjamyyntipisteell\u00e4. Uskomme, ett\u00e4 kirja s\u00e4ilytt\u00e4\u00e4 arvostuksensa ainakin seuramme toimintaan kiinnostuneessa lukijakunnassa. S\u00e4hk\u00f6kirjan suosio kasvaa melko hitaasti. Kirjojen painatus on periaatteessa helpottunut ja halventunut mahdollistaen pienenkin painosm\u00e4\u00e4r\u00e4n tilaamisen.<\/p>\n\n\n\n<p>Myynti\u00e4 voi varmasti tehostaa, jos tarvetta syntyy. Sosiaalinen media tarjoaa mahdollisuuksia.<br><\/p>\n\n\n\n<p><em>Aapo Kirvesniemi<\/em><\/p>\n","protected":false},"excerpt":{"rendered":"<p>Tulevaisuus Espoon perinneseuran kymmenvuotiskatsauksessa oli erillinen tulevaisuusosio. Nyt tuota tulevaisuutta on eletty 15 vuotta. Tulevaisuutta ei silloin varsinaisesti ennustettu. Esitettiin useita kokonaisuuksia \u2013 per\u00e4ti kaksitoista, joissa tulevaisuudessa saattaisi olla muutoksia ja mahdollisuuksia kehitykseen. Kun nyt pohdimme tulevaa tulevaisuutta, voisimme ensiksi tarkastella, mit\u00e4 on tapahtunut asioille tuon menneen tulevaisuuden suhteen. K\u00e4yt\u00e4mme samoja otsikoita kuin 2010. Yhteisty\u00f6st\u00e4 [&hellip;]<\/p>\n","protected":false},"author":1,"featured_media":0,"parent":0,"menu_order":0,"comment_status":"closed","ping_status":"closed","template":"","meta":{"footnotes":""},"class_list":["post-390","page","type-page","status-publish","hentry"],"_links":{"self":[{"href":"https:\/\/espoonperinneseura.net\/historiikki\/wp-json\/wp\/v2\/pages\/390","targetHints":{"allow":["GET"]}}],"collection":[{"href":"https:\/\/espoonperinneseura.net\/historiikki\/wp-json\/wp\/v2\/pages"}],"about":[{"href":"https:\/\/espoonperinneseura.net\/historiikki\/wp-json\/wp\/v2\/types\/page"}],"author":[{"embeddable":true,"href":"https:\/\/espoonperinneseura.net\/historiikki\/wp-json\/wp\/v2\/users\/1"}],"replies":[{"embeddable":true,"href":"https:\/\/espoonperinneseura.net\/historiikki\/wp-json\/wp\/v2\/comments?post=390"}],"version-history":[{"count":4,"href":"https:\/\/espoonperinneseura.net\/historiikki\/wp-json\/wp\/v2\/pages\/390\/revisions"}],"predecessor-version":[{"id":562,"href":"https:\/\/espoonperinneseura.net\/historiikki\/wp-json\/wp\/v2\/pages\/390\/revisions\/562"}],"wp:attachment":[{"href":"https:\/\/espoonperinneseura.net\/historiikki\/wp-json\/wp\/v2\/media?parent=390"}],"curies":[{"name":"wp","href":"https:\/\/api.w.org\/{rel}","templated":true}]}}