{"id":554,"date":"2025-12-29T19:19:35","date_gmt":"2025-12-29T17:19:35","guid":{"rendered":"https:\/\/espoonperinneseura.net\/historiikki\/?page_id=554"},"modified":"2025-12-29T19:29:28","modified_gmt":"2025-12-29T17:29:28","slug":"yhteistyo","status":"publish","type":"page","link":"https:\/\/espoonperinneseura.net\/historiikki\/yhteistyo\/","title":{"rendered":""},"content":{"rendered":"\n<h2 class=\"wp-block-heading\"><strong>Yhteisty\u00f6 Espoon perinneseuran toiminnan kulmakiven\u00e4 2000\u20132025<\/strong><\/h2>\n\n\n\n<p>Espoon perinneseura on rakentanut toimintansa alusta l\u00e4htien vahvan yhteisty\u00f6verkoston varaan. Yhdistyksen perustaja Juhani H\u00e4meri laati jo alkuvaiheessa teesit, joissa korostettiin suhteiden luomista kansalaisj\u00e4rjest\u00f6ihin, seurakuntiin, kaupunginmuseoon ja muihin kaupungin yksik\u00f6ihin. N\u00e4it\u00e4 periaatteita on vuosikymmenten aikana noudatettu johdonmukaisesti, ja yhteisty\u00f6st\u00e4 on muodostunut olennainen osa seuran toimintaa espoolaisen historian ja perinteen vaalimisessa.<\/p>\n\n\n\n<p><strong>Kaupunginosayhdistykset ja muut kotiseutuyhdistykset<\/strong><\/p>\n\n\n\n<p>Espoon lukuisat kaupunginosayhdistykset ja muut kotiseutuyhdistykset ovat perinneseuran luontevimpia kumppaneita. Toimivia yhdistyksi\u00e4 on yli 50. Ne ovat oman alueensa edunvalvontaan ja asukasviihtyvyyteen suuntautuneita paikallisia toimijoita. Yhteisty\u00f6 kaupungin kanssa korostuu erityisesti asemakaavoituksessa ja ymp\u00e4rist\u00f6nsuojelussa. Kaikissa on kuitenkin ripaus perinnety\u00f6t\u00e4 ja alueen historiaa.<\/p>\n\n\n\n<p>Perinneseuran vuositeemat ovat koonneet eri alueiden toimijoita yhteen menestyksekk\u00e4\u00e4sti. Esimerkiksi Espoo 1972 -hankkeessa vuonna 2022 useat kaupunginosayhdistykset osallistuivat perinteenkeruutalkoisiin. Vastaavasti vuoden 2023 Yritt\u00e4v\u00e4 Espoo -teemavuosi ja vuoden 2024 sivistyskaupunki-teema ovat tarjonneet yhteisen sateenvarjon, jonka alla paikalliset yhdistykset ovat voineet osallistua laajempiin kokonaisuuksiin. Seura on my\u00f6s tukenut yksitt\u00e4isten yhdistysten tavoitteita, kuten Lepp\u00e4vaara-seuran aloitetta Gransin kievarin suojelusta.<\/p>\n\n\n\n<p>Yhteisty\u00f6n tuloksena on julkaistu kirjoja ja verkkosivustoille on tuotettu artikkeleita ja kuvia, jotka k\u00e4sittelev\u00e4t koulumuistoja, teollisuutta, taidetta, liikennett\u00e4 ja musiikkia, sek\u00e4 perinnetietoa monelta muultakin alalta.<\/p>\n\n\n\n<p>Espoon perinneseura on Suomen Kotiseutuliiton j\u00e4sen, ja perinneseuran edustajat ovat osallistuneet sen j\u00e4rjest\u00e4miin tilaisuuksiin.<\/p>\n\n\n\n<p>Perinneseura on my\u00f6s Pro Espoonjoki -yhdistyksen, ja yhteinen yhdistysten hallitusten j\u00e4sen vahvistaa yhteisty\u00f6t\u00e4 ja Espoon kulttuurimaisemien puolustamista.<\/p>\n\n\n\n<p><strong>Kumppanuus Espoon kaupungin ja kaupunginmuseon kanssa<\/strong><\/p>\n\n\n\n<p>Espoon kaupunki on ollut perinneseuran toiminnalle keskeinen tukipilari, joka on tarjonnut toiminnalle taloudellista vakautta. Vaikka kaupungin hallinto suuntautuu ty\u00f6ss\u00e4\u00e4n vahvasti tulevaisuuteen ja kasvuun, perinneseura on l\u00f6yt\u00e4nyt luontevan ja syv\u00e4llisen kumppanin Espoon kaupunginmuseosta (KAMU). Yhteisty\u00f6 museotoimen kanssa on ollut jatkuvaa ja monipuolista kattaen niin julkaisutoiminnan kuin tapahtumien j\u00e4rjest\u00e4misenkin.<\/p>\n\n\n\n<p>Merkitt\u00e4v\u00e4 osoitus t\u00e4st\u00e4 yhteisty\u00f6st\u00e4 oli vuonna 2020 julkaistu kirja &#8221;Maatilojen Espoo&#8221;, jonka tuottamisessa kaupunginmuseon asiantuntemus oli korvaamatonta. Kirjan tiimoilta j\u00e4rjestettiin my\u00f6s valokuvan\u00e4yttely Talomuseo Glimsiss\u00e4. Yhteisty\u00f6 on syventynyt entisest\u00e4\u00e4n kulttuuriymp\u00e4rist\u00f6asioissa. Esimerkiksi marraskuussa 2024 seura j\u00e4rjesti yhdess\u00e4 KAMUn kanssa WeeGee-talossa kulttuuriymp\u00e4rist\u00f6iltap\u00e4iv\u00e4n, jossa k\u00e4siteltiin muun muassa Espoon yleiskaavaa 2060. Museon asiantuntijat ovat osallistuneet aktiivisesti seuran tilaisuuksiin, ja museon henkil\u00f6kuntaa on ollut edustettuna my\u00f6s seuran j\u00e4senist\u00f6ss\u00e4.<\/p>\n\n\n\n<p>Yhteydenpito on ulottunut my\u00f6s kaupungin johtoon. Seuran edustajat ovat tavanneet kaupunginjohtajan, joka on vastaanottanut aloitteita esimerkiksi Tr\u00e4sk\u00e4ndan kartanon kunnostamiseksi ja tuonut tervehdyksens\u00e4 seuran juhlatilaisuuksiin. Opetustoimen kanssa on tehty yhteisty\u00f6t\u00e4 Aurora Karamzin -oppimateriaalin levitt\u00e4miseksi kouluihin, ja kulttuuritoimi on tukenut toimintaa vuosiavustuksin.<\/p>\n\n\n\n<p><strong>Aurora Karamzinin perint\u00f6 ja j\u00e4rjest\u00f6yhteisty\u00f6<\/strong><\/p>\n\n\n\n<p>Yhdistyksen alkuvuosien toiminnassa korostui Aurora Karamzinin ja Tr\u00e4sk\u00e4ndan kartanon perint\u00f6. Keskeisin kumppani t\u00e4ll\u00e4 saralla on ollut Tr\u00e4sk\u00e4ndan kartanon yst\u00e4v\u00e4t ry, jonka kanssa perinneseura on toiminut erityisen tiiviisti kartanon kunnostuksen ja tulevan k\u00e4yt\u00f6n edist\u00e4miseksi. Perinneseura on osallistunut lukuisiin Tr\u00e4sk\u00e4ndan perinnep\u00e4iviin ja joulutapahtumiin.<\/p>\n\n\n\n<p>Toinen merkitt\u00e4v\u00e4 kumppani Auroran perinn\u00f6n vaalimisessa on ollut Helsingin Diakonissalaitos (HDL). Yhdess\u00e4 HDL:n kanssa seura teki vuonna 2016 sis\u00e4ministeri\u00f6lle virallisen aloitteen liputusp\u00e4iv\u00e4st\u00e4 Aurora Karamzinin el\u00e4m\u00e4nty\u00f6n kunnioittamiseksi.<\/p>\n\n\n\n<p><strong>Seurakunnat ja perinteiden vaaliminen<\/strong><\/p>\n\n\n\n<p>Kirkko on n\u00e4hty yhdistyksess\u00e4 oleellisena osana suomalaista perinnett\u00e4, ja yhteisty\u00f6 Espoon seurakuntien kanssa on ollut vilkasta. Seurakunta on tukenut yhdistyksen toimintaa hankkimalla julkaisuja ja myym\u00e4ll\u00e4 niit\u00e4 Auroran kappelissa. Erityisen t\u00e4rke\u00e4ksi on muodostunut Espoon tuomiokirkkoseurakunnan j\u00e4rjest\u00e4m\u00e4 SyysMatin Markkinat, jossa perinneseura on ollut mukana yli kymmenen vuoden ajan. Yhteisty\u00f6t\u00e4 on tehty my\u00f6s Kirkon hautausmaata ja Tuomiokirkkoa esittelevien kirjojen tuottamisessa.<\/p>\n\n\n\n<p><strong>Mediakumppanuudet ja kaupallinen yhteisty\u00f6<\/strong><\/p>\n\n\n\n<p>Toimintansa n\u00e4kyvyyden ja talouden tueksi perinneseura on solminut kumppanuuksia my\u00f6s kaupallisten toimijoiden ja median kanssa. Tapiolan Akateeminen Kirjakauppa on toiminut merkitt\u00e4v\u00e4n\u00e4 myyntikanavana ja kirjajulkistusten n\u00e4ytt\u00e4m\u00f6n\u00e4. Mediakent\u00e4ll\u00e4 t\u00e4rkein kumppani on ollut paikallislehti L\u00e4nsiv\u00e4yl\u00e4, jonka kautta toiminta saanut merkitt\u00e4v\u00e4\u00e4 n\u00e4kyvyytt\u00e4.<\/p>\n\n\n\n<p><strong>Katse tulevaisuuteen<\/strong><\/p>\n\n\n\n<p>Yhteisty\u00f6 on laajentunut kattamaan my\u00f6s digitaaliset alustat, kuten video- ja \u00e4\u00e4nisis\u00e4ll\u00f6t sek\u00e4 mobiilioppaat. Vuoden 2025 juhlavuoden teeman <em>Espoon kulttuuriymp\u00e4rist\u00f6t<\/em> puitteissa jatkettiin ja syvennettiin yhteisty\u00f6t\u00e4 perinneseuran, kaupunginmuseon ja kaupunginosayhdistysten v\u00e4lill\u00e4. Yhteisty\u00f6 jatkuu vuonna 2026 teeman <em>Espoon paikallishistoria tutuksi<\/em> merkeiss\u00e4.<\/p>\n\n\n\n<p>Laaja yhteisty\u00f6verkosto on vakiinnuttanut perinneseuran aseman keskeisen\u00e4 espoolaisen perinteen tallentajana ja v\u00e4litt\u00e4j\u00e4n\u00e4.<br><br><em>Aapo Kirvesniemi ja Esko Uotila<\/em><\/p>\n","protected":false},"excerpt":{"rendered":"<p>Yhteisty\u00f6 Espoon perinneseuran toiminnan kulmakiven\u00e4 2000\u20132025 Espoon perinneseura on rakentanut toimintansa alusta l\u00e4htien vahvan yhteisty\u00f6verkoston varaan. Yhdistyksen perustaja Juhani H\u00e4meri laati jo alkuvaiheessa teesit, joissa korostettiin suhteiden luomista kansalaisj\u00e4rjest\u00f6ihin, seurakuntiin, kaupunginmuseoon ja muihin kaupungin yksik\u00f6ihin. N\u00e4it\u00e4 periaatteita on vuosikymmenten aikana noudatettu johdonmukaisesti, ja yhteisty\u00f6st\u00e4 on muodostunut olennainen osa seuran toimintaa espoolaisen historian ja perinteen vaalimisessa. [&hellip;]<\/p>\n","protected":false},"author":1,"featured_media":0,"parent":0,"menu_order":0,"comment_status":"closed","ping_status":"closed","template":"","meta":{"footnotes":""},"class_list":["post-554","page","type-page","status-publish","hentry"],"_links":{"self":[{"href":"https:\/\/espoonperinneseura.net\/historiikki\/wp-json\/wp\/v2\/pages\/554","targetHints":{"allow":["GET"]}}],"collection":[{"href":"https:\/\/espoonperinneseura.net\/historiikki\/wp-json\/wp\/v2\/pages"}],"about":[{"href":"https:\/\/espoonperinneseura.net\/historiikki\/wp-json\/wp\/v2\/types\/page"}],"author":[{"embeddable":true,"href":"https:\/\/espoonperinneseura.net\/historiikki\/wp-json\/wp\/v2\/users\/1"}],"replies":[{"embeddable":true,"href":"https:\/\/espoonperinneseura.net\/historiikki\/wp-json\/wp\/v2\/comments?post=554"}],"version-history":[{"count":2,"href":"https:\/\/espoonperinneseura.net\/historiikki\/wp-json\/wp\/v2\/pages\/554\/revisions"}],"predecessor-version":[{"id":561,"href":"https:\/\/espoonperinneseura.net\/historiikki\/wp-json\/wp\/v2\/pages\/554\/revisions\/561"}],"wp:attachment":[{"href":"https:\/\/espoonperinneseura.net\/historiikki\/wp-json\/wp\/v2\/media?parent=554"}],"curies":[{"name":"wp","href":"https:\/\/api.w.org\/{rel}","templated":true}]}}