{"id":3484,"date":"2024-01-10T08:47:49","date_gmt":"2024-01-10T06:47:49","guid":{"rendered":"https:\/\/espoonperinneseura.net\/sivistys\/?page_id=3484"},"modified":"2024-02-05T10:13:23","modified_gmt":"2024-02-05T08:13:23","slug":"teatteri-hevosenkengan-tarina","status":"publish","type":"page","link":"https:\/\/espoonperinneseura.net\/sivistys\/teatteri-hevosenkengan-tarina\/","title":{"rendered":"Teatteri Hevosenkeng\u00e4n tarina"},"content":{"rendered":"\n<p><em>Esko Uotila<\/em><\/p>\n\n\n<style>.kb-row-layout-id3484_996338-f4 > .kt-row-column-wrap{align-content:start;}:where(.kb-row-layout-id3484_996338-f4 > .kt-row-column-wrap) > .wp-block-kadence-column{justify-content:start;}.kb-row-layout-id3484_996338-f4 > .kt-row-column-wrap{column-gap:var(--global-kb-gap-md, 2rem);row-gap:var(--global-kb-gap-md, 2rem);padding-top:var(--global-kb-spacing-sm, 1.5rem);padding-bottom:var(--global-kb-spacing-sm, 1.5rem);grid-template-columns:minmax(0, 2fr) minmax(0, 1fr);}.kb-row-layout-id3484_996338-f4 > .kt-row-layout-overlay{opacity:0.30;}@media all and (max-width: 1024px){.kb-row-layout-id3484_996338-f4 > .kt-row-column-wrap{grid-template-columns:minmax(0, 2fr) minmax(0, 1fr);}}@media all and (max-width: 767px){.kb-row-layout-id3484_996338-f4 > .kt-row-column-wrap{grid-template-columns:minmax(0, 1fr);}}<\/style><div class=\"kb-row-layout-wrap kb-row-layout-id3484_996338-f4 alignnone wp-block-kadence-rowlayout\"><div class=\"kt-row-column-wrap kt-has-2-columns kt-row-layout-left-golden kt-tab-layout-inherit kt-mobile-layout-row kt-row-valign-top\">\n<style>.kadence-column3484_5d1aef-e6 > .kt-inside-inner-col,.kadence-column3484_5d1aef-e6 > .kt-inside-inner-col:before{border-top-left-radius:0px;border-top-right-radius:0px;border-bottom-right-radius:0px;border-bottom-left-radius:0px;}.kadence-column3484_5d1aef-e6 > .kt-inside-inner-col{column-gap:var(--global-kb-gap-sm, 1rem);}.kadence-column3484_5d1aef-e6 > .kt-inside-inner-col{flex-direction:column;}.kadence-column3484_5d1aef-e6 > .kt-inside-inner-col > .aligncenter{width:100%;}.kadence-column3484_5d1aef-e6 > .kt-inside-inner-col:before{opacity:0.3;}.kadence-column3484_5d1aef-e6{position:relative;}@media all and (max-width: 1024px){.kadence-column3484_5d1aef-e6 > .kt-inside-inner-col{flex-direction:column;justify-content:center;}}@media all and (max-width: 767px){.kadence-column3484_5d1aef-e6 > .kt-inside-inner-col{flex-direction:column;justify-content:center;}}<\/style>\n<div class=\"wp-block-kadence-column kadence-column3484_5d1aef-e6\"><div class=\"kt-inside-inner-col\">\n<p>Teatteri Hevosenkenk\u00e4 on toiminut vuodesta 1975. Se on Espoon ensimm\u00e4isen ammattiteatteri ja Suomen ensimm\u00e4inen ammattimainen nukketeatteri. Perustajina olivat <em>Kirsi Siren<\/em> ja <em>Sara Siren<\/em>. Teatteri sai alkunsa sisarusten innostuksesta nukketeatteriin ja halusta tarjota laadukasta lastenteatteria. Alkuajoista l\u00e4htien teatteri on vakiinnuttanut paikkansa suomalaisessa teatterikent\u00e4ss\u00e4, laajentanut toimintaansa kansainv\u00e4lisesti ja palkittu useasti. <\/p>\n<\/div><\/div>\n\n\n<style>.kadence-column3484_c97ae1-a8 > .kt-inside-inner-col,.kadence-column3484_c97ae1-a8 > .kt-inside-inner-col:before{border-top-left-radius:0px;border-top-right-radius:0px;border-bottom-right-radius:0px;border-bottom-left-radius:0px;}.kadence-column3484_c97ae1-a8 > .kt-inside-inner-col{column-gap:var(--global-kb-gap-sm, 1rem);}.kadence-column3484_c97ae1-a8 > .kt-inside-inner-col{flex-direction:column;}.kadence-column3484_c97ae1-a8 > .kt-inside-inner-col > .aligncenter{width:100%;}.kadence-column3484_c97ae1-a8 > .kt-inside-inner-col:before{opacity:0.3;}.kadence-column3484_c97ae1-a8{position:relative;}@media all and (max-width: 1024px){.kadence-column3484_c97ae1-a8 > .kt-inside-inner-col{flex-direction:column;justify-content:center;}}@media all and (max-width: 767px){.kadence-column3484_c97ae1-a8 > .kt-inside-inner-col{flex-direction:column;justify-content:center;}}<\/style>\n<div class=\"wp-block-kadence-column kadence-column3484_c97ae1-a8\"><div class=\"kt-inside-inner-col\"><style>.kb-image3484_714d2a-97 .kb-image-has-overlay:after{opacity:0.3;}<\/style>\n<figure class=\"wp-block-kadence-image kb-image3484_714d2a-97 size-full\"><img decoding=\"async\" width=\"507\" height=\"327\" src=\"https:\/\/espoonperinneseura.net\/sivistys\/wp-content\/uploads\/2024\/01\/Teatteri-Hevosenkenka.jpg\" alt=\"\" class=\"kb-img wp-image-3504\" srcset=\"https:\/\/espoonperinneseura.net\/sivistys\/wp-content\/uploads\/2024\/01\/Teatteri-Hevosenkenka.jpg 507w, https:\/\/espoonperinneseura.net\/sivistys\/wp-content\/uploads\/2024\/01\/Teatteri-Hevosenkenka-300x193.jpg 300w\" sizes=\"(max-width: 507px) 100vw, 507px\" \/><\/figure>\n<\/div><\/div>\n\n<\/div><\/div>\n\n\n<p>Teatteri Hevosenkeng\u00e4n kotin\u00e4ytt\u00e4m\u00f6 sijaitsee Mankkaan Juhannusm\u00e4ell\u00e4 vanhassa koulurakennuksessa, joka on kunnostettu ja laajennettu lapsiyleis\u00f6lle sopivaksi. Sen pihapiiriin kuuluu my\u00f6s kolme muuta teatterin rakennusta. Kotin\u00e4ytt\u00e4m\u00f6n lis\u00e4ksi Hevosenkenk\u00e4 esiintyy eri puolilla Suomea ja my\u00f6s ulkomailla.<\/p>\n\n\n\n<p>Espoon perinneseuran j\u00e4rjest\u00e4m\u00e4ss\u00e4 seminaarissa 14.11.2023 Teatteri Hevosenkeng\u00e4n johtaja Kirsi<br>Siren esitteli teatterin historiaa ja nykyp\u00e4iv\u00e4\u00e4. Katso esityksen tallenne YouTubessa.<\/p>\n\n\n\n<figure class=\"wp-block-embed is-type-video is-provider-youtube wp-block-embed-youtube wp-embed-aspect-16-9 wp-has-aspect-ratio\"><div class=\"wp-block-embed__wrapper\">\n<iframe title=\"Teatteri Hevosenkeng\u00e4n esittely 14.11.2023\" width=\"720\" height=\"405\" src=\"https:\/\/www.youtube.com\/embed\/EpuC0J1wezU?feature=oembed\" frameborder=\"0\" allow=\"accelerometer; autoplay; clipboard-write; encrypted-media; gyroscope; picture-in-picture; web-share\" allowfullscreen><\/iframe>\n<\/div><\/figure>\n\n\n\n<p><br>Lue Teatteri Hevosenkeng\u00e4n laaja esittely Yritt\u00e4v\u00e4 Espoo -sivustolla:<br><em>Kirsi Siren ja Pirta Laaksonen<\/em>: <a href=\"https:\/\/espoonperinneseura.net\/yritykset\/muita-yrityksia\/teatteri-hevosenkenka-1975-2023\/\" target=\"_blank\" rel=\"noreferrer noopener\">Teatteri Hevosenkenk\u00e4 1975 \u2013 2023<\/a><\/p>\n","protected":false},"excerpt":{"rendered":"<p>Esko Uotila Teatteri Hevosenkenk\u00e4 on toiminut vuodesta 1975. Se on Espoon ensimm\u00e4isen ammattiteatteri ja Suomen ensimm\u00e4inen ammattimainen nukketeatteri. Perustajina olivat Kirsi Siren ja Sara Siren. Teatteri sai alkunsa sisarusten innostuksesta nukketeatteriin ja halusta tarjota laadukasta lastenteatteria. Alkuajoista l\u00e4htien teatteri on vakiinnuttanut paikkansa suomalaisessa teatterikent\u00e4ss\u00e4, laajentanut toimintaansa kansainv\u00e4lisesti ja palkittu useasti. Teatteri Hevosenkeng\u00e4n kotin\u00e4ytt\u00e4m\u00f6 sijaitsee Mankkaan&#8230;<\/p>\n","protected":false},"author":1,"featured_media":0,"parent":0,"menu_order":0,"comment_status":"closed","ping_status":"closed","template":"","meta":{"_kadence_starter_templates_imported_post":false,"_kad_post_transparent":"","_kad_post_title":"","_kad_post_layout":"default","_kad_post_sidebar_id":"","_kad_post_content_style":"","_kad_post_vertical_padding":"","_kad_post_feature":"","_kad_post_feature_position":"","_kad_post_header":false,"_kad_post_footer":false,"_kad_post_classname":"","footnotes":""},"class_list":["post-3484","page","type-page","status-publish","hentry"],"featured_image_src":"","featured_image_src_square":false,"rbea_author_info":{"display_name":"espoonperinne@gmail.com","author_link":"https:\/\/espoonperinneseura.net\/sivistys\/author\/espoonperinnegmail-com\/"},"rbea_excerpt_info":"Esko Uotila Teatteri Hevosenkenk\u00e4 on toiminut vuodesta 1975. Se on Espoon ensimm\u00e4isen ammattiteatteri ja Suomen ensimm\u00e4inen ammattimainen nukketeatteri. Perustajina olivat Kirsi Siren ja Sara Siren. Teatteri sai alkunsa sisarusten innostuksesta nukketeatteriin ja halusta tarjota laadukasta lastenteatteria. Alkuajoista l\u00e4htien teatteri on vakiinnuttanut paikkansa suomalaisessa teatterikent\u00e4ss\u00e4, laajentanut toimintaansa kansainv\u00e4lisesti ja palkittu useasti. Teatteri Hevosenkeng\u00e4n kotin\u00e4ytt\u00e4m\u00f6 sijaitsee Mankkaan...","_links":{"self":[{"href":"https:\/\/espoonperinneseura.net\/sivistys\/wp-json\/wp\/v2\/pages\/3484","targetHints":{"allow":["GET"]}}],"collection":[{"href":"https:\/\/espoonperinneseura.net\/sivistys\/wp-json\/wp\/v2\/pages"}],"about":[{"href":"https:\/\/espoonperinneseura.net\/sivistys\/wp-json\/wp\/v2\/types\/page"}],"author":[{"embeddable":true,"href":"https:\/\/espoonperinneseura.net\/sivistys\/wp-json\/wp\/v2\/users\/1"}],"replies":[{"embeddable":true,"href":"https:\/\/espoonperinneseura.net\/sivistys\/wp-json\/wp\/v2\/comments?post=3484"}],"version-history":[{"count":9,"href":"https:\/\/espoonperinneseura.net\/sivistys\/wp-json\/wp\/v2\/pages\/3484\/revisions"}],"predecessor-version":[{"id":3739,"href":"https:\/\/espoonperinneseura.net\/sivistys\/wp-json\/wp\/v2\/pages\/3484\/revisions\/3739"}],"wp:attachment":[{"href":"https:\/\/espoonperinneseura.net\/sivistys\/wp-json\/wp\/v2\/media?parent=3484"}],"curies":[{"name":"wp","href":"https:\/\/api.w.org\/{rel}","templated":true}]}}