{"id":3576,"date":"2024-01-17T10:28:48","date_gmt":"2024-01-17T08:28:48","guid":{"rendered":"https:\/\/espoonperinneseura.net\/sivistys\/?page_id=3576"},"modified":"2024-12-18T08:19:25","modified_gmt":"2024-12-18T06:19:25","slug":"espoon-kirjastot","status":"publish","type":"page","link":"https:\/\/espoonperinneseura.net\/sivistys\/espoon-kirjastot\/","title":{"rendered":"Espoon kirjastot sivistyksen tukena"},"content":{"rendered":"\n<p><em>Esko Uotila<\/em><\/p>\n\n\n\n<p><strong>Kirjaston merkitys sivistykselle moniulotteinen ja merkitt\u00e4v\u00e4. Kirjastot tarjoavat p\u00e4\u00e4syn laajaan valikoimaan kirjallisuutta ja muita tiedon l\u00e4hteit\u00e4, edist\u00e4en n\u00e4in lukutaidon kehittymist\u00e4 kaikenik\u00e4isten keskuudessa. Ne tarjoavat turvallisen ja kannustavan ymp\u00e4rist\u00f6n itsen\u00e4iselle oppimiselle ja tiedonhankinnalle, mik\u00e4 on olennainen osa sivistyst\u00e4. Lis\u00e4ksi kirjastot tukevat aktiivista kansalaisuutta, demokratiaa ja sananvapautta.<\/strong><\/p>\n\n\n\n<h4 class=\"wp-block-heading\">Kirjaston vaiheita<\/h4>\n\n\n\n<p>Espoon kirjaston historia ulottuu 1860-luvulle, jolloin yleisen kirjaston toiminta alkoi Espoon kirkon sakastissa. Vuonna 1873 kirjasto siirtyi samana vuonna toimintansa aloittaneelle Lagstadin kansakoululle, joka oli Espoon ensimm\u00e4inen kansakoulu.&nbsp;<\/p>\n\n\n<style>.kb-row-layout-id3576_9373f5-08 > .kt-row-column-wrap{align-content:start;}:where(.kb-row-layout-id3576_9373f5-08 > .kt-row-column-wrap) > .wp-block-kadence-column{justify-content:start;}.kb-row-layout-id3576_9373f5-08 > .kt-row-column-wrap{column-gap:var(--global-kb-gap-md, 2rem);row-gap:var(--global-kb-gap-md, 2rem);padding-top:0px;padding-bottom:var(--global-kb-spacing-sm, 1.5rem);grid-template-columns:repeat(2, minmax(0, 1fr));}.kb-row-layout-id3576_9373f5-08 > .kt-row-layout-overlay{opacity:0.30;}@media all and (max-width: 1024px){.kb-row-layout-id3576_9373f5-08 > .kt-row-column-wrap{grid-template-columns:repeat(2, minmax(0, 1fr));}}@media all and (max-width: 767px){.kb-row-layout-id3576_9373f5-08 > .kt-row-column-wrap{grid-template-columns:minmax(0, 1fr);}}<\/style><div class=\"kb-row-layout-wrap kb-row-layout-id3576_9373f5-08 alignnone wp-block-kadence-rowlayout\"><div class=\"kt-row-column-wrap kt-has-2-columns kt-row-layout-equal kt-tab-layout-inherit kt-mobile-layout-row kt-row-valign-top\">\n<style>.kadence-column3576_e2aa04-1e > .kt-inside-inner-col,.kadence-column3576_e2aa04-1e > .kt-inside-inner-col:before{border-top-left-radius:0px;border-top-right-radius:0px;border-bottom-right-radius:0px;border-bottom-left-radius:0px;}.kadence-column3576_e2aa04-1e > .kt-inside-inner-col{column-gap:var(--global-kb-gap-sm, 1rem);}.kadence-column3576_e2aa04-1e > .kt-inside-inner-col{flex-direction:column;}.kadence-column3576_e2aa04-1e > .kt-inside-inner-col > .aligncenter{width:100%;}.kadence-column3576_e2aa04-1e > .kt-inside-inner-col:before{opacity:0.3;}.kadence-column3576_e2aa04-1e{position:relative;}@media all and (max-width: 1024px){.kadence-column3576_e2aa04-1e > .kt-inside-inner-col{flex-direction:column;justify-content:center;}}@media all and (max-width: 767px){.kadence-column3576_e2aa04-1e > .kt-inside-inner-col{flex-direction:column;justify-content:center;}}<\/style>\n<div class=\"wp-block-kadence-column kadence-column3576_e2aa04-1e\"><div class=\"kt-inside-inner-col\">\n<p>Vuonna 1937 Espoon kirjastolaitos jaettiin suomenkieliseen ja ruotsinkieliseen kirjastoon. T\u00e4ll\u00f6in Lepp\u00e4vaaran piirikirjastosta tuli Espoon suomenkielinen kantakirjasto. Espoon kirjastolaitos yhdistyi uudelleen vuonna 1962.<\/p>\n\n\n\n<p>Laajalahden kirjasto aloitti toimintansa vuonna 1953 kansakoulun tiloissa. Vuonna 1963 kirjasto muutti nykyiseen osoitteeseensa Veljeskulman taloon. Laajalahden kirjasto oli Espoon p\u00e4\u00e4kirjasto Lepp\u00e4vaaran p\u00e4\u00e4kirjaston valmistumiseen (1972) saakka.<\/p>\n\n\n\n<p>1990-luvun lopulla Espoossa palattiin aluekirjastomalliin ja nyky\u00e4\u00e4n Espoon kaupunginkirjastolla ei ole p\u00e4\u00e4kirjastoa.&nbsp;<\/p>\n<\/div><\/div>\n\n\n<style>.kadence-column3576_f11487-87 > .kt-inside-inner-col,.kadence-column3576_f11487-87 > .kt-inside-inner-col:before{border-top-left-radius:0px;border-top-right-radius:0px;border-bottom-right-radius:0px;border-bottom-left-radius:0px;}.kadence-column3576_f11487-87 > .kt-inside-inner-col{column-gap:var(--global-kb-gap-sm, 1rem);}.kadence-column3576_f11487-87 > .kt-inside-inner-col{flex-direction:column;}.kadence-column3576_f11487-87 > .kt-inside-inner-col > .aligncenter{width:100%;}.kadence-column3576_f11487-87 > .kt-inside-inner-col:before{opacity:0.3;}.kadence-column3576_f11487-87{position:relative;}@media all and (max-width: 1024px){.kadence-column3576_f11487-87 > .kt-inside-inner-col{flex-direction:column;justify-content:center;}}@media all and (max-width: 767px){.kadence-column3576_f11487-87 > .kt-inside-inner-col{flex-direction:column;justify-content:center;}}<\/style>\n<div class=\"wp-block-kadence-column kadence-column3576_f11487-87\"><div class=\"kt-inside-inner-col\"><style>.kb-image3576_2b19b6-c3 .kb-image-has-overlay:after{opacity:0.3;}<\/style>\n<figure class=\"wp-block-kadence-image kb-image3576_2b19b6-c3 size-full\"><img decoding=\"async\" width=\"800\" height=\"556\" src=\"https:\/\/espoonperinneseura.net\/sivistys\/wp-content\/uploads\/2024\/01\/Leppavaaran-kirjasto.jpg\" alt=\"\" class=\"kb-img wp-image-3595\" srcset=\"https:\/\/espoonperinneseura.net\/sivistys\/wp-content\/uploads\/2024\/01\/Leppavaaran-kirjasto.jpg 800w, https:\/\/espoonperinneseura.net\/sivistys\/wp-content\/uploads\/2024\/01\/Leppavaaran-kirjasto-300x209.jpg 300w, https:\/\/espoonperinneseura.net\/sivistys\/wp-content\/uploads\/2024\/01\/Leppavaaran-kirjasto-768x534.jpg 768w, https:\/\/espoonperinneseura.net\/sivistys\/wp-content\/uploads\/2024\/01\/Leppavaaran-kirjasto-600x417.jpg 600w\" sizes=\"(max-width: 800px) 100vw, 800px\" \/><figcaption>Lepp\u00e4vaaran kirjasto vuonna 1983. Kuva: Toivo Kalliom\u00e4ki, Espoon kaupunginmuseo.<\/figcaption><\/figure>\n<\/div><\/div>\n\n<\/div><\/div>\n\n\n<p>P\u00e4\u00e4kaupunkiseudun yleisten kirjastojen yhteisty\u00f6 k\u00e4ynnistyi 1970-luvulla, kun Espoossa, Helsingiss\u00e4, Kauniaisissa ja Vantaalla siirryttiin yhteiseen kirjastoj\u00e4rjestelm\u00e4\u00e4n. Helmet-nimi otettiin k\u00e4ytt\u00f6\u00f6n vuonna 2002. Yhteisty\u00f6n ansiosta Espoon asukkaille p\u00e4\u00e4syn laajaan aineistotietokantaan ja aineiston yhteisk\u00e4ytt\u00f6\u00f6n muiden kaupunkien kirjastojen kanssa.<\/p>\n\n\n\n<p>Espoon kaupunginkirjasto toimi maakuntakirjastona vuodesta 1978 vuoteen 2010 asti. Vuoden 2011 alussa Uudenmaan ja It\u00e4-Uudenmaan maakunnat yhdistettiin, ja Espoon kaupunginkirjasto luopui maakuntakirjasto-oikeuksistaan.&nbsp;<\/p>\n\n\n\n<h4 class=\"wp-block-heading\">Nykytila ja palvelut<\/h4>\n\n\n<style>.kb-row-layout-id3576_a31207-16 > .kt-row-column-wrap{align-content:start;}:where(.kb-row-layout-id3576_a31207-16 > .kt-row-column-wrap) > .wp-block-kadence-column{justify-content:start;}.kb-row-layout-id3576_a31207-16 > .kt-row-column-wrap{column-gap:var(--global-kb-gap-md, 2rem);row-gap:var(--global-kb-gap-md, 2rem);padding-top:0px;padding-bottom:var(--global-kb-spacing-sm, 1.5rem);grid-template-columns:repeat(2, minmax(0, 1fr));}.kb-row-layout-id3576_a31207-16 > .kt-row-layout-overlay{opacity:0.30;}@media all and (max-width: 1024px){.kb-row-layout-id3576_a31207-16 > .kt-row-column-wrap{grid-template-columns:repeat(2, minmax(0, 1fr));}}@media all and (max-width: 767px){.kb-row-layout-id3576_a31207-16 > .kt-row-column-wrap{grid-template-columns:minmax(0, 1fr);}}<\/style><div class=\"kb-row-layout-wrap kb-row-layout-id3576_a31207-16 alignnone wp-block-kadence-rowlayout\"><div class=\"kt-row-column-wrap kt-has-2-columns kt-row-layout-equal kt-tab-layout-inherit kt-mobile-layout-row kt-row-valign-top\">\n<style>.kadence-column3576_5cf15e-65 > .kt-inside-inner-col,.kadence-column3576_5cf15e-65 > .kt-inside-inner-col:before{border-top-left-radius:0px;border-top-right-radius:0px;border-bottom-right-radius:0px;border-bottom-left-radius:0px;}.kadence-column3576_5cf15e-65 > .kt-inside-inner-col{column-gap:var(--global-kb-gap-sm, 1rem);}.kadence-column3576_5cf15e-65 > .kt-inside-inner-col{flex-direction:column;}.kadence-column3576_5cf15e-65 > .kt-inside-inner-col > .aligncenter{width:100%;}.kadence-column3576_5cf15e-65 > .kt-inside-inner-col:before{opacity:0.3;}.kadence-column3576_5cf15e-65{position:relative;}@media all and (max-width: 1024px){.kadence-column3576_5cf15e-65 > .kt-inside-inner-col{flex-direction:column;justify-content:center;}}@media all and (max-width: 767px){.kadence-column3576_5cf15e-65 > .kt-inside-inner-col{flex-direction:column;justify-content:center;}}<\/style>\n<div class=\"wp-block-kadence-column kadence-column3576_5cf15e-65\"><div class=\"kt-inside-inner-col\">\n<p>Nyky\u00e4\u00e4n Espoon kaupunginkirjasto tarjoaa monipuolisia palveluita: kirjojen ja lehtien lis\u00e4ksi musiikkia, elokuvia ja digitaalisia aineistoja. Kirjaston tilat ovat muuttuneet pelkist\u00e4 lainaustiloista monipuoliseksi oppimis- ja kohtaamisymp\u00e4rist\u00f6ksi. Kirjastot edist\u00e4v\u00e4t sosiaalista vuorovaikutusta ja yhteis\u00f6llisyytt\u00e4 tarjoamalla tilan tapahtumille ja kohtaamisille, kuten kirjailijavierailuille ja kulttuuritapahtumille.<\/p>\n\n\n\n<p>Espoossa on viisi laajan palvelun aluekirjastoa. Ne ovat Entressen kirjasto Espoon keskuksessa, Ison Omenan kirjasto Matinkyl\u00e4ss\u00e4, Lippulaivan kirjasto Espoonlahdessa, Sellon kirjasto Lepp\u00e4vaarassa ja Tapiolan kirjasto Tapiolassa.<\/p>\n<\/div><\/div>\n\n\n<style>.kadence-column3576_b0b62b-1c > .kt-inside-inner-col,.kadence-column3576_b0b62b-1c > .kt-inside-inner-col:before{border-top-left-radius:0px;border-top-right-radius:0px;border-bottom-right-radius:0px;border-bottom-left-radius:0px;}.kadence-column3576_b0b62b-1c > .kt-inside-inner-col{column-gap:var(--global-kb-gap-sm, 1rem);}.kadence-column3576_b0b62b-1c > .kt-inside-inner-col{flex-direction:column;}.kadence-column3576_b0b62b-1c > .kt-inside-inner-col > .aligncenter{width:100%;}.kadence-column3576_b0b62b-1c > .kt-inside-inner-col:before{opacity:0.3;}.kadence-column3576_b0b62b-1c{position:relative;}@media all and (max-width: 1024px){.kadence-column3576_b0b62b-1c > .kt-inside-inner-col{flex-direction:column;justify-content:center;}}@media all and (max-width: 767px){.kadence-column3576_b0b62b-1c > .kt-inside-inner-col{flex-direction:column;justify-content:center;}}<\/style>\n<div class=\"wp-block-kadence-column kadence-column3576_b0b62b-1c\"><div class=\"kt-inside-inner-col\"><style>.kb-image3576_dfd399-57 .kb-image-has-overlay:after{opacity:0.3;}<\/style>\n<figure class=\"wp-block-kadence-image kb-image3576_dfd399-57 size-large\"><img decoding=\"async\" width=\"1024\" height=\"683\" src=\"https:\/\/espoonperinneseura.net\/sivistys\/wp-content\/uploads\/2024\/01\/Lippulaivan-krijasto-1024x683.jpg\" alt=\"\" class=\"kb-img wp-image-3619\" srcset=\"https:\/\/espoonperinneseura.net\/sivistys\/wp-content\/uploads\/2024\/01\/Lippulaivan-krijasto-1024x683.jpg 1024w, https:\/\/espoonperinneseura.net\/sivistys\/wp-content\/uploads\/2024\/01\/Lippulaivan-krijasto-300x200.jpg 300w, https:\/\/espoonperinneseura.net\/sivistys\/wp-content\/uploads\/2024\/01\/Lippulaivan-krijasto-768x512.jpg 768w, https:\/\/espoonperinneseura.net\/sivistys\/wp-content\/uploads\/2024\/01\/Lippulaivan-krijasto-600x400.jpg 600w, https:\/\/espoonperinneseura.net\/sivistys\/wp-content\/uploads\/2024\/01\/Lippulaivan-krijasto.jpg 1080w\" sizes=\"(max-width: 1024px) 100vw, 1024px\" \/><figcaption>Lippulaivan kirjasto vuonna 2022. Kuva: Tony Hagerlund, Espoon kaupunginmuseo.<\/figcaption><\/figure>\n<\/div><\/div>\n\n<\/div><\/div>\n\n\n<p>L\u00e4hikirjastojen palvelua on laajennettu ottamalla k\u00e4ytt\u00f6\u00f6n omatoimiajat, jolloin kirjastoon p\u00e4\u00e4see kirjastokortilla, vaikka kirjastossa ei olisi henkil\u00f6kuntaa paikalla. T\u00e4m\u00e4 on lis\u00e4nnyt l\u00e4hikirjaston k\u00e4ytt\u00f6\u00e4 merkitt\u00e4v\u00e4sti. Omatoimikirjasto on k\u00e4yt\u00f6ss\u00e4 Haukilahden, Kalaj\u00e4rven, Karhusuon, Kauklahden, Laajalahden, Laaksolahden, N\u00f6ykki\u00f6n, Otaniemen, Saunalahden, Suurpellon ja Viherlaakson kirjastoissa.<\/p>\n\n\n\n<p>Laaksolahden kirjastossa toimii Espoon ainoa kirjaston yst\u00e4v\u00e4t -yhdistys, jonka tavoitteena on turvata kirjaston l\u00e4hipalvelut alueella ja j\u00e4rjest\u00e4\u00e4 tapahtumia ja toimintaa kirjastossa yhteisty\u00f6ss\u00e4 kirjaston ja alueella toimivien muiden yhdistysten kanssa. <a href=\"https:\/\/sites.google.com\/site\/kirjastonystavat\/\">Laaksolahden kirjaston yst\u00e4v\u00e4t<\/a><\/p>\n\n\n\n<p>Kirjasto kehitt\u00e4\u00e4 jatkuvasti palveluitaan vastaamaan nykyp\u00e4iv\u00e4n tarpeita. Digitalisaation ja uusien oppimismenetelmien my\u00f6t\u00e4 kirjaston rooli tiedonjakajana ja kulttuurisena kohtaamispaikkana vahvistuu.<\/p>\n\n\n\n<h4 class=\"wp-block-heading\">Kouluyhteisty\u00f6<\/h4>\n\n\n\n<p>Espoon kaupunginkirjasto tekee monipuolista yhteisty\u00f6t\u00e4 koulujen kanssa, mik\u00e4 n\u00e4kyy erilaisissa koulutus- ja kulttuuriohjelmissa. <\/p>\n\n\n\n<p>Espoon kaupunginkirjasto osallistuu KULPS-ohjelmaan, tarjoaa peruskoululaisille mahdollisuuden osallistua kirjailijavierailuihin ja muihin kulttuuritapahtumiin. T\u00e4m\u00e4 ohjelma edist\u00e4\u00e4 lukemisen kulttuuria ja tukee opetussuunnitelman tavoitteita. Alakoulujen oppilaille on tarjolla KULPS-kirjastopolkua. Kev\u00e4\u00e4n 2024 tarjonta julkaistiin joulukuussa 2023, ja se sis\u00e4lt\u00e4\u00e4 monenlaisia aktiviteetteja ja oppimismahdollisuuksia alakoululaisille.<\/p>\n\n\n\n<p>Otaniemen l\u00e4hikirjasto tekee tiivist\u00e4 yhteisty\u00f6t\u00e4 lukion kanssa. Kirjasto ei ole vain koulukirjasto, vaan se on integroitu osaksi lukion tiloja ja tarjoaa oppilaille p\u00e4\u00e4syn laajaan aineistoon ja oppimisresursseihin.<\/p>\n\n\n\n<h4 class=\"wp-block-heading hideonsmall\">Espoon kaupunginkirjaston palveluverkko<\/h4>\n\n\n<div class=\"hideonsmall\" style=\"position: relative; width: 100%; padding-bottom: 52%; border: 1px solid gray;\"><iframe style=\"position: absolute; top: 0; left: 0; border: none; width: 100%; height: 100%;\" title=\"Palvelukartta - Hakutulossivu\" src=\"https:\/\/palvelukartta.espoo.fi\/fi\/embed\/search?q=kirjasto&#038;city=espoo&#038;organization=520a4492-cb78-498b-9c82-86504de88dce&#038;accessibility_setting=&#038;search_language=fi&#038;show_list=side&#038;map=servicemap\"><\/iframe><\/div>","protected":false},"excerpt":{"rendered":"<p>Esko Uotila Kirjaston merkitys sivistykselle moniulotteinen ja merkitt\u00e4v\u00e4. Kirjastot tarjoavat p\u00e4\u00e4syn laajaan valikoimaan kirjallisuutta ja muita tiedon l\u00e4hteit\u00e4, edist\u00e4en n\u00e4in lukutaidon kehittymist\u00e4 kaikenik\u00e4isten keskuudessa. Ne tarjoavat turvallisen ja kannustavan ymp\u00e4rist\u00f6n itsen\u00e4iselle oppimiselle ja tiedonhankinnalle, mik\u00e4 on olennainen osa sivistyst\u00e4. Lis\u00e4ksi kirjastot tukevat aktiivista kansalaisuutta, demokratiaa ja sananvapautta. Kirjaston vaiheita Espoon kirjaston historia ulottuu 1860-luvulle, jolloin&#8230;<\/p>\n","protected":false},"author":1,"featured_media":0,"parent":0,"menu_order":0,"comment_status":"closed","ping_status":"closed","template":"","meta":{"_kadence_starter_templates_imported_post":false,"_kad_post_transparent":"","_kad_post_title":"default","_kad_post_layout":"narrow","_kad_post_sidebar_id":"","_kad_post_content_style":"","_kad_post_vertical_padding":"","_kad_post_feature":"","_kad_post_feature_position":"","_kad_post_header":false,"_kad_post_footer":false,"_kad_post_classname":"","footnotes":""},"class_list":["post-3576","page","type-page","status-publish","hentry"],"featured_image_src":"","featured_image_src_square":false,"rbea_author_info":{"display_name":"espoonperinne@gmail.com","author_link":"https:\/\/espoonperinneseura.net\/sivistys\/author\/espoonperinnegmail-com\/"},"rbea_excerpt_info":"Esko Uotila Kirjaston merkitys sivistykselle moniulotteinen ja merkitt\u00e4v\u00e4. Kirjastot tarjoavat p\u00e4\u00e4syn laajaan valikoimaan kirjallisuutta ja muita tiedon l\u00e4hteit\u00e4, edist\u00e4en n\u00e4in lukutaidon kehittymist\u00e4 kaikenik\u00e4isten keskuudessa. Ne tarjoavat turvallisen ja kannustavan ymp\u00e4rist\u00f6n itsen\u00e4iselle oppimiselle ja tiedonhankinnalle, mik\u00e4 on olennainen osa sivistyst\u00e4. Lis\u00e4ksi kirjastot tukevat aktiivista kansalaisuutta, demokratiaa ja sananvapautta. Kirjaston vaiheita Espoon kirjaston historia ulottuu 1860-luvulle, jolloin...","_links":{"self":[{"href":"https:\/\/espoonperinneseura.net\/sivistys\/wp-json\/wp\/v2\/pages\/3576","targetHints":{"allow":["GET"]}}],"collection":[{"href":"https:\/\/espoonperinneseura.net\/sivistys\/wp-json\/wp\/v2\/pages"}],"about":[{"href":"https:\/\/espoonperinneseura.net\/sivistys\/wp-json\/wp\/v2\/types\/page"}],"author":[{"embeddable":true,"href":"https:\/\/espoonperinneseura.net\/sivistys\/wp-json\/wp\/v2\/users\/1"}],"replies":[{"embeddable":true,"href":"https:\/\/espoonperinneseura.net\/sivistys\/wp-json\/wp\/v2\/comments?post=3576"}],"version-history":[{"count":28,"href":"https:\/\/espoonperinneseura.net\/sivistys\/wp-json\/wp\/v2\/pages\/3576\/revisions"}],"predecessor-version":[{"id":4229,"href":"https:\/\/espoonperinneseura.net\/sivistys\/wp-json\/wp\/v2\/pages\/3576\/revisions\/4229"}],"wp:attachment":[{"href":"https:\/\/espoonperinneseura.net\/sivistys\/wp-json\/wp\/v2\/media?parent=3576"}],"curies":[{"name":"wp","href":"https:\/\/api.w.org\/{rel}","templated":true}]}}