{"id":3814,"date":"2024-03-22T16:04:12","date_gmt":"2024-03-22T14:04:12","guid":{"rendered":"https:\/\/espoonperinneseura.net\/sivistys\/?page_id=3814"},"modified":"2024-03-22T16:29:06","modified_gmt":"2024-03-22T14:29:06","slug":"espoosta-tuli-yliopistokaupunki","status":"publish","type":"page","link":"https:\/\/espoonperinneseura.net\/sivistys\/espoosta-tuli-yliopistokaupunki\/","title":{"rendered":"Espoosta tuli yliopistokaupunki"},"content":{"rendered":"\n<p><em>Esko Uotila<\/em><\/p>\n\n\n\n<h4 class=\"wp-block-heading\">Aalto-yliopisto aloitti toimintansa 2010<\/h4>\n\n\n<style>.kb-row-layout-id3814_680d27-6d > .kt-row-column-wrap{align-content:start;}:where(.kb-row-layout-id3814_680d27-6d > .kt-row-column-wrap) > .wp-block-kadence-column{justify-content:start;}.kb-row-layout-id3814_680d27-6d > .kt-row-column-wrap{column-gap:var(--global-kb-gap-md, 2rem);row-gap:var(--global-kb-gap-md, 2rem);padding-top:var(--global-kb-spacing-sm, 1.5rem);padding-bottom:var(--global-kb-spacing-sm, 1.5rem);grid-template-columns:minmax(0, 2fr) minmax(0, 1fr);}.kb-row-layout-id3814_680d27-6d > .kt-row-layout-overlay{opacity:0.30;}@media all and (max-width: 1024px){.kb-row-layout-id3814_680d27-6d > .kt-row-column-wrap{grid-template-columns:minmax(0, 2fr) minmax(0, 1fr);}}@media all and (max-width: 767px){.kb-row-layout-id3814_680d27-6d > .kt-row-column-wrap{grid-template-columns:minmax(0, 1fr);}}<\/style><div class=\"kb-row-layout-wrap kb-row-layout-id3814_680d27-6d alignnone wp-block-kadence-rowlayout\"><div class=\"kt-row-column-wrap kt-has-2-columns kt-row-layout-left-golden kt-tab-layout-inherit kt-mobile-layout-row kt-row-valign-top\">\n<style>.kadence-column3814_070663-3c > .kt-inside-inner-col,.kadence-column3814_070663-3c > .kt-inside-inner-col:before{border-top-left-radius:0px;border-top-right-radius:0px;border-bottom-right-radius:0px;border-bottom-left-radius:0px;}.kadence-column3814_070663-3c > .kt-inside-inner-col{column-gap:var(--global-kb-gap-sm, 1rem);}.kadence-column3814_070663-3c > .kt-inside-inner-col{flex-direction:column;}.kadence-column3814_070663-3c > .kt-inside-inner-col > .aligncenter{width:100%;}.kadence-column3814_070663-3c > .kt-inside-inner-col:before{opacity:0.3;}.kadence-column3814_070663-3c{position:relative;}@media all and (max-width: 1024px){.kadence-column3814_070663-3c > .kt-inside-inner-col{flex-direction:column;justify-content:center;}}@media all and (max-width: 767px){.kadence-column3814_070663-3c > .kt-inside-inner-col{flex-direction:column;justify-content:center;}}<\/style>\n<div class=\"wp-block-kadence-column kadence-column3814_070663-3c\"><div class=\"kt-inside-inner-col\">\n<p>Aalto-yliopisto syntyi kolmen korkeakoulun &#8211; Helsingin kauppakorkeakoulun, Taideteollisen korkeakoulun ja Teknillisen korkeakoulun &#8211; yhdistyess\u00e4 1. tammikuuta 2010. Yliopisto yhdist\u00e4\u00e4 taiteen, teknologian ja talouden osaamisen ainutlaatuisella tavalla, edist\u00e4en siten monialaista tutkimusta, opetusta ja innovaatiota. Aalto-yliopiston tavoitteena on rakentaa kest\u00e4v\u00e4\u00e4 tulevaisuutta kouluttamalla uuden sukupolven asiantuntijoita ja vision\u00e4\u00e4rej\u00e4, jotka kykenev\u00e4t ratkaisemaan yhteiskunnan monimutkaisia haasteita luovilla ja innovatiivisilla tavoilla.<\/p>\n<\/div><\/div>\n\n\n<style>.kadence-column3814_9f70b8-76 > .kt-inside-inner-col,.kadence-column3814_9f70b8-76 > .kt-inside-inner-col:before{border-top-left-radius:0px;border-top-right-radius:0px;border-bottom-right-radius:0px;border-bottom-left-radius:0px;}.kadence-column3814_9f70b8-76 > .kt-inside-inner-col{column-gap:var(--global-kb-gap-sm, 1rem);}.kadence-column3814_9f70b8-76 > .kt-inside-inner-col{flex-direction:column;}.kadence-column3814_9f70b8-76 > .kt-inside-inner-col > .aligncenter{width:100%;}.kadence-column3814_9f70b8-76 > .kt-inside-inner-col:before{opacity:0.3;}.kadence-column3814_9f70b8-76{position:relative;}@media all and (max-width: 1024px){.kadence-column3814_9f70b8-76 > .kt-inside-inner-col{flex-direction:column;justify-content:center;}}@media all and (max-width: 767px){.kadence-column3814_9f70b8-76 > .kt-inside-inner-col{flex-direction:column;justify-content:center;}}<\/style>\n<div class=\"wp-block-kadence-column kadence-column3814_9f70b8-76\"><div class=\"kt-inside-inner-col\"><style>.kb-image3814_2ac3b3-38 .kb-image-has-overlay:after{opacity:0.3;}<\/style>\n<figure class=\"wp-block-kadence-image kb-image3814_2ac3b3-38 size-full\"><img decoding=\"async\" width=\"775\" height=\"713\" src=\"https:\/\/espoonperinneseura.net\/sivistys\/wp-content\/uploads\/2024\/03\/Aalto-yliopisto.png\" alt=\"\" class=\"kb-img wp-image-3823\" srcset=\"https:\/\/espoonperinneseura.net\/sivistys\/wp-content\/uploads\/2024\/03\/Aalto-yliopisto.png 775w, https:\/\/espoonperinneseura.net\/sivistys\/wp-content\/uploads\/2024\/03\/Aalto-yliopisto-300x276.png 300w, https:\/\/espoonperinneseura.net\/sivistys\/wp-content\/uploads\/2024\/03\/Aalto-yliopisto-768x707.png 768w\" sizes=\"(max-width: 775px) 100vw, 775px\" \/><\/figure>\n<\/div><\/div>\n\n<\/div><\/div>\n\n\n<p>Aalto-yliopiston avoimessa yliopistossa on mahdollista tutustua yliopisto-opiskeluun jo lukioaikana ja tarjolla on kursseja niin kauppatieteiden, kielten, taiteiden kuin tekniikan aloilta.<\/p>\n\n\n\n<p>Aalto-yliopistossa on nykyisin kuusi korkeakoulua ja l\u00e4hes 12 000 opiskelijaa, henkil\u00f6st\u00f6\u00e4 on 4 000, joista noin 400 on professoreita. Aalto-yliopistossa voi suorittaa kandidaatin- ja maisteritutkintoja, ja kaikilla opintoaloilla on omat tohtoriohjelmansa.<\/p>\n\n\n\n<p>Teknillisen korkeakoulun ja my\u00f6hemmin Aalto-yliopiston panos koulutuksen, tutkimuksen ja innovaatioiden alalla on vaikuttanut merkitt\u00e4v\u00e4sti Espoon asemaan sivistyskaupunkina ja korostanut sen roolia t\u00e4rke\u00e4n\u00e4 tieteen ja teknologian keskuksena Suomessa ja kansainv\u00e4lisesti.<\/p>\n\n\n\n<h4 class=\"wp-block-heading\">Teknillisen korkeakoulun historiaa<\/h4>\n\n\n\n<p>Aalto-yliopistoon liitetyn Teknillisen korkeakoulun edelt\u00e4j\u00e4 Helsingin teknillinen reaalikoulu perustettiin 1849 vastaamaan elinkeinoel\u00e4m\u00e4n ja julkishallinnon kasvaviin tarpeisiin osaavasta teknisest\u00e4 henkil\u00f6st\u00f6st\u00e4. Se sijoittui vuonna 1877 Hietalahdentorin l\u00e4hell\u00e4 sijaitsevaan ja sen j\u00e4lkeen useita kertoja laajennettuun rakennukseen. Sen nimi muutettiin ensin Polyteknilliseksi kouluksi ja sitten Polyteknilliseksi opistoksi. Huhtikuussa 1908 annetulla asetuksella oppilaitoksen nimeksi tuli Suomen Teknillinen Korkeakoulu.<\/p>\n\n\n\n<p>Korkeakoulun tilat k\u00e4viv\u00e4t riitt\u00e4m\u00e4tt\u00f6miksi ja kaiken lis\u00e4ksi vanha p\u00e4\u00e4rakennus vaurioitui pahasti sotien pommituksissa. Korkeakoulu ja vasta perustettu Valtion Teknillinen Tutkimuslaitos haluttiin sijoittaa TKK:n l\u00e4heisyyteen kiinte\u00e4n yhteisty\u00f6n varmistamiseksi. Valinnassa p\u00e4\u00e4dyttiin Otaniemeen, josta valtio osti 1949 Kansallis-Osake-Pankilta tarvittavan maa-alueen Otaniemen kartanon maista.<\/p>\n\n\n\n<p>Otaniemen alueesta j\u00e4rjestettiin asemakaavakilpailu, jonka voitti Alvar Aallon ehdotus.<br>Teknillisen korkeakoulun ensimm\u00e4inen laboratoriorakennus Otaniemess\u00e4 oli koesahalaitos ja kuivaamo, joka otettiin k\u00e4ytt\u00f6\u00f6n tammikuussa 1955. Saha oli ensimm\u00e4inen rakennuskohde, sill\u00e4 se palveli Otaniemen my\u00f6hemp\u00e4\u00e4 rakentamista. Otaniemen saharakennuksen suunnitteli professori Alvar Aalto ja teknisen toteutuksen suunnitteli rehtori Martti Lev\u00f3n.<\/p>\n\n\n<style>.kb-image3814_26b836-44 .kb-image-has-overlay:after{opacity:0.3;}<\/style>\n<figure class=\"wp-block-kadence-image kb-image3814_26b836-44 size-full\"><img decoding=\"async\" width=\"666\" height=\"450\" src=\"https:\/\/espoonperinneseura.net\/sivistys\/wp-content\/uploads\/2024\/03\/Helsinki_University_of_Technology_auditorium.jpg\" alt=\"\" class=\"kb-img wp-image-3822\" srcset=\"https:\/\/espoonperinneseura.net\/sivistys\/wp-content\/uploads\/2024\/03\/Helsinki_University_of_Technology_auditorium.jpg 666w, https:\/\/espoonperinneseura.net\/sivistys\/wp-content\/uploads\/2024\/03\/Helsinki_University_of_Technology_auditorium-300x203.jpg 300w\" sizes=\"(max-width: 666px) 100vw, 666px\" \/><figcaption>Teknillisen korkeakoulun p\u00e4\u00e4rakennus. Kuva: J-P K\u00e4rn\u00e4, 2004.<\/figcaption><\/figure>\n\n\n\n<p>Vuodesta 1966 l\u00e4htien korkeakoulu on toiminut sit\u00e4 varten rakennetulla kampuksella Otaniemess\u00e4 Espoossa. Teknillisen korkeakoulun p\u00e4\u00e4rakennuksen on suunnitellut Alvar Aalto. P\u00e4\u00e4rakennuksen ensimm\u00e4inen osa valmistui Teknillisen korkeakoulun k\u00e4ytt\u00f6\u00f6n vuonna 1965 ja auditorion k\u00e4sitt\u00e4v\u00e4 lis\u00e4rakennus 1975. Korkeakoulun entisess\u00e4 p\u00e4\u00e4rakennuksessa Hietalahdentorin laidalla toimi vuoteen 2019 asti Metropolia Ammattikorkeakoulu.<\/p>\n\n\n\n<p>Teknillinen korkeakoulu on vuosikymmenten ajan ollut t\u00e4rke\u00e4ss\u00e4 roolissa tuottamassa korkeatasoista insin\u00f6\u00f6ri- ja teknologiaosaamista, mik\u00e4 on houkutellut alueelle teknologiayrityksi\u00e4 ja edist\u00e4nyt taloudellista kehityst\u00e4.<\/p>\n\n\n\n<p>Yksi aikakausi p\u00e4\u00e4ttyi ja uusi alkoi, kun Aalto-yliopisto aloitti toimintansa vuoden 2010 alussa Helsingin kauppakorkeakoulun, Taideteollisen korkeakoulun ja Teknillisen korkeakoulun yhdistyess\u00e4. TKK toimi yhden vuoden nimell\u00e4 Aalto-yliopiston teknillinen korkeakoulu, kunnes se vuoden 2011 alussa jakautui nelj\u00e4ksi tekniikan kouluksi: Aalto-yliopiston insin\u00f6\u00f6ritieteiden, kemian tekniikan, s\u00e4hk\u00f6tekniikan ja perustieteiden korkeakouluksi.<\/p>\n\n\n\n<h4 class=\"wp-block-heading\">Kaupungin ja yliopiston yhteisty\u00f6<\/h4>\n\n\n\n<p>Aalto-yliopiston ja Espoon kaupungin yhteisty\u00f6 on keskeist\u00e4 alueen kehitt\u00e4misess\u00e4 kohti kest\u00e4v\u00e4\u00e4 tulevaisuutta. Yliopisto ja kaupunki ovat pyrkineet kehitt\u00e4m\u00e4\u00e4n houkuttelevia ymp\u00e4rist\u00f6j\u00e4 asumiseen, ty\u00f6skentelyyn, tutkimukseen ja opetukseen. T\u00e4m\u00e4 yhteisty\u00f6 on edist\u00e4nyt innovatiivisten yritysten ja start-upien synty\u00e4 alueelle, tehden siit\u00e4 yhden Euroopan johtavista teknologiakeskittymist\u00e4.<\/p>\n\n\n\n<h4 class=\"wp-block-heading\">Innovaatioita ja yritystoimintaa<\/h4>\n\n\n\n<p>Otaniemen kampusalue on muodostunut el\u00e4v\u00e4ksi kaupunginosaksi, joka tukee innovaatioita ja yritt\u00e4jyytt\u00e4. Kampuksen kehitt\u00e4minen on osa laajempaa visiota, jossa yliopisto toimii yhteisty\u00f6ss\u00e4 paikallisen yhteis\u00f6n ja yritysten kanssa luodakseen ekosysteemin, joka edist\u00e4\u00e4 tieteen, taiteen ja talouden integroitumista.<\/p>\n\n\n\n<p>Kampus on kehittynyt merkitt\u00e4v\u00e4sti viime vuosina, ja se jatkaa uudistumistaan ja laajentumistaan. Otaniemen kampusalueella sijaitsee Aalto-yliopiston kuusi korkeakoulua, jotka kattavat insin\u00f6\u00f6ritieteet, kauppatieteet, perustieteet, s\u00e4hk\u00f6tekniikan, kemian tekniikan sek\u00e4 taiteiden ja suunnittelun alat. Kampus on el\u00e4v\u00e4inen ja innovatiivinen ymp\u00e4rist\u00f6, joka innostaa tekem\u00e4\u00e4n yhteisty\u00f6t\u00e4, kokeilemaan uusia ideoita ja innovoimaan yhdess\u00e4\u200b\u200b\u200b\u200b. Kampuksella sijaitsee my\u00f6s kauppakeskus A Bloc ja uudistunut ostoskeskus A Blanc, jotka tarjoavat kattavan valikoiman palveluita ja kohtaamispaikkoja yliopiston opiskelijoille, henkil\u00f6kunnalle ja vierailijoille.<\/p>\n\n\n\n<p>Aalto-yliopisto on tehnyt merkitt\u00e4v\u00e4\u00e4 tutkimusty\u00f6t\u00e4 monilla eri aloilla, kuten kest\u00e4v\u00e4n kehityksen haasteiden ratkaisemisessa, ruokaturvan parantamisessa ja uusien keinojen kehitt\u00e4misess\u00e4 antibioottiresistenssin vastaiseen taisteluun. N\u00e4iden tutkimusten my\u00f6t\u00e4 yliopisto on vahvistanut asemaansa edell\u00e4k\u00e4vij\u00e4n\u00e4 tieteen ja taiteen risteyksess\u00e4\u200b\u200b.<\/p>\n\n\n\n<p>Aalto-yliopisto ja sen kehittyv\u00e4 Otaniemen kampus ovat olleet keskeisi\u00e4 tekij\u00f6it\u00e4 Espoon kehittymisess\u00e4 sivistyskaupungiksi tarjoten innovatiivisen ja inspiroivan ymp\u00e4rist\u00f6n opiskelulle, tutkimukselle ja yritt\u00e4jyydelle.<\/p>\n\n\n\n<p><strong>L\u00e4hteit\u00e4:<\/strong><\/p>\n\n\n\n<ul class=\"wp-block-list\">\n<li><a href=\"https:\/\/fi.wikipedia.org\/wiki\/Teknillinen_korkeakoulu\" target=\"_blank\" rel=\"noreferrer noopener\">Teknillinen korkeakoulu \u2013 Wikipedia<\/a><\/li>\n\n\n\n<li><a href=\"https:\/\/www.aalto.fi\/fi\" target=\"_blank\" rel=\"noreferrer noopener\">Aalto-yliopisto<\/a><\/li>\n<\/ul>\n","protected":false},"excerpt":{"rendered":"<p>Esko Uotila Aalto-yliopisto aloitti toimintansa 2010 Aalto-yliopisto syntyi kolmen korkeakoulun &#8211; Helsingin kauppakorkeakoulun, Taideteollisen korkeakoulun ja Teknillisen korkeakoulun &#8211; yhdistyess\u00e4 1. tammikuuta 2010. Yliopisto yhdist\u00e4\u00e4 taiteen, teknologian ja talouden osaamisen ainutlaatuisella tavalla, edist\u00e4en siten monialaista tutkimusta, opetusta ja innovaatiota. Aalto-yliopiston tavoitteena on rakentaa kest\u00e4v\u00e4\u00e4 tulevaisuutta kouluttamalla uuden sukupolven asiantuntijoita ja vision\u00e4\u00e4rej\u00e4, jotka kykenev\u00e4t ratkaisemaan yhteiskunnan&#8230;<\/p>\n","protected":false},"author":1,"featured_media":0,"parent":0,"menu_order":0,"comment_status":"closed","ping_status":"closed","template":"","meta":{"_kadence_starter_templates_imported_post":false,"_kad_post_transparent":"","_kad_post_title":"","_kad_post_layout":"","_kad_post_sidebar_id":"","_kad_post_content_style":"","_kad_post_vertical_padding":"","_kad_post_feature":"","_kad_post_feature_position":"","_kad_post_header":false,"_kad_post_footer":false,"_kad_post_classname":"","footnotes":""},"class_list":["post-3814","page","type-page","status-publish","hentry"],"featured_image_src":"","featured_image_src_square":false,"rbea_author_info":{"display_name":"espoonperinne@gmail.com","author_link":"https:\/\/espoonperinneseura.net\/sivistys\/author\/espoonperinnegmail-com\/"},"rbea_excerpt_info":"Esko Uotila Aalto-yliopisto aloitti toimintansa 2010 Aalto-yliopisto syntyi kolmen korkeakoulun &#8211; Helsingin kauppakorkeakoulun, Taideteollisen korkeakoulun ja Teknillisen korkeakoulun &#8211; yhdistyess\u00e4 1. tammikuuta 2010. Yliopisto yhdist\u00e4\u00e4 taiteen, teknologian ja talouden osaamisen ainutlaatuisella tavalla, edist\u00e4en siten monialaista tutkimusta, opetusta ja innovaatiota. Aalto-yliopiston tavoitteena on rakentaa kest\u00e4v\u00e4\u00e4 tulevaisuutta kouluttamalla uuden sukupolven asiantuntijoita ja vision\u00e4\u00e4rej\u00e4, jotka kykenev\u00e4t ratkaisemaan yhteiskunnan...","_links":{"self":[{"href":"https:\/\/espoonperinneseura.net\/sivistys\/wp-json\/wp\/v2\/pages\/3814","targetHints":{"allow":["GET"]}}],"collection":[{"href":"https:\/\/espoonperinneseura.net\/sivistys\/wp-json\/wp\/v2\/pages"}],"about":[{"href":"https:\/\/espoonperinneseura.net\/sivistys\/wp-json\/wp\/v2\/types\/page"}],"author":[{"embeddable":true,"href":"https:\/\/espoonperinneseura.net\/sivistys\/wp-json\/wp\/v2\/users\/1"}],"replies":[{"embeddable":true,"href":"https:\/\/espoonperinneseura.net\/sivistys\/wp-json\/wp\/v2\/comments?post=3814"}],"version-history":[{"count":6,"href":"https:\/\/espoonperinneseura.net\/sivistys\/wp-json\/wp\/v2\/pages\/3814\/revisions"}],"predecessor-version":[{"id":3824,"href":"https:\/\/espoonperinneseura.net\/sivistys\/wp-json\/wp\/v2\/pages\/3814\/revisions\/3824"}],"wp:attachment":[{"href":"https:\/\/espoonperinneseura.net\/sivistys\/wp-json\/wp\/v2\/media?parent=3814"}],"curies":[{"name":"wp","href":"https:\/\/api.w.org\/{rel}","templated":true}]}}