{"id":3888,"date":"2024-04-05T11:31:55","date_gmt":"2024-04-05T08:31:55","guid":{"rendered":"https:\/\/espoonperinneseura.net\/sivistys\/?page_id=3888"},"modified":"2024-05-14T11:46:27","modified_gmt":"2024-05-14T08:46:27","slug":"luku-ja-kirjoitustaidon-alkutaival","status":"publish","type":"page","link":"https:\/\/espoonperinneseura.net\/sivistys\/luku-ja-kirjoitustaidon-alkutaival\/","title":{"rendered":"Luku- ja kirjoitustaidon alkutaival"},"content":{"rendered":"\n<p><em>Tarja Rae<\/em><\/p>\n\n\n\n<p><\/p>\n\n\n\n<p>Pieni\u00e4 v\u00e4l\u00e4hdyksi\u00e4 siit\u00e4, miten luku- ja kirjoitustaito on Espoossa opittu.<\/p>\n\n\n\n<p>Historiankirjoituksessa pysyt\u00e4\u00e4n tutkimukseen pohjautuvassa tiedossa. Yksitt\u00e4isen ihmisen el\u00e4m\u00e4 ei ole t\u00e4m\u00e4n tutkimuksen keski\u00f6ss\u00e4. Se, miten ihmiset ovat asioita kokeneet ja el\u00e4neet vuosisatojen saatossa, on paljolti ker\u00e4tyn tiedon ja mielikuvituksen varassa. Niin on n\u00e4iss\u00e4kin pieniss\u00e4 tarinoissa. Ne perustuvat historian tutkimukseen, joka on kirjoitettu tavallisen ihmisen n\u00e4k\u00f6kulmasta tarinan muotoon.<\/p>\n\n\n\n<p>Luku- ja kirjoitustaidon tulo t\u00e4nne pohjoiseen liittyy paljolti kristinuskon vaikutukseen. Reformaation j\u00e4lkeen protestanttisissa maissa pidettiin t\u00e4rke\u00e4n\u00e4 sit\u00e4, ett\u00e4 kansa sai kuulla Raamatun sanomaa omalla kielell\u00e4\u00e4n. Suomen kielen is\u00e4n\u00e4 pidet\u00e4\u00e4n Mikael Agricolaa, joka k\u00e4\u00e4nsi uuden testamentin suomeksi. H\u00e4n joutui my\u00f6s luomaan monia uusia sanoja. Esimerkkin\u00e4 t\u00e4st\u00e4 vaikkapa leijona, jolle h\u00e4n keksi nimen jalopeura. Sek\u00e4 suomen ett\u00e4 ruotsin kieli kulkivat pitk\u00e4\u00e4n k\u00e4si k\u00e4dess\u00e4 kansan sivistyksen kielin\u00e4, kuten nyky\u00e4\u00e4nkin. <\/p>\n\n\n\n<p>Tervetuloa lukemaan kuvitteellisia tarinoita siit\u00e4, miten luku- ja kirjoitustaito rantautui Espooseen.<\/p>\n\n\n\n<p>Mikael Agricolan p\u00e4iv\u00e4n\u00e4 9.4. 2024<\/p>\n\n\n\n<div class=\"wp-block-columns is-layout-flex wp-container-core-columns-is-layout-9d6595d7 wp-block-columns-is-layout-flex\">\n<div class=\"wp-block-column is-layout-flow wp-block-column-is-layout-flow\" style=\"flex-basis:100%\"><style>.kb-row-layout-id3888_872fbe-42 > .kt-row-column-wrap{align-content:start;}:where(.kb-row-layout-id3888_872fbe-42 > .kt-row-column-wrap) > .wp-block-kadence-column{justify-content:start;}.kb-row-layout-id3888_872fbe-42 > .kt-row-column-wrap{column-gap:var(--global-kb-gap-md, 2rem);row-gap:var(--global-kb-gap-md, 2rem);padding-top:var(--global-kb-spacing-sm, 1.5rem);padding-bottom:var(--global-kb-spacing-sm, 1.5rem);}.kb-row-layout-id3888_872fbe-42 > .kt-row-column-wrap > div:not(.added-for-specificity){grid-column:initial;}.kb-row-layout-id3888_872fbe-42 > .kt-row-column-wrap{grid-template-columns:repeat(3, minmax(0, 1fr));}.kb-row-layout-id3888_872fbe-42 > .kt-row-layout-overlay{opacity:0.30;}@media all and (max-width: 1024px){.kb-row-layout-id3888_872fbe-42 > .kt-row-column-wrap > div:not(.added-for-specificity){grid-column:initial;}}@media all and (max-width: 1024px){.kb-row-layout-id3888_872fbe-42 > .kt-row-column-wrap{grid-template-columns:repeat(3, minmax(0, 1fr));}}@media all and (max-width: 767px){.kb-row-layout-id3888_872fbe-42 > .kt-row-column-wrap > div:not(.added-for-specificity){grid-column:initial;}.kb-row-layout-id3888_872fbe-42 > .kt-row-column-wrap{grid-template-columns:minmax(0, 1fr);}}<\/style><div class=\"kb-row-layout-wrap kb-row-layout-id3888_872fbe-42 alignnone wp-block-kadence-rowlayout\"><div class=\"kt-row-column-wrap kt-has-3-columns kt-row-layout-equal kt-tab-layout-inherit kt-mobile-layout-row kt-row-valign-top\">\n<style>.kadence-column3888_f6b5e8-d6 > .kt-inside-inner-col,.kadence-column3888_f6b5e8-d6 > .kt-inside-inner-col:before{border-top-left-radius:0px;border-top-right-radius:0px;border-bottom-right-radius:0px;border-bottom-left-radius:0px;}.kadence-column3888_f6b5e8-d6 > .kt-inside-inner-col{column-gap:var(--global-kb-gap-sm, 1rem);}.kadence-column3888_f6b5e8-d6 > .kt-inside-inner-col{flex-direction:column;}.kadence-column3888_f6b5e8-d6 > .kt-inside-inner-col > .aligncenter{width:100%;}.kadence-column3888_f6b5e8-d6 > .kt-inside-inner-col:before{opacity:0.3;}.kadence-column3888_f6b5e8-d6{position:relative;}@media all and (max-width: 1024px){.kadence-column3888_f6b5e8-d6 > .kt-inside-inner-col{flex-direction:column;justify-content:center;}}@media all and (max-width: 767px){.kadence-column3888_f6b5e8-d6 > .kt-inside-inner-col{flex-direction:column;justify-content:center;}}<\/style>\n<div class=\"wp-block-kadence-column kadence-column3888_f6b5e8-d6\"><div class=\"kt-inside-inner-col\"><style>.kb-image3888_fd034d-f9 .kb-image-has-overlay:after{opacity:0.3;}<\/style>\n<div class=\"wp-block-kadence-image kb-image3888_fd034d-f9\"><figure class=\"aligncenter\"><a href=\"https:\/\/espoonperinneseura.net\/sivistys\/mikael-agricola-1510-1557\/\" class=\"kb-advanced-image-link\"><img decoding=\"async\" width=\"2487\" height=\"2355\" src=\"https:\/\/espoonperinneseura.net\/sivistys\/wp-content\/uploads\/2024\/04\/Mikael-Agricola-scaled-e1713882059223.jpg\" alt=\"\" class=\"kb-img wp-image-3937\" srcset=\"https:\/\/espoonperinneseura.net\/sivistys\/wp-content\/uploads\/2024\/04\/Mikael-Agricola-scaled-e1713882059223.jpg 2487w, https:\/\/espoonperinneseura.net\/sivistys\/wp-content\/uploads\/2024\/04\/Mikael-Agricola-scaled-e1713882059223-300x284.jpg 300w, https:\/\/espoonperinneseura.net\/sivistys\/wp-content\/uploads\/2024\/04\/Mikael-Agricola-scaled-e1713882059223-1024x970.jpg 1024w, https:\/\/espoonperinneseura.net\/sivistys\/wp-content\/uploads\/2024\/04\/Mikael-Agricola-scaled-e1713882059223-768x727.jpg 768w, https:\/\/espoonperinneseura.net\/sivistys\/wp-content\/uploads\/2024\/04\/Mikael-Agricola-scaled-e1713882059223-1536x1454.jpg 1536w, https:\/\/espoonperinneseura.net\/sivistys\/wp-content\/uploads\/2024\/04\/Mikael-Agricola-scaled-e1713882059223-2048x1939.jpg 2048w\" sizes=\"(max-width: 2487px) 100vw, 2487px\" \/><\/a><figcaption><a href=\"https:\/\/espoonperinneseura.net\/sivistys\/mikael-agricola-1510-1557\/\" data-type=\"page\" data-id=\"3931\">Mikael Agricola<\/a><\/figcaption><\/figure><\/div>\n<\/div><\/div>\n\n\n<style>.kadence-column3888_3e8b00-26 > .kt-inside-inner-col,.kadence-column3888_3e8b00-26 > .kt-inside-inner-col:before{border-top-left-radius:0px;border-top-right-radius:0px;border-bottom-right-radius:0px;border-bottom-left-radius:0px;}.kadence-column3888_3e8b00-26 > .kt-inside-inner-col{column-gap:var(--global-kb-gap-sm, 1rem);}.kadence-column3888_3e8b00-26 > .kt-inside-inner-col{flex-direction:column;}.kadence-column3888_3e8b00-26 > .kt-inside-inner-col > .aligncenter{width:100%;}.kadence-column3888_3e8b00-26 > .kt-inside-inner-col:before{opacity:0.3;}.kadence-column3888_3e8b00-26{position:relative;}@media all and (max-width: 1024px){.kadence-column3888_3e8b00-26 > .kt-inside-inner-col{flex-direction:column;justify-content:center;}}@media all and (max-width: 767px){.kadence-column3888_3e8b00-26 > .kt-inside-inner-col{flex-direction:column;justify-content:center;}}<\/style>\n<div class=\"wp-block-kadence-column kadence-column3888_3e8b00-26\"><div class=\"kt-inside-inner-col\"><style>.kb-image3888_127060-86 .kb-image-has-overlay:after{opacity:0.3;}<\/style>\n<div class=\"wp-block-kadence-image kb-image3888_127060-86\"><figure class=\"aligncenter size-large\"><a href=\"https:\/\/espoonperinneseura.net\/sivistys\/valahdyksia-espoolaisten-luku-ja-kirjoitustaidon-alkutaipaleelta\/kouluvaatteet-2\/\" class=\"kb-advanced-image-link\"><img decoding=\"async\" width=\"1024\" height=\"796\" src=\"https:\/\/espoonperinneseura.net\/sivistys\/wp-content\/uploads\/2024\/04\/Kouluvaatteet-1024x796.jpg\" alt=\"\" class=\"kb-img wp-image-3889\" srcset=\"https:\/\/espoonperinneseura.net\/sivistys\/wp-content\/uploads\/2024\/04\/Kouluvaatteet-1024x796.jpg 1024w, https:\/\/espoonperinneseura.net\/sivistys\/wp-content\/uploads\/2024\/04\/Kouluvaatteet-300x233.jpg 300w, https:\/\/espoonperinneseura.net\/sivistys\/wp-content\/uploads\/2024\/04\/Kouluvaatteet-768x597.jpg 768w, https:\/\/espoonperinneseura.net\/sivistys\/wp-content\/uploads\/2024\/04\/Kouluvaatteet-1536x1194.jpg 1536w, https:\/\/espoonperinneseura.net\/sivistys\/wp-content\/uploads\/2024\/04\/Kouluvaatteet-2048x1592.jpg 2048w\" sizes=\"(max-width: 1024px) 100vw, 1024px\" \/><\/a><figcaption><a href=\"https:\/\/espoonperinneseura.net\/sivistys\/valahdyksia-espoolaisten-luku-ja-kirjoitustaidon-alkutaipaleelta\/kouluvaatteet-2\/\" data-type=\"page\" data-id=\"3892\">Kouluvaatteet<\/a><\/figcaption><\/figure><\/div>\n<\/div><\/div>\n\n\n<style>.kadence-column3888_0ae524-ab > .kt-inside-inner-col,.kadence-column3888_0ae524-ab > .kt-inside-inner-col:before{border-top-left-radius:0px;border-top-right-radius:0px;border-bottom-right-radius:0px;border-bottom-left-radius:0px;}.kadence-column3888_0ae524-ab > .kt-inside-inner-col{column-gap:var(--global-kb-gap-sm, 1rem);}.kadence-column3888_0ae524-ab > .kt-inside-inner-col{flex-direction:column;}.kadence-column3888_0ae524-ab > .kt-inside-inner-col > .aligncenter{width:100%;}.kadence-column3888_0ae524-ab > .kt-inside-inner-col:before{opacity:0.3;}.kadence-column3888_0ae524-ab{position:relative;}@media all and (max-width: 1024px){.kadence-column3888_0ae524-ab > .kt-inside-inner-col{flex-direction:column;justify-content:center;}}@media all and (max-width: 767px){.kadence-column3888_0ae524-ab > .kt-inside-inner-col{flex-direction:column;justify-content:center;}}<\/style>\n<div class=\"wp-block-kadence-column kadence-column3888_0ae524-ab\"><div class=\"kt-inside-inner-col\"><style>.kb-image3888_c59764-43 .kb-image-has-overlay:after{opacity:0.3;}<\/style>\n<div class=\"wp-block-kadence-image kb-image3888_c59764-43\"><figure class=\"aligncenter size-large\"><a href=\"https:\/\/espoonperinneseura.net\/sivistys\/valahdyksia-espoolaisten-luku-ja-kirjoitustaidon-alkutaipaleelta\/suvivirsi-2\/\" class=\"kb-advanced-image-link\"><img decoding=\"async\" width=\"1024\" height=\"805\" src=\"https:\/\/espoonperinneseura.net\/sivistys\/wp-content\/uploads\/2024\/04\/Suvivirsi-1024x805.jpg\" alt=\"\" class=\"kb-img wp-image-3890\" srcset=\"https:\/\/espoonperinneseura.net\/sivistys\/wp-content\/uploads\/2024\/04\/Suvivirsi-1024x805.jpg 1024w, https:\/\/espoonperinneseura.net\/sivistys\/wp-content\/uploads\/2024\/04\/Suvivirsi-300x236.jpg 300w, https:\/\/espoonperinneseura.net\/sivistys\/wp-content\/uploads\/2024\/04\/Suvivirsi-768x604.jpg 768w, https:\/\/espoonperinneseura.net\/sivistys\/wp-content\/uploads\/2024\/04\/Suvivirsi-1536x1208.jpg 1536w, https:\/\/espoonperinneseura.net\/sivistys\/wp-content\/uploads\/2024\/04\/Suvivirsi-2048x1610.jpg 2048w\" sizes=\"(max-width: 1024px) 100vw, 1024px\" \/><\/a><figcaption><a href=\"https:\/\/espoonperinneseura.net\/sivistys\/valahdyksia-espoolaisten-luku-ja-kirjoitustaidon-alkutaipaleelta\/suvivirsi-2\/\" data-type=\"page\" data-id=\"3898\">Suvivirsi<\/a><\/figcaption><\/figure><\/div>\n<\/div><\/div>\n\n<\/div><\/div>\n\n<style>.kb-row-layout-id3888_b829e1-09 > .kt-row-column-wrap{align-content:start;}:where(.kb-row-layout-id3888_b829e1-09 > .kt-row-column-wrap) > .wp-block-kadence-column{justify-content:start;}.kb-row-layout-id3888_b829e1-09 > .kt-row-column-wrap{column-gap:var(--global-kb-gap-md, 2rem);row-gap:var(--global-kb-gap-md, 2rem);padding-top:var(--global-kb-spacing-sm, 1.5rem);padding-bottom:var(--global-kb-spacing-sm, 1.5rem);}.kb-row-layout-id3888_b829e1-09 > .kt-row-column-wrap > div:not(.added-for-specificity){grid-column:initial;}.kb-row-layout-id3888_b829e1-09 > .kt-row-column-wrap{grid-template-columns:repeat(3, minmax(0, 1fr));}.kb-row-layout-id3888_b829e1-09 > .kt-row-layout-overlay{opacity:0.30;}@media all and (max-width: 1024px){.kb-row-layout-id3888_b829e1-09 > .kt-row-column-wrap > div:not(.added-for-specificity){grid-column:initial;}}@media all and (max-width: 1024px){.kb-row-layout-id3888_b829e1-09 > .kt-row-column-wrap{grid-template-columns:repeat(3, minmax(0, 1fr));}}@media all and (max-width: 767px){.kb-row-layout-id3888_b829e1-09 > .kt-row-column-wrap > div:not(.added-for-specificity){grid-column:initial;}.kb-row-layout-id3888_b829e1-09 > .kt-row-column-wrap{grid-template-columns:minmax(0, 1fr);}}<\/style><div class=\"kb-row-layout-wrap kb-row-layout-id3888_b829e1-09 alignnone wp-block-kadence-rowlayout\"><div class=\"kt-row-column-wrap kt-has-3-columns kt-row-layout-equal kt-tab-layout-inherit kt-mobile-layout-row kt-row-valign-top\">\n<style>.kadence-column3888_dd821f-b1 > .kt-inside-inner-col,.kadence-column3888_dd821f-b1 > .kt-inside-inner-col:before{border-top-left-radius:0px;border-top-right-radius:0px;border-bottom-right-radius:0px;border-bottom-left-radius:0px;}.kadence-column3888_dd821f-b1 > .kt-inside-inner-col{column-gap:var(--global-kb-gap-sm, 1rem);}.kadence-column3888_dd821f-b1 > .kt-inside-inner-col{flex-direction:column;}.kadence-column3888_dd821f-b1 > .kt-inside-inner-col > .aligncenter{width:100%;}.kadence-column3888_dd821f-b1 > .kt-inside-inner-col:before{opacity:0.3;}.kadence-column3888_dd821f-b1{position:relative;}@media all and (max-width: 1024px){.kadence-column3888_dd821f-b1 > .kt-inside-inner-col{flex-direction:column;justify-content:center;}}@media all and (max-width: 767px){.kadence-column3888_dd821f-b1 > .kt-inside-inner-col{flex-direction:column;justify-content:center;}}<\/style>\n<div class=\"wp-block-kadence-column kadence-column3888_dd821f-b1\"><div class=\"kt-inside-inner-col\"><style>.kb-image3888_18ae9a-50.kb-image-is-ratio-size, .kb-image3888_18ae9a-50 .kb-image-is-ratio-size{max-width:222px;width:100%;}.wp-block-kadence-column > .kt-inside-inner-col > .kb-image3888_18ae9a-50.kb-image-is-ratio-size, .wp-block-kadence-column > .kt-inside-inner-col > .kb-image3888_18ae9a-50 .kb-image-is-ratio-size{align-self:unset;}.kb-image3888_18ae9a-50 figure{max-width:222px;}.kb-image3888_18ae9a-50 .image-is-svg, .kb-image3888_18ae9a-50 .image-is-svg img{width:100%;}.kb-image3888_18ae9a-50 .kb-image-has-overlay:after{opacity:0.3;}<\/style>\n<div class=\"wp-block-kadence-image kb-image3888_18ae9a-50\"><figure class=\"aligncenter size-large\"><a href=\"https:\/\/espoonperinneseura.net\/sivistys\/ulkolaksy\/\" class=\"kb-advanced-image-link\"><img decoding=\"async\" width=\"1024\" height=\"945\" src=\"https:\/\/espoonperinneseura.net\/sivistys\/wp-content\/uploads\/2024\/04\/Ulkolaksy-1-1024x945.jpg\" alt=\"\" class=\"kb-img wp-image-3938\" srcset=\"https:\/\/espoonperinneseura.net\/sivistys\/wp-content\/uploads\/2024\/04\/Ulkolaksy-1-1024x945.jpg 1024w, https:\/\/espoonperinneseura.net\/sivistys\/wp-content\/uploads\/2024\/04\/Ulkolaksy-1-300x277.jpg 300w, https:\/\/espoonperinneseura.net\/sivistys\/wp-content\/uploads\/2024\/04\/Ulkolaksy-1-768x708.jpg 768w, https:\/\/espoonperinneseura.net\/sivistys\/wp-content\/uploads\/2024\/04\/Ulkolaksy-1-1536x1417.jpg 1536w, https:\/\/espoonperinneseura.net\/sivistys\/wp-content\/uploads\/2024\/04\/Ulkolaksy-1-2048x1889.jpg 2048w\" sizes=\"(max-width: 1024px) 100vw, 1024px\" \/><\/a><figcaption><a href=\"https:\/\/espoonperinneseura.net\/sivistys\/ulkolaksy\/\" data-type=\"page\" data-id=\"3933\">Ulkol\u00e4ksy<\/a><\/figcaption><\/figure><\/div>\n\n\n<style>.kb-image3888_06a290-fd.kb-image-is-ratio-size, .kb-image3888_06a290-fd .kb-image-is-ratio-size{max-width:222px;width:100%;}.wp-block-kadence-column > .kt-inside-inner-col > .kb-image3888_06a290-fd.kb-image-is-ratio-size, .wp-block-kadence-column > .kt-inside-inner-col > .kb-image3888_06a290-fd .kb-image-is-ratio-size{align-self:unset;}.kb-image3888_06a290-fd figure{max-width:222px;}.kb-image3888_06a290-fd .image-is-svg, .kb-image3888_06a290-fd .image-is-svg img{width:100%;}.kb-image3888_06a290-fd .kb-image-has-overlay:after{opacity:0.3;}<\/style>\n<div class=\"wp-block-kadence-image kb-image3888_06a290-fd\"><figure class=\"aligncenter size-large\"><img decoding=\"async\" width=\"1024\" height=\"903\" src=\"https:\/\/espoonperinneseura.net\/sivistys\/wp-content\/uploads\/2024\/05\/Rippikoulu-1024x903.jpg\" alt=\"\" class=\"kb-img wp-image-4055\" srcset=\"https:\/\/espoonperinneseura.net\/sivistys\/wp-content\/uploads\/2024\/05\/Rippikoulu-1024x903.jpg 1024w, https:\/\/espoonperinneseura.net\/sivistys\/wp-content\/uploads\/2024\/05\/Rippikoulu-300x265.jpg 300w, https:\/\/espoonperinneseura.net\/sivistys\/wp-content\/uploads\/2024\/05\/Rippikoulu-768x677.jpg 768w, https:\/\/espoonperinneseura.net\/sivistys\/wp-content\/uploads\/2024\/05\/Rippikoulu-1536x1354.jpg 1536w, https:\/\/espoonperinneseura.net\/sivistys\/wp-content\/uploads\/2024\/05\/Rippikoulu-2048x1806.jpg 2048w\" sizes=\"(max-width: 1024px) 100vw, 1024px\" \/><figcaption><a href=\"https:\/\/espoonperinneseura.net\/sivistys\/luku-ja-kirjoitustaidon-alkutaival\/rippikoulu\/\" data-type=\"page\" data-id=\"4048\">Rippikoulu<\/a><\/figcaption><\/figure><\/div>\n<\/div><\/div>\n\n\n<style>.kadence-column3888_d11972-14 > .kt-inside-inner-col,.kadence-column3888_d11972-14 > .kt-inside-inner-col:before{border-top-left-radius:0px;border-top-right-radius:0px;border-bottom-right-radius:0px;border-bottom-left-radius:0px;}.kadence-column3888_d11972-14 > .kt-inside-inner-col{column-gap:var(--global-kb-gap-sm, 1rem);}.kadence-column3888_d11972-14 > .kt-inside-inner-col{flex-direction:column;}.kadence-column3888_d11972-14 > .kt-inside-inner-col > .aligncenter{width:100%;}.kadence-column3888_d11972-14 > .kt-inside-inner-col:before{opacity:0.3;}.kadence-column3888_d11972-14{position:relative;}@media all and (max-width: 1024px){.kadence-column3888_d11972-14 > .kt-inside-inner-col{flex-direction:column;justify-content:center;}}@media all and (max-width: 767px){.kadence-column3888_d11972-14 > .kt-inside-inner-col{flex-direction:column;justify-content:center;}}<\/style>\n<div class=\"wp-block-kadence-column kadence-column3888_d11972-14\"><div class=\"kt-inside-inner-col\"><style>.kb-image3888_2bf943-91 .kb-image-has-overlay:after{opacity:0.3;}<\/style>\n<div class=\"wp-block-kadence-image kb-image3888_2bf943-91\"><figure class=\"aligncenter size-large\"><a href=\"https:\/\/espoonperinneseura.net\/sivistys\/luku-ja-kirjoitustaidon-alkutaival\/kiertoloulu\/\" class=\"kb-advanced-image-link\"><img decoding=\"async\" width=\"1024\" height=\"914\" src=\"https:\/\/espoonperinneseura.net\/sivistys\/wp-content\/uploads\/2024\/04\/Kiertokoulu-1024x914.jpg\" alt=\"\" class=\"kb-img wp-image-3985\" srcset=\"https:\/\/espoonperinneseura.net\/sivistys\/wp-content\/uploads\/2024\/04\/Kiertokoulu-1024x914.jpg 1024w, https:\/\/espoonperinneseura.net\/sivistys\/wp-content\/uploads\/2024\/04\/Kiertokoulu-300x268.jpg 300w, https:\/\/espoonperinneseura.net\/sivistys\/wp-content\/uploads\/2024\/04\/Kiertokoulu-768x685.jpg 768w, https:\/\/espoonperinneseura.net\/sivistys\/wp-content\/uploads\/2024\/04\/Kiertokoulu-1536x1370.jpg 1536w, https:\/\/espoonperinneseura.net\/sivistys\/wp-content\/uploads\/2024\/04\/Kiertokoulu-2048x1827.jpg 2048w\" sizes=\"(max-width: 1024px) 100vw, 1024px\" \/><\/a><figcaption><a href=\"https:\/\/espoonperinneseura.net\/sivistys\/luku-ja-kirjoitustaidon-alkutaival\/kiertoloulu\/\" data-type=\"page\" data-id=\"3983\">Kiertokoulu<\/a><\/figcaption><\/figure><\/div>\n\n\n<style>.kb-image3888_740d68-87 .kb-image-has-overlay:after{opacity:0.3;}<\/style>\n<div class=\"wp-block-kadence-image kb-image3888_740d68-87\"><figure class=\"aligncenter size-large\"><img decoding=\"async\" width=\"1024\" height=\"1005\" src=\"https:\/\/espoonperinneseura.net\/sivistys\/wp-content\/uploads\/2024\/05\/Kinkerit-1024x1005.jpg\" alt=\"\" class=\"kb-img wp-image-4054\" srcset=\"https:\/\/espoonperinneseura.net\/sivistys\/wp-content\/uploads\/2024\/05\/Kinkerit-1024x1005.jpg 1024w, https:\/\/espoonperinneseura.net\/sivistys\/wp-content\/uploads\/2024\/05\/Kinkerit-300x295.jpg 300w, https:\/\/espoonperinneseura.net\/sivistys\/wp-content\/uploads\/2024\/05\/Kinkerit-768x754.jpg 768w, https:\/\/espoonperinneseura.net\/sivistys\/wp-content\/uploads\/2024\/05\/Kinkerit-1536x1508.jpg 1536w, https:\/\/espoonperinneseura.net\/sivistys\/wp-content\/uploads\/2024\/05\/Kinkerit-2048x2011.jpg 2048w\" sizes=\"(max-width: 1024px) 100vw, 1024px\" \/><figcaption><a href=\"https:\/\/espoonperinneseura.net\/sivistys\/luku-ja-kirjoitustaidon-alkutaival\/kinkerit\/\" data-type=\"page\" data-id=\"4045\">Kinkerit<\/a><\/figcaption><\/figure><\/div>\n<\/div><\/div>\n\n\n<style>.kadence-column3888_d60f00-b7 > .kt-inside-inner-col,.kadence-column3888_d60f00-b7 > .kt-inside-inner-col:before{border-top-left-radius:0px;border-top-right-radius:0px;border-bottom-right-radius:0px;border-bottom-left-radius:0px;}.kadence-column3888_d60f00-b7 > .kt-inside-inner-col{column-gap:var(--global-kb-gap-sm, 1rem);}.kadence-column3888_d60f00-b7 > .kt-inside-inner-col{flex-direction:column;}.kadence-column3888_d60f00-b7 > .kt-inside-inner-col > .aligncenter{width:100%;}.kadence-column3888_d60f00-b7 > .kt-inside-inner-col:before{opacity:0.3;}.kadence-column3888_d60f00-b7{position:relative;}@media all and (max-width: 1024px){.kadence-column3888_d60f00-b7 > .kt-inside-inner-col{flex-direction:column;justify-content:center;}}@media all and (max-width: 767px){.kadence-column3888_d60f00-b7 > .kt-inside-inner-col{flex-direction:column;justify-content:center;}}<\/style>\n<div class=\"wp-block-kadence-column kadence-column3888_d60f00-b7\"><div class=\"kt-inside-inner-col\"><style>.kb-image3888_29e382-94 .kb-image-has-overlay:after{opacity:0.3;}<\/style>\n<div class=\"wp-block-kadence-image kb-image3888_29e382-94\"><figure class=\"aligncenter size-large\"><a href=\"https:\/\/espoonperinneseura.net\/sivistys\/luku-ja-kirjoitustaidon-alkutaival\/muonamies\/\" class=\"kb-advanced-image-link\"><img decoding=\"async\" width=\"1024\" height=\"776\" src=\"https:\/\/espoonperinneseura.net\/sivistys\/wp-content\/uploads\/2024\/04\/Muonamies-1024x776.jpg\" alt=\"\" class=\"kb-img wp-image-3988\" srcset=\"https:\/\/espoonperinneseura.net\/sivistys\/wp-content\/uploads\/2024\/04\/Muonamies-1024x776.jpg 1024w, https:\/\/espoonperinneseura.net\/sivistys\/wp-content\/uploads\/2024\/04\/Muonamies-300x227.jpg 300w, https:\/\/espoonperinneseura.net\/sivistys\/wp-content\/uploads\/2024\/04\/Muonamies-768x582.jpg 768w, https:\/\/espoonperinneseura.net\/sivistys\/wp-content\/uploads\/2024\/04\/Muonamies-1536x1164.jpg 1536w, https:\/\/espoonperinneseura.net\/sivistys\/wp-content\/uploads\/2024\/04\/Muonamies-2048x1551.jpg 2048w\" sizes=\"(max-width: 1024px) 100vw, 1024px\" \/><\/a><figcaption><a href=\"https:\/\/espoonperinneseura.net\/sivistys\/luku-ja-kirjoitustaidon-alkutaival\/muonamies\/\" data-type=\"page\" data-id=\"3984\">Muonamies<\/a><\/figcaption><\/figure><\/div>\n<\/div><\/div>\n\n<\/div><\/div><\/div>\n<\/div>\n","protected":false},"excerpt":{"rendered":"<p>Tarja Rae Pieni\u00e4 v\u00e4l\u00e4hdyksi\u00e4 siit\u00e4, miten luku- ja kirjoitustaito on Espoossa opittu. Historiankirjoituksessa pysyt\u00e4\u00e4n tutkimukseen pohjautuvassa tiedossa. Yksitt\u00e4isen ihmisen el\u00e4m\u00e4 ei ole t\u00e4m\u00e4n tutkimuksen keski\u00f6ss\u00e4. Se, miten ihmiset ovat asioita kokeneet ja el\u00e4neet vuosisatojen saatossa, on paljolti ker\u00e4tyn tiedon ja mielikuvituksen varassa. Niin on n\u00e4iss\u00e4kin pieniss\u00e4 tarinoissa. Ne perustuvat historian tutkimukseen, joka on kirjoitettu tavallisen&#8230;<\/p>\n","protected":false},"author":1,"featured_media":0,"parent":0,"menu_order":0,"comment_status":"closed","ping_status":"closed","template":"","meta":{"_kadence_starter_templates_imported_post":false,"_kad_post_transparent":"","_kad_post_title":"","_kad_post_layout":"","_kad_post_sidebar_id":"","_kad_post_content_style":"","_kad_post_vertical_padding":"","_kad_post_feature":"","_kad_post_feature_position":"","_kad_post_header":false,"_kad_post_footer":false,"_kad_post_classname":"","footnotes":""},"class_list":["post-3888","page","type-page","status-publish","hentry"],"featured_image_src":"","featured_image_src_square":false,"rbea_author_info":{"display_name":"espoonperinne@gmail.com","author_link":"https:\/\/espoonperinneseura.net\/sivistys\/author\/espoonperinnegmail-com\/"},"rbea_excerpt_info":"Tarja Rae Pieni\u00e4 v\u00e4l\u00e4hdyksi\u00e4 siit\u00e4, miten luku- ja kirjoitustaito on Espoossa opittu. Historiankirjoituksessa pysyt\u00e4\u00e4n tutkimukseen pohjautuvassa tiedossa. Yksitt\u00e4isen ihmisen el\u00e4m\u00e4 ei ole t\u00e4m\u00e4n tutkimuksen keski\u00f6ss\u00e4. Se, miten ihmiset ovat asioita kokeneet ja el\u00e4neet vuosisatojen saatossa, on paljolti ker\u00e4tyn tiedon ja mielikuvituksen varassa. Niin on n\u00e4iss\u00e4kin pieniss\u00e4 tarinoissa. Ne perustuvat historian tutkimukseen, joka on kirjoitettu tavallisen...","_links":{"self":[{"href":"https:\/\/espoonperinneseura.net\/sivistys\/wp-json\/wp\/v2\/pages\/3888","targetHints":{"allow":["GET"]}}],"collection":[{"href":"https:\/\/espoonperinneseura.net\/sivistys\/wp-json\/wp\/v2\/pages"}],"about":[{"href":"https:\/\/espoonperinneseura.net\/sivistys\/wp-json\/wp\/v2\/types\/page"}],"author":[{"embeddable":true,"href":"https:\/\/espoonperinneseura.net\/sivistys\/wp-json\/wp\/v2\/users\/1"}],"replies":[{"embeddable":true,"href":"https:\/\/espoonperinneseura.net\/sivistys\/wp-json\/wp\/v2\/comments?post=3888"}],"version-history":[{"count":27,"href":"https:\/\/espoonperinneseura.net\/sivistys\/wp-json\/wp\/v2\/pages\/3888\/revisions"}],"predecessor-version":[{"id":4060,"href":"https:\/\/espoonperinneseura.net\/sivistys\/wp-json\/wp\/v2\/pages\/3888\/revisions\/4060"}],"wp:attachment":[{"href":"https:\/\/espoonperinneseura.net\/sivistys\/wp-json\/wp\/v2\/media?parent=3888"}],"curies":[{"name":"wp","href":"https:\/\/api.w.org\/{rel}","templated":true}]}}