{"id":3892,"date":"2024-04-05T11:44:22","date_gmt":"2024-04-05T08:44:22","guid":{"rendered":"https:\/\/espoonperinneseura.net\/sivistys\/?page_id=3892"},"modified":"2024-04-10T12:03:47","modified_gmt":"2024-04-10T09:03:47","slug":"kouluvaatteet-2","status":"publish","type":"page","link":"https:\/\/espoonperinneseura.net\/sivistys\/luku-ja-kirjoitustaidon-alkutaival\/kouluvaatteet-2\/","title":{"rendered":"Kouluvaatteet"},"content":{"rendered":"\n<p><em>Tarja Rae<\/em><\/p>\n\n\n\n<div class=\"wp-block-columns is-layout-flex wp-container-core-columns-is-layout-9d6595d7 wp-block-columns-is-layout-flex\">\n<div class=\"wp-block-column is-layout-flow wp-block-column-is-layout-flow\"><style>.kb-image3892_0de2c6-2d.kb-image-is-ratio-size, .kb-image3892_0de2c6-2d .kb-image-is-ratio-size{max-width:350px;width:100%;}.wp-block-kadence-column > .kt-inside-inner-col > .kb-image3892_0de2c6-2d.kb-image-is-ratio-size, .wp-block-kadence-column > .kt-inside-inner-col > .kb-image3892_0de2c6-2d .kb-image-is-ratio-size{align-self:unset;}.kb-image3892_0de2c6-2d figure{max-width:350px;}.kb-image3892_0de2c6-2d .image-is-svg, .kb-image3892_0de2c6-2d .image-is-svg img{width:100%;}.kb-image3892_0de2c6-2d .kb-image-has-overlay:after{opacity:0.3;}<\/style>\n<div class=\"wp-block-kadence-image kb-image3892_0de2c6-2d\"><figure class=\"alignright size-medium_large\"><img decoding=\"async\" width=\"768\" height=\"597\" src=\"https:\/\/espoonperinneseura.net\/sivistys\/wp-content\/uploads\/2024\/04\/Kouluvaatteet-768x597.jpg\" alt=\"\" class=\"kb-img wp-image-3889\" srcset=\"https:\/\/espoonperinneseura.net\/sivistys\/wp-content\/uploads\/2024\/04\/Kouluvaatteet-768x597.jpg 768w, https:\/\/espoonperinneseura.net\/sivistys\/wp-content\/uploads\/2024\/04\/Kouluvaatteet-300x233.jpg 300w, https:\/\/espoonperinneseura.net\/sivistys\/wp-content\/uploads\/2024\/04\/Kouluvaatteet-1024x796.jpg 1024w, https:\/\/espoonperinneseura.net\/sivistys\/wp-content\/uploads\/2024\/04\/Kouluvaatteet-1536x1194.jpg 1536w, https:\/\/espoonperinneseura.net\/sivistys\/wp-content\/uploads\/2024\/04\/Kouluvaatteet-2048x1592.jpg 2048w\" sizes=\"(max-width: 768px) 100vw, 768px\" \/><\/figure><\/div>\n\n\n\n<p>Elettiin syksy\u00e4 1870. Emmi solmi uusien kenkiens\u00e4 nauhoja kotitalonsa pihalla Nuuksion Pitk\u00e4j\u00e4rven rannalla.<\/p>\n\n\n\n<p>Voi, miten mukavilta uudet keng\u00e4t tuntuivat! Oikeat keng\u00e4t. sellaisia h\u00e4nell\u00e4 ei ollut viel\u00e4 koskaan ollutkaan. Nauhojen solmiminen oli hieman vaikeaa, mutta Emmi\u00e4 se vaan nauratti.<\/p>\n\n\n\n<p>Kiertokoulun opettaja oli tullut Emmin kotikyl\u00e4\u00e4n Nuuksioon ja kirkkoherra oli kehottanut kyl\u00e4n lapsia menem\u00e4\u00e4n kouluun. Tyt\u00f6n vanhemmat olivat k\u00f6yhi\u00e4, eik\u00e4 heill\u00e4 ollut rahaa kouluvaatteisiin. Emmin vanhemmat eiv\u00e4t olleet tohtineet l\u00e4hett\u00e4\u00e4 tyt\u00e4rt\u00e4\u00e4n kouluun hieman rikkin\u00e4isiss\u00e4 vaatteissa.<\/p>\n\n\n\n<p>Kiertokoulun opettaja tuli k\u00e4ym\u00e4\u00e4n Emmin kotiin ja kertoi, ett\u00e4 seurakunta oli saanut suuren rahalahjoituksen lasten kouluvaatteita varten. Emmi saisi sielt\u00e4 rahat kouluvaatteita varten. Onnellinen Emmi saikin uuden esiliinan, lettinauhat ja koulukeng\u00e4t.<\/p>\n\n\n\n<p>Niin Emmi p\u00e4\u00e4si kouluun oppimaan lukemista ja kirjoittamista.<\/p>\n\n\n\n<p style=\"padding-top:var(--wp--preset--spacing--30)\"><a href=\"https:\/\/espoonperinneseura.net\/sivistys\/luku-ja-kirjoitustaidon-alkutaival\/\" data-type=\"page\" data-id=\"3888\">Luku- ja kirjoitustaidon alkutaival<\/a><\/p>\n<\/div>\n<\/div>\n","protected":false},"excerpt":{"rendered":"<p>Tarja Rae Elettiin syksy\u00e4 1870. Emmi solmi uusien kenkiens\u00e4 nauhoja kotitalonsa pihalla Nuuksion Pitk\u00e4j\u00e4rven rannalla. Voi, miten mukavilta uudet keng\u00e4t tuntuivat! Oikeat keng\u00e4t. sellaisia h\u00e4nell\u00e4 ei ollut viel\u00e4 koskaan ollutkaan. Nauhojen solmiminen oli hieman vaikeaa, mutta Emmi\u00e4 se vaan nauratti. Kiertokoulun opettaja oli tullut Emmin kotikyl\u00e4\u00e4n Nuuksioon ja kirkkoherra oli kehottanut kyl\u00e4n lapsia menem\u00e4\u00e4n kouluun&#8230;.<\/p>\n","protected":false},"author":1,"featured_media":0,"parent":3888,"menu_order":0,"comment_status":"closed","ping_status":"closed","template":"","meta":{"_kadence_starter_templates_imported_post":false,"_kad_post_transparent":"","_kad_post_title":"","_kad_post_layout":"","_kad_post_sidebar_id":"","_kad_post_content_style":"","_kad_post_vertical_padding":"","_kad_post_feature":"","_kad_post_feature_position":"","_kad_post_header":false,"_kad_post_footer":false,"_kad_post_classname":"","footnotes":""},"class_list":["post-3892","page","type-page","status-publish","hentry"],"featured_image_src":"","featured_image_src_square":false,"rbea_author_info":{"display_name":"espoonperinne@gmail.com","author_link":"https:\/\/espoonperinneseura.net\/sivistys\/author\/espoonperinnegmail-com\/"},"rbea_excerpt_info":"Tarja Rae Elettiin syksy\u00e4 1870. Emmi solmi uusien kenkiens\u00e4 nauhoja kotitalonsa pihalla Nuuksion Pitk\u00e4j\u00e4rven rannalla. Voi, miten mukavilta uudet keng\u00e4t tuntuivat! Oikeat keng\u00e4t. sellaisia h\u00e4nell\u00e4 ei ollut viel\u00e4 koskaan ollutkaan. Nauhojen solmiminen oli hieman vaikeaa, mutta Emmi\u00e4 se vaan nauratti. Kiertokoulun opettaja oli tullut Emmin kotikyl\u00e4\u00e4n Nuuksioon ja kirkkoherra oli kehottanut kyl\u00e4n lapsia menem\u00e4\u00e4n kouluun....","_links":{"self":[{"href":"https:\/\/espoonperinneseura.net\/sivistys\/wp-json\/wp\/v2\/pages\/3892","targetHints":{"allow":["GET"]}}],"collection":[{"href":"https:\/\/espoonperinneseura.net\/sivistys\/wp-json\/wp\/v2\/pages"}],"about":[{"href":"https:\/\/espoonperinneseura.net\/sivistys\/wp-json\/wp\/v2\/types\/page"}],"author":[{"embeddable":true,"href":"https:\/\/espoonperinneseura.net\/sivistys\/wp-json\/wp\/v2\/users\/1"}],"replies":[{"embeddable":true,"href":"https:\/\/espoonperinneseura.net\/sivistys\/wp-json\/wp\/v2\/comments?post=3892"}],"version-history":[{"count":7,"href":"https:\/\/espoonperinneseura.net\/sivistys\/wp-json\/wp\/v2\/pages\/3892\/revisions"}],"predecessor-version":[{"id":3952,"href":"https:\/\/espoonperinneseura.net\/sivistys\/wp-json\/wp\/v2\/pages\/3892\/revisions\/3952"}],"up":[{"embeddable":true,"href":"https:\/\/espoonperinneseura.net\/sivistys\/wp-json\/wp\/v2\/pages\/3888"}],"wp:attachment":[{"href":"https:\/\/espoonperinneseura.net\/sivistys\/wp-json\/wp\/v2\/media?parent=3892"}],"curies":[{"name":"wp","href":"https:\/\/api.w.org\/{rel}","templated":true}]}}