{"id":3898,"date":"2024-04-05T11:48:16","date_gmt":"2024-04-05T08:48:16","guid":{"rendered":"https:\/\/espoonperinneseura.net\/sivistys\/?page_id=3898"},"modified":"2024-04-10T12:04:16","modified_gmt":"2024-04-10T09:04:16","slug":"suvivirsi-2","status":"publish","type":"page","link":"https:\/\/espoonperinneseura.net\/sivistys\/luku-ja-kirjoitustaidon-alkutaival\/suvivirsi-2\/","title":{"rendered":"Suvivirsi"},"content":{"rendered":"\n<p><em>Tarja Rae<\/em><\/p>\n\n\n<style>.kb-image3898_aa7900-9a.kb-image-is-ratio-size, .kb-image3898_aa7900-9a .kb-image-is-ratio-size{max-width:350px;width:100%;}.wp-block-kadence-column > .kt-inside-inner-col > .kb-image3898_aa7900-9a.kb-image-is-ratio-size, .wp-block-kadence-column > .kt-inside-inner-col > .kb-image3898_aa7900-9a .kb-image-is-ratio-size{align-self:unset;}.kb-image3898_aa7900-9a figure{max-width:350px;}.kb-image3898_aa7900-9a .image-is-svg, .kb-image3898_aa7900-9a .image-is-svg img{width:100%;}.kb-image3898_aa7900-9a .kb-image-has-overlay:after{opacity:0.3;}<\/style>\n<div class=\"wp-block-kadence-image kb-image3898_aa7900-9a\"><figure class=\"alignright size-medium_large\"><img decoding=\"async\" width=\"768\" height=\"604\" src=\"https:\/\/espoonperinneseura.net\/sivistys\/wp-content\/uploads\/2024\/04\/Suvivirsi-768x604.jpg\" alt=\"\" class=\"kb-img wp-image-3890\" srcset=\"https:\/\/espoonperinneseura.net\/sivistys\/wp-content\/uploads\/2024\/04\/Suvivirsi-768x604.jpg 768w, https:\/\/espoonperinneseura.net\/sivistys\/wp-content\/uploads\/2024\/04\/Suvivirsi-300x236.jpg 300w, https:\/\/espoonperinneseura.net\/sivistys\/wp-content\/uploads\/2024\/04\/Suvivirsi-1024x805.jpg 1024w, https:\/\/espoonperinneseura.net\/sivistys\/wp-content\/uploads\/2024\/04\/Suvivirsi-1536x1208.jpg 1536w, https:\/\/espoonperinneseura.net\/sivistys\/wp-content\/uploads\/2024\/04\/Suvivirsi-2048x1610.jpg 2048w\" sizes=\"(max-width: 768px) 100vw, 768px\" \/><\/figure><\/div>\n\n\n\n<p>Maija oli matkalla kouluun. H\u00e4n k\u00e4vi Lagstadin uutta kansakoulua vuonna 1874. Nyt oli kev\u00e4\u00e4n viimeinen koulup\u00e4iv\u00e4 ja Maija toisteli mieless\u00e4\u00e4n ulkoa opettelemansa suvivirren sanoja.<\/p>\n\n\n\n<p>Tultuaan Espoonjoen rantaan Maija p\u00e4\u00e4tti vied\u00e4 opettajalle kimpun kauniita rentukoita. Niit\u00e4 kasvoi aivan joen vesirajassa. H\u00e4n poimi niit\u00e4 ison kimpun. Yht\u00e4kki\u00e4 h\u00e4n kuuli koulun avoimesta ikkunasta suvivirren veisuuta: \u201dJo joutui armas aika ja suvi suloinen\u2026\u201d<\/p>\n\n\n\n<p>Maija pinkaisi juoksuun rentukat k\u00e4dess\u00e4 kohti koulua. Koulun ovi oli auki, samoin tytt\u00f6jen ja poikien luokkien ovet. Maija harppoi koulun rappuset yl\u00f6s veisaten muiden mukana virtt\u00e4. H\u00e4n pys\u00e4htyi tytt\u00f6jen luokan ovelle. Kirkkoherra veisasi virtt\u00e4 luokan kynnyksell\u00e4 tukkien koko oviaukon, eik\u00e4 Maija p\u00e4\u00e4ssyt luokkaan. Sitten virsi loppui.<\/p>\n\n\n\n<p>Maija katsoi hieman peloissaan kirkkoherraan ja p\u00e4\u00e4ttikin antaa kukat h\u00e4nelle. Kirkkoherra kiitti opettajaa ja Maijaa kauniista kukista. Opettaja oli hieman yll\u00e4ttynyt, mutta tyytyv\u00e4inen. H\u00e4n ei my\u00f6sk\u00e4\u00e4n ollut Maijalle yht\u00e4\u00e4n vihainen, vaikka t\u00e4m\u00e4 oli my\u00f6h\u00e4stynyt koulusta.<\/p>\n\n\n\n<p style=\"padding-top:var(--wp--preset--spacing--30)\"><a href=\"https:\/\/espoonperinneseura.net\/sivistys\/luku-ja-kirjoitustaidon-alkutaival\/\" data-type=\"page\" data-id=\"3888\">Luku- ja kirjoitustaidon alkutaival<\/a><\/p>\n","protected":false},"excerpt":{"rendered":"<p>Tarja Rae Maija oli matkalla kouluun. H\u00e4n k\u00e4vi Lagstadin uutta kansakoulua vuonna 1874. Nyt oli kev\u00e4\u00e4n viimeinen koulup\u00e4iv\u00e4 ja Maija toisteli mieless\u00e4\u00e4n ulkoa opettelemansa suvivirren sanoja. Tultuaan Espoonjoen rantaan Maija p\u00e4\u00e4tti vied\u00e4 opettajalle kimpun kauniita rentukoita. Niit\u00e4 kasvoi aivan joen vesirajassa. H\u00e4n poimi niit\u00e4 ison kimpun. Yht\u00e4kki\u00e4 h\u00e4n kuuli koulun avoimesta ikkunasta suvivirren veisuuta: \u201dJo&#8230;<\/p>\n","protected":false},"author":1,"featured_media":0,"parent":3888,"menu_order":0,"comment_status":"closed","ping_status":"closed","template":"","meta":{"_kadence_starter_templates_imported_post":false,"_kad_post_transparent":"","_kad_post_title":"","_kad_post_layout":"","_kad_post_sidebar_id":"","_kad_post_content_style":"","_kad_post_vertical_padding":"","_kad_post_feature":"","_kad_post_feature_position":"","_kad_post_header":false,"_kad_post_footer":false,"_kad_post_classname":"","footnotes":""},"class_list":["post-3898","page","type-page","status-publish","hentry"],"featured_image_src":"","featured_image_src_square":false,"rbea_author_info":{"display_name":"espoonperinne@gmail.com","author_link":"https:\/\/espoonperinneseura.net\/sivistys\/author\/espoonperinnegmail-com\/"},"rbea_excerpt_info":"Tarja Rae Maija oli matkalla kouluun. H\u00e4n k\u00e4vi Lagstadin uutta kansakoulua vuonna 1874. Nyt oli kev\u00e4\u00e4n viimeinen koulup\u00e4iv\u00e4 ja Maija toisteli mieless\u00e4\u00e4n ulkoa opettelemansa suvivirren sanoja. Tultuaan Espoonjoen rantaan Maija p\u00e4\u00e4tti vied\u00e4 opettajalle kimpun kauniita rentukoita. Niit\u00e4 kasvoi aivan joen vesirajassa. H\u00e4n poimi niit\u00e4 ison kimpun. Yht\u00e4kki\u00e4 h\u00e4n kuuli koulun avoimesta ikkunasta suvivirren veisuuta: \u201dJo...","_links":{"self":[{"href":"https:\/\/espoonperinneseura.net\/sivistys\/wp-json\/wp\/v2\/pages\/3898","targetHints":{"allow":["GET"]}}],"collection":[{"href":"https:\/\/espoonperinneseura.net\/sivistys\/wp-json\/wp\/v2\/pages"}],"about":[{"href":"https:\/\/espoonperinneseura.net\/sivistys\/wp-json\/wp\/v2\/types\/page"}],"author":[{"embeddable":true,"href":"https:\/\/espoonperinneseura.net\/sivistys\/wp-json\/wp\/v2\/users\/1"}],"replies":[{"embeddable":true,"href":"https:\/\/espoonperinneseura.net\/sivistys\/wp-json\/wp\/v2\/comments?post=3898"}],"version-history":[{"count":5,"href":"https:\/\/espoonperinneseura.net\/sivistys\/wp-json\/wp\/v2\/pages\/3898\/revisions"}],"predecessor-version":[{"id":3953,"href":"https:\/\/espoonperinneseura.net\/sivistys\/wp-json\/wp\/v2\/pages\/3898\/revisions\/3953"}],"up":[{"embeddable":true,"href":"https:\/\/espoonperinneseura.net\/sivistys\/wp-json\/wp\/v2\/pages\/3888"}],"wp:attachment":[{"href":"https:\/\/espoonperinneseura.net\/sivistys\/wp-json\/wp\/v2\/media?parent=3898"}],"curies":[{"name":"wp","href":"https:\/\/api.w.org\/{rel}","templated":true}]}}