{"id":3923,"date":"2024-04-09T17:16:58","date_gmt":"2024-04-09T14:16:58","guid":{"rendered":"https:\/\/espoonperinneseura.net\/sivistys\/?page_id=3923"},"modified":"2024-04-09T17:16:58","modified_gmt":"2024-04-09T14:16:58","slug":"yleissivistyksen-kasite-pahkinankuoressa","status":"publish","type":"page","link":"https:\/\/espoonperinneseura.net\/sivistys\/yleissivistyksen-kasite-pahkinankuoressa\/","title":{"rendered":"Yleissivistyksen k\u00e4site p\u00e4hkin\u00e4nkuoressa"},"content":{"rendered":"\n<p><em>Martti Hellstr\u00f6m<\/em><\/p>\n\n\n\n<p>Yleissivistyksell\u00e4 tarkoitetaan niit\u00e4 perustietoja ja -taitoja ja suhtautumistapoja, joita tarvitaan jatko-opinnoissa ja menestykseen kansalaisena. T\u00e4n\u00e4\u00e4n niit\u00e4 halutaan opettaa kaikille ja kaikissa koulumuodoissa. N\u00e4in ei ole aina ollut.<\/p>\n\n\n\n<p>Yleissivist\u00e4v\u00e4 tarkoitus ohjaa koulukasvatuksen p\u00e4\u00e4m\u00e4\u00e4r\u00e4\u00e4 sek\u00e4 sis\u00e4ll\u00f6jen ja menetelmien valintaa.<\/p>\n\n\n\n<p>Yleissivistyksen ihanteena on pitk\u00e4\u00e4n ollut ehj\u00e4 persoona, joka on sek\u00e4 kyps\u00e4 yksil\u00f6 ett\u00e4 vastuunsa kantava yhteis\u00f6n j\u00e4sen.<\/p>\n\n\n\n<p>Suomalaisessa koulussa on muihin maihin verrattina paljon eri oppiaineita, ja yleens\u00e4 niiden taustalla on jokin akateeminen tieteenala. Tavallisesti oppiaineet jaetaan kolmeen ryhm\u00e4\u00e4n:<\/p>\n\n\n\n<ol class=\"wp-block-list\">\n<li>Ns. lukuaineet (\u00e4idinkieli, matematiikka, humanistiset aineet, kuten uskonto ja historia, sek\u00e4 klassiset ja uudet kielet)<\/li>\n\n\n\n<li>Reaaliaineet (eri luonnontieteet)<\/li>\n\n\n\n<li>Taito- ja taideaineet (musiikki, kuvataide, liikunta, k\u00e4sity\u00f6 ja kotitalous)<\/li>\n<\/ol>\n\n\n\n<p>Oppiaineiden sis\u00e4ll\u00f6t ovat muuttuneet vastaamaan kunkin ajan tarpeita. My\u00f6s oppiaineiden keskin\u00e4inen arvoj\u00e4rjestys on vaihtunut. Kaikkina aikoina on arvostettu luku-, kirjoitus- ja laskutaitoa. Ensimm\u00e4isiss\u00e4 kouluissamme hyvin t\u00e4rkeit\u00e4 aineita olivat mm. uskonto ja klassiset kielet. Jo 1600-luvulla niiden rinnalle alkoi nousta reaaliaineita. 1800-luvun kouluista l\u00f6ytyi jo laaja oppiainevalikoima. 2000-luvulle tultaessa klassiset kielet ovat k\u00e4yt\u00e4nn\u00f6ss\u00e4 kadonneet.<\/p>\n\n\n\n<p>Yleissivistyksen klassisia opetusmenetelmi\u00e4 ovat olleet ulkoaopettelu lukemalla tai korvakuulolta, kirjalliset ja suulliset kuulustelut, luennot sek\u00e4 kyselev\u00e4 opetus.<\/p>\n\n\n\n<p>Ajatus siit\u00e4, ett\u00e4 kaikille erilaisille ja eri l\u00e4ht\u00f6kohdista tuleville tulisi opettaa yhteinen sivistys, ei ole kovin vanha. Viel\u00e4 1960-luvulle saakka pidettiin jopa itsest\u00e4\u00e4n selv\u00e4n\u00e4, ett\u00e4 lapset ovat lahjakkuudeltaan ja taustaltaan niin erilaisia, ett\u00e4 on tarpeen erottaa toisistaan kansalle annattava kansansivistys ja paremmalle kansanosalle tarjottava akateemisempi sivistys.<\/p>\n\n\n\n<p>Pitk\u00e4\u00e4n ajateltiin my\u00f6s, ett\u00e4 tyt\u00f6t tarvitsevat erilaista sivistyst\u00e4 kuin pojat. T\u00e4m\u00e4 n\u00e4kyi mm. erillisiss\u00e4 oppialaitoksissa pojille ja tyt\u00f6ille sek\u00e4 samankin koulun sis\u00e4ll\u00e4 poika- ja tytt\u00f6luokkina.<\/p>\n\n\n\n<p>Peruskoulu oli merkitt\u00e4v\u00e4 k\u00e4\u00e4nnekohta t\u00e4ss\u00e4 ajattelussa. 1970-luvulla luovuttiin kahden sivistyksen ajattelutavasta, ja luotiin kaikille oppilaille keskeisimm\u00e4t asiat sis\u00e4lt\u00e4v\u00e4 yleisivist\u00e4v\u00e4 koulutus. Alusta alkaen on kuitenkin tunnistettu, ett\u00e4 t\u00e4m\u00e4n yleissivist\u00e4v\u00e4n ytimen lis\u00e4ksi on aihetta antaa kouluissa tilaa my\u00f6s valinnaisille ja vaihtoehtoisille yleisivist\u00e4ville opinnoille.<\/p>\n\n\n\n<p>Yleissivist\u00e4v\u00e4\u00e4 opetusta annetaan paitsi yleissivist\u00e4viss\u00e4 oppilaitoksissa, kuten peruskoulussa, lukiossa, vapaan sivistyksen oppilaitoksissa ja yliopistoissa, my\u00f6s osana ammattillisten oppilaitosten opintoja. Niiss\u00e4 keskeisin sis\u00e4lt\u00f6 on kuitenkin ammattisivistys.<\/p>\n","protected":false},"excerpt":{"rendered":"<p>Martti Hellstr\u00f6m Yleissivistyksell\u00e4 tarkoitetaan niit\u00e4 perustietoja ja -taitoja ja suhtautumistapoja, joita tarvitaan jatko-opinnoissa ja menestykseen kansalaisena. T\u00e4n\u00e4\u00e4n niit\u00e4 halutaan opettaa kaikille ja kaikissa koulumuodoissa. N\u00e4in ei ole aina ollut. Yleissivist\u00e4v\u00e4 tarkoitus ohjaa koulukasvatuksen p\u00e4\u00e4m\u00e4\u00e4r\u00e4\u00e4 sek\u00e4 sis\u00e4ll\u00f6jen ja menetelmien valintaa. Yleissivistyksen ihanteena on pitk\u00e4\u00e4n ollut ehj\u00e4 persoona, joka on sek\u00e4 kyps\u00e4 yksil\u00f6 ett\u00e4 vastuunsa kantava yhteis\u00f6n&#8230;<\/p>\n","protected":false},"author":1,"featured_media":0,"parent":0,"menu_order":0,"comment_status":"closed","ping_status":"closed","template":"","meta":{"_kadence_starter_templates_imported_post":false,"_kad_post_transparent":"","_kad_post_title":"","_kad_post_layout":"","_kad_post_sidebar_id":"","_kad_post_content_style":"","_kad_post_vertical_padding":"","_kad_post_feature":"","_kad_post_feature_position":"","_kad_post_header":false,"_kad_post_footer":false,"_kad_post_classname":"","footnotes":""},"class_list":["post-3923","page","type-page","status-publish","hentry"],"featured_image_src":"","featured_image_src_square":false,"rbea_author_info":{"display_name":"espoonperinne@gmail.com","author_link":"https:\/\/espoonperinneseura.net\/sivistys\/author\/espoonperinnegmail-com\/"},"rbea_excerpt_info":"Martti Hellstr\u00f6m Yleissivistyksell\u00e4 tarkoitetaan niit\u00e4 perustietoja ja -taitoja ja suhtautumistapoja, joita tarvitaan jatko-opinnoissa ja menestykseen kansalaisena. T\u00e4n\u00e4\u00e4n niit\u00e4 halutaan opettaa kaikille ja kaikissa koulumuodoissa. N\u00e4in ei ole aina ollut. Yleissivist\u00e4v\u00e4 tarkoitus ohjaa koulukasvatuksen p\u00e4\u00e4m\u00e4\u00e4r\u00e4\u00e4 sek\u00e4 sis\u00e4ll\u00f6jen ja menetelmien valintaa. Yleissivistyksen ihanteena on pitk\u00e4\u00e4n ollut ehj\u00e4 persoona, joka on sek\u00e4 kyps\u00e4 yksil\u00f6 ett\u00e4 vastuunsa kantava yhteis\u00f6n...","_links":{"self":[{"href":"https:\/\/espoonperinneseura.net\/sivistys\/wp-json\/wp\/v2\/pages\/3923","targetHints":{"allow":["GET"]}}],"collection":[{"href":"https:\/\/espoonperinneseura.net\/sivistys\/wp-json\/wp\/v2\/pages"}],"about":[{"href":"https:\/\/espoonperinneseura.net\/sivistys\/wp-json\/wp\/v2\/types\/page"}],"author":[{"embeddable":true,"href":"https:\/\/espoonperinneseura.net\/sivistys\/wp-json\/wp\/v2\/users\/1"}],"replies":[{"embeddable":true,"href":"https:\/\/espoonperinneseura.net\/sivistys\/wp-json\/wp\/v2\/comments?post=3923"}],"version-history":[{"count":1,"href":"https:\/\/espoonperinneseura.net\/sivistys\/wp-json\/wp\/v2\/pages\/3923\/revisions"}],"predecessor-version":[{"id":3924,"href":"https:\/\/espoonperinneseura.net\/sivistys\/wp-json\/wp\/v2\/pages\/3923\/revisions\/3924"}],"wp:attachment":[{"href":"https:\/\/espoonperinneseura.net\/sivistys\/wp-json\/wp\/v2\/media?parent=3923"}],"curies":[{"name":"wp","href":"https:\/\/api.w.org\/{rel}","templated":true}]}}