{"id":3961,"date":"2024-04-10T13:18:22","date_gmt":"2024-04-10T10:18:22","guid":{"rendered":"https:\/\/espoonperinneseura.net\/sivistys\/?page_id=3961"},"modified":"2024-04-30T15:53:44","modified_gmt":"2024-04-30T12:53:44","slug":"muistoja-kaupungintalosta","status":"publish","type":"page","link":"https:\/\/espoonperinneseura.net\/sivistys\/muistoja-kaupungintalosta\/","title":{"rendered":"Muistoja Espoon kaupungintalosta"},"content":{"rendered":"\n<p><em>Mauritz Hellstr\u00f6m<\/em><\/p>\n\n\n<style>.kb-image3961_57bf39-91.kb-image-is-ratio-size, .kb-image3961_57bf39-91 .kb-image-is-ratio-size{max-width:350px;width:100%;}.wp-block-kadence-column > .kt-inside-inner-col > .kb-image3961_57bf39-91.kb-image-is-ratio-size, .wp-block-kadence-column > .kt-inside-inner-col > .kb-image3961_57bf39-91 .kb-image-is-ratio-size{align-self:unset;}.kb-image3961_57bf39-91 figure{max-width:350px;}.kb-image3961_57bf39-91 .image-is-svg, .kb-image3961_57bf39-91 .image-is-svg img{width:100%;}.kb-image3961_57bf39-91 .kb-image-has-overlay:after{opacity:0.3;}<\/style>\n<div class=\"wp-block-kadence-image kb-image3961_57bf39-91\"><figure class=\"alignright size-large\"><img decoding=\"async\" width=\"1024\" height=\"768\" src=\"https:\/\/espoonperinneseura.net\/sivistys\/wp-content\/uploads\/2024\/04\/Rainer-Lahti-1024x768.jpg\" alt=\"\" class=\"kb-img wp-image-3962\" srcset=\"https:\/\/espoonperinneseura.net\/sivistys\/wp-content\/uploads\/2024\/04\/Rainer-Lahti-1024x768.jpg 1024w, https:\/\/espoonperinneseura.net\/sivistys\/wp-content\/uploads\/2024\/04\/Rainer-Lahti-300x225.jpg 300w, https:\/\/espoonperinneseura.net\/sivistys\/wp-content\/uploads\/2024\/04\/Rainer-Lahti-768x576.jpg 768w, https:\/\/espoonperinneseura.net\/sivistys\/wp-content\/uploads\/2024\/04\/Rainer-Lahti-1536x1152.jpg 1536w, https:\/\/espoonperinneseura.net\/sivistys\/wp-content\/uploads\/2024\/04\/Rainer-Lahti-2048x1536.jpg 2048w\" sizes=\"(max-width: 1024px) 100vw, 1024px\" \/><\/figure><\/div>\n\n\n\n<p><strong>Rainer Lahti<\/strong> muistelee innostuneena edesmenneen kaupungintalon alkuvuosia: \u201d Oltiin iloisia ja tyytyv\u00e4isi\u00e4, meill\u00e4 on vihdoinkin oma kaupungintalo, sinne p\u00e4\u00e4syst\u00e4 kilpailtiin. Oltiin tyytyv\u00e4isi\u00e4 siit\u00e4kin, ett\u00e4 p\u00e4\u00e4stiin p\u00e4\u00e4tt\u00e4jien kanssa saman katon alle.\u201d<\/p>\n\n\n\n<p>Uudessa kaupungintalossa kaupunginhallituksen kokoushuone oli Rainer Lahden mielest\u00e4 \u201dmaailman hienoin.\u201d Lukuisista ikkunoista avautui panoraamamaisema historiallisen Espoon kansallismaisemiin.<\/p>\n\n\n\n<p>Rainer Lahti oli Espoon ymp\u00e4rist\u00f6yhdistyksen ensimm\u00e4inen puheenjohtaja 1974 \u2013 1983, ja vuodesta 1983 h\u00e4n oli Espoon kaupunginvaltuuston ja kaupunginhallituksen j\u00e4sen. Kaupungintalolla tuli paljon k\u00e4yty\u00e4<br>niin\u00e4 vuosina.<\/p>\n\n\n\n<p>H\u00e4n muistaa kuinka asioiden hoito helpottui, kun kaikki avainhenkil\u00f6t oli tavoitettavissa. Alkuvuosina kukaan ei valittanut kaupungintalon rumuutta, mieli muuttui t\u00e4ss\u00e4 asiassa my\u00f6hemmin. Asbesti oli poistettu talosta ajat sitten, satunnaisia putkivuotoja korjattiin. Rainer Lahti on etsim\u00e4ll\u00e4 etsinyt virallista n\u00e4ytt\u00f6\u00e4 homeesta, mutta ei ole l\u00f6yt\u00e4nyt.<\/p>\n\n\n\n<p>Kaupungintalon kohtalo p\u00e4\u00e4ttyi surullisesti, purkup\u00e4\u00e4t\u00f6ksest\u00e4 ei keskusteltu, se tuli lopulta t\u00e4yten\u00e4 yll\u00e4tyksen\u00e4. Oli hyv\u00e4 kunnostussuunnitelma, jossa ilmastointi uusittaisiin ja elektroniikka nykyaikaistettaisiin. Talon laajennuksesta haaveiltiin, ja kansalaistori oli suunnitelmissa.<\/p>\n\n\n\n<p>Kaupungintalon rakentamisen aikaan Espoon kauppalalla oli vakava pyrkimys kehitty\u00e4 merkitt\u00e4v\u00e4ksi kaupungiksi, ja sit\u00e4 varten kaupungintalo rakennettiin historialliseen kunnan keskustaan.<\/p>\n\n\n\n<p>Se oli yksi pitk\u00e4 loikka sivistyskaupungin suuntaan, joka kehitys oli alkanut jo yli viisisataa vuotta<br>sitten.<\/p>\n","protected":false},"excerpt":{"rendered":"<p>Mauritz Hellstr\u00f6m Rainer Lahti muistelee innostuneena edesmenneen kaupungintalon alkuvuosia: \u201d Oltiin iloisia ja tyytyv\u00e4isi\u00e4, meill\u00e4 on vihdoinkin oma kaupungintalo, sinne p\u00e4\u00e4syst\u00e4 kilpailtiin. Oltiin tyytyv\u00e4isi\u00e4 siit\u00e4kin, ett\u00e4 p\u00e4\u00e4stiin p\u00e4\u00e4tt\u00e4jien kanssa saman katon alle.\u201d Uudessa kaupungintalossa kaupunginhallituksen kokoushuone oli Rainer Lahden mielest\u00e4 \u201dmaailman hienoin.\u201d Lukuisista ikkunoista avautui panoraamamaisema historiallisen Espoon kansallismaisemiin. Rainer Lahti oli Espoon ymp\u00e4rist\u00f6yhdistyksen ensimm\u00e4inen&#8230;<\/p>\n","protected":false},"author":1,"featured_media":0,"parent":0,"menu_order":0,"comment_status":"closed","ping_status":"closed","template":"","meta":{"_kadence_starter_templates_imported_post":false,"_kad_post_transparent":"","_kad_post_title":"","_kad_post_layout":"","_kad_post_sidebar_id":"","_kad_post_content_style":"","_kad_post_vertical_padding":"","_kad_post_feature":"","_kad_post_feature_position":"","_kad_post_header":false,"_kad_post_footer":false,"_kad_post_classname":"","footnotes":""},"class_list":["post-3961","page","type-page","status-publish","hentry"],"featured_image_src":"","featured_image_src_square":false,"rbea_author_info":{"display_name":"espoonperinne@gmail.com","author_link":"https:\/\/espoonperinneseura.net\/sivistys\/author\/espoonperinnegmail-com\/"},"rbea_excerpt_info":"Mauritz Hellstr\u00f6m Rainer Lahti muistelee innostuneena edesmenneen kaupungintalon alkuvuosia: \u201d Oltiin iloisia ja tyytyv\u00e4isi\u00e4, meill\u00e4 on vihdoinkin oma kaupungintalo, sinne p\u00e4\u00e4syst\u00e4 kilpailtiin. Oltiin tyytyv\u00e4isi\u00e4 siit\u00e4kin, ett\u00e4 p\u00e4\u00e4stiin p\u00e4\u00e4tt\u00e4jien kanssa saman katon alle.\u201d Uudessa kaupungintalossa kaupunginhallituksen kokoushuone oli Rainer Lahden mielest\u00e4 \u201dmaailman hienoin.\u201d Lukuisista ikkunoista avautui panoraamamaisema historiallisen Espoon kansallismaisemiin. Rainer Lahti oli Espoon ymp\u00e4rist\u00f6yhdistyksen ensimm\u00e4inen...","_links":{"self":[{"href":"https:\/\/espoonperinneseura.net\/sivistys\/wp-json\/wp\/v2\/pages\/3961","targetHints":{"allow":["GET"]}}],"collection":[{"href":"https:\/\/espoonperinneseura.net\/sivistys\/wp-json\/wp\/v2\/pages"}],"about":[{"href":"https:\/\/espoonperinneseura.net\/sivistys\/wp-json\/wp\/v2\/types\/page"}],"author":[{"embeddable":true,"href":"https:\/\/espoonperinneseura.net\/sivistys\/wp-json\/wp\/v2\/users\/1"}],"replies":[{"embeddable":true,"href":"https:\/\/espoonperinneseura.net\/sivistys\/wp-json\/wp\/v2\/comments?post=3961"}],"version-history":[{"count":5,"href":"https:\/\/espoonperinneseura.net\/sivistys\/wp-json\/wp\/v2\/pages\/3961\/revisions"}],"predecessor-version":[{"id":4010,"href":"https:\/\/espoonperinneseura.net\/sivistys\/wp-json\/wp\/v2\/pages\/3961\/revisions\/4010"}],"wp:attachment":[{"href":"https:\/\/espoonperinneseura.net\/sivistys\/wp-json\/wp\/v2\/media?parent=3961"}],"curies":[{"name":"wp","href":"https:\/\/api.w.org\/{rel}","templated":true}]}}