{"id":3965,"date":"2024-04-10T13:24:25","date_gmt":"2024-04-10T10:24:25","guid":{"rendered":"https:\/\/espoonperinneseura.net\/sivistys\/?page_id=3965"},"modified":"2024-05-14T06:02:08","modified_gmt":"2024-05-14T03:02:08","slug":"tauno-satomaa-kuoronjohtajana","status":"publish","type":"page","link":"https:\/\/espoonperinneseura.net\/sivistys\/tauno-satomaa-kuoronjohtajana\/","title":{"rendered":"Tauno Satomaa kuoronjohtajana"},"content":{"rendered":"\n<p><em>Mauritz Hellstr\u00f6m<\/em><\/p>\n\n\n<style>.kb-image3965_a74b6b-95.kb-image-is-ratio-size, .kb-image3965_a74b6b-95 .kb-image-is-ratio-size{max-width:350px;width:100%;}.wp-block-kadence-column > .kt-inside-inner-col > .kb-image3965_a74b6b-95.kb-image-is-ratio-size, .wp-block-kadence-column > .kt-inside-inner-col > .kb-image3965_a74b6b-95 .kb-image-is-ratio-size{align-self:unset;}.kb-image3965_a74b6b-95 figure{max-width:350px;}.kb-image3965_a74b6b-95 .image-is-svg, .kb-image3965_a74b6b-95 .image-is-svg img{width:100%;}.kb-image3965_a74b6b-95 .kb-image-has-overlay:after{opacity:0.3;}<\/style>\n<div class=\"wp-block-kadence-image kb-image3965_a74b6b-95\"><figure class=\"alignright size-large\"><img decoding=\"async\" width=\"1024\" height=\"768\" src=\"https:\/\/espoonperinneseura.net\/sivistys\/wp-content\/uploads\/2024\/04\/Tauno-Satomaa-1024x768.jpg\" alt=\"\" class=\"kb-img wp-image-3966\" srcset=\"https:\/\/espoonperinneseura.net\/sivistys\/wp-content\/uploads\/2024\/04\/Tauno-Satomaa-1024x768.jpg 1024w, https:\/\/espoonperinneseura.net\/sivistys\/wp-content\/uploads\/2024\/04\/Tauno-Satomaa-300x225.jpg 300w, https:\/\/espoonperinneseura.net\/sivistys\/wp-content\/uploads\/2024\/04\/Tauno-Satomaa-768x576.jpg 768w, https:\/\/espoonperinneseura.net\/sivistys\/wp-content\/uploads\/2024\/04\/Tauno-Satomaa-1536x1152.jpg 1536w, https:\/\/espoonperinneseura.net\/sivistys\/wp-content\/uploads\/2024\/04\/Tauno-Satomaa-2048x1536.jpg 2048w\" sizes=\"(max-width: 1024px) 100vw, 1024px\" \/><\/figure><\/div>\n\n\n\n<p>Director musices, musiikkineuvos <strong>Tauno Satomaa<\/strong> on Alavieskan ja Pohjois-Pohjanmaan lahja musiikkimaailmalle ja erityisesti Espoon kuoromusiikille.<\/p>\n\n\n\n<p>H\u00e4n painii suomalaisten musiikinjohtajien raskaassa sarjassa. Tauno Satomaa kantaa eurooppalaisen musiikkiperinteen viittaa kunniakkaasti harteillaan.<\/p>\n\n\n\n<p>Tauno Satomaa opiskeli laulua ja urkujensoittoa Sibelius-Akatemiassa. H\u00e4n hoiti 36 vuoden ajan Olarin seurakunnan A-kanttorin virkaa, ja oli 30 vuotta Espoon Musiikkiopiston urkujensoiton opettajana.<\/p>\n\n\n\n<p>Satomaa perusti 1967 <strong>Candomino-kuoron<\/strong>, jota johti ansiokkaasti vuoteen 2005 saakka. Suomen Kuoronjohtajien yhdistys valitsi h\u00e4net vuoden kuoronjohtajaksi 2005.<\/p>\n\n\n\n<p>\u201dKuorolla on sielu, mieli ja tahto,\u201d sanoo Satomaa. Nuorisokuoro Candomino on sekakuoro<br>jolla on Satomaan mielest\u00e4 kamarikuoron sielu. \u201dMuusikon ammattiin pyrkiv\u00e4t saavat hyv\u00e4t<br>ev\u00e4\u00e4t kuoroissa laulamisesta.\u201d<\/p>\n\n\n\n<p>Kuoromaailma oli koko ajan l\u00e4sn\u00e4, merkitt\u00e4v\u00e4 naapurikuoro oli Erkki Pohjolan johtama Tapiolan.<br>kuoro.<\/p>\n\n\n\n<p>Kuorokilpailutoiminta alkoi jo 1971, jolloin Ylen nuorisokuorokilpailussa tuli kolmas sija.<br>Kuorokilpailut jatkuivat menestyksill\u00e4, ja 1980 tuli BBC:n Let The Peoples Sing &#8211; kilpailussa<br>tuli nuorisokuorosarjan voitto, ja Candominolle my\u00f6nnettiin koko kilpailun p\u00e4\u00e4palkinto,<br>The Silver Rose Bowl.<\/p>\n\n\n\n<p>Maailman laajuisen tunnettuuden j\u00e4lkeen Tauno Satomaa osasi asian joka monille olisi vaikeaa,<br>h\u00e4n luovutti kuoronjohdon Esko Kalliolle 2005: \u201dKallio on mies paikallaan, hyv\u00e4 taiteellinen<br>johtaja.\u201d<\/p>\n\n\n\n<p>Taunon mielest\u00e4 kuoron johtamisessa liikutaan ihmissuhdeverkossa, kuoro on instrumentti,<br>jolla kosketellaan ihmisten syvint\u00e4 sisint\u00e4.<\/p>\n\n\n\n<p>Tauno on nyky\u00e4\u00e4n is\u00e4, isois\u00e4 ja isoisois\u00e4. Seuraa musiikkikulttuuria ja ulkoilee. Ammatti roikkuu<br>sen verran helmoissa, ett\u00e4 h\u00e4n tekee tarvittaessa urkujen \u00e4\u00e4nihuoltoa \u2013 viritt\u00e4\u00e4 urkuja.<br>Sukututkimus kiinnostaa nyky\u00e4\u00e4n t\u00e4t\u00e4 muinaisen Kokkolan kirkkoherran Erik Sursillin j\u00e4lkel\u00e4ist\u00e4.<\/p>\n","protected":false},"excerpt":{"rendered":"<p>Mauritz Hellstr\u00f6m Director musices, musiikkineuvos Tauno Satomaa on Alavieskan ja Pohjois-Pohjanmaan lahja musiikkimaailmalle ja erityisesti Espoon kuoromusiikille. H\u00e4n painii suomalaisten musiikinjohtajien raskaassa sarjassa. Tauno Satomaa kantaa eurooppalaisen musiikkiperinteen viittaa kunniakkaasti harteillaan. Tauno Satomaa opiskeli laulua ja urkujensoittoa Sibelius-Akatemiassa. H\u00e4n hoiti 36 vuoden ajan Olarin seurakunnan A-kanttorin virkaa, ja oli 30 vuotta Espoon Musiikkiopiston urkujensoiton opettajana&#8230;.<\/p>\n","protected":false},"author":1,"featured_media":0,"parent":0,"menu_order":0,"comment_status":"closed","ping_status":"closed","template":"","meta":{"_kadence_starter_templates_imported_post":false,"_kad_post_transparent":"","_kad_post_title":"","_kad_post_layout":"","_kad_post_sidebar_id":"","_kad_post_content_style":"","_kad_post_vertical_padding":"","_kad_post_feature":"","_kad_post_feature_position":"","_kad_post_header":false,"_kad_post_footer":false,"_kad_post_classname":"","footnotes":""},"class_list":["post-3965","page","type-page","status-publish","hentry"],"featured_image_src":"","featured_image_src_square":false,"rbea_author_info":{"display_name":"espoonperinne@gmail.com","author_link":"https:\/\/espoonperinneseura.net\/sivistys\/author\/espoonperinnegmail-com\/"},"rbea_excerpt_info":"Mauritz Hellstr\u00f6m Director musices, musiikkineuvos Tauno Satomaa on Alavieskan ja Pohjois-Pohjanmaan lahja musiikkimaailmalle ja erityisesti Espoon kuoromusiikille. H\u00e4n painii suomalaisten musiikinjohtajien raskaassa sarjassa. Tauno Satomaa kantaa eurooppalaisen musiikkiperinteen viittaa kunniakkaasti harteillaan. Tauno Satomaa opiskeli laulua ja urkujensoittoa Sibelius-Akatemiassa. H\u00e4n hoiti 36 vuoden ajan Olarin seurakunnan A-kanttorin virkaa, ja oli 30 vuotta Espoon Musiikkiopiston urkujensoiton opettajana....","_links":{"self":[{"href":"https:\/\/espoonperinneseura.net\/sivistys\/wp-json\/wp\/v2\/pages\/3965","targetHints":{"allow":["GET"]}}],"collection":[{"href":"https:\/\/espoonperinneseura.net\/sivistys\/wp-json\/wp\/v2\/pages"}],"about":[{"href":"https:\/\/espoonperinneseura.net\/sivistys\/wp-json\/wp\/v2\/types\/page"}],"author":[{"embeddable":true,"href":"https:\/\/espoonperinneseura.net\/sivistys\/wp-json\/wp\/v2\/users\/1"}],"replies":[{"embeddable":true,"href":"https:\/\/espoonperinneseura.net\/sivistys\/wp-json\/wp\/v2\/comments?post=3965"}],"version-history":[{"count":4,"href":"https:\/\/espoonperinneseura.net\/sivistys\/wp-json\/wp\/v2\/pages\/3965\/revisions"}],"predecessor-version":[{"id":4044,"href":"https:\/\/espoonperinneseura.net\/sivistys\/wp-json\/wp\/v2\/pages\/3965\/revisions\/4044"}],"wp:attachment":[{"href":"https:\/\/espoonperinneseura.net\/sivistys\/wp-json\/wp\/v2\/media?parent=3965"}],"curies":[{"name":"wp","href":"https:\/\/api.w.org\/{rel}","templated":true}]}}