{"id":3983,"date":"2024-04-23T16:48:20","date_gmt":"2024-04-23T13:48:20","guid":{"rendered":"https:\/\/espoonperinneseura.net\/sivistys\/?page_id=3983"},"modified":"2024-04-23T16:49:43","modified_gmt":"2024-04-23T13:49:43","slug":"kiertoloulu","status":"publish","type":"page","link":"https:\/\/espoonperinneseura.net\/sivistys\/luku-ja-kirjoitustaidon-alkutaival\/kiertoloulu\/","title":{"rendered":"Kiertokoulu"},"content":{"rendered":"\n<p><em>Tarja Rae<\/em><\/p>\n\n\n\n<div class=\"wp-block-columns is-layout-flex wp-container-core-columns-is-layout-9d6595d7 wp-block-columns-is-layout-flex\">\n<div class=\"wp-block-column is-layout-flow wp-block-column-is-layout-flow\"><style>.kb-image3983_0223cc-45.kb-image-is-ratio-size, .kb-image3983_0223cc-45 .kb-image-is-ratio-size{max-width:350px;width:100%;}.wp-block-kadence-column > .kt-inside-inner-col > .kb-image3983_0223cc-45.kb-image-is-ratio-size, .wp-block-kadence-column > .kt-inside-inner-col > .kb-image3983_0223cc-45 .kb-image-is-ratio-size{align-self:unset;}.kb-image3983_0223cc-45 figure{max-width:350px;}.kb-image3983_0223cc-45 .image-is-svg, .kb-image3983_0223cc-45 .image-is-svg img{width:100%;}.kb-image3983_0223cc-45 .kb-image-has-overlay:after{opacity:0.3;}<\/style>\n<div class=\"wp-block-kadence-image kb-image3983_0223cc-45\"><figure class=\"alignright size-large\"><img decoding=\"async\" width=\"1024\" height=\"914\" src=\"https:\/\/espoonperinneseura.net\/sivistys\/wp-content\/uploads\/2024\/04\/Kiertokoulu-1024x914.jpg\" alt=\"\" class=\"kb-img wp-image-3985\" srcset=\"https:\/\/espoonperinneseura.net\/sivistys\/wp-content\/uploads\/2024\/04\/Kiertokoulu-1024x914.jpg 1024w, https:\/\/espoonperinneseura.net\/sivistys\/wp-content\/uploads\/2024\/04\/Kiertokoulu-300x268.jpg 300w, https:\/\/espoonperinneseura.net\/sivistys\/wp-content\/uploads\/2024\/04\/Kiertokoulu-768x685.jpg 768w, https:\/\/espoonperinneseura.net\/sivistys\/wp-content\/uploads\/2024\/04\/Kiertokoulu-1536x1370.jpg 1536w, https:\/\/espoonperinneseura.net\/sivistys\/wp-content\/uploads\/2024\/04\/Kiertokoulu-2048x1827.jpg 2048w\" sizes=\"(max-width: 1024px) 100vw, 1024px\" \/><\/figure><\/div>\n\n\n\n<p>1800-luvun alkupuolella Espoon lapsilla ei ollut viel\u00e4 omaa koulua, mutta opettaja heill\u00e4 kyll\u00e4 oli. Opettaja kiersi eri puolilla Espoota kirkkoherran valvonnassa pit\u00e4m\u00e4ss\u00e4 kiertokoulua.<\/p>\n\n\n\n<p>Kerran opettaja saapui Lahnuksen kyl\u00e4\u00e4n Pohjois-Espooseen. Oppilaina olivat muiden muassa kaverukset Sven ja Joonas. Sven pelk\u00e4si kovasti tuimaa opettajaa, koska ei osannut viel\u00e4 aakkosia. Joonas osasi jo aakkoset ja hieman tavatakin. H\u00e4n auttoi kaveriaan oppimaan aakkoset.<\/p>\n\n\n\n<p>Ei kulunut kauaakaan, kun Sven jo osasi aakkoset ja oli oppinut tavaamaan. Joonas oli jo oppinut lukemaan, jopa niin hyvin, ett\u00e4 opettaja toivoi h\u00e4nen my\u00f6hemmin p\u00e4\u00e4sev\u00e4n oikeaan kouluun Helsinkiin. Se oli Joonaksesta tosi hienoa, sill\u00e4 h\u00e4n halusi oppia paljon uutta.<\/p>\n\n\n\n<p>Aikanaan my\u00f6s Sven oppi lukemaan ja se riitti h\u00e4nelle. Svenist\u00e4 tuli aikuisena maanviljelij\u00e4 ja Joonaksesta tuomari. Joonas ja Sven pysyiv\u00e4t hyvin\u00e4 kavereina koko el\u00e4m\u00e4ns\u00e4 ajan.<\/p>\n\n\n\n<p style=\"padding-top:var(--wp--preset--spacing--30)\"><a href=\"https:\/\/espoonperinneseura.net\/sivistys\/luku-ja-kirjoitustaidon-alkutaival\/\" data-type=\"page\" data-id=\"3888\">Luku- ja kirjoitustaidon alkutaival<\/a><\/p>\n<\/div>\n<\/div>\n","protected":false},"excerpt":{"rendered":"<p>Tarja Rae 1800-luvun alkupuolella Espoon lapsilla ei ollut viel\u00e4 omaa koulua, mutta opettaja heill\u00e4 kyll\u00e4 oli. Opettaja kiersi eri puolilla Espoota kirkkoherran valvonnassa pit\u00e4m\u00e4ss\u00e4 kiertokoulua. Kerran opettaja saapui Lahnuksen kyl\u00e4\u00e4n Pohjois-Espooseen. Oppilaina olivat muiden muassa kaverukset Sven ja Joonas. Sven pelk\u00e4si kovasti tuimaa opettajaa, koska ei osannut viel\u00e4 aakkosia. Joonas osasi jo aakkoset ja hieman&#8230;<\/p>\n","protected":false},"author":1,"featured_media":0,"parent":3888,"menu_order":0,"comment_status":"closed","ping_status":"closed","template":"","meta":{"_kadence_starter_templates_imported_post":false,"_kad_post_transparent":"","_kad_post_title":"","_kad_post_layout":"","_kad_post_sidebar_id":"","_kad_post_content_style":"","_kad_post_vertical_padding":"","_kad_post_feature":"","_kad_post_feature_position":"","_kad_post_header":false,"_kad_post_footer":false,"_kad_post_classname":"","footnotes":""},"class_list":["post-3983","page","type-page","status-publish","hentry"],"featured_image_src":"","featured_image_src_square":false,"rbea_author_info":{"display_name":"espoonperinne@gmail.com","author_link":"https:\/\/espoonperinneseura.net\/sivistys\/author\/espoonperinnegmail-com\/"},"rbea_excerpt_info":"Tarja Rae 1800-luvun alkupuolella Espoon lapsilla ei ollut viel\u00e4 omaa koulua, mutta opettaja heill\u00e4 kyll\u00e4 oli. Opettaja kiersi eri puolilla Espoota kirkkoherran valvonnassa pit\u00e4m\u00e4ss\u00e4 kiertokoulua. Kerran opettaja saapui Lahnuksen kyl\u00e4\u00e4n Pohjois-Espooseen. Oppilaina olivat muiden muassa kaverukset Sven ja Joonas. Sven pelk\u00e4si kovasti tuimaa opettajaa, koska ei osannut viel\u00e4 aakkosia. Joonas osasi jo aakkoset ja hieman...","_links":{"self":[{"href":"https:\/\/espoonperinneseura.net\/sivistys\/wp-json\/wp\/v2\/pages\/3983","targetHints":{"allow":["GET"]}}],"collection":[{"href":"https:\/\/espoonperinneseura.net\/sivistys\/wp-json\/wp\/v2\/pages"}],"about":[{"href":"https:\/\/espoonperinneseura.net\/sivistys\/wp-json\/wp\/v2\/types\/page"}],"author":[{"embeddable":true,"href":"https:\/\/espoonperinneseura.net\/sivistys\/wp-json\/wp\/v2\/users\/1"}],"replies":[{"embeddable":true,"href":"https:\/\/espoonperinneseura.net\/sivistys\/wp-json\/wp\/v2\/comments?post=3983"}],"version-history":[{"count":1,"href":"https:\/\/espoonperinneseura.net\/sivistys\/wp-json\/wp\/v2\/pages\/3983\/revisions"}],"predecessor-version":[{"id":3986,"href":"https:\/\/espoonperinneseura.net\/sivistys\/wp-json\/wp\/v2\/pages\/3983\/revisions\/3986"}],"up":[{"embeddable":true,"href":"https:\/\/espoonperinneseura.net\/sivistys\/wp-json\/wp\/v2\/pages\/3888"}],"wp:attachment":[{"href":"https:\/\/espoonperinneseura.net\/sivistys\/wp-json\/wp\/v2\/media?parent=3983"}],"curies":[{"name":"wp","href":"https:\/\/api.w.org\/{rel}","templated":true}]}}