{"id":3984,"date":"2024-04-23T16:52:09","date_gmt":"2024-04-23T13:52:09","guid":{"rendered":"https:\/\/espoonperinneseura.net\/sivistys\/?page_id=3984"},"modified":"2024-04-23T16:52:09","modified_gmt":"2024-04-23T13:52:09","slug":"muonamies","status":"publish","type":"page","link":"https:\/\/espoonperinneseura.net\/sivistys\/luku-ja-kirjoitustaidon-alkutaival\/muonamies\/","title":{"rendered":"Muonamies"},"content":{"rendered":"\n<p><em>Tarja Rae<\/em><\/p>\n\n\n\n<div class=\"wp-block-columns is-layout-flex wp-container-core-columns-is-layout-9d6595d7 wp-block-columns-is-layout-flex\">\n<div class=\"wp-block-column is-layout-flow wp-block-column-is-layout-flow\"><style>.kb-image3984_3a81d8-0c.kb-image-is-ratio-size, .kb-image3984_3a81d8-0c .kb-image-is-ratio-size{max-width:350px;width:100%;}.wp-block-kadence-column > .kt-inside-inner-col > .kb-image3984_3a81d8-0c.kb-image-is-ratio-size, .wp-block-kadence-column > .kt-inside-inner-col > .kb-image3984_3a81d8-0c .kb-image-is-ratio-size{align-self:unset;}.kb-image3984_3a81d8-0c figure{max-width:350px;}.kb-image3984_3a81d8-0c .image-is-svg, .kb-image3984_3a81d8-0c .image-is-svg img{width:100%;}.kb-image3984_3a81d8-0c .kb-image-has-overlay:after{opacity:0.3;}<\/style>\n<div class=\"wp-block-kadence-image kb-image3984_3a81d8-0c\"><figure class=\"alignright size-large\"><img decoding=\"async\" width=\"1024\" height=\"776\" src=\"https:\/\/espoonperinneseura.net\/sivistys\/wp-content\/uploads\/2024\/04\/Muonamies-1024x776.jpg\" alt=\"\" class=\"kb-img wp-image-3988\" srcset=\"https:\/\/espoonperinneseura.net\/sivistys\/wp-content\/uploads\/2024\/04\/Muonamies-1024x776.jpg 1024w, https:\/\/espoonperinneseura.net\/sivistys\/wp-content\/uploads\/2024\/04\/Muonamies-300x227.jpg 300w, https:\/\/espoonperinneseura.net\/sivistys\/wp-content\/uploads\/2024\/04\/Muonamies-768x582.jpg 768w, https:\/\/espoonperinneseura.net\/sivistys\/wp-content\/uploads\/2024\/04\/Muonamies-1536x1164.jpg 1536w, https:\/\/espoonperinneseura.net\/sivistys\/wp-content\/uploads\/2024\/04\/Muonamies-2048x1551.jpg 2048w\" sizes=\"(max-width: 1024px) 100vw, 1024px\" \/><\/figure><\/div>\n\n\n\n<p>Sofia sisaruksineen asui Hagalundin kartanon mailla Tapiolassa pieness\u00e4 muonamiehen torpassa 1800-luvun loppupuolella. Sofian is\u00e4 oli kartanolla t\u00f6iss\u00e4 ja sai palkaksi ruokatarvikkeita, viljaa ja perunoita. H\u00e4n sai my\u00f6s pienen rahapalkan, mutta se ei riitt\u00e4nyt perheen elantoon.<\/p>\n\n\n\n<p>\u00c4iti oli t\u00f6iss\u00e4 kartanon navetassa ja my\u00f6s lapset tekiv\u00e4t t\u00f6it\u00e4. Kes\u00e4ll\u00e4 lapset ker\u00e4siv\u00e4t mets\u00e4st\u00e4 koivunoksia ja varpuja. Talvella niist\u00e4 tehtiin luutia. Is\u00e4 k\u00e4vi myym\u00e4ss\u00e4 lasten tekem\u00e4t luudat Helsingin kauppatorilla. N\u00e4in saatiin perheeseen lis\u00e4tuloja, joilla voitiin hankkia lapsille kenki\u00e4 ja vaatteita.<\/p>\n\n\n\n<p>Sofian koti oli k\u00f6yh\u00e4, mutta kaikki perheenj\u00e4senet pitiv\u00e4t toisistaan hyv\u00e4\u00e4 huolta. Perheen is\u00e4n mielest\u00e4 se oli suurinta rikkautta! Kaikki muonamiehet eiv\u00e4t osanneet lukea, mutta Sofianpa is\u00e4 osasi, sill\u00e4 h\u00e4n oli saanut k\u00e4yd\u00e4 lukkarin pit\u00e4m\u00e4\u00e4 kiertokoulua. H\u00e4n oli saanut lukkarilta lahjaksi virsikirjan, jota lukemalla lukutaito s\u00e4ilyi.<\/p>\n\n\n\n<p>Sofian is\u00e4 oli kiitollinen siit\u00e4, ett\u00e4 sai olla muonamiehen\u00e4 juuri Hagalundin kartanossa, sill\u00e4 siell\u00e4 oli my\u00f6s koulu, jossa h\u00e4nen lapsensa saivat oppia lukemaan.<\/p>\n\n\n\n<p style=\"padding-top:var(--wp--preset--spacing--30)\"><a href=\"https:\/\/espoonperinneseura.net\/sivistys\/luku-ja-kirjoitustaidon-alkutaival\/\" data-type=\"page\" data-id=\"3888\">Luku- ja kirjoitustaidon alkutaival<\/a><\/p>\n<\/div>\n<\/div>\n","protected":false},"excerpt":{"rendered":"<p>Tarja Rae Sofia sisaruksineen asui Hagalundin kartanon mailla Tapiolassa pieness\u00e4 muonamiehen torpassa 1800-luvun loppupuolella. Sofian is\u00e4 oli kartanolla t\u00f6iss\u00e4 ja sai palkaksi ruokatarvikkeita, viljaa ja perunoita. H\u00e4n sai my\u00f6s pienen rahapalkan, mutta se ei riitt\u00e4nyt perheen elantoon. \u00c4iti oli t\u00f6iss\u00e4 kartanon navetassa ja my\u00f6s lapset tekiv\u00e4t t\u00f6it\u00e4. Kes\u00e4ll\u00e4 lapset ker\u00e4siv\u00e4t mets\u00e4st\u00e4 koivunoksia ja varpuja. Talvella&#8230;<\/p>\n","protected":false},"author":1,"featured_media":0,"parent":3888,"menu_order":0,"comment_status":"closed","ping_status":"closed","template":"","meta":{"_kadence_starter_templates_imported_post":false,"_kad_post_transparent":"","_kad_post_title":"","_kad_post_layout":"","_kad_post_sidebar_id":"","_kad_post_content_style":"","_kad_post_vertical_padding":"","_kad_post_feature":"","_kad_post_feature_position":"","_kad_post_header":false,"_kad_post_footer":false,"_kad_post_classname":"","footnotes":""},"class_list":["post-3984","page","type-page","status-publish","hentry"],"featured_image_src":"","featured_image_src_square":false,"rbea_author_info":{"display_name":"espoonperinne@gmail.com","author_link":"https:\/\/espoonperinneseura.net\/sivistys\/author\/espoonperinnegmail-com\/"},"rbea_excerpt_info":"Tarja Rae Sofia sisaruksineen asui Hagalundin kartanon mailla Tapiolassa pieness\u00e4 muonamiehen torpassa 1800-luvun loppupuolella. Sofian is\u00e4 oli kartanolla t\u00f6iss\u00e4 ja sai palkaksi ruokatarvikkeita, viljaa ja perunoita. H\u00e4n sai my\u00f6s pienen rahapalkan, mutta se ei riitt\u00e4nyt perheen elantoon. \u00c4iti oli t\u00f6iss\u00e4 kartanon navetassa ja my\u00f6s lapset tekiv\u00e4t t\u00f6it\u00e4. Kes\u00e4ll\u00e4 lapset ker\u00e4siv\u00e4t mets\u00e4st\u00e4 koivunoksia ja varpuja. Talvella...","_links":{"self":[{"href":"https:\/\/espoonperinneseura.net\/sivistys\/wp-json\/wp\/v2\/pages\/3984","targetHints":{"allow":["GET"]}}],"collection":[{"href":"https:\/\/espoonperinneseura.net\/sivistys\/wp-json\/wp\/v2\/pages"}],"about":[{"href":"https:\/\/espoonperinneseura.net\/sivistys\/wp-json\/wp\/v2\/types\/page"}],"author":[{"embeddable":true,"href":"https:\/\/espoonperinneseura.net\/sivistys\/wp-json\/wp\/v2\/users\/1"}],"replies":[{"embeddable":true,"href":"https:\/\/espoonperinneseura.net\/sivistys\/wp-json\/wp\/v2\/comments?post=3984"}],"version-history":[{"count":1,"href":"https:\/\/espoonperinneseura.net\/sivistys\/wp-json\/wp\/v2\/pages\/3984\/revisions"}],"predecessor-version":[{"id":3989,"href":"https:\/\/espoonperinneseura.net\/sivistys\/wp-json\/wp\/v2\/pages\/3984\/revisions\/3989"}],"up":[{"embeddable":true,"href":"https:\/\/espoonperinneseura.net\/sivistys\/wp-json\/wp\/v2\/pages\/3888"}],"wp:attachment":[{"href":"https:\/\/espoonperinneseura.net\/sivistys\/wp-json\/wp\/v2\/media?parent=3984"}],"curies":[{"name":"wp","href":"https:\/\/api.w.org\/{rel}","templated":true}]}}