{"id":4013,"date":"2024-05-09T18:54:39","date_gmt":"2024-05-09T15:54:39","guid":{"rendered":"https:\/\/espoonperinneseura.net\/sivistys\/?page_id=4013"},"modified":"2024-05-09T19:16:24","modified_gmt":"2024-05-09T16:16:24","slug":"kulttuuriespoo-2030","status":"publish","type":"page","link":"https:\/\/espoonperinneseura.net\/sivistys\/kulttuuriespoo-2030\/","title":{"rendered":"KulttuuriEspoo 2030"},"content":{"rendered":"\n<p><em>Martti Hellstr\u00f6m<\/em><\/p>\n\n\n\n<p><\/p>\n\n\n\n<p>Espoon valtuusto on p\u00e4ivitt\u00e4nyt vuonna 2022 alunperin kulttuuristrategiaksi tarkoitetun ja nyky\u00e4\u00e4n ohjelmana tunnetun kuvauksen kulttuurin roolista koko kaupunkimme tulevaisuuden linjaajana.<\/p>\n\n\n\n<p><\/p>\n\n\n\n<p>Ohjelmassa tiivistyy hienosti sek\u00e4 kulttuurin t\u00e4rke\u00e4 merkitys ett\u00e4 suunta, johon kaupungissa kulttuuritoimintaa tulisi kehitt\u00e4\u00e4. Kulttuuri tarkoittaa paitsi taidetta ja erilaisia taideinstituutiota my\u00f6s kaupungin henke\u00e4, ihmisten el\u00e4m\u00e4ntapaa ja sit\u00e4 rikastavaa kulttuuriymp\u00e4rist\u00f6\u00e4.<\/p>\n\n\n<style>.kb-image4013_68f899-9d.kb-image-is-ratio-size, .kb-image4013_68f899-9d .kb-image-is-ratio-size{max-width:500px;width:100%;}.wp-block-kadence-column > .kt-inside-inner-col > .kb-image4013_68f899-9d.kb-image-is-ratio-size, .wp-block-kadence-column > .kt-inside-inner-col > .kb-image4013_68f899-9d .kb-image-is-ratio-size{align-self:unset;}.kb-image4013_68f899-9d{max-width:500px;}.image-is-svg.kb-image4013_68f899-9d{-webkit-flex:0 1 100%;flex:0 1 100%;}.image-is-svg.kb-image4013_68f899-9d img{width:100%;}.kb-image4013_68f899-9d .kb-image-has-overlay:after{opacity:0.3;}<\/style>\n<figure class=\"wp-block-kadence-image kb-image4013_68f899-9d\"><img decoding=\"async\" width=\"1007\" height=\"528\" src=\"https:\/\/espoonperinneseura.net\/sivistys\/wp-content\/uploads\/2024\/05\/KulttuuriEspoo-2030-e1715270923674.jpg\" alt=\"\" class=\"kb-img wp-image-4021\" srcset=\"https:\/\/espoonperinneseura.net\/sivistys\/wp-content\/uploads\/2024\/05\/KulttuuriEspoo-2030-e1715270923674.jpg 1007w, https:\/\/espoonperinneseura.net\/sivistys\/wp-content\/uploads\/2024\/05\/KulttuuriEspoo-2030-e1715270923674-300x157.jpg 300w, https:\/\/espoonperinneseura.net\/sivistys\/wp-content\/uploads\/2024\/05\/KulttuuriEspoo-2030-e1715270923674-768x403.jpg 768w\" sizes=\"(max-width: 1007px) 100vw, 1007px\" \/><\/figure>\n\n\n\n<p><\/p>\n\n\n\n<p>Ohjelman mukaan Espoo on vuonna 2030 luova ja rohkea kulttuurikaupunki, joka tukee kest\u00e4v\u00e4\u00e4 el\u00e4m\u00e4ntapaa. Eri sektoreidenv\u00e4linen yhteisty\u00f6 toimii, ja kaupunki menestyy kokeilevalla ja uteliaalla asenteella. Kulttuuri ja taide ovat l\u00e4sn\u00e4 kaupungin hengess\u00e4, asukkaiden arjessa, fyysisess\u00e4 kaupunkiymp\u00e4rist\u00f6ss\u00e4 ja espoolaisessa identiteetiss\u00e4.<\/p>\n\n\n\n<p><\/p>\n\n\n\n<p>Kehitt\u00e4misty\u00f6ss\u00e4 on tunnistettu monia megatrendej\u00e4: niukkenevat luonnonvarat, v\u00e4est\u00f6nmuutos (monimuotoistuminen ja ik\u00e4\u00e4ntyminen), digitalisaatio (teko\u00e4ly, automatisaatio ja robotisaatio), min\u00e4\u2013me-yhteiskunta (jossa yksil\u00f6 on yh\u00e4 enemm\u00e4n yksil\u00f6) sek\u00e4 yhteiskunnallinen muutos (urbanisaatio).<\/p>\n\n\n\n<p><\/p>\n\n\n\n<p>Kulttuuri luo menestyst\u00e4. Menestyminen edellytt\u00e4\u00e4 identiteetin tunnistamista. Se on t\u00e4rke\u00e4 osa Espoon elinkeino- ja vetovoimapalveluita. Se on kasvun tarvitsema ymp\u00e4rist\u00f6. Kulttuuri vahvistaa alueiden vetovoimaa. Kaupunki tarvitsee tekemisen henke\u00e4, jolla pyrit\u00e4\u00e4n avaamaan uusia ovia. Se tuo ihmisi\u00e4 yhteen, luo yhteisi\u00e4 merkityksi\u00e4 ja vahvistaa kaupunki-identiteetti\u00e4 Se turvaa yhteiskuntarauhaa ja rakentaa yhteis\u00f6llisyytt\u00e4. Taiteella on tutkimustenkin mukaan selkeit\u00e4 hyvinvointi- ja terveysvaikutuksia. Kaupungin kulttuuriymp\u00e4rist\u00f6t, kuten perinnemaisemat, arkeologinen perint\u00f6, kartanot, historialliset rakennukset, puistot ym. sek\u00e4 kulttuurilaitokset ovat oiva oppimisymp\u00e4rist\u00f6 niin lapsille ja nuorille kuin aikuisillekin.<\/p>\n\n\n\n<p><\/p>\n\n\n\n<p>Kulttuuri ylitt\u00e4\u00e4 ja l\u00e4p\u00e4isee yhteiskunnan sektoreiden rajat sek\u00e4 sosiaalisesti ett\u00e4 taloudellisesti. Sille halutaan ohjelmassa n\u00e4kyv\u00e4mp\u00e4\u00e4 roolia. Espoolainen ja kansainv\u00e4linen ammattitaide ja kulttuuritoimintaa tulkoon n\u00e4kyv\u00e4mmin esiin kaupungin imagotekij\u00e4n\u00e4.<\/p>\n\n\n\n<p><\/p>\n\n\n\n<p>On teht\u00e4v\u00e4 yhdess\u00e4. Sektori- ja siiloajattelusta on p\u00e4\u00e4st\u00e4v\u00e4 eroon. Organisaatiot eiv\u00e4t tee mit\u00e4\u00e4n, niiss\u00e4 ty\u00f6skentelev\u00e4t ihmiset tekev\u00e4t. Suuren osan Espoon kulttuuripalveluista j\u00e4rjest\u00e4v\u00e4t kumppaniyhteis\u00f6t. Asukkaiden \u00e4\u00e4ni on saatava kuuluviin. Kaupunki luo mahdollisuuksia.<\/p>\n\n\n\n<p><br>Koko ohjelma l\u00f6ytyy netist\u00e4 osoitteesta<br><a href=\"https:\/\/www.espoo.fi\/fi\/kulttuuri-ja-vapaa-aika\/kulttuuriespoo-2030-ohjelma\">KulttuuriEspoo 2030 -ohjelma | Espoon kaupunki<\/a><\/p>\n","protected":false},"excerpt":{"rendered":"<p>Martti Hellstr\u00f6m Espoon valtuusto on p\u00e4ivitt\u00e4nyt vuonna 2022 alunperin kulttuuristrategiaksi tarkoitetun ja nyky\u00e4\u00e4n ohjelmana tunnetun kuvauksen kulttuurin roolista koko kaupunkimme tulevaisuuden linjaajana. Ohjelmassa tiivistyy hienosti sek\u00e4 kulttuurin t\u00e4rke\u00e4 merkitys ett\u00e4 suunta, johon kaupungissa kulttuuritoimintaa tulisi kehitt\u00e4\u00e4. Kulttuuri tarkoittaa paitsi taidetta ja erilaisia taideinstituutiota my\u00f6s kaupungin henke\u00e4, ihmisten el\u00e4m\u00e4ntapaa ja sit\u00e4 rikastavaa kulttuuriymp\u00e4rist\u00f6\u00e4. Ohjelman mukaan Espoo&#8230;<\/p>\n","protected":false},"author":1,"featured_media":0,"parent":0,"menu_order":0,"comment_status":"closed","ping_status":"closed","template":"","meta":{"_kadence_starter_templates_imported_post":false,"_kad_post_transparent":"","_kad_post_title":"","_kad_post_layout":"","_kad_post_sidebar_id":"","_kad_post_content_style":"","_kad_post_vertical_padding":"","_kad_post_feature":"","_kad_post_feature_position":"","_kad_post_header":false,"_kad_post_footer":false,"_kad_post_classname":"","footnotes":""},"class_list":["post-4013","page","type-page","status-publish","hentry"],"featured_image_src":"","featured_image_src_square":false,"rbea_author_info":{"display_name":"espoonperinne@gmail.com","author_link":"https:\/\/espoonperinneseura.net\/sivistys\/author\/espoonperinnegmail-com\/"},"rbea_excerpt_info":"Martti Hellstr\u00f6m Espoon valtuusto on p\u00e4ivitt\u00e4nyt vuonna 2022 alunperin kulttuuristrategiaksi tarkoitetun ja nyky\u00e4\u00e4n ohjelmana tunnetun kuvauksen kulttuurin roolista koko kaupunkimme tulevaisuuden linjaajana. Ohjelmassa tiivistyy hienosti sek\u00e4 kulttuurin t\u00e4rke\u00e4 merkitys ett\u00e4 suunta, johon kaupungissa kulttuuritoimintaa tulisi kehitt\u00e4\u00e4. Kulttuuri tarkoittaa paitsi taidetta ja erilaisia taideinstituutiota my\u00f6s kaupungin henke\u00e4, ihmisten el\u00e4m\u00e4ntapaa ja sit\u00e4 rikastavaa kulttuuriymp\u00e4rist\u00f6\u00e4. Ohjelman mukaan Espoo...","_links":{"self":[{"href":"https:\/\/espoonperinneseura.net\/sivistys\/wp-json\/wp\/v2\/pages\/4013","targetHints":{"allow":["GET"]}}],"collection":[{"href":"https:\/\/espoonperinneseura.net\/sivistys\/wp-json\/wp\/v2\/pages"}],"about":[{"href":"https:\/\/espoonperinneseura.net\/sivistys\/wp-json\/wp\/v2\/types\/page"}],"author":[{"embeddable":true,"href":"https:\/\/espoonperinneseura.net\/sivistys\/wp-json\/wp\/v2\/users\/1"}],"replies":[{"embeddable":true,"href":"https:\/\/espoonperinneseura.net\/sivistys\/wp-json\/wp\/v2\/comments?post=4013"}],"version-history":[{"count":8,"href":"https:\/\/espoonperinneseura.net\/sivistys\/wp-json\/wp\/v2\/pages\/4013\/revisions"}],"predecessor-version":[{"id":4027,"href":"https:\/\/espoonperinneseura.net\/sivistys\/wp-json\/wp\/v2\/pages\/4013\/revisions\/4027"}],"wp:attachment":[{"href":"https:\/\/espoonperinneseura.net\/sivistys\/wp-json\/wp\/v2\/media?parent=4013"}],"curies":[{"name":"wp","href":"https:\/\/api.w.org\/{rel}","templated":true}]}}