{"id":4029,"date":"2024-05-10T14:12:44","date_gmt":"2024-05-10T11:12:44","guid":{"rendered":"https:\/\/espoonperinneseura.net\/sivistys\/?page_id=4029"},"modified":"2024-05-10T14:12:44","modified_gmt":"2024-05-10T11:12:44","slug":"vieraana-susanna-tommila-7-5-2024","status":"publish","type":"page","link":"https:\/\/espoonperinneseura.net\/sivistys\/vieraana-susanna-tommila-7-5-2024\/","title":{"rendered":"Puheenvuoroja sivistyskaupungista &#8211; vieraana Susanna Tommila 7.5.2024"},"content":{"rendered":"\n<p>Espoon perinneseuran toiminnan teemana vuonna 2024 on <em>Espoon tie sivistyskaupungiksi<\/em>. J\u00e4rjest\u00e4mme verkossa lyhyit\u00e4 asiantuntijahaastatteluja vuositeemaan liittyvist\u00e4 aiheista. <\/p>\n\n\n\n<p>Puheenvuoroja sivistyskaupungista -sarjassa vieraanamme oli kulttuurijohtaja <strong>Susanna Tommila<\/strong>. Martti Hellstr\u00f6m haastatteli h\u00e4nt\u00e4 et\u00e4yhteydell\u00e4 7.5.2024.<\/p>\n\n\n\n<figure class=\"wp-block-embed is-type-video is-provider-youtube wp-block-embed-youtube wp-embed-aspect-16-9 wp-has-aspect-ratio\"><div class=\"wp-block-embed__wrapper\">\n<iframe title=\"Puheenvuoroja sivistyskaupungista - vieraana Susanna Tommila 7.5.2024\" width=\"720\" height=\"405\" src=\"https:\/\/www.youtube.com\/embed\/H0ww00dGiQ4?feature=oembed\" frameborder=\"0\" allow=\"accelerometer; autoplay; clipboard-write; encrypted-media; gyroscope; picture-in-picture; web-share\" referrerpolicy=\"strict-origin-when-cross-origin\" allowfullscreen><\/iframe>\n<\/div><\/figure>\n","protected":false},"excerpt":{"rendered":"<p>Espoon perinneseuran toiminnan teemana vuonna 2024 on Espoon tie sivistyskaupungiksi. J\u00e4rjest\u00e4mme verkossa lyhyit\u00e4 asiantuntijahaastatteluja vuositeemaan liittyvist\u00e4 aiheista. Puheenvuoroja sivistyskaupungista -sarjassa vieraanamme oli kulttuurijohtaja Susanna Tommila. Martti Hellstr\u00f6m haastatteli h\u00e4nt\u00e4 et\u00e4yhteydell\u00e4 7.5.2024.<\/p>\n","protected":false},"author":1,"featured_media":0,"parent":0,"menu_order":0,"comment_status":"closed","ping_status":"closed","template":"","meta":{"_kadence_starter_templates_imported_post":false,"_kad_post_transparent":"","_kad_post_title":"","_kad_post_layout":"","_kad_post_sidebar_id":"","_kad_post_content_style":"","_kad_post_vertical_padding":"","_kad_post_feature":"","_kad_post_feature_position":"","_kad_post_header":false,"_kad_post_footer":false,"_kad_post_classname":"","footnotes":""},"class_list":["post-4029","page","type-page","status-publish","hentry"],"featured_image_src":"","featured_image_src_square":false,"rbea_author_info":{"display_name":"espoonperinne@gmail.com","author_link":"https:\/\/espoonperinneseura.net\/sivistys\/author\/espoonperinnegmail-com\/"},"rbea_excerpt_info":"Espoon perinneseuran toiminnan teemana vuonna 2024 on Espoon tie sivistyskaupungiksi. J\u00e4rjest\u00e4mme verkossa lyhyit\u00e4 asiantuntijahaastatteluja vuositeemaan liittyvist\u00e4 aiheista. Puheenvuoroja sivistyskaupungista -sarjassa vieraanamme oli kulttuurijohtaja Susanna Tommila. Martti Hellstr\u00f6m haastatteli h\u00e4nt\u00e4 et\u00e4yhteydell\u00e4 7.5.2024.","_links":{"self":[{"href":"https:\/\/espoonperinneseura.net\/sivistys\/wp-json\/wp\/v2\/pages\/4029","targetHints":{"allow":["GET"]}}],"collection":[{"href":"https:\/\/espoonperinneseura.net\/sivistys\/wp-json\/wp\/v2\/pages"}],"about":[{"href":"https:\/\/espoonperinneseura.net\/sivistys\/wp-json\/wp\/v2\/types\/page"}],"author":[{"embeddable":true,"href":"https:\/\/espoonperinneseura.net\/sivistys\/wp-json\/wp\/v2\/users\/1"}],"replies":[{"embeddable":true,"href":"https:\/\/espoonperinneseura.net\/sivistys\/wp-json\/wp\/v2\/comments?post=4029"}],"version-history":[{"count":1,"href":"https:\/\/espoonperinneseura.net\/sivistys\/wp-json\/wp\/v2\/pages\/4029\/revisions"}],"predecessor-version":[{"id":4030,"href":"https:\/\/espoonperinneseura.net\/sivistys\/wp-json\/wp\/v2\/pages\/4029\/revisions\/4030"}],"wp:attachment":[{"href":"https:\/\/espoonperinneseura.net\/sivistys\/wp-json\/wp\/v2\/media?parent=4029"}],"curies":[{"name":"wp","href":"https:\/\/api.w.org\/{rel}","templated":true}]}}