{"id":4045,"date":"2024-05-14T11:32:17","date_gmt":"2024-05-14T08:32:17","guid":{"rendered":"https:\/\/espoonperinneseura.net\/sivistys\/?page_id=4045"},"modified":"2024-05-14T11:41:37","modified_gmt":"2024-05-14T08:41:37","slug":"kinkerit","status":"publish","type":"page","link":"https:\/\/espoonperinneseura.net\/sivistys\/luku-ja-kirjoitustaidon-alkutaival\/kinkerit\/","title":{"rendered":"Kinkerit"},"content":{"rendered":"<style>.kb-image4045_6de857-e7.kb-image-is-ratio-size, .kb-image4045_6de857-e7 .kb-image-is-ratio-size{max-width:350px;width:100%;}.wp-block-kadence-column > .kt-inside-inner-col > .kb-image4045_6de857-e7.kb-image-is-ratio-size, .wp-block-kadence-column > .kt-inside-inner-col > .kb-image4045_6de857-e7 .kb-image-is-ratio-size{align-self:unset;}.kb-image4045_6de857-e7 figure{max-width:350px;}.kb-image4045_6de857-e7 .image-is-svg, .kb-image4045_6de857-e7 .image-is-svg img{width:100%;}.kb-image4045_6de857-e7 .kb-image-has-overlay:after{opacity:0.3;}<\/style>\n<div class=\"wp-block-kadence-image kb-image4045_6de857-e7\"><figure class=\"alignright size-large\"><img decoding=\"async\" width=\"1024\" height=\"1005\" src=\"https:\/\/espoonperinneseura.net\/sivistys\/wp-content\/uploads\/2024\/05\/Kinkerit-1024x1005.jpg\" alt=\"\" class=\"kb-img wp-image-4054\" srcset=\"https:\/\/espoonperinneseura.net\/sivistys\/wp-content\/uploads\/2024\/05\/Kinkerit-1024x1005.jpg 1024w, https:\/\/espoonperinneseura.net\/sivistys\/wp-content\/uploads\/2024\/05\/Kinkerit-300x295.jpg 300w, https:\/\/espoonperinneseura.net\/sivistys\/wp-content\/uploads\/2024\/05\/Kinkerit-768x754.jpg 768w, https:\/\/espoonperinneseura.net\/sivistys\/wp-content\/uploads\/2024\/05\/Kinkerit-1536x1508.jpg 1536w, https:\/\/espoonperinneseura.net\/sivistys\/wp-content\/uploads\/2024\/05\/Kinkerit-2048x2011.jpg 2048w\" sizes=\"(max-width: 1024px) 100vw, 1024px\" \/><\/figure><\/div>\n\n\n\n<p>Pohjoisessa Espoossa Snettansin kyl\u00e4ss\u00e4 12-vuotias piikatytt\u00f6 pesi tuvan lattiaa puhtaaksi. Leivintuvassa em\u00e4nt\u00e4 teki ruokia ja leipoi limppuja. Pihamaalla is\u00e4nt\u00e4 aurasi lunta porstuan edest\u00e4.<\/p>\n\n\n\n<p>Seuraavana p\u00e4iv\u00e4n\u00e4 talossa olisi kinkerit. Paikalle olivat tulossa kirkkoherra, lukkari ja kaikki l\u00e4hitienoon asukkaat. Kinkereill\u00e4 oli tapana laulaa virsi\u00e4 ja kuunnella kirkkoherran opetusta.<\/p>\n\n\n\n<p><\/p>\n\n\n\n<p>Kirkkoherra my\u00f6s kuulusteli nuorilta lukutaitoa ja kristinopin tietoja. Se j\u00e4nnitti nuoria tosi paljon. <\/p>\n\n\n\n<p><\/p>\n\n\n\n<p>Useimmiten kaikki meni hyvin ja lopuksi kaikki saivat em\u00e4nn\u00e4n leipomia herkkuja sy\u00f6d\u00e4kseen.<\/p>\n\n\n\n<p>Piikatytt\u00f6\u00e4 hieman j\u00e4nnitti, sill\u00e4 h\u00e4n ei viel\u00e4 osannut lukea kunnolla. H\u00e4n p\u00e4\u00e4tti opetella aakkosia koko seuraavan y\u00f6n! Mutta ensin h\u00e4nen piti saada tupa siistiksi.<\/p>\n\n\n\n<p><\/p>\n\n\n\n<p><a href=\"https:\/\/espoonperinneseura.net\/sivistys\/luku-ja-kirjoitustaidon-alkutaival\/\" data-type=\"page\" data-id=\"3888\">Luku- ja kirjoitustaidon alkutaival<\/a><\/p>\n","protected":false},"excerpt":{"rendered":"<p>Pohjoisessa Espoossa Snettansin kyl\u00e4ss\u00e4 12-vuotias piikatytt\u00f6 pesi tuvan lattiaa puhtaaksi. Leivintuvassa em\u00e4nt\u00e4 teki ruokia ja leipoi limppuja. Pihamaalla is\u00e4nt\u00e4 aurasi lunta porstuan edest\u00e4. Seuraavana p\u00e4iv\u00e4n\u00e4 talossa olisi kinkerit. Paikalle olivat tulossa kirkkoherra, lukkari ja kaikki l\u00e4hitienoon asukkaat. Kinkereill\u00e4 oli tapana laulaa virsi\u00e4 ja kuunnella kirkkoherran opetusta. Kirkkoherra my\u00f6s kuulusteli nuorilta lukutaitoa ja kristinopin tietoja. Se&#8230;<\/p>\n","protected":false},"author":1,"featured_media":0,"parent":3888,"menu_order":0,"comment_status":"closed","ping_status":"closed","template":"","meta":{"_kadence_starter_templates_imported_post":false,"_kad_post_transparent":"","_kad_post_title":"","_kad_post_layout":"","_kad_post_sidebar_id":"","_kad_post_content_style":"","_kad_post_vertical_padding":"","_kad_post_feature":"","_kad_post_feature_position":"","_kad_post_header":false,"_kad_post_footer":false,"_kad_post_classname":"","footnotes":""},"class_list":["post-4045","page","type-page","status-publish","hentry"],"featured_image_src":"","featured_image_src_square":false,"rbea_author_info":{"display_name":"espoonperinne@gmail.com","author_link":"https:\/\/espoonperinneseura.net\/sivistys\/author\/espoonperinnegmail-com\/"},"rbea_excerpt_info":"Pohjoisessa Espoossa Snettansin kyl\u00e4ss\u00e4 12-vuotias piikatytt\u00f6 pesi tuvan lattiaa puhtaaksi. Leivintuvassa em\u00e4nt\u00e4 teki ruokia ja leipoi limppuja. Pihamaalla is\u00e4nt\u00e4 aurasi lunta porstuan edest\u00e4. Seuraavana p\u00e4iv\u00e4n\u00e4 talossa olisi kinkerit. Paikalle olivat tulossa kirkkoherra, lukkari ja kaikki l\u00e4hitienoon asukkaat. Kinkereill\u00e4 oli tapana laulaa virsi\u00e4 ja kuunnella kirkkoherran opetusta. Kirkkoherra my\u00f6s kuulusteli nuorilta lukutaitoa ja kristinopin tietoja. Se...","_links":{"self":[{"href":"https:\/\/espoonperinneseura.net\/sivistys\/wp-json\/wp\/v2\/pages\/4045","targetHints":{"allow":["GET"]}}],"collection":[{"href":"https:\/\/espoonperinneseura.net\/sivistys\/wp-json\/wp\/v2\/pages"}],"about":[{"href":"https:\/\/espoonperinneseura.net\/sivistys\/wp-json\/wp\/v2\/types\/page"}],"author":[{"embeddable":true,"href":"https:\/\/espoonperinneseura.net\/sivistys\/wp-json\/wp\/v2\/users\/1"}],"replies":[{"embeddable":true,"href":"https:\/\/espoonperinneseura.net\/sivistys\/wp-json\/wp\/v2\/comments?post=4045"}],"version-history":[{"count":6,"href":"https:\/\/espoonperinneseura.net\/sivistys\/wp-json\/wp\/v2\/pages\/4045\/revisions"}],"predecessor-version":[{"id":4056,"href":"https:\/\/espoonperinneseura.net\/sivistys\/wp-json\/wp\/v2\/pages\/4045\/revisions\/4056"}],"up":[{"embeddable":true,"href":"https:\/\/espoonperinneseura.net\/sivistys\/wp-json\/wp\/v2\/pages\/3888"}],"wp:attachment":[{"href":"https:\/\/espoonperinneseura.net\/sivistys\/wp-json\/wp\/v2\/media?parent=4045"}],"curies":[{"name":"wp","href":"https:\/\/api.w.org\/{rel}","templated":true}]}}