{"id":4092,"date":"2024-05-19T17:26:16","date_gmt":"2024-05-19T14:26:16","guid":{"rendered":"https:\/\/espoonperinneseura.net\/sivistys\/?page_id=4092"},"modified":"2024-05-19T17:28:44","modified_gmt":"2024-05-19T14:28:44","slug":"espoolainen-pelimannimusiikki","status":"publish","type":"page","link":"https:\/\/espoonperinneseura.net\/sivistys\/espoolainen-pelimannimusiikki\/","title":{"rendered":"Espoolainen pelimannimusiikki"},"content":{"rendered":"\n<p><em>toim. Martti Hellstr\u00f6m<\/em><\/p>\n\n\n<style>.kb-row-layout-id4092_c0632e-54 > .kt-row-column-wrap{align-content:start;}:where(.kb-row-layout-id4092_c0632e-54 > .kt-row-column-wrap) > .wp-block-kadence-column{justify-content:start;}.kb-row-layout-id4092_c0632e-54 > .kt-row-column-wrap{column-gap:var(--global-kb-gap-md, 2rem);row-gap:var(--global-kb-gap-md, 2rem);padding-top:var(--global-kb-spacing-xxs, 0.5rem);padding-bottom:var(--global-kb-spacing-sm, 1.5rem);grid-template-columns:minmax(0, 2fr) minmax(0, 1fr);}.kb-row-layout-id4092_c0632e-54 > .kt-row-layout-overlay{opacity:0.30;}@media all and (max-width: 1024px){.kb-row-layout-id4092_c0632e-54 > .kt-row-column-wrap{grid-template-columns:minmax(0, 2fr) minmax(0, 1fr);}}@media all and (max-width: 767px){.kb-row-layout-id4092_c0632e-54 > .kt-row-column-wrap{grid-template-columns:minmax(0, 1fr);}}<\/style><div class=\"kb-row-layout-wrap kb-row-layout-id4092_c0632e-54 alignnone wp-block-kadence-rowlayout\"><div class=\"kt-row-column-wrap kt-has-2-columns kt-row-layout-left-golden kt-tab-layout-inherit kt-mobile-layout-row kt-row-valign-top\">\n<style>.kadence-column4092_4a64d5-8a > .kt-inside-inner-col,.kadence-column4092_4a64d5-8a > .kt-inside-inner-col:before{border-top-left-radius:0px;border-top-right-radius:0px;border-bottom-right-radius:0px;border-bottom-left-radius:0px;}.kadence-column4092_4a64d5-8a > .kt-inside-inner-col{column-gap:var(--global-kb-gap-sm, 1rem);}.kadence-column4092_4a64d5-8a > .kt-inside-inner-col{flex-direction:column;}.kadence-column4092_4a64d5-8a > .kt-inside-inner-col > .aligncenter{width:100%;}.kadence-column4092_4a64d5-8a > .kt-inside-inner-col:before{opacity:0.3;}.kadence-column4092_4a64d5-8a{position:relative;}@media all and (max-width: 1024px){.kadence-column4092_4a64d5-8a > .kt-inside-inner-col{flex-direction:column;justify-content:center;}}@media all and (max-width: 767px){.kadence-column4092_4a64d5-8a > .kt-inside-inner-col{flex-direction:column;justify-content:center;}}<\/style>\n<div class=\"wp-block-kadence-column kadence-column4092_4a64d5-8a\"><div class=\"kt-inside-inner-col\">\n<p>T\u00e4n\u00e4\u00e4n pelimannimusiikkivoi Espoossa vallan mainiosti. Sit\u00e4 voi opiskella mm. Espoon musiikkiopistossa. Toisin oli 70 vuotta sitten. Suomessa oli harrastettu kansamusiikkia satoja vuosia, mutta 1950-luvulle tultaessa kiinnostus oli hiipunut. Seuraavalla vuosikymmenell\u00e4 alkoi kuitenkin suuri nousukausi. Silloin syntyiv\u00e4t monet kansanmusiikkijuhlat, kuuluisinlienee Kaustisilla. Monet pit\u00e4j\u00e4t tunnettiin pelimannipit\u00e4jin\u00e4, mutta Espoo ei kuulunut tuolloin tuohon joukkoon. Viel\u00e4 1970-luvun alussa ajateltiin yleisesti, ettei Etel\u00e4-Suomessa tunneta eik\u00e4 osata soittaa aitoa kansanmusiikkia.<\/p>\n\n\n\n<h4 class=\"wp-block-heading\">Leikarit &#8211; \u201dEspoon kaupungin hoviorkesteri\u201d<\/h4>\n\n\n\n<p>Vuonna 1974 joukko soittotaitoisia opettajia kokoontui muutaman kerran soittelemaan kesken\u00e4\u00e4n pelimannimusiikkia Lintuvaaraan. He kutsuivat itse\u00e4\u00e4n Harakan pelimanneiksi. Mukana olivat mm. Tapio Koski ja Reino Harjunkoski.<\/p>\n<\/div><\/div>\n\n\n<style>.kadence-column4092_26241a-07 > .kt-inside-inner-col,.kadence-column4092_26241a-07 > .kt-inside-inner-col:before{border-top-left-radius:0px;border-top-right-radius:0px;border-bottom-right-radius:0px;border-bottom-left-radius:0px;}.kadence-column4092_26241a-07 > .kt-inside-inner-col{column-gap:var(--global-kb-gap-sm, 1rem);}.kadence-column4092_26241a-07 > .kt-inside-inner-col{flex-direction:column;}.kadence-column4092_26241a-07 > .kt-inside-inner-col > .aligncenter{width:100%;}.kadence-column4092_26241a-07 > .kt-inside-inner-col:before{opacity:0.3;}.kadence-column4092_26241a-07{position:relative;}@media all and (max-width: 1024px){.kadence-column4092_26241a-07 > .kt-inside-inner-col{flex-direction:column;justify-content:center;}}@media all and (max-width: 767px){.kadence-column4092_26241a-07 > .kt-inside-inner-col{flex-direction:column;justify-content:center;}}<\/style>\n<div class=\"wp-block-kadence-column kadence-column4092_26241a-07\"><div class=\"kt-inside-inner-col\"><style>.kb-image4092_688b4f-a9 .kb-image-has-overlay:after{opacity:0.3;}<\/style>\n<figure class=\"wp-block-kadence-image kb-image4092_688b4f-a9 size-large\"><a href=\"https:\/\/espoonperinneseura.net\/sivistys\/wp-content\/uploads\/2024\/05\/IMG-0621-728x1024.jpg\" class=\"kb-advanced-image-link\" target=\"_blank\" rel=\"noopener noreferrer\"><img decoding=\"async\" width=\"728\" height=\"1024\" src=\"https:\/\/espoonperinneseura.net\/sivistys\/wp-content\/uploads\/2024\/05\/IMG-0621-728x1024.jpg\" alt=\"\" class=\"kb-img wp-image-4093\" srcset=\"https:\/\/espoonperinneseura.net\/sivistys\/wp-content\/uploads\/2024\/05\/IMG-0621-728x1024.jpg 728w, https:\/\/espoonperinneseura.net\/sivistys\/wp-content\/uploads\/2024\/05\/IMG-0621-213x300.jpg 213w, https:\/\/espoonperinneseura.net\/sivistys\/wp-content\/uploads\/2024\/05\/IMG-0621-768x1081.jpg 768w, https:\/\/espoonperinneseura.net\/sivistys\/wp-content\/uploads\/2024\/05\/IMG-0621-1091x1536.jpg 1091w, https:\/\/espoonperinneseura.net\/sivistys\/wp-content\/uploads\/2024\/05\/IMG-0621-1455x2048.jpg 1455w, https:\/\/espoonperinneseura.net\/sivistys\/wp-content\/uploads\/2024\/05\/IMG-0621-scaled.jpg 1819w\" sizes=\"(max-width: 728px) 100vw, 728px\" \/><\/a><\/figure>\n<\/div><\/div>\n\n<\/div><\/div>\n\n\n<p>Kev\u00e4ttalvella 1975 idea oli kyps\u00e4. Soittajat perustivat yhtyeen ja kastoivat se Leikareiksi. Leikari-sana tarkoittaa vanhastaan pelimiest\u00e4, leikin ja laulun johtajaa. Alkoi pian 50 vuotta kest\u00e4nyt musiikkimatka.<\/p>\n\n\n\n<p><\/p>\n\n\n\n<p>Ensimm\u00e4isi\u00e4 tosi merkitt\u00e4vi\u00e4 keikkoja oli esiintyminen hein\u00e4kuussa Glimsiss\u00e4. Ei vain siksi, ett\u00e4 esitys n\u00e4ytettiin TV:ss\u00e4, vaan ennen kaikkea siksi, ett\u00e4 esitykseen saatiin mukaan oikea vanhan kansan pelimanni Martin Hellstr\u00f6m (1898-1989), josta tuli leikareille t\u00e4rke\u00e4 oppi-is\u00e4. H\u00e4n johdatti yhtyeen 1800-luvun pelimannitunnelmiin.<\/p>\n\n\n\n<p><\/p>\n\n\n\n<p>Leikareilla on ollut todella monipuolista toimintaa. He ovat ker\u00e4nneet kansans\u00e4velmi\u00e4, tuottaneet nuottijulkaisuja ja \u00e4\u00e4nitt\u00e4neet levyj\u00e4. Ensimm\u00e4inen levy ilmestyi vuonna 1978. Heit\u00e4 on kuultu radiossa ja tv:ss\u00e4. Leikarit ovat soittaneet uusmaalaista ja erityisesti espoolaista kansamusiikkia. Ohjelmisto on laajentunut ajan mittaan. He ovat kouluttaneet j\u00e4lkikasvua: uusia pelimanneja. He ovat esiintyneet h\u00e4iss\u00e4 ja hautajaisissa, Espoon kaupungin monissa tilaisuuksissa p\u00e4iv\u00e4kodeissa, kouluissa, sairaaloissa ja vanhainkodeissa. Koulukeikkoja oli tehty vuoteen 2005 menness\u00e4 yli sata. N\u00e4iss\u00e4 tilaisuuksissa on soitettu ja laulettu ja jaettu kansanmusiikkitietoa ja valistusta. Leikarit ovat esiintyneet paitsi eri puolilla Suomea my\u00f6s eri puolilla maailmaa jopa Japanissa, Pohjois-Koreassa ja Yhdysvalloissa. 30 ensimm\u00e4isen vuoden aikana esiintymisi\u00e4 kertyi yhteens\u00e4 750!<\/p>\n\n\n\n<p><\/p>\n\n\n\n<p>Leikareilla on hyv\u00e4 maine. He ovat osallistunut useisiin pelimanniyhtyeiden SM-kisoihin. Mestaruuskin on tullut kaksi kertaa, ensimm\u00e4isen kerran vuonna 1986.<\/p>\n\n\n\n<p><\/p>\n\n\n\n<p>Yhtye toimii edelleen. Leikareissa on useita pelimanneja, jotka soittavat my\u00f6s muissa yhtyeiss\u00e4. Useimmiten ryhm\u00e4 esiintyy 4 &#8211; 8 soittajan vahvuisena. Soitinvalikoimaan kuuluvat: viulu, mandoliini, klarinetti, harmonikka ja basso.<\/p>\n\n\n\n<p><\/p>\n\n\n\n<h4 class=\"wp-block-heading\">L\u00e4hde:<\/h4>\n\n\n\n<p>M\u00e4kinen, Tapani 2005. Leikarit 30 vuotta. Espoo, Leikarit ry.<br><a href=\"https:\/\/kamukanta.fi\/toimija\/leikarit\/\" target=\"_blank\" rel=\"noreferrer noopener\">https:\/\/kamukanta.fi\/toimija\/leikarit\/<\/a><\/p>\n","protected":false},"excerpt":{"rendered":"<p>toim. Martti Hellstr\u00f6m T\u00e4n\u00e4\u00e4n pelimannimusiikkivoi Espoossa vallan mainiosti. Sit\u00e4 voi opiskella mm. Espoon musiikkiopistossa. Toisin oli 70 vuotta sitten. Suomessa oli harrastettu kansamusiikkia satoja vuosia, mutta 1950-luvulle tultaessa kiinnostus oli hiipunut. Seuraavalla vuosikymmenell\u00e4 alkoi kuitenkin suuri nousukausi. Silloin syntyiv\u00e4t monet kansanmusiikkijuhlat, kuuluisinlienee Kaustisilla. Monet pit\u00e4j\u00e4t tunnettiin pelimannipit\u00e4jin\u00e4, mutta Espoo ei kuulunut tuolloin tuohon joukkoon. Viel\u00e4&#8230;<\/p>\n","protected":false},"author":1,"featured_media":0,"parent":0,"menu_order":0,"comment_status":"closed","ping_status":"closed","template":"","meta":{"_kadence_starter_templates_imported_post":false,"_kad_post_transparent":"","_kad_post_title":"","_kad_post_layout":"","_kad_post_sidebar_id":"","_kad_post_content_style":"","_kad_post_vertical_padding":"","_kad_post_feature":"","_kad_post_feature_position":"","_kad_post_header":false,"_kad_post_footer":false,"_kad_post_classname":"","footnotes":""},"class_list":["post-4092","page","type-page","status-publish","hentry"],"featured_image_src":"","featured_image_src_square":false,"rbea_author_info":{"display_name":"espoonperinne@gmail.com","author_link":"https:\/\/espoonperinneseura.net\/sivistys\/author\/espoonperinnegmail-com\/"},"rbea_excerpt_info":"toim. Martti Hellstr\u00f6m T\u00e4n\u00e4\u00e4n pelimannimusiikkivoi Espoossa vallan mainiosti. Sit\u00e4 voi opiskella mm. Espoon musiikkiopistossa. Toisin oli 70 vuotta sitten. Suomessa oli harrastettu kansamusiikkia satoja vuosia, mutta 1950-luvulle tultaessa kiinnostus oli hiipunut. Seuraavalla vuosikymmenell\u00e4 alkoi kuitenkin suuri nousukausi. Silloin syntyiv\u00e4t monet kansanmusiikkijuhlat, kuuluisinlienee Kaustisilla. Monet pit\u00e4j\u00e4t tunnettiin pelimannipit\u00e4jin\u00e4, mutta Espoo ei kuulunut tuolloin tuohon joukkoon. Viel\u00e4...","_links":{"self":[{"href":"https:\/\/espoonperinneseura.net\/sivistys\/wp-json\/wp\/v2\/pages\/4092","targetHints":{"allow":["GET"]}}],"collection":[{"href":"https:\/\/espoonperinneseura.net\/sivistys\/wp-json\/wp\/v2\/pages"}],"about":[{"href":"https:\/\/espoonperinneseura.net\/sivistys\/wp-json\/wp\/v2\/types\/page"}],"author":[{"embeddable":true,"href":"https:\/\/espoonperinneseura.net\/sivistys\/wp-json\/wp\/v2\/users\/1"}],"replies":[{"embeddable":true,"href":"https:\/\/espoonperinneseura.net\/sivistys\/wp-json\/wp\/v2\/comments?post=4092"}],"version-history":[{"count":8,"href":"https:\/\/espoonperinneseura.net\/sivistys\/wp-json\/wp\/v2\/pages\/4092\/revisions"}],"predecessor-version":[{"id":4101,"href":"https:\/\/espoonperinneseura.net\/sivistys\/wp-json\/wp\/v2\/pages\/4092\/revisions\/4101"}],"wp:attachment":[{"href":"https:\/\/espoonperinneseura.net\/sivistys\/wp-json\/wp\/v2\/media?parent=4092"}],"curies":[{"name":"wp","href":"https:\/\/api.w.org\/{rel}","templated":true}]}}