{"id":4169,"date":"2024-08-21T14:37:50","date_gmt":"2024-08-21T11:37:50","guid":{"rendered":"https:\/\/espoonperinneseura.net\/sivistys\/?page_id=4169"},"modified":"2024-08-21T14:38:27","modified_gmt":"2024-08-21T11:38:27","slug":"sivistyskaupunki-espoo-liikunta-musiikki-ja-kuvataide","status":"publish","type":"page","link":"https:\/\/espoonperinneseura.net\/sivistys\/sivistyskaupunki-espoo-liikunta-musiikki-ja-kuvataide\/","title":{"rendered":"Sivistyskaupunki Espoo \u2013 liikunta, musiikki ja kuvataide"},"content":{"rendered":"\n<p><em>Kata Aaltonen<\/em><\/p>\n\n\n\n<h4 class=\"wp-block-heading\">Kuinka sivistys tulisi t\u00e4n\u00e4 p\u00e4iv\u00e4n\u00e4 ymm\u00e4rt\u00e4\u00e4?<\/h4>\n\n\n\n<p>Sivistys, vapaa-ajan palvelut ja viihtyminen ovat t\u00e4rke\u00e4 osa kuntien elinvoimaisuutta. Niill\u00e4 on my\u00f6s \u00e4\u00e4rimm\u00e4isen t\u00e4rke\u00e4 merkitys vaikkapa sairauksien ja syrj\u00e4ytymisen ennaltaehk\u00e4isemisess\u00e4. Monet n\u00e4ist\u00e4 palveluista eiv\u00e4t ole lakis\u00e4\u00e4teisi\u00e4, mutta kuntalaisten kannalta todella merkitt\u00e4vi\u00e4. Niiden taloudellinen vaikutus tulee vain viiveell\u00e4, mutta voidaan arvioida, ett\u00e4 sijoitettu euro tulee moninkertaisena s\u00e4\u00e4st\u00f6n\u00e4 takaisin vaikkapa sotemenoissa. Liikunta, kulttuuri ja monipuoliset harrastukset kuuluvat kaikille. Kulttuuriala on my\u00f6s varsin merkitt\u00e4v\u00e4 ty\u00f6llist\u00e4j\u00e4.<\/p>\n\n\n\n<p><\/p>\n\n\n\n<p>Mit\u00e4 on sivistys? Sanakirjam\u00e4\u00e4ritelm\u00e4n mukaan se on koulussa tai muuten saatua oppia, tietoa ja taitoa, mutta my\u00f6s ihmisen henkist\u00e4, sis\u00e4ist\u00e4 kehittyneisyytt\u00e4 ja kypsyytt\u00e4.<\/p>\n\n\n\n<p><\/p>\n\n\n\n<p>Sivistys ei ole vain ylellisyytt\u00e4, vaan keskeinen osa ihmisen\u00e4 kehittymist\u00e4. Se ulottuu koulutuksen ja oppimisen lis\u00e4ksi henkiseen ja sis\u00e4iseen kasvuun, ja on my\u00f6s keskeinen tekij\u00e4 terveyden ja hyvinvoinnin yll\u00e4pidossa.<\/p>\n\n\n\n<h4 class=\"wp-block-heading\">Liikuntaa Espoossa<\/h4>\n\n\n\n<p>Liikunta on keskeinen osa sivistyst\u00e4 ja hyvinvointia. Espoon Ty\u00f6v\u00e4enopiston kyselyyn liikunnan merkityksest\u00e4 muutama vastaus kev\u00e4\u00e4ll\u00e4 2024 Tapiolassa:<br>\u201dtanssi on vain yksi osa liikuntaa\u201d<br>\u201dliikunta on el\u00e4m\u00e4ntapa\u201d<br>\u201dtanssi on taidetta ja \u2013 tanssissa tiivistyy musiikki ja kehon liike\u201d<\/p>\n\n\n\n<div class=\"wp-block-columns is-layout-flex wp-container-core-columns-is-layout-e2beec5a wp-block-columns-is-layout-flex\" style=\"padding-top:0px;padding-bottom:0px\">\n<div class=\"wp-block-column is-layout-flow wp-block-column-is-layout-flow\" style=\"flex-basis:50%\">\n<p class=\"has-text-align-left\" style=\"margin-top:0;margin-right:0;margin-bottom:0;margin-left:0\">Jo 1900-luvun alkupuolella on perustettu yh\u00e4 toimivia urheiluseuroja. Kaupungiksi julkistamisvuonna 1972 kaupungissa toimi 13 urheiluseuraa. Vuonna 2024 niit\u00e4 oli jo yli 40. Kaikkea uutta tarjotaan, kuten padel-kentti\u00e4 ja frisbeegolf-ratoja on useita sek\u00e4 koreja koulujen pihoilla.<\/p>\n<\/div>\n\n\n\n<div class=\"wp-block-column is-layout-flow wp-block-column-is-layout-flow\" style=\"flex-basis:50%\">\n<figure class=\"wp-block-image\"><img decoding=\"async\" width=\"538\" height=\"403\" src=\"https:\/\/espoonperinneseura.net\/sivistys\/wp-content\/uploads\/2024\/08\/Kuva1.jpg\" alt=\"\" class=\"wp-image-4172\" srcset=\"https:\/\/espoonperinneseura.net\/sivistys\/wp-content\/uploads\/2024\/08\/Kuva1.jpg 538w, https:\/\/espoonperinneseura.net\/sivistys\/wp-content\/uploads\/2024\/08\/Kuva1-300x225.jpg 300w\" sizes=\"(max-width: 538px) 100vw, 538px\" \/><\/figure>\n<\/div>\n<\/div>\n\n\n\n<p><\/p>\n\n\n\n<p>Espoon kaupunki panostaa vahvasti liikuntapalveluihin. Liikunnan ja urheilun tulosyksikk\u00f6 vastaa kaupungin liikunta- ja urheilutoiminnasta. <a href=\"https:\/\/www.espoo.fi\/fi\/liikunta-ja-luonto\/liikunta-ja-urheilu-tulosyksikko\" target=\"_blank\" rel=\"noreferrer noopener\">Liikunta ja urheilu -tulosyksikk\u00f6 | Espoon kaupunki<\/a><\/p>\n\n\n\n<p><\/p>\n\n\n\n<p>Kaupungin liikuntapalvelut tarjoaa ohjatun liikunnan ryhmi\u00e4 espoolaisille, joille s\u00e4\u00e4nn\u00f6llinen liikunta on terveyden kannalta erityisen t\u00e4rke\u00e4\u00e4 tai jotka liikkuvat terveytens\u00e4 yll\u00e4pit\u00e4miseksi liian v\u00e4h\u00e4n. Maksutonta liikuntaa voivat olla esim. ohjatut kauppakeskusk\u00e4velyt erilaiset liikuntatapahtumat tai vaikkapa ranta-ashahit.<\/p>\n\n\n\n<p><\/p>\n\n\n\n<p> Liikunta on sivistyst\u00e4, jos mik\u00e4: se on kunnon ja jaksamisen pohja. Se on mielenterveytt\u00e4 yll\u00e4pit\u00e4v\u00e4\u00e4, mutta saattaa olla jopa tie tulevaan ammattiin. Futis ammatiksikin voi onnistua korkeakouluissa tai erilaisissa oppilaitoksissa, jossa voi kouluttautua liikunta-alan \u2013 tai toisaalta viestinn\u00e4n, johtamisen, henkil\u00f6st\u00f6hallinnon teht\u00e4viin.<\/p>\n\n\n\n<h4 class=\"wp-block-heading\">Musiikkia monipuolisesti<\/h4>\n\n\n\n<p>Espoon musiikkiopisto EMO on Espoon suurin ja vanhin taideoppilaitos, joka antaa taiteen perusopetuksen musiikin laajan oppim\u00e4\u00e4r\u00e4n mukaista monipuolista ja laadukasta opetusta. EMO antaa poikasilleen hyv\u00e4n pohjan musiikin elinik\u00e4iseen harrastamiseen ja mahdollisuuden ty\u00f6urallekin.<\/p>\n\n\n\n<p><\/p>\n\n\n\n<p>Vanhoja, yh\u00e4 toimivia musiikin tuottajina meill\u00e4 on esim. Leikarit (1975), Espoon pelimannit (1975) ja Esbo puhallinorkesteri (1972) ja erin\u00e4iset kansanmusiikkiryhm\u00e4t. EPO eli Espoon puhallinorkesteri on sinfoninen puhallinorkesteri, joka taipuu soittamaan monenlaista musiikkia. Se on esiintynyt itsen\u00e4isp\u00e4iv\u00e4n juhlissa, raveissa, kauppojen eteisiss\u00e4. Yksi t\u00e4rke\u00e4 tapahtuma on vanhojen tanssit Kaitaan lukiossa (nykyisin Matinkyl\u00e4n lukio).<\/p>\n\n\n\n<p><\/p>\n\n\n\n<p>Juvenalia taas on laajentanut musiikkiteatteria nuorempiin. Yli kymmenen vuotta sitten opiskelijoiksi otettiin yli 16-vuotiaita. Nelj\u00e4 vuotta sitten aloitettiin lasten ryhm\u00e4t 7-10-vuotiaille.<\/p>\n\n\n\n<p><\/p>\n\n\n\n<p>Espoossa on lukuisia yksityisi\u00e4 musiikkikouluttajia.<\/p>\n\n\n\n<p><\/p>\n\n\n\n<p>My\u00f6s seurakunnat tarjoavat monipuolista musiikkikoulutusta.<\/p>\n\n\n\n<p><\/p>\n\n\n\n<p>Espoon kaupunki tarjoaa paljon edullisia ja maksuttomia harrastusmahdollisuuksia lapsille ja nuorille. Harrastuksia j\u00e4rjestet\u00e4\u00e4n esimerkiksi kouluilla, liikuntapaikoilla, kulttuuritiloissa, kirjastoissa, nuorisotiloissa ja yhteisty\u00f6kumppanien omissa tiloissa.<\/p>\n\n\n\n<h4 class=\"wp-block-heading\">Lastenkulttuuria<\/h4>\n\n\n\n<p>Lasten kulttuurikeskus Aurora tarjoaa taide-el\u00e4myksi\u00e4 koko perheelle. Museo Leikiss\u00e4 p\u00e4\u00e4see tutustumaan leluihin ja leikkeihin eri ajoilta. Lastenteattereissa saa el\u00e4yty\u00e4 kiehtoviin tarinoihin ja j\u00e4nnitt\u00e4viin seikkailuihin. Espoon kulttuuritaloista sek\u00e4 kirjastoista l\u00f6ytyy monipuolista toimintaa kaikenik\u00e4isille lapsille satutuokioista ty\u00f6pajoihin, elokuviin ja konsertteihin. <\/p>\n\n\n\n<h4 class=\"wp-block-heading\">Kuvataide Espoossa<\/h4>\n\n\n\n<div class=\"wp-block-columns is-layout-flex wp-container-core-columns-is-layout-9d6595d7 wp-block-columns-is-layout-flex\">\n<div class=\"wp-block-column is-layout-flow wp-block-column-is-layout-flow\" style=\"flex-basis:50%\">\n<p>Espoon ensimm\u00e4inen julkinen veistos Sakari Vapaalahden Raivaajapatsas paljastettiin Laajalahden kirjaston edess\u00e4 vuonna 1976.<\/p>\n<\/div>\n\n\n\n<div class=\"wp-block-column is-layout-flow wp-block-column-is-layout-flow\" style=\"flex-basis:50%\"><style>.kb-image4169_2da754-c9 .kb-image-has-overlay:after{opacity:0.3;}<\/style>\n<figure class=\"wp-block-kadence-image kb-image4169_2da754-c9 size-full\"><img decoding=\"async\" width=\"688\" height=\"436\" src=\"https:\/\/espoonperinneseura.net\/sivistys\/wp-content\/uploads\/2024\/08\/Kuva2.jpg\" alt=\"\" class=\"kb-img wp-image-4175\" srcset=\"https:\/\/espoonperinneseura.net\/sivistys\/wp-content\/uploads\/2024\/08\/Kuva2.jpg 688w, https:\/\/espoonperinneseura.net\/sivistys\/wp-content\/uploads\/2024\/08\/Kuva2-300x190.jpg 300w\" sizes=\"(max-width: 688px) 100vw, 688px\" \/><\/figure>\n<\/div>\n<\/div>\n\n\n\n<p><\/p>\n\n\n\n<p>Kaupungin tarjoama kuvataideopetus perustuu koulujen opetussuunnitelmiin. P\u00e4\u00e4asiallisesti kuvataide on kaupallisten laitosten\/toimijoiden vastuulla enemm\u00e4n harrasteperusteella.<\/p>\n\n\n\n<p><\/p>\n\n\n\n<p>Kuvataiteen perusopetuksessa perehdyt\u00e4\u00e4n monipuolisesti kuvataiteen eri tekniikoihin, ty\u00f6v\u00e4lineisiin ja historiaan. Samalla opettelemme tuomaan omia ajatuksiamme, tunteitamme ja havaintojamme n\u00e4kyv\u00e4\u00e4n muotoon.<\/p>\n\n\n\n<p><\/p>\n\n\n\n<p>Kuvataide on ajatusten, tunteiden, havaintojen, toiveiden, muistojen ja tietojen saattamista n\u00e4kyv\u00e4\u00e4n muotoon. Muoto annetaan erilaisten materiaalien ja tekniikoiden avulla: maalaamalla, piirt\u00e4m\u00e4ll\u00e4, muovailemalla, kuvaamalla, veist\u00e4m\u00e4ll\u00e4, animoimalla, rakentamalla. Kuvallisen ilmaisun taidot kehittyv\u00e4t v\u00e4hitellen katsomalla, keskustelemalla ja teoksia ty\u00f6st\u00e4m\u00e4ll\u00e4. Oppilaat perehtyv\u00e4t my\u00f6s visuaaliseen kulttuuriin taidehistorian, nykytaiteen ja median kuvien avulla. N\u00e4yttelyk\u00e4ynnit ja taiteiluretket kuuluvat opetukseen. <\/p>\n\n\n\n<p><\/p>\n\n\n\n<p>Opetusryhmiss\u00e4 kokeillaan ja harjoitellaan erilaisia taiteellisia ty\u00f6skentelytapoja ik\u00e4tasolle sopivalla tavalla. Tekniikat, materiaalit ja tekemisen tavat tulevat nuorimmille oppilaille tutuiksi leikin ja hauskojen oivallusten kautta. Opetus kehitt\u00e4\u00e4 my\u00f6s ryhm\u00e4ss\u00e4 toimimisen taitoja ja kommunikaatiokyky\u00e4.<br>Teini-ik\u00e4iset oppilaat opiskelevat itsen\u00e4ist\u00e4 ty\u00f6skentely\u00e4 korostavissa ty\u00f6pajoissa, joissa oppilaat keskittyv\u00e4t itse\u00e4\u00e4n eniten kiinnostavaan kuvataiteen alaan asiantuntevan opettajan opastamina. Oman jutun voi valita kymmenist\u00e4 eri ty\u00f6pajavaihtoehdoista, jotka vaihtelevat keramiikasta pelisuunnitteluun ja taidegrafiikasta valokuvaukseen.  <\/p>\n\n\n\n<p><\/p>\n\n\n\n<p>Sek\u00e4 klassisia ett\u00e4 nykyaikaisia tekniikoita sis\u00e4lt\u00e4vien kuvisopintojen tavoitteena on asteittainen totuttautuminen pitk\u00e4j\u00e4nteiseen ja itseohjautuvaan ty\u00f6skentelyyn sek\u00e4 oman visuaalisen ilmaisun kehittyminen. Ja mahdolliseen ty\u00f6uraankin?<\/p>\n\n\n\n<p><\/p>\n\n\n\n<div class=\"wp-block-columns is-layout-flex wp-container-core-columns-is-layout-9d6595d7 wp-block-columns-is-layout-flex\">\n<div class=\"wp-block-column is-layout-flow wp-block-column-is-layout-flow\" style=\"flex-basis:50%\">\n<p>Mainitsemisen arvoista on kaupungin kaupunkikuvan el\u00e4v\u00f6itt\u00e4minen taiteella. Espoon kaupunginmuseo on asentanut kes\u00e4ll\u00e4 2024 kuvateosten ryhm\u00e4n Matinkyl\u00e4-Olarissa L\u00e4nsiv\u00e4yl\u00e4n alittavaan kevyenliikenteen tunneliin.<br> <br><\/p>\n<\/div>\n\n\n\n<div class=\"wp-block-column is-layout-flow wp-block-column-is-layout-flow\" style=\"flex-basis:50%\"><style>.kb-image4169_42d1de-76 .kb-image-has-overlay:after{opacity:0.3;}<\/style>\n<figure class=\"wp-block-kadence-image kb-image4169_42d1de-76 size-full\"><img decoding=\"async\" width=\"960\" height=\"640\" src=\"https:\/\/espoonperinneseura.net\/sivistys\/wp-content\/uploads\/2024\/08\/Kuva3-1.jpg\" alt=\"\" class=\"kb-img wp-image-4178\" srcset=\"https:\/\/espoonperinneseura.net\/sivistys\/wp-content\/uploads\/2024\/08\/Kuva3-1.jpg 960w, https:\/\/espoonperinneseura.net\/sivistys\/wp-content\/uploads\/2024\/08\/Kuva3-1-300x200.jpg 300w, https:\/\/espoonperinneseura.net\/sivistys\/wp-content\/uploads\/2024\/08\/Kuva3-1-768x512.jpg 768w\" sizes=\"(max-width: 960px) 100vw, 960px\" \/><\/figure>\n<\/div>\n<\/div>\n","protected":false},"excerpt":{"rendered":"<p>Kata Aaltonen Kuinka sivistys tulisi t\u00e4n\u00e4 p\u00e4iv\u00e4n\u00e4 ymm\u00e4rt\u00e4\u00e4? Sivistys, vapaa-ajan palvelut ja viihtyminen ovat t\u00e4rke\u00e4 osa kuntien elinvoimaisuutta. Niill\u00e4 on my\u00f6s \u00e4\u00e4rimm\u00e4isen t\u00e4rke\u00e4 merkitys vaikkapa sairauksien ja syrj\u00e4ytymisen ennaltaehk\u00e4isemisess\u00e4. Monet n\u00e4ist\u00e4 palveluista eiv\u00e4t ole lakis\u00e4\u00e4teisi\u00e4, mutta kuntalaisten kannalta todella merkitt\u00e4vi\u00e4. Niiden taloudellinen vaikutus tulee vain viiveell\u00e4, mutta voidaan arvioida, ett\u00e4 sijoitettu euro tulee moninkertaisena s\u00e4\u00e4st\u00f6n\u00e4&#8230;<\/p>\n","protected":false},"author":1,"featured_media":0,"parent":0,"menu_order":0,"comment_status":"closed","ping_status":"closed","template":"","meta":{"_kadence_starter_templates_imported_post":false,"_kad_post_transparent":"","_kad_post_title":"","_kad_post_layout":"","_kad_post_sidebar_id":"","_kad_post_content_style":"","_kad_post_vertical_padding":"","_kad_post_feature":"","_kad_post_feature_position":"","_kad_post_header":false,"_kad_post_footer":false,"_kad_post_classname":"","footnotes":""},"class_list":["post-4169","page","type-page","status-publish","hentry"],"featured_image_src":"","featured_image_src_square":false,"rbea_author_info":{"display_name":"espoonperinne@gmail.com","author_link":"https:\/\/espoonperinneseura.net\/sivistys\/author\/espoonperinnegmail-com\/"},"rbea_excerpt_info":"Kata Aaltonen Kuinka sivistys tulisi t\u00e4n\u00e4 p\u00e4iv\u00e4n\u00e4 ymm\u00e4rt\u00e4\u00e4? Sivistys, vapaa-ajan palvelut ja viihtyminen ovat t\u00e4rke\u00e4 osa kuntien elinvoimaisuutta. Niill\u00e4 on my\u00f6s \u00e4\u00e4rimm\u00e4isen t\u00e4rke\u00e4 merkitys vaikkapa sairauksien ja syrj\u00e4ytymisen ennaltaehk\u00e4isemisess\u00e4. Monet n\u00e4ist\u00e4 palveluista eiv\u00e4t ole lakis\u00e4\u00e4teisi\u00e4, mutta kuntalaisten kannalta todella merkitt\u00e4vi\u00e4. Niiden taloudellinen vaikutus tulee vain viiveell\u00e4, mutta voidaan arvioida, ett\u00e4 sijoitettu euro tulee moninkertaisena s\u00e4\u00e4st\u00f6n\u00e4...","_links":{"self":[{"href":"https:\/\/espoonperinneseura.net\/sivistys\/wp-json\/wp\/v2\/pages\/4169","targetHints":{"allow":["GET"]}}],"collection":[{"href":"https:\/\/espoonperinneseura.net\/sivistys\/wp-json\/wp\/v2\/pages"}],"about":[{"href":"https:\/\/espoonperinneseura.net\/sivistys\/wp-json\/wp\/v2\/types\/page"}],"author":[{"embeddable":true,"href":"https:\/\/espoonperinneseura.net\/sivistys\/wp-json\/wp\/v2\/users\/1"}],"replies":[{"embeddable":true,"href":"https:\/\/espoonperinneseura.net\/sivistys\/wp-json\/wp\/v2\/comments?post=4169"}],"version-history":[{"count":7,"href":"https:\/\/espoonperinneseura.net\/sivistys\/wp-json\/wp\/v2\/pages\/4169\/revisions"}],"predecessor-version":[{"id":4180,"href":"https:\/\/espoonperinneseura.net\/sivistys\/wp-json\/wp\/v2\/pages\/4169\/revisions\/4180"}],"wp:attachment":[{"href":"https:\/\/espoonperinneseura.net\/sivistys\/wp-json\/wp\/v2\/media?parent=4169"}],"curies":[{"name":"wp","href":"https:\/\/api.w.org\/{rel}","templated":true}]}}