{"id":4198,"date":"2024-12-16T21:43:38","date_gmt":"2024-12-16T19:43:38","guid":{"rendered":"https:\/\/espoonperinneseura.net\/sivistys\/?page_id=4198"},"modified":"2024-12-16T21:43:38","modified_gmt":"2024-12-16T19:43:38","slug":"laajalahden-kirjakauppa-espoon-ensimmainen-kirjakauppa","status":"publish","type":"page","link":"https:\/\/espoonperinneseura.net\/sivistys\/laajalahden-kirjakauppa-espoon-ensimmainen-kirjakauppa\/","title":{"rendered":"Laajalahden kirjakauppa &#8211; Espoon ensimm\u00e4inen kirjakauppa"},"content":{"rendered":"\n<p><em>Raili Lindberg, Laajalahti ry<\/em><\/p>\n\n\n\n<p><\/p>\n\n\n\n<p>Laajalahden kirjakauppa oli koko kyl\u00e4n syd\u00e4n ja sielu &#8211; paljon enemm\u00e4n kuin pelkk\u00e4 kirjakauppa. Ja paitsi, ett\u00e4 se oli Espoon ensimm\u00e4inen kirjakauppa, se oli 1990-luvulla liikevaihdoltaan koko Suomen kahdeksanneksi suurin kirjakauppa. Koko Espoon kaupungin kirjastohankinnatkin tehtiin yli 30 vuoden ajan Laajalahden kirjakaupasta.<\/p>\n\n\n\n<p>Ola Airio, joka itse oli sotainvalidi, sai idean kirjakaupan perustamiseen ja se avattiin marraskuussa 1948 \u2013 vajaa vuosi sen j\u00e4lkeen, kun perhe oli muuttanut Laajalahteen. Aluksi kirjakauppa toimi Airioiden Kirvuntien omakotitalon pihan puolella ja valikoimassa oli paljon muutakin k\u00e4ytt\u00f6tavaraa. Liikett\u00e4 hoiti p\u00e4\u00e4osin rouva Onerva Airio apunaan talon yl\u00e4kerrassa asunut Ilta Luotonen. Kun Tapiolaankin alkoi tulla asutusta, perhe perusti sivuliikkeen Louhentielle vuonna 1962. Se toimi vuoteen 2002 asti.<\/p>\n\n\n\n<p>My\u00f6s Laajalahden posti aloitti toimintansa kirjakaupan vuokralaisena. Vuonna 1956 taloa jatkettiin ja kirjakauppa sai kunnon liiketilat kadun puolelle. Laajennuksen yhteydess\u00e4 postikin sai oman tilansa ja toimi siell\u00e4 aina siihen asti, kunnes p\u00e4\u00e4si muuttamaan Veljeskulman talon liikesiipeen 1960-luvulla.<\/p>\n\n\n\n<p><\/p>\n\n\n<style>.kb-image4198_40b4c0-6b .kb-image-has-overlay:after{opacity:0.3;}<\/style>\n<figure class=\"wp-block-kadence-image kb-image4198_40b4c0-6b size-full\"><img decoding=\"async\" width=\"539\" height=\"494\" src=\"https:\/\/espoonperinneseura.net\/sivistys\/wp-content\/uploads\/2024\/12\/Kirjakauppa1.jpg\" alt=\"\" class=\"kb-img wp-image-4203\" srcset=\"https:\/\/espoonperinneseura.net\/sivistys\/wp-content\/uploads\/2024\/12\/Kirjakauppa1.jpg 539w, https:\/\/espoonperinneseura.net\/sivistys\/wp-content\/uploads\/2024\/12\/Kirjakauppa1-300x275.jpg 300w\" sizes=\"(max-width: 539px) 100vw, 539px\" \/><figcaption>Lapset leikkiv\u00e4t vanhan kirjakaupan edess\u00e4. Kuvassa Oili Airion nuorin tyt\u00e4r Auli ja Oilin veljen Olli Airion kaksospojat. Kuva perhe Airion albumista.<\/figcaption><\/figure>\n\n\n<style>.kb-image4198_035023-8b .kb-image-has-overlay:after{opacity:0.3;}<\/style>\n<figure class=\"wp-block-kadence-image kb-image4198_035023-8b size-full\"><img decoding=\"async\" width=\"775\" height=\"528\" src=\"https:\/\/espoonperinneseura.net\/sivistys\/wp-content\/uploads\/2024\/12\/Kirjakauppa2.jpg\" alt=\"\" class=\"kb-img wp-image-4204\" srcset=\"https:\/\/espoonperinneseura.net\/sivistys\/wp-content\/uploads\/2024\/12\/Kirjakauppa2.jpg 775w, https:\/\/espoonperinneseura.net\/sivistys\/wp-content\/uploads\/2024\/12\/Kirjakauppa2-300x204.jpg 300w, https:\/\/espoonperinneseura.net\/sivistys\/wp-content\/uploads\/2024\/12\/Kirjakauppa2-768x523.jpg 768w\" sizes=\"(max-width: 775px) 100vw, 775px\" \/><figcaption>Syyskuussa 1984 laajalahtelaisia kohtasi j\u00e4rkytt\u00e4v\u00e4 n\u00e4ky. Sakea savu peitti tienoon. Airioiden talo oli ilmiliekeiss\u00e4. Tulipalo tuhosi t\u00e4ysin kirjakaupan lis\u00e4ksi my\u00f6s perheen kodin. Yritteli\u00e4s ja sinnik\u00e4s perhe ei kuitenkaan lannistunut. Heti tulipalon j\u00e4lkeen tien viereen hankittiin vaunu, josta k\u00e4sin asiakkaiden palvelua voitiin jatkaa tilap\u00e4isesti. Kuva perhe Airio.<\/figcaption><\/figure>\n\n\n<style>.kb-image4198_875bcb-63 .kb-image-has-overlay:after{opacity:0.3;}<\/style>\n<figure class=\"wp-block-kadence-image kb-image4198_875bcb-63 size-full\"><img decoding=\"async\" width=\"738\" height=\"405\" src=\"https:\/\/espoonperinneseura.net\/sivistys\/wp-content\/uploads\/2024\/12\/Kirjakauppa3.jpg\" alt=\"\" class=\"kb-img wp-image-4205\" srcset=\"https:\/\/espoonperinneseura.net\/sivistys\/wp-content\/uploads\/2024\/12\/Kirjakauppa3.jpg 738w, https:\/\/espoonperinneseura.net\/sivistys\/wp-content\/uploads\/2024\/12\/Kirjakauppa3-300x165.jpg 300w\" sizes=\"(max-width: 738px) 100vw, 738px\" \/><figcaption>Tulen tuhoaman kirjakaupan toiminta jatkui Veljeskulman nurkalle nopeasti rakennetussa kioskirakennuksessa 1984-87, kunnes Laajalahden uusi liikekeskus valmistui.<\/figcaption><\/figure>\n\n\n<style>.kb-image4198_dcc74b-d7 .kb-image-has-overlay:after{opacity:0.3;}<\/style>\n<figure class=\"wp-block-kadence-image kb-image4198_dcc74b-d7 size-full\"><img decoding=\"async\" width=\"677\" height=\"266\" src=\"https:\/\/espoonperinneseura.net\/sivistys\/wp-content\/uploads\/2024\/12\/Kirjakauppa4.jpg\" alt=\"\" class=\"kb-img wp-image-4206\" srcset=\"https:\/\/espoonperinneseura.net\/sivistys\/wp-content\/uploads\/2024\/12\/Kirjakauppa4.jpg 677w, https:\/\/espoonperinneseura.net\/sivistys\/wp-content\/uploads\/2024\/12\/Kirjakauppa4-300x118.jpg 300w\" sizes=\"(max-width: 677px) 100vw, 677px\" \/><figcaption>Oili Airio liikekeskukseen muuttaneen uuden Laajalahden kirjakaupan edustalla vuonna 2000. Muutto liikekeskuksen uusiin tiloihin tapahtui vuonna 1987. V\u00e4hitellen Onerva Airion ty\u00f6panosta haluttiin helpottaa ja tyt\u00e4r Oili Airio nimitettiin kirjakauppojen johtoon.<\/figcaption><\/figure>\n\n\n\n<p>Vaikka kirjakaupan tilat eiv\u00e4t olleet suuren suuria, sen tavaravalikoima oli monipuolinen ja hyv\u00e4ll\u00e4 maulla harkiten hankittu. Sielt\u00e4 saattoi ostaa vaikka koko suvulle joululahjatkin tarvitsematta poistua Laajalahdesta. Vuosittainen suuri tapahtuma oli, kun laajalahtelainen Mauri Kunnas vietti p\u00e4iv\u00e4n kirjakaupassa ja piirsi ja kirjoitti omistuskirjoituksia omiin teoksiinsa.<\/p>\n\n\n\n<p>Laajalahden kirjakaupalla oli keskeinen asema my\u00f6s koko kyl\u00e4n yhteis\u00f6llisyyden luojana ja yll\u00e4pit\u00e4j\u00e4n\u00e4. Sinne oli aina mukava poiketa. Kaupassa tavattiin tuttuja ja kuultiin viimeisimm\u00e4t kyl\u00e4n uutiset. Kirjakaupan v\u00e4ki oli aina aktiivisesti mukana j\u00e4rjest\u00e4m\u00e4ss\u00e4 Laajalahtip\u00e4ivi\u00e4 ja muita kyl\u00e4yhteis\u00f6n tapahtumia. Alueen yhdistykset muistavat kiitollisuudella kirjakauppaa my\u00f6s sen avok\u00e4tisist\u00e4 arpajaispalkintojen lahjoittamisista. Kirjakaupan palvelu oli aina yst\u00e4v\u00e4llist\u00e4. Hyv\u00e4 palvelu kohdistui my\u00f6s lapsiin, jotka kutsuivat Oilia \u201dkiskan kivaksi t\u00e4diksi\u201d ja toivoivat, ett\u00e4 Oili olisi jatkanut ty\u00f6t\u00e4\u00e4n my\u00f6s kirjakaupan tilalle tulevassa R-kioskissa.<\/p>\n\n\n\n<p>Kun Oilin j\u00e4lkeen Airioiden suvusta ei en\u00e4\u00e4 l\u00f6ytynyt sopivia ty\u00f6n jatkajia, kirjakauppa lopetettiin kes\u00e4kuussa vuonna 2005. Tieto lopettamisesta otettiin raskaasti ja surullisin mielin laajalahtelaisten keskuudessa. Ajatus kyl\u00e4st\u00e4 ilman sen syd\u00e4nt\u00e4 masensi.<\/p>\n\n\n\n<p><em>L\u00e4hteet: Meid\u00e4n Laajalahti 40v- ja 50v-julkaisut. L\u00e4nsiv\u00e4yl\u00e4 19.6.2005. Raili Lindbergin omat muistot.<\/em><\/p>\n\n\n\n<p><\/p>\n","protected":false},"excerpt":{"rendered":"<p>Raili Lindberg, Laajalahti ry Laajalahden kirjakauppa oli koko kyl\u00e4n syd\u00e4n ja sielu &#8211; paljon enemm\u00e4n kuin pelkk\u00e4 kirjakauppa. Ja paitsi, ett\u00e4 se oli Espoon ensimm\u00e4inen kirjakauppa, se oli 1990-luvulla liikevaihdoltaan koko Suomen kahdeksanneksi suurin kirjakauppa. Koko Espoon kaupungin kirjastohankinnatkin tehtiin yli 30 vuoden ajan Laajalahden kirjakaupasta. Ola Airio, joka itse oli sotainvalidi, sai idean kirjakaupan&#8230;<\/p>\n","protected":false},"author":1,"featured_media":0,"parent":0,"menu_order":0,"comment_status":"closed","ping_status":"closed","template":"","meta":{"_kadence_starter_templates_imported_post":false,"_kad_post_transparent":"","_kad_post_title":"","_kad_post_layout":"","_kad_post_sidebar_id":"","_kad_post_content_style":"","_kad_post_vertical_padding":"","_kad_post_feature":"","_kad_post_feature_position":"","_kad_post_header":false,"_kad_post_footer":false,"_kad_post_classname":"","footnotes":""},"class_list":["post-4198","page","type-page","status-publish","hentry"],"featured_image_src":"","featured_image_src_square":false,"rbea_author_info":{"display_name":"espoonperinne@gmail.com","author_link":"https:\/\/espoonperinneseura.net\/sivistys\/author\/espoonperinnegmail-com\/"},"rbea_excerpt_info":"Raili Lindberg, Laajalahti ry Laajalahden kirjakauppa oli koko kyl\u00e4n syd\u00e4n ja sielu &#8211; paljon enemm\u00e4n kuin pelkk\u00e4 kirjakauppa. Ja paitsi, ett\u00e4 se oli Espoon ensimm\u00e4inen kirjakauppa, se oli 1990-luvulla liikevaihdoltaan koko Suomen kahdeksanneksi suurin kirjakauppa. Koko Espoon kaupungin kirjastohankinnatkin tehtiin yli 30 vuoden ajan Laajalahden kirjakaupasta. Ola Airio, joka itse oli sotainvalidi, sai idean kirjakaupan...","_links":{"self":[{"href":"https:\/\/espoonperinneseura.net\/sivistys\/wp-json\/wp\/v2\/pages\/4198","targetHints":{"allow":["GET"]}}],"collection":[{"href":"https:\/\/espoonperinneseura.net\/sivistys\/wp-json\/wp\/v2\/pages"}],"about":[{"href":"https:\/\/espoonperinneseura.net\/sivistys\/wp-json\/wp\/v2\/types\/page"}],"author":[{"embeddable":true,"href":"https:\/\/espoonperinneseura.net\/sivistys\/wp-json\/wp\/v2\/users\/1"}],"replies":[{"embeddable":true,"href":"https:\/\/espoonperinneseura.net\/sivistys\/wp-json\/wp\/v2\/comments?post=4198"}],"version-history":[{"count":3,"href":"https:\/\/espoonperinneseura.net\/sivistys\/wp-json\/wp\/v2\/pages\/4198\/revisions"}],"predecessor-version":[{"id":4216,"href":"https:\/\/espoonperinneseura.net\/sivistys\/wp-json\/wp\/v2\/pages\/4198\/revisions\/4216"}],"wp:attachment":[{"href":"https:\/\/espoonperinneseura.net\/sivistys\/wp-json\/wp\/v2\/media?parent=4198"}],"curies":[{"name":"wp","href":"https:\/\/api.w.org\/{rel}","templated":true}]}}