{"id":4202,"date":"2024-12-16T21:38:11","date_gmt":"2024-12-16T19:38:11","guid":{"rendered":"https:\/\/espoonperinneseura.net\/sivistys\/?page_id=4202"},"modified":"2024-12-16T21:44:05","modified_gmt":"2024-12-16T19:44:05","slug":"laajalahden-kirjasto-historiallinen-paakirjasto","status":"publish","type":"page","link":"https:\/\/espoonperinneseura.net\/sivistys\/laajalahden-kirjasto-historiallinen-paakirjasto\/","title":{"rendered":"Laajalahden kirjasto &#8211; Historiallinen p\u00e4\u00e4kirjasto"},"content":{"rendered":"\n<p><em>Raili Lindberg, Laajalahti ry<\/em><\/p>\n\n\n\n<p><\/p>\n\n\n<style>.kb-image4202_d682fb-8e .kb-image-has-overlay:after{opacity:0.3;}<\/style>\n<figure class=\"wp-block-kadence-image kb-image4202_d682fb-8e size-full\"><img decoding=\"async\" width=\"637\" height=\"420\" src=\"https:\/\/espoonperinneseura.net\/sivistys\/wp-content\/uploads\/2024\/12\/Kirjasto1.jpg\" alt=\"\" class=\"kb-img wp-image-4207\" srcset=\"https:\/\/espoonperinneseura.net\/sivistys\/wp-content\/uploads\/2024\/12\/Kirjasto1.jpg 637w, https:\/\/espoonperinneseura.net\/sivistys\/wp-content\/uploads\/2024\/12\/Kirjasto1-300x198.jpg 300w\" sizes=\"(max-width: 637px) 100vw, 637px\" \/><figcaption>Espoon kirjastoauto Laajalahden kirjaston pihalla 10.9.1970.Kuva: Artturi Kaltokari.<\/figcaption><\/figure>\n\n\n\n<p>Laajalahden kirjasto aloitti toimintansa koulun tiloissa huhtikuussa 1953. Yhdess\u00e4 luokkahuoneessa oli 7-8 korkeata kaappia t\u00e4ynn\u00e4 kirjoja. Kaapit olivat lukossa ja avain oli opettaja Tuulikki Vapaavuorella, joka sivut\u00f6in\u00e4\u00e4n hoiti lainausta parina iltana viikossa.<\/p>\n\n\n\n<p>Vuonna 1963 kirjasto muutti uuteen Veljeskulman rakennukseen. Aluksi se oli auki yleis\u00f6lle vain 6 tuntia viikossa. Lainaajia oli 370. Siit\u00e4 tuli kuitenkin koko Espoon kirjastolaitoksen syd\u00e4n, sill\u00e4 Laajalahden kirjaston tilat olivat 1960-luvun ajan edellytys kirjastolaitoksen kehitt\u00e4miselle Espoossa. Ennen Lepp\u00e4vaaran kirjaston valmistumista 1972 koko toiminta suunniteltiin ja johdettiin Laajalahdesta k\u00e4sin. Laajalahdessa toimi kirjastojen hallinnon, luetteloinnin ja toimiston lis\u00e4ksi my\u00f6s auto-osasto. My\u00f6s silloisella Espoon kirjastojohtajalla Urpo Lahtisella oli siell\u00e4 oma ty\u00f6huone. Laajalahden kirjakauppa oli Espoon kirjastojen hovihankkija.<\/p>\n\n\n\n<p><\/p>\n\n\n<style>.kb-image4202_63c906-11 .kb-image-has-overlay:after{opacity:0.3;}<\/style>\n<figure class=\"wp-block-kadence-image kb-image4202_63c906-11 size-full\"><img decoding=\"async\" width=\"556\" height=\"440\" src=\"https:\/\/espoonperinneseura.net\/sivistys\/wp-content\/uploads\/2024\/12\/Kirjasto2.jpg\" alt=\"\" class=\"kb-img wp-image-4208\" srcset=\"https:\/\/espoonperinneseura.net\/sivistys\/wp-content\/uploads\/2024\/12\/Kirjasto2.jpg 556w, https:\/\/espoonperinneseura.net\/sivistys\/wp-content\/uploads\/2024\/12\/Kirjasto2-300x237.jpg 300w\" sizes=\"(max-width: 556px) 100vw, 556px\" \/><figcaption>Kuvassa ote L\u00e4nsiv\u00e4yl\u00e4n artikkelista 9.12.2007<\/figcaption><\/figure>\n\n\n\n<p>1970-luvulla kaikki asiakkaat eiv\u00e4t v\u00e4ltt\u00e4m\u00e4tt\u00e4 olleet aina lainaajia, vaan sinne tultiin jopa nukkumaan. Silloinen kirjastonhoitaja Irmeli Per\u00e4l\u00e4 on muistellut, ett\u00e4 kirjaston pihalle kokoontui iltaisin miehi\u00e4 kallistelemaan pulloja. Sis\u00e4lle tultiin l\u00e4mmittelem\u00e4\u00e4n ja itkem\u00e4\u00e4n el\u00e4m\u00e4n kurjuutta. Osan humaltumisaste johti sammumiseen ja joskus kirjastoa sulkiessa oli pakko raahata joku sis\u00e4lle kirjaston tuulikaappiin selvi\u00e4m\u00e4\u00e4n hetkeksi, ettei j\u00e4\u00e4nyt pakkaseen.<\/p>\n\n\n\n<p>Ensimm\u00e4isen kerran Laajalahden kirjasto oli lopettamisuhan alla vuonna 1974, kun Sotainvalidien Veljesliiton Lepp\u00e4vaaran osasto halusi myyd\u00e4 omistamansa kiinteist\u00f6n. Silloin Laajalahden aktiivit asukkaat k\u00e4viv\u00e4t ensimm\u00e4isen taistelunsa kirjaston s\u00e4ilymisen puolesta. Ker\u00e4ttiin nimilistoja ja k\u00e4ytiin henkil\u00f6kohtaisesti tapaamassa useita valtuutettuja. Se tuotti tuloksia. Espoon kaupunki lunasti kiinteist\u00f6n ja laajalahtelaiset saivat pit\u00e4\u00e4 kirjastonsa.<\/p>\n\n\n\n<p>1980-luvulla kirjastoa saneerattiin toimivammaksi ja se oli auki jo 24 tuntia viikossa. My\u00f6s 80-luku toi ongelmia kirjastoon. Nuorisolla ei ollut mit\u00e4\u00e4n kokoontumistiloja ja kirjastossa vietti aikaansa paljon 10-18 -vuotiaita nuoria, mik\u00e4 aiheutti ristiriitoja lainaajien ja oleskelijoiden v\u00e4lill\u00e4.<\/p>\n\n\n\n<p>1990-alussa kirjaston lopettamisuhasta tuli l\u00e4hes jokavuotinen mittel\u00f6. Asukkaat j\u00e4rjestiv\u00e4t mielenosoituksia, ker\u00e4siv\u00e4t nimilistoja, vedottiin valtuutettuihin, j\u00e4rjestettiin kokouksia. Kirjaston s\u00e4ilytt\u00e4minen oli Laajalahti ry:n toimintasuunnitelmissa jatkuvana tavoitteena. Lopullista kuoliniskua pel\u00e4ttiin, kun Sellon kirjasto valmistui 2000-luvun alussa. Siit\u00e4kin selvittiin sitke\u00e4ll\u00e4 vaikuttamisella, jonka keski\u00f6ss\u00e4 oli Laajalahti ry:n johtokunnan ja kaupunginhallituksen j\u00e4sen Anja Pankasalo. Kirjastosta ja sen alakerrasta tehtiin laajalahtelaisten olohuone. Alakertaan rakennettujen kokous- ja harrastustilojen avajaiset pidettiin vuonna 2007. Nuoriso sai oman kerhotilansa lis\u00e4ksi my\u00f6s pikkuruisen b\u00e4ndien harjoitustilan syv\u00e4lt\u00e4 kellarin uumenista.<\/p>\n\n\n\n<p>Laajalahtelaiset uskoivat, ett\u00e4 en\u00e4\u00e4 ei tarvitsisi taistella kirjaston s\u00e4ilymisen puolesta. L\u00e4nsiv\u00e4yl\u00e4n aluekirjastonjohtaja Elina Smedskin totesi L\u00e4nsiv\u00e4yl\u00e4n artikkelissa 9.12.2007: \u201cRemontin my\u00f6t\u00e4 on selv\u00e4\u00e4, ett\u00e4 kirjasto j\u00e4\u00e4 Laajalahteen.\u201d Edelleen: Smedsin mielest\u00e4 oli t\u00e4rke\u00e4\u00e4, ett\u00e4 kirjasto j\u00e4i Laajalahteen: Se on esimerkiksi monille nuorille paikka, jonne voi tulla koulun j\u00e4lkeen viett\u00e4m\u00e4\u00e4n aikaa.\u201d<\/p>\n\n\n\n<p>Kirjaston toimintaa uudistettiin taas vuonna 2016, jolloin k\u00e4ytt\u00f6\u00f6n otettiin omatoimiaika. Asukkaille tuli mahdolliseksi k\u00e4ytt\u00e4\u00e4 kirjastoa my\u00f6s sen varsinaisten aukioloaikojen ulkopuolella aina klo 22:een asti. Kirjasto sisustettiin kodinomaiseksi pehmeine sohvineen ja olonurkkauksineen. Aamuvirkuilla oli mahdollisuus pist\u00e4yty\u00e4 kirjastossa lukemassa p\u00e4iv\u00e4n lehdet jo klo 7:lt\u00e4 aamulla. Valitettavasti kaikki eiv\u00e4t ole osanneet kunnioittaa t\u00e4t\u00e4 etuoikeutta. Ajoittain muutamat paikalliset lapset ja nuoret aiheuttivat siell\u00e4 rauhattomuutta. .<\/p>\n\n\n\n<p>Uusi vakava uhka Laajalahden kirjaston lopettamiseksi tuli taas vuonna 2020, kun Espoon kaupunki budjetissaan kaavaili yhten\u00e4 s\u00e4\u00e4st\u00f6toimenpiteen\u00e4 l\u00e4hikirjastojen lopettamista. Kaupunginvaltuutettujen joukosta l\u00f6ytyi onneksi sen verran l\u00e4hikirjastojen arvon ymm\u00e4rt\u00e4ji\u00e4, ett\u00e4 uhkaa saatiin siirretty\u00e4 ainakin vuodella.<\/p>\n\n\n\n<p>Heng\u00e4hdystauko oli kuitenkin lyhyt. Vuonna 2021 Laajalahden ja Soukan kirjastot olivat uudestaan vakavan lakkautusuhan alla. Sitke\u00e4t laajalahtelaiset l\u00e4htiv\u00e4t kuitenkin tosissaan taistelemaan kirjastonsa puolesta. Laajalahti ry l\u00e4hetti vetoomuksia ja kirjelm\u00f6i tiuhaan p\u00e4\u00e4tt\u00e4jille. My\u00f6s media otettiin laajasti avuksi. Taistelun huipennus oli, kun yli 200 p\u00e4\u00e4tt\u00e4v\u00e4ist\u00e4 laajalahtelaista osoitti banderolleineen mielt\u00e4\u00e4n kirjaston edess\u00e4. Tapahtuma sai suurta n\u00e4kyvyytt\u00e4 sek\u00e4 Helsingin Sanomissa ett\u00e4 L\u00e4nsiv\u00e4yl\u00e4ss\u00e4. Laajalahden kirjastoa ei lakkautettu.<\/p>\n\n\n\n<p><\/p>\n\n\n<style>.kb-image4202_52ead4-1c .kb-image-has-overlay:after{opacity:0.3;}<\/style>\n<figure class=\"wp-block-kadence-image kb-image4202_52ead4-1c size-full\"><img decoding=\"async\" width=\"749\" height=\"434\" src=\"https:\/\/espoonperinneseura.net\/sivistys\/wp-content\/uploads\/2024\/12\/Kirjasto3.jpg\" alt=\"\" class=\"kb-img wp-image-4209\" srcset=\"https:\/\/espoonperinneseura.net\/sivistys\/wp-content\/uploads\/2024\/12\/Kirjasto3.jpg 749w, https:\/\/espoonperinneseura.net\/sivistys\/wp-content\/uploads\/2024\/12\/Kirjasto3-300x174.jpg 300w\" sizes=\"(max-width: 749px) 100vw, 749px\" \/><figcaption>Yli 200 laajalahtelaista osallistui banderolleineen mielenosoitukseen 13.11.2021 kirjastomme puolesta. Tilaisuuden puhujina olivat Espoon kaupunginhallituksen varapuheenjohtajat ja kansanedustajat Maria Guzenina ja Tiina Elo. Kuva: Laajalahti ry.<\/figcaption><\/figure>\n\n\n\n<p>Yli 200 laajalahtelaista osallistui banderolleineen mielenosoitukseen 13.11.2021 kirjastomme puolesta. Tilaisuuden puhujina olivat Espoon kaupunginhallituksen varapuheenjohtajat ja kansanedustajat Maria Guzenina ja Tiina Elo. Kuva: Laajalahti ry.<\/p>\n\n\n\n<p><\/p>\n\n\n<style>.kb-image4202_385765-40 .kb-image-has-overlay:after{opacity:0.3;}<\/style>\n<figure class=\"wp-block-kadence-image kb-image4202_385765-40 size-full\"><img decoding=\"async\" width=\"664\" height=\"491\" src=\"https:\/\/espoonperinneseura.net\/sivistys\/wp-content\/uploads\/2024\/12\/Kirjasto4.jpg\" alt=\"\" class=\"kb-img wp-image-4210\" srcset=\"https:\/\/espoonperinneseura.net\/sivistys\/wp-content\/uploads\/2024\/12\/Kirjasto4.jpg 664w, https:\/\/espoonperinneseura.net\/sivistys\/wp-content\/uploads\/2024\/12\/Kirjasto4-300x222.jpg 300w\" sizes=\"(max-width: 664px) 100vw, 664px\" \/><figcaption>Kodikas Laajalahden kirjasto er\u00e4\u00e4n\u00e4 kauniina omatoimiaamuna vuonna 2016. Kuva: Raili Lindberg.<\/figcaption><\/figure>\n\n\n\n<p><em>L\u00e4hteet: Laajalahden kirjaston 40-vuotisjulkaisu ja Raili Lindbergin omat muistelot.<\/em><\/p>\n","protected":false},"excerpt":{"rendered":"<p>Raili Lindberg, Laajalahti ry Laajalahden kirjasto aloitti toimintansa koulun tiloissa huhtikuussa 1953. Yhdess\u00e4 luokkahuoneessa oli 7-8 korkeata kaappia t\u00e4ynn\u00e4 kirjoja. Kaapit olivat lukossa ja avain oli opettaja Tuulikki Vapaavuorella, joka sivut\u00f6in\u00e4\u00e4n hoiti lainausta parina iltana viikossa. Vuonna 1963 kirjasto muutti uuteen Veljeskulman rakennukseen. Aluksi se oli auki yleis\u00f6lle vain 6 tuntia viikossa. Lainaajia oli 370&#8230;.<\/p>\n","protected":false},"author":1,"featured_media":0,"parent":0,"menu_order":0,"comment_status":"closed","ping_status":"closed","template":"","meta":{"_kadence_starter_templates_imported_post":false,"_kad_post_transparent":"","_kad_post_title":"","_kad_post_layout":"","_kad_post_sidebar_id":"","_kad_post_content_style":"","_kad_post_vertical_padding":"","_kad_post_feature":"","_kad_post_feature_position":"","_kad_post_header":false,"_kad_post_footer":false,"_kad_post_classname":"","footnotes":""},"class_list":["post-4202","page","type-page","status-publish","hentry"],"featured_image_src":"","featured_image_src_square":false,"rbea_author_info":{"display_name":"espoonperinne@gmail.com","author_link":"https:\/\/espoonperinneseura.net\/sivistys\/author\/espoonperinnegmail-com\/"},"rbea_excerpt_info":"Raili Lindberg, Laajalahti ry Laajalahden kirjasto aloitti toimintansa koulun tiloissa huhtikuussa 1953. Yhdess\u00e4 luokkahuoneessa oli 7-8 korkeata kaappia t\u00e4ynn\u00e4 kirjoja. Kaapit olivat lukossa ja avain oli opettaja Tuulikki Vapaavuorella, joka sivut\u00f6in\u00e4\u00e4n hoiti lainausta parina iltana viikossa. Vuonna 1963 kirjasto muutti uuteen Veljeskulman rakennukseen. Aluksi se oli auki yleis\u00f6lle vain 6 tuntia viikossa. Lainaajia oli 370....","_links":{"self":[{"href":"https:\/\/espoonperinneseura.net\/sivistys\/wp-json\/wp\/v2\/pages\/4202","targetHints":{"allow":["GET"]}}],"collection":[{"href":"https:\/\/espoonperinneseura.net\/sivistys\/wp-json\/wp\/v2\/pages"}],"about":[{"href":"https:\/\/espoonperinneseura.net\/sivistys\/wp-json\/wp\/v2\/types\/page"}],"author":[{"embeddable":true,"href":"https:\/\/espoonperinneseura.net\/sivistys\/wp-json\/wp\/v2\/users\/1"}],"replies":[{"embeddable":true,"href":"https:\/\/espoonperinneseura.net\/sivistys\/wp-json\/wp\/v2\/comments?post=4202"}],"version-history":[{"count":5,"href":"https:\/\/espoonperinneseura.net\/sivistys\/wp-json\/wp\/v2\/pages\/4202\/revisions"}],"predecessor-version":[{"id":4217,"href":"https:\/\/espoonperinneseura.net\/sivistys\/wp-json\/wp\/v2\/pages\/4202\/revisions\/4217"}],"wp:attachment":[{"href":"https:\/\/espoonperinneseura.net\/sivistys\/wp-json\/wp\/v2\/media?parent=4202"}],"curies":[{"name":"wp","href":"https:\/\/api.w.org\/{rel}","templated":true}]}}