{"id":1018,"date":"2023-04-25T11:12:50","date_gmt":"2023-04-25T08:12:50","guid":{"rendered":"https:\/\/espoonperinneseura.net\/yritykset\/?page_id=1018"},"modified":"2023-06-20T16:52:52","modified_gmt":"2023-06-20T13:52:52","slug":"kohti-yrittajyyden-ja-yrittamisen-kasitteita","status":"publish","type":"page","link":"https:\/\/espoonperinneseura.net\/yritykset\/tarinoita-yritysmaailmasta\/kohti-yrittajyyden-ja-yrittamisen-kasitteita\/","title":{"rendered":"Kohti yritt\u00e4jyyden ja yritt\u00e4misen k\u00e4sitteit\u00e4"},"content":{"rendered":"<p><em>Martti Hellstr\u00f6m<\/em><\/p>\n<p>Espoon perinneseura ry j\u00e4rjesti vuonna 2016 perinteisen kev\u00e4tseminaarin. Teemana oli tuolloin \u201dYritt\u00e4jyys Espoossa\u201d. Minulla oli yhdistyksen puheenjohtajana ilo avata seminaari, ja tein sen pohtimalla yritt\u00e4jyyden k\u00e4sitett\u00e4 jokseenkin n\u00e4in.<\/p>\n<p>&#8221;El\u00e4mme aikaa, jolloin yritt\u00e4jyys on k\u00e4sitteen\u00e4 kaikkien huulilla. Puhutaan yksinyritt\u00e4jist\u00e4, mikroyritt\u00e4jist\u00e4 ja jopa pakkoyritt\u00e4jyydest\u00e4. Yritt\u00e4j\u00e4 on vain pienelle joukolle riist\u00e4j\u00e4porvari. Yh\u00e4 useammalle yritt\u00e4jyys on ainoa vaihtoehto maailmassa, jossa palkkaty\u00f6n tarjonta v\u00e4henee.<\/p>\n<p>P\u00e4\u00e4osa suomalaisista ty\u00f6ik\u00e4isist\u00e4 on edelleen palkanansaitsijoita. Yritt\u00e4ji\u00e4 meill\u00e4 on yli nelj\u00e4nnesmiljoona. Heist\u00e4 noin 60 % on yksinyritt\u00e4ji\u00e4.<\/p>\n<p>Olen k\u00e4sitteiden yst\u00e4v\u00e4. Mit\u00e4 yritt\u00e4jyys ja yritt\u00e4minen oikein tarkoittavat? Hapuillaan ratkaisua ensin verbin yritt\u00e4\u00e4 avulla.<\/p>\n<p>Arkikieless\u00e4 &#8211; esim. koulussa &#8211; ajatellaan, ett\u00e4 yritt\u00e4minen on ponnistelemaan ryhtymist\u00e4. Se on arvostettavaa, vaikka aina ei onnistuisikaan. &#8221;Yrit\u00e4 edes!&#8221;, sanomme.<\/p>\n<p>Ent\u00e4 mit\u00e4 sanakirja sanoo tuosta sanasta? Sen synonyymej\u00e4 ovat koettaa, kokea, pyrki\u00e4, kokeilla, tavoitella. Suomen etymologisen sanakirjan mukaan yritt\u00e4\u00e4 verbin alkujuuria ovat tavoitella, pyrki\u00e4, koettaa. Taustalla on it\u00e4suomalainen murresana yrk\u00e4ill\u00e4 = yritell\u00e4, meinata.<\/p>\n<p>Yritt\u00e4minen on siis aloittamaan ryhtymist\u00e4 ja ponnistelua &#8211; mutta ei v\u00e4ltt\u00e4m\u00e4tt\u00e4 onnistumista. Nyky\u00e4\u00e4n puhutaankin riskiyritt\u00e4misest\u00e4.<\/p>\n<p>Veijo Meren sanakirjan mukaan taustalla on ruotsin kielen sana yrka, joka tarkoittaa: vaatia kiihke\u00e4sti, haluta, harjoittaa ja ponnistella. Meren mukaan muinaisskandinaaveilla sana yrki oli ty\u00f6, ja siit\u00e4 tuli sana yrke eli ammatti, elinkeino, toimi.<\/p>\n<p>Suomen kirjakieless\u00e4 sana yritt\u00e4\u00e4 on kuulema esiintynyt ensimm\u00e4isen kerran vuonna 1570 herra Martin maanlain suomennoksessa merkityksell\u00e4 \u201dh\u00e4tyytt\u00e4\u00e4\u201d.<\/p>\n<p>Hmm. L\u00f6yd\u00e4mme siis ainakin muutaman yleisen tunnuspiirteen: on kyse aloittamisesta. On kyse ty\u00f6st\u00e4. On kyse ponnistelemisesta ilman varmuutta onnistumisesta.<\/p>\n<p>Hapuillaan viel\u00e4 v\u00e4h\u00e4n. Usein puhutaan erikseen sis\u00e4isest\u00e4 ja ulkoisesta yritt\u00e4misest\u00e4.<br \/>\nSis\u00e4inen yritt\u00e4jyys on luonteenpiirre. Se on oma-aloitteisuutta, sisukkuutta, riskinottoa. Se on halua huolehtia itse itsest\u00e4\u00e4n, taitoa huomata ymp\u00e4rill\u00e4\u00e4n mahdollisuuksia, asettaa tavoitteita, suunnitella kokeilla ja arvioida, keksi\u00e4 ideoita ja testata niit\u00e4, ratkaista ongelmia, s\u00e4\u00e4dell\u00e4 omaa toimintaansa. Se on my\u00f6s halua kohdata ihmisi\u00e4 kunnioittavasti, ratkoa luovasti ristiriitoja, vaikuttaa ja viesti\u00e4 monipuolisesti sek\u00e4 johtaa innostavasti.<\/p>\n<p>Ulkoinen yritt\u00e4minen on n\u00e4kyv\u00e4\u00e4 toimintaa. Tuo yritt\u00e4misen liittyy itsens\u00e4 el\u00e4tt\u00e4miseen ja rahaan. Kyse on taloudellisesta toiminnasta. Mutta riitt\u00e4\u00e4k\u00f6 pelkk\u00e4 el\u00e4tt\u00e4minen kattamaan k\u00e4sitteen? Ovatko kaikki, jotka yritt\u00e4v\u00e4t el\u00e4tt\u00e4\u00e4 itsens\u00e4 yritt\u00e4ji\u00e4? Ei. Palkansaajat yritt\u00e4v\u00e4t el\u00e4tt\u00e4\u00e4 itsens\u00e4, mutta he eiv\u00e4t ole yritt\u00e4ji\u00e4.<\/p>\n<p>Olisiko yritt\u00e4jyys sit\u00e4, ett\u00e4 yritt\u00e4\u00e4 el\u00e4tt\u00e4\u00e4 itsens\u00e4 ilman, ett\u00e4 menee toiselle t\u00f6ihin? Ett\u00e4 on itsell\u00e4\u00e4n t\u00f6iss\u00e4? Hmm. Rikollinenkin olisi tuon m\u00e4\u00e4ritelm\u00e4n perusteella yritt\u00e4j\u00e4.<\/p>\n<p>Her\u00e4\u00e4 uusi kysymys: Onko yritt\u00e4j\u00e4n oltava t\u00f6iss\u00e4? Mit\u00e4 t\u00f6iss\u00e4 oleminen on? Mit\u00e4 on ty\u00f6? Onko rikoksen tekeminen ty\u00f6ntekoa? Toisaalta moni voi tehd\u00e4 t\u00f6iss\u00e4 rikoksen. Teenk\u00f6 ty\u00f6t\u00e4, jos el\u00e4t\u00e4n itseni itsen\u00e4isesti ostamalla ja myym\u00e4ll\u00e4 osakkeita?<\/p>\n<p>S\u00e4\u00e4d\u00f6kset tulevat t\u00e4ss\u00e4 apuun. Katsotaanpa, mit\u00e4 virallisesti asiasta sanotaan: Tilastokeskus antaa kaksi m\u00e4\u00e4ritelm\u00e4\u00e4: N\u00e4ist\u00e4 j\u00e4lkimm\u00e4inen on parempi:<\/p>\n<p>\u201dYritt\u00e4j\u00e4ksi luetaan henkil\u00f6, joka harjoittaa taloudellista toimintaa omaan laskuun ja omalla vastuulla. Yritt\u00e4j\u00e4 voi olla ty\u00f6nantajayritt\u00e4j\u00e4 tai yksin\u00e4isyritt\u00e4j\u00e4, kuten ammatinharjoittaja tai freelancer.\u201d Tuo auttaa. Virallisissa teksteiss\u00e4 tuota kuvausta viel\u00e4 t\u00e4ydennet\u00e4\u00e4n:<\/p>\n<p>&#8221;Osakeyhti\u00f6ss\u00e4 toimiva henkil\u00f6, joka yksin tai perheens\u00e4 kanssa omistaa v\u00e4hint\u00e4\u00e4n puolet yrityksest\u00e4, luetaan yritt\u00e4j\u00e4ksi. Yritt\u00e4j\u00e4lt\u00e4 edellytet\u00e4\u00e4n, ett\u00e4 h\u00e4n omistaa v\u00e4hint\u00e4\u00e4n 50 % yrityksest\u00e4, jossa h\u00e4n ty\u00f6skentelee. Yritt\u00e4j\u00e4ksi lasketaan my\u00f6s sellainen henkil\u00f6, joka ty\u00f6skentelyn lis\u00e4ksi on yrityksess\u00e4 johtavassa asemassa, ja omistaa 15 %:n yrityksest\u00e4. Yritt\u00e4j\u00e4ksi lasketaan my\u00f6s sellainen, joka ty\u00f6skentelee perheyrityksess\u00e4 (perheenj\u00e4senet yhdess\u00e4 omistavat v\u00e4hint\u00e4\u00e4n 50 %). Yritt\u00e4j\u00e4ksi lasketaan my\u00f6s sellainen, joka ty\u00f6skentelyn lis\u00e4ksi on perheyrityksess\u00e4 johtavassa asemassa (henkil\u00f6 yhdess\u00e4 perheenj\u00e4sentens\u00e4 kanssa omistaa v\u00e4hint\u00e4\u00e4n 30 % yhti\u00f6st\u00e4).&#8221;<\/p>\n<p>Olemme jo pitk\u00e4ll\u00e4. Ollakseen ulkoinen yritt\u00e4j\u00e4 pit\u00e4\u00e4 siis (1) omistaa ja (2) tehd\u00e4 ty\u00f6t\u00e4 &#8211; ja mielell\u00e4\u00e4n (3) johtaa.<\/p>\n<p>Mit\u00e4 yritt\u00e4jyys siis on? Yritt\u00e4jyys on &#8211; n\u00e4in summaan &#8211; yritt\u00e4j\u00e4lle tyypillinen tapa (ks. sis\u00e4inen yritt\u00e4jyys) toimia, niin ett\u00e4 h\u00e4n el\u00e4tt\u00e4\u00e4 itse\u00e4\u00e4n toimimalla omaan laskuun ja omalla vastuulla. H\u00e4n (tai h\u00e4nen perheens\u00e4) on h\u00e4nen ty\u00f6nantajansa.<\/p>\n<p>Lis\u00e4ksi: Yritt\u00e4j\u00e4ll\u00e4 t\u00e4ytyy olla oma yritys. Yrityksell\u00e4 t\u00e4ytyy olla nimi ja viranomaisten hyv\u00e4ksynt\u00e4.<br \/>\nPime\u00e4 yritt\u00e4j\u00e4 ei kai ole yritt\u00e4j\u00e4.<\/p>\n","protected":false},"excerpt":{"rendered":"<p>Martti Hellstr\u00f6m Espoon perinneseura ry j\u00e4rjesti vuonna 2016 perinteisen kev\u00e4tseminaarin. Teemana oli tuolloin \u201dYritt\u00e4jyys Espoossa\u201d. Minulla oli yhdistyksen puheenjohtajana ilo avata seminaari, ja tein sen pohtimalla yritt\u00e4jyyden k\u00e4sitett\u00e4 jokseenkin n\u00e4in. &#8221;El\u00e4mme aikaa, jolloin yritt\u00e4jyys on k\u00e4sitteen\u00e4 kaikkien huulilla. Puhutaan yksinyritt\u00e4jist\u00e4, <span class=\"excerpt-dots\">&hellip;<\/span> <a class=\"more-link\" href=\"https:\/\/espoonperinneseura.net\/yritykset\/tarinoita-yritysmaailmasta\/kohti-yrittajyyden-ja-yrittamisen-kasitteita\/\"><span class=\"more-msg\">Jatka lukemista &rarr;<\/span><\/a><\/p>\n","protected":false},"author":1,"featured_media":0,"parent":322,"menu_order":0,"comment_status":"closed","ping_status":"closed","template":"","meta":{"om_disable_all_campaigns":false,"_monsterinsights_skip_tracking":false,"_monsterinsights_sitenote_active":false,"_monsterinsights_sitenote_note":"","_monsterinsights_sitenote_category":0,"_uf_show_specific_survey":0,"_uf_disable_surveys":false,"footnotes":""},"class_list":["post-1018","page","type-page","status-publish","hentry"],"aioseo_notices":[],"featured_image_src":null,"_links":{"self":[{"href":"https:\/\/espoonperinneseura.net\/yritykset\/wp-json\/wp\/v2\/pages\/1018","targetHints":{"allow":["GET"]}}],"collection":[{"href":"https:\/\/espoonperinneseura.net\/yritykset\/wp-json\/wp\/v2\/pages"}],"about":[{"href":"https:\/\/espoonperinneseura.net\/yritykset\/wp-json\/wp\/v2\/types\/page"}],"author":[{"embeddable":true,"href":"https:\/\/espoonperinneseura.net\/yritykset\/wp-json\/wp\/v2\/users\/1"}],"replies":[{"embeddable":true,"href":"https:\/\/espoonperinneseura.net\/yritykset\/wp-json\/wp\/v2\/comments?post=1018"}],"version-history":[{"count":2,"href":"https:\/\/espoonperinneseura.net\/yritykset\/wp-json\/wp\/v2\/pages\/1018\/revisions"}],"predecessor-version":[{"id":1400,"href":"https:\/\/espoonperinneseura.net\/yritykset\/wp-json\/wp\/v2\/pages\/1018\/revisions\/1400"}],"up":[{"embeddable":true,"href":"https:\/\/espoonperinneseura.net\/yritykset\/wp-json\/wp\/v2\/pages\/322"}],"wp:attachment":[{"href":"https:\/\/espoonperinneseura.net\/yritykset\/wp-json\/wp\/v2\/media?parent=1018"}],"curies":[{"name":"wp","href":"https:\/\/api.w.org\/{rel}","templated":true}]}}