{"id":116,"date":"2022-09-11T07:48:16","date_gmt":"2022-09-11T04:48:16","guid":{"rendered":"https:\/\/espoonperinneseura.net\/yritykset\/?page_id=116"},"modified":"2023-05-13T09:26:49","modified_gmt":"2023-05-13T06:26:49","slug":"kadonneita-tehtaita","status":"publish","type":"page","link":"https:\/\/espoonperinneseura.net\/yritykset\/teollisuus\/kadonneita-tehtaita\/","title":{"rendered":"Kadonneita tehtaita"},"content":{"rendered":"\r\n<p><em>Esko Uotila<\/em><\/p>\r\n<p>Espoo sijaitsee l\u00e4hell\u00e4 kasvavaa Helsinki\u00e4, jossa rakentaminen, hallinto ja asuminen on jo vuosisatoja tarvinnut monenlaisia tuotteita. T\u00e4h\u00e4n kysynt\u00e4\u00e4n Espooseen syntyi 1800- ja 1900-luvuilla mm. tiili-, keramiikka-, lasi- ja puusep\u00e4nteollisuutta. Laivareitit rannikon tuntumassa ja rautatie sis\u00e4maassa vuodesta 1903 alkaen mahdollistivat tuotteiden kuljetukset Helsinkiin. N\u00e4iden vanhimpien espoolaisten yritysten toiminta on p\u00e4\u00e4osin p\u00e4\u00e4ttynyt jo vuosikymmeni\u00e4 sitten. N\u00e4m\u00e4 verraten pienimuotoiset tuotantolaitokset kasvattivat ja muokkasivat l\u00e4hialueidensa yhdyskuntia.<\/p>\r\n\r\n\r\n\r\n<h4>Stensvikin tiilitehdas<\/h4>\r\n<p>Stensvikin tiilitehdas oli Espoonlahdessa sijainnut tiilitehdas, joka aloitti toimintansa vuonna 1861. Tehdasalueelle rakennettiin ty\u00f6v\u00e4en asuntoja, meijeri, leipomo, raamisaha, mylly, paja ja kauppa. Tehtaan tuotanto loppui vuonna 1939.<\/p>\r\n<p>Stensvikin tiilitehdas sijaitsi Kivenlahdessa nykyisen ostoskeskuksen paikalla. Tehtaan ty\u00f6ntekij\u00f6iden lapsille rakennettiin koulu vuonna 1881. Puutalo on s\u00e4ilynyt, ja nykyisin se on asuinkerrostalojen ymp\u00e4r\u00f6im\u00e4n\u00e4. Sit\u00e4 kutsutaan Kahvi-Kaisan taloksi.<\/p>\r\n<p>Lis\u00e4tietoa: <a href=\"https:\/\/fi.wikipedia.org\/wiki\/Stensvikin_tiilitehdas\" target=\"_blank\" rel=\"noopener\">Stensvikin tiilitehdas \u2013 Wikipedia<\/a><\/p>\r\n<h4>Kauklahden lasitehdas<\/h4>\r\n<p>Kauklahden lasitehdas Oy oli Espoon Kauklahdessa vuosina 1923\u20131952 toiminut lasitehdas. Tehtaan perusti vuonna 1923 Iittalan lasitehtaan entinen johtaja Cla\u00ebs Norstedt. Lasitehtaan alku oli vaikea, koska lasiuuni reistaili jatkuvasti. Monien vaikeuksien j\u00e4lkeen Norstedt joutui myym\u00e4\u00e4n tehtaansa osake-enemmist\u00f6n Riihim\u00e4en lasille vuonna 1927. Vuonna 1931 osakkeet siirtyiv\u00e4t kokonaisuudessaan Oy Riihim\u00e4en omistukseen.<\/p>\r\n<p>Kauklahden lasitehdas oli itsen\u00e4inen tyt\u00e4ryhti\u00f6, jossa Riihim\u00e4en lasitehdas tuotti omia tuotteitaan. Tehdas ajautui konkurssiin vuonna 1952 kannattamattomana ja lopetti toimintansa. Monien Kauklahdessa valmistettujen lasiesineiden tuotanto jatkui Riihim\u00e4ell\u00e4.<\/p>\r\n<p>Tehtaan tuotanto k\u00e4sitti muun muassa puristelasia, valaisinten opaalilasisia kupuja, puhallettua talouslasia ja taidelasia. Tehtaassa toimi lasimaalaamo hetken aikaa jo 1920-luvulla. Erin\u00e4isten vaiheiden j\u00e4lkeen maalaamo aloitti Kauklahdessa uudelleen vuonna 1943 ja tehtaan palon j\u00e4lkeen uudistettuna 1946. Maalaamalla koristellut maljat ja maljakot, valaisinlasit sek\u00e4 hiomalla koristellut kristalliesineet ovat tunnettuja Kauklahden tuotteita.<\/p>\r\n<p>Nykyisin tehdasrakennuksessa toimii Kuusakoski Oy.<\/p>\r\n<p>Lis\u00e4tietoa: <br \/><a href=\"https:\/\/fi.wikipedia.org\/wiki\/Kauklahden_lasitehdas\">Kauklahden lasitehdas \u2013 Wikipedia<\/a><br \/><a href=\"https:\/\/www.taloustaito.fi\/vapaalla\/maalattuja-lasiesineita-espoon-kauklahdesta--silmaniloa-arkeen\/#575dfe1b\">Maalattuja lasiesineit\u00e4 Espoon Kauklahdesta \u2013 silm\u00e4niloa arkeen &#8211; Taloustaito.fi<\/a><\/p>\r\n<h4>Kera<\/h4>\r\n<p>Keran teollisuusalue sai nimens\u00e4 Kera Oy:n keramiikkatehtaasta, joka perustettiin alueelle vuonna 1920. Tehtaan toiminta lopetettiin vuonna 1958. Kerassa on toiminut my\u00f6s useita muita teollisuusyrityksi\u00e4. AGA:n tehtaat valmistuivat 1960-luvulla. AGA toimi Kerassa 1990-luvulle, jonka j\u00e4lkeen tehdastoiminta muutti Riihim\u00e4elle. AGAn p\u00e4\u00e4konttori on Lepp\u00e4vaarassa.<\/p>\r\n<p>Kilon logistiikkakeskus rakennettiin Keraan 1960-luvun lopussa ja peruskorjattiin vuosina 1997-2007. Samalla purettiin kiinteist\u00f6lle johtanut erillisraide. Inexin logistiikkakeskuksen siirto Sipooseen Suomen suurimpaan rakennukseen saatiin p\u00e4\u00e4t\u00f6kseen vuoden 2019 alussa. Varastokiinteist\u00f6t on osittain purettu, ja alueella aloitetaan uuden kaupunkikeskuksen rakentaminen.<\/p>\r\n<p>Lis\u00e4tietoa:<br \/><a title=\"Kera Oy\" href=\"https:\/\/espoonperinneseura.net\/yritykset\/yrittajyys\/kera-oy\/\">Kera Oy<\/a><\/p>\r\n<h4>Siemensin tehtaat Perkkaalla<\/h4>\r\n<p>Suomen Siemens Oy osti vuonna 1970 Perkkaalla sijaitsevan Bergansin tilan K.A. Koskisen perillisilt\u00e4. Yhti\u00f6 teki aluerakentamissopimuksen Espoon kaupungin kanssa. Siemensin omat tuotantotilat rakennettiin Majurinkadun varteen 1975\u201377 ja p\u00e4\u00e4konttori pienen viiv\u00e4styksen j\u00e4lkeen 1989.<\/p>\r\n<p>Vuonna 2010 Siemens Oy myi Perkkaan alueella omistamansa tontit ja toimitalon SRV:n, Saton ja Ilmarisen yhteiselle kiinteist\u00f6yhti\u00f6lle. Siemensin tehdas- ja toimistorakennukset purettiin. Alueelle kaavoitettiin uudet korttelialueet asuinkerrostalorakentamista varten.<\/p>\r\n","protected":false},"excerpt":{"rendered":"<p>Esko Uotila Espoo sijaitsee l\u00e4hell\u00e4 kasvavaa Helsinki\u00e4, jossa rakentaminen, hallinto ja asuminen on jo vuosisatoja tarvinnut monenlaisia tuotteita. T\u00e4h\u00e4n kysynt\u00e4\u00e4n Espooseen syntyi 1800- ja 1900-luvuilla mm. tiili-, keramiikka-, lasi- ja puusep\u00e4nteollisuutta. Laivareitit rannikon tuntumassa ja rautatie sis\u00e4maassa vuodesta 1903 alkaen <span class=\"excerpt-dots\">&hellip;<\/span> <a class=\"more-link\" href=\"https:\/\/espoonperinneseura.net\/yritykset\/teollisuus\/kadonneita-tehtaita\/\"><span class=\"more-msg\">Jatka lukemista &rarr;<\/span><\/a><\/p>\n","protected":false},"author":1,"featured_media":0,"parent":326,"menu_order":0,"comment_status":"closed","ping_status":"closed","template":"","meta":{"om_disable_all_campaigns":false,"_monsterinsights_skip_tracking":false,"_monsterinsights_sitenote_active":false,"_monsterinsights_sitenote_note":"","_monsterinsights_sitenote_category":0,"_uf_show_specific_survey":0,"_uf_disable_surveys":false,"footnotes":""},"class_list":["post-116","page","type-page","status-publish","hentry"],"aioseo_notices":[],"featured_image_src":null,"_links":{"self":[{"href":"https:\/\/espoonperinneseura.net\/yritykset\/wp-json\/wp\/v2\/pages\/116","targetHints":{"allow":["GET"]}}],"collection":[{"href":"https:\/\/espoonperinneseura.net\/yritykset\/wp-json\/wp\/v2\/pages"}],"about":[{"href":"https:\/\/espoonperinneseura.net\/yritykset\/wp-json\/wp\/v2\/types\/page"}],"author":[{"embeddable":true,"href":"https:\/\/espoonperinneseura.net\/yritykset\/wp-json\/wp\/v2\/users\/1"}],"replies":[{"embeddable":true,"href":"https:\/\/espoonperinneseura.net\/yritykset\/wp-json\/wp\/v2\/comments?post=116"}],"version-history":[{"count":9,"href":"https:\/\/espoonperinneseura.net\/yritykset\/wp-json\/wp\/v2\/pages\/116\/revisions"}],"predecessor-version":[{"id":1173,"href":"https:\/\/espoonperinneseura.net\/yritykset\/wp-json\/wp\/v2\/pages\/116\/revisions\/1173"}],"up":[{"embeddable":true,"href":"https:\/\/espoonperinneseura.net\/yritykset\/wp-json\/wp\/v2\/pages\/326"}],"wp:attachment":[{"href":"https:\/\/espoonperinneseura.net\/yritykset\/wp-json\/wp\/v2\/media?parent=116"}],"curies":[{"name":"wp","href":"https:\/\/api.w.org\/{rel}","templated":true}]}}