{"id":1339,"date":"2023-05-27T20:10:00","date_gmt":"2023-05-27T17:10:00","guid":{"rendered":"https:\/\/espoonperinneseura.net\/yritykset\/?page_id=1339"},"modified":"2023-05-27T20:22:08","modified_gmt":"2023-05-27T17:22:08","slug":"business-espoo-tukee-yrittajia","status":"publish","type":"page","link":"https:\/\/espoonperinneseura.net\/yritykset\/yrittajyys\/business-espoo-tukee-yrittajia\/","title":{"rendered":"Business Espoo tukee yritt\u00e4ji\u00e4"},"content":{"rendered":"<p><em>Martti Hellstr\u00f6m<\/em><\/p>\n<p><strong>Business Espoo on verkostomainen palvelumalli, johon kuuluvat Espoon kaupunki, Enter Espoo Oy, Espoon Yritt\u00e4j\u00e4t, Helsingin seudun kauppakamari, Omnia, Uudenmaan TE-toimisto ja YritysEspoo. Verkosto j\u00e4rjest\u00e4\u00e4 my\u00f6s ns. aamiaisklubeja. Ne ovat yritt\u00e4jien kohtaamispaikkoja, joissa saa ilmaiseksi vinkkej\u00e4 yritysten kehitt\u00e4miseen ja voi tutustua maksuttomiin yrityspalveluihin.<\/strong><\/p>\n<p>Tiistaina 23.5.2023 oli vuorossa aamiaisklubi luovien alojen yritt\u00e4jille. Tavoitteena oli perehty\u00e4 kulttuurin ja luovien alojen yritt\u00e4jyyden maailmaan. Kulttuurin ja luovien alojen yritt\u00e4jyyteen kuuluu t\u00e4n\u00e4\u00e4n mm. peliala, muotoilu, laulu, kirjallisuus, tanssi, tapahtumatoiminta\u2026<\/p>\n<p>Kolmen tunnin sessiossa kulttuurijohtaja Liisa Tommila kuvaili kaupunkimme tukimahdollisuuksia. Espoo ei tee itse kaikkea, vaan se mahdollistaa. Koska taloudellinen tilanne on tiukka, kulttuurity\u00f6t\u00e4 t\u00e4ytyy tehd\u00e4 yhdess\u00e4.<\/p>\n<p>Vuosittain kaupunki my\u00f6nt\u00e4\u00e4 16 miljoonaa euroa avustuksia kulttuurialan toimijoille. Tommila kuvasi toimintaa kuitenkin yh\u00e4 sirpaleiseksi. Siksi kaupunki haluaa kysy\u00e4 alan toimijoilta: Mit\u00e4 te Espoolta haluatte.<\/p>\n<p>T\u00e4m\u00e4n aamiaisklubin ehk\u00e4 kiinnostavin luento oli \u201dBr\u00e4nd\u00e4ys luovan alan yritt\u00e4j\u00e4n\u00e4 &#8211; miten onnistun?\u201d<\/p>\n<p>Viestint\u00e4velho Aino Pajukangas on yritt\u00e4j\u00e4: yritysvalmentaja. H\u00e4n on ty\u00f6skennellyt yli 20 viime vuoden ajan suomalaisen yritysel\u00e4m\u00e4n n\u00e4k\u00f6alapaikoilla toimittajana, tiedottajana sek\u00e4 viestinn\u00e4n johtoteht\u00e4viss\u00e4 valtakunnallisissa, monikansallisissa ja paikallisissa yrityksiss\u00e4. Parhaillaan h\u00e4n viimeistelee tietokirja asiatuntija-viestinn\u00e4st\u00e4.<\/p>\n<p>Omassa luennossaan h\u00e4n avasi br\u00e4ndi-k\u00e4sitett\u00e4 ja listasi neuvoja, kuinka kannattaa rakentaa oman yrityksen br\u00e4ndi\u00e4 erityisesti sosiaalisessa mediassa.<\/p>\n<p>Br\u00e4ndi on muotisana, joskin my\u00f6s ristiriitainen. Yksinkertaistaen: br\u00e4ndi on mielikuva, muitten yhteinen k\u00e4sitys sinusta tai yrityksest\u00e4si. Toisten mielest\u00e4 br\u00e4ndi\u00e4 ei voi rakentaa, toisten mielest\u00e4 rakentaminen nimenomaan kannattaa.<\/p>\n<p>Br\u00e4ndi on keino erottautua muista samaa palvelua tarjoavista. Se on keino saada asiakkaat kiinnittym\u00e4\u00e4n. Pajukangas antoi mm. seuraavia neuvoja:<\/p>\n<ul>\n<li>M\u00e4\u00e4rittele, kenelle puhut (on valittava kohderyhm\u00e4)<\/li>\n<li>Ket\u00e4 lupaat auttaa (ik\u00e4, toiveet, kipukohdat\u2026)? Miten sin\u00e4 autat?<\/li>\n<li>Mist\u00e4 tavoitat t\u00e4m\u00e4n ryhm\u00e4n? Miten tavoitat mahdollisimman monta heist\u00e4?<\/li>\n<li>Etsi oikeat somekanavat. Oikeita ovat ne, joissa kohderyhm\u00e4si k\u00e4y.<\/li>\n<li>Tuota sille kanavalle monipuolista sis\u00e4lt\u00f6\u00e4: anna tietoa, viihdyt\u00e4, innosta\u2026<\/li>\n<li>Mieti, mit\u00e4 viestit. Ole inhimillinen. Kerro, kuka olet &#8211; arvosi. Anna lukijoiden tulla tutuksi. M\u00e4\u00e4rittele my\u00f6s rajat, mist\u00e4 avaudut.<\/li>\n<li>Inspiroidu (katso mit\u00e4 muut tekev\u00e4t) ja verkostoidu.<\/li>\n<li>Ole ahkera. Postaa. Vastaa. Kerro tarinoita, ne sitouttavat. Aktivoi. Kerro, miten sinuun saa yhteytt\u00e4.<\/li>\n<\/ul>\n<p>Aino Pajukankaan mukaan br\u00e4ndinrakennus on pitk\u00e4j\u00e4nteist\u00e4. Se vie ainakin vuoden. Mutta se kannattaa. Jotta viivan alle tulee rahaa \ud83d\ude42<\/p>\n<p>Aamiasklubit jatkuvat syksyll\u00e4.<\/p>\n<p>Lue lis\u00e4\u00e4:<br \/>\n<a href=\"https:\/\/www.espoo.fi\/fi\/business-espoo-yritysten-parhaaksi\" target=\"_blank\" rel=\"noopener\">Business Espoo &#8211; Yritysten parhaaksi | Espoon kaupunki<\/a><br \/>\nMuita toimijoita Business Espoo -verkostossa<br \/>\n<a href=\"https:\/\/www.enterespoo.fi\/\" target=\"_blank\" rel=\"noopener\">Enter Espoo<\/a><br \/>\n<a href=\"https:\/\/www.yrittajat.fi\/paikallisyhdistykset\/espoon-yrittajat\/\" target=\"_blank\" rel=\"noopener\">Espoon Yritt\u00e4j\u00e4t<\/a><br \/>\n<a href=\"https:\/\/helsinki.chamber.fi\/\" target=\"_blank\" rel=\"noopener\">Helsingin seudun kauppakamari<\/a><br \/>\n<a href=\"https:\/\/www.omnia.fi\/tyonantajat-yrittajat\" target=\"_blank\" rel=\"noopener\">Omnia<\/a><br \/>\n<a href=\"https:\/\/toimistot.te-palvelut.fi\/uusimaa\" target=\"_blank\" rel=\"noopener\">Uudenmaan TE-toimisto<\/a><br \/>\n<a href=\"https:\/\/yritysespoo.fi\/\" target=\"_blank\" rel=\"noopener\">YritysEspoo<\/a><\/p>\n<p>&nbsp;<\/p>\n<p>&nbsp;<\/p>\n<p>&nbsp;<\/p>\n<p>&nbsp;<\/p>\n<p>&nbsp;<\/p>\n<p>&nbsp;<\/p>\n","protected":false},"excerpt":{"rendered":"<p>Martti Hellstr\u00f6m Business Espoo on verkostomainen palvelumalli, johon kuuluvat Espoon kaupunki, Enter Espoo Oy, Espoon Yritt\u00e4j\u00e4t, Helsingin seudun kauppakamari, Omnia, Uudenmaan TE-toimisto ja YritysEspoo. Verkosto j\u00e4rjest\u00e4\u00e4 my\u00f6s ns. aamiaisklubeja. Ne ovat yritt\u00e4jien kohtaamispaikkoja, joissa saa ilmaiseksi vinkkej\u00e4 yritysten kehitt\u00e4miseen ja <span class=\"excerpt-dots\">&hellip;<\/span> <a class=\"more-link\" href=\"https:\/\/espoonperinneseura.net\/yritykset\/yrittajyys\/business-espoo-tukee-yrittajia\/\"><span class=\"more-msg\">Jatka lukemista &rarr;<\/span><\/a><\/p>\n","protected":false},"author":1,"featured_media":0,"parent":288,"menu_order":0,"comment_status":"closed","ping_status":"closed","template":"","meta":{"om_disable_all_campaigns":false,"_monsterinsights_skip_tracking":false,"_monsterinsights_sitenote_active":false,"_monsterinsights_sitenote_note":"","_monsterinsights_sitenote_category":0,"_uf_show_specific_survey":0,"_uf_disable_surveys":false,"footnotes":""},"class_list":["post-1339","page","type-page","status-publish","hentry"],"aioseo_notices":[],"featured_image_src":null,"_links":{"self":[{"href":"https:\/\/espoonperinneseura.net\/yritykset\/wp-json\/wp\/v2\/pages\/1339","targetHints":{"allow":["GET"]}}],"collection":[{"href":"https:\/\/espoonperinneseura.net\/yritykset\/wp-json\/wp\/v2\/pages"}],"about":[{"href":"https:\/\/espoonperinneseura.net\/yritykset\/wp-json\/wp\/v2\/types\/page"}],"author":[{"embeddable":true,"href":"https:\/\/espoonperinneseura.net\/yritykset\/wp-json\/wp\/v2\/users\/1"}],"replies":[{"embeddable":true,"href":"https:\/\/espoonperinneseura.net\/yritykset\/wp-json\/wp\/v2\/comments?post=1339"}],"version-history":[{"count":6,"href":"https:\/\/espoonperinneseura.net\/yritykset\/wp-json\/wp\/v2\/pages\/1339\/revisions"}],"predecessor-version":[{"id":1347,"href":"https:\/\/espoonperinneseura.net\/yritykset\/wp-json\/wp\/v2\/pages\/1339\/revisions\/1347"}],"up":[{"embeddable":true,"href":"https:\/\/espoonperinneseura.net\/yritykset\/wp-json\/wp\/v2\/pages\/288"}],"wp:attachment":[{"href":"https:\/\/espoonperinneseura.net\/yritykset\/wp-json\/wp\/v2\/media?parent=1339"}],"curies":[{"name":"wp","href":"https:\/\/api.w.org\/{rel}","templated":true}]}}