{"id":1431,"date":"2023-07-15T08:11:46","date_gmt":"2023-07-15T05:11:46","guid":{"rendered":"https:\/\/espoonperinneseura.net\/yritykset\/?page_id=1431"},"modified":"2023-07-16T16:41:20","modified_gmt":"2023-07-16T13:41:20","slug":"taide-on-hyvaksi-mielelle","status":"publish","type":"page","link":"https:\/\/espoonperinneseura.net\/yritykset\/taide-on-hyvaksi-mielelle\/","title":{"rendered":"Taide on hyv\u00e4ksi mielelle"},"content":{"rendered":"<p><em>Kata Aaltonen<\/em><\/p>\n<div class=\"wp-caption-right\">\n<div id=\"attachment_1480\" style=\"width: 1034px\" class=\"wp-caption alignnone\"><img loading=\"lazy\" decoding=\"async\" aria-describedby=\"caption-attachment-1480\" class=\"wp-image-1480 size-large\" src=\"https:\/\/espoonperinneseura.net\/yritykset\/wp-content\/uploads\/2023\/07\/Keran-muraalit-1024x576.jpg\" alt=\"\" width=\"1024\" height=\"576\" srcset=\"https:\/\/espoonperinneseura.net\/yritykset\/wp-content\/uploads\/2023\/07\/Keran-muraalit-1024x576.jpg 1024w, https:\/\/espoonperinneseura.net\/yritykset\/wp-content\/uploads\/2023\/07\/Keran-muraalit-300x169.jpg 300w, https:\/\/espoonperinneseura.net\/yritykset\/wp-content\/uploads\/2023\/07\/Keran-muraalit-768x432.jpg 768w, https:\/\/espoonperinneseura.net\/yritykset\/wp-content\/uploads\/2023\/07\/Keran-muraalit-1536x864.jpg 1536w, https:\/\/espoonperinneseura.net\/yritykset\/wp-content\/uploads\/2023\/07\/Keran-muraalit-2048x1152.jpg 2048w\" sizes=\"auto, (max-width: 1024px) 100vw, 1024px\" \/><p id=\"caption-attachment-1480\" class=\"wp-caption-text\">Muraalitaidetta Keran halleilla<\/p><\/div>\n<\/div>\n<p>Julkisella taiteella voidaan tarkoittaa esimerkiksi veistoksia, sein\u00e4maalauksia, julkisivumateriaaleihin upotettuja kuva-aiheita, valotaidetta, videoprojisointeja, muotoiltuja kadunkalusteita tai opasteita, performansseja tai ty\u00f6pajoja, jotka ovat katsottavissa tai koettavissa ihmisten elinymp\u00e4rist\u00f6ss\u00e4.<\/p>\n<p>Kuvataiteilija ty\u00f6skentelee yhden tai useamman kuvataiteen alan parissa. Kuvataiteilija voi tehd\u00e4 esimerkiksi taidemaalausta, kuvanveistoa tai taidegrafiikkaa, ty\u00f6ss\u00e4 keskeist\u00e4 on luovuus.<\/p>\n<p>Kuvataiteilija yritt\u00e4\u00e4 mit\u00e4 suurimmassa m\u00e4\u00e4rin; saattaa olla ns. n\u00e4lk\u00e4taiteilija, mutta onko h\u00e4n yritt\u00e4j\u00e4? Kuvataiteilija on k\u00e4yt\u00e4nn\u00f6ss\u00e4 usein taiteilijayritt\u00e4j\u00e4, jonka leip\u00e4 ei tule pelk\u00e4st\u00e4\u00e4n oman taiteen tekemisest\u00e4. Toimeentulon l\u00e4hteit\u00e4 ovat palkka, teosmyynti, apurahat ja tekij\u00e4noikeuskorvaukset museon\u00e4yttelyist\u00e4. Palkka voi tulla taiteeseen liittyvist\u00e4 t\u00f6ist\u00e4 kuten opettamisesta, mutta my\u00f6s muista t\u00f6ist\u00e4.<\/p>\n<p>Kuvataiteilija ei miell\u00e4 itse\u00e4\u00e4n yritt\u00e4j\u00e4ksi eli yritt\u00e4j\u00e4rekisteriin liittyminen ei ole pakollista. Taiteilija, joka ansaitsee p\u00e4\u00e4asiallisen tulonsa esim. opetust\u00f6ist\u00e4, voi joutua vaikeuksiin halutessaan korvauksia n\u00e4yttelyyn liittyvist\u00e4 materiaalikuluista. Jos myynti on ollut v\u00e4h\u00e4ist\u00e4 eik\u00e4 apurahaa ole k\u00e4yt\u00f6ss\u00e4, taiteilija voidaan katsoa harrastajaksi. Kuvataiteilijan ty\u00f6 on itsen\u00e4ist\u00e4 ammatin harjoittamista. Kulttuurialan ammattikorkeakoulututkinnon suorittaneet ty\u00f6skentelev\u00e4t p\u00e4\u00e4- tai sivutoimisesti taideaineiden opettajina kansalais- ja ty\u00f6v\u00e4enopistoissa tai kuvataidekouluissa.<\/p>\n<h3>Taiteen opetus Espoossa<\/h3>\n<p>Taiteen perusopetus antaa oppilaalle valmiuksia ilmaista itse\u00e4\u00e4n taiteen avulla ja my\u00f6s jatkaa opintojaan harrastamansa taiteenalan ammatillisessa koulutuksessa. Taiteen perusopetusta annetaan yleisen ja laajan oppim\u00e4\u00e4r\u00e4n mukaan. Opetuksen pariin voi hakeutua varhaiskasvatusik\u00e4isen\u00e4, peruskoulun aikana tai sen j\u00e4lkeen.<\/p>\n<div class=\"wp-caption-right-30\">\n<p><img loading=\"lazy\" decoding=\"async\" class=\"aligncenter size-full wp-image-1446\" src=\"https:\/\/espoonperinneseura.net\/yritykset\/wp-content\/uploads\/2023\/07\/Arkki.png\" alt=\"\" width=\"225\" height=\"94\" \/><\/p>\n<\/div>\n<h4>Arkkitehtuurikoulu Arkki<\/h4>\n<p>Taiteen perusopetusta annetaan kaikissa taiteen perusopetuksen oppiaineissa, arkkitehtuurissa, kuvataiteessa, k\u00e4sity\u00f6ss\u00e4, mediataiteessa, musiikissa, sanataiteessa, sirkustaiteessa, tanssissa, sek\u00e4 teatteritaiteessa. Tekemisess\u00e4 painottuu suunnittelemalla oppiminen ja kolmiulotteinen rakentaminen. Vapaat oppilaspaikat t\u00e4ytet\u00e4\u00e4n ilmoittautumisj\u00e4rjestyksess\u00e4 toukokuun alusta alkaen.<\/p>\n<p><a href=\"_blank\">Lasten ja nuorten arkkitehtuurikoulu Arkki<\/a><\/p>\n<div class=\"wp-caption-right-30\"><img loading=\"lazy\" decoding=\"async\" class=\"alignnone size-large wp-image-1440\" src=\"https:\/\/espoonperinneseura.net\/yritykset\/wp-content\/uploads\/2023\/07\/EspoonKuvis-1024x897.jpg\" alt=\"\" width=\"1024\" height=\"897\" srcset=\"https:\/\/espoonperinneseura.net\/yritykset\/wp-content\/uploads\/2023\/07\/EspoonKuvis-1024x897.jpg 1024w, https:\/\/espoonperinneseura.net\/yritykset\/wp-content\/uploads\/2023\/07\/EspoonKuvis-300x263.jpg 300w, https:\/\/espoonperinneseura.net\/yritykset\/wp-content\/uploads\/2023\/07\/EspoonKuvis-768x673.jpg 768w, https:\/\/espoonperinneseura.net\/yritykset\/wp-content\/uploads\/2023\/07\/EspoonKuvis-1536x1346.jpg 1536w, https:\/\/espoonperinneseura.net\/yritykset\/wp-content\/uploads\/2023\/07\/EspoonKuvis.jpg 1821w\" sizes=\"auto, (max-width: 1024px) 100vw, 1024px\" \/><\/div>\n<h4>Espoon kuvataidekoulu<\/h4>\n<p>Suomen suurin lasten ja nuorten kuvataidekoulu, Espoon kuvis, tarjoaa kuvataiteen ja muotoilun perusopetusta 5\u201320-vuotiaille lapsille ja nuorille. Monipuolisesta tarjonnasta l\u00f6ytyy ammattimaista taideopetusta keramiikasta katutaiteeseen ja pelisuunnittelusta arkkitehtuuriin. Toiminta WeeGee-talolla.<\/p>\n<p>Opi, luo ja kehity Espoon kuviksessa! Suomen suurin lasten ja nuorten kuvataidekoulu tarjoaa kuvataiteen ja k\u00e4sity\u00f6n perusopetusta 5\u201320-vuotiaille.<\/p>\n<p><a href=\"https:\/\/www.espoonkuvis.fi\/ href=\">Espoon Kuvis<\/a><\/p>\n<h4>Soukan Taideseura ry:n Taidekoulu Tatavuu<\/h4>\n<p>Taidekoulu Tatavuussa voi harrastaa kuvataidetta monipuolisesti. Koulussa piirret\u00e4\u00e4n, maalataan, rakennellaan ja muotoillaan. Tatavuun opetus on suunnattu 3\u201316- vuotiaille lapsille ja nuorille tavoitteitaan luovassa ymp\u00e4rist\u00f6ss\u00e4. Taidekoulu Tatavuu toimii Espoonlahden alueella.<\/p>\n<p><a href=\"_blank\">Taidekoulu Tatavuu ja Kes\u00e4leiri 2023 \u2013 Soukan Taideseura<\/a><\/p>\n<div class=\"wp-caption-right-30\"><img loading=\"lazy\" decoding=\"async\" class=\"alignnone size-large wp-image-1460\" src=\"https:\/\/espoonperinneseura.net\/yritykset\/wp-content\/uploads\/2023\/07\/KasityokouluRobottiL-1024x172.jpg\" alt=\"\" width=\"1024\" height=\"172\" srcset=\"https:\/\/espoonperinneseura.net\/yritykset\/wp-content\/uploads\/2023\/07\/KasityokouluRobottiL-1024x172.jpg 1024w, https:\/\/espoonperinneseura.net\/yritykset\/wp-content\/uploads\/2023\/07\/KasityokouluRobottiL-300x50.jpg 300w, https:\/\/espoonperinneseura.net\/yritykset\/wp-content\/uploads\/2023\/07\/KasityokouluRobottiL-768x129.jpg 768w, https:\/\/espoonperinneseura.net\/yritykset\/wp-content\/uploads\/2023\/07\/KasityokouluRobottiL-1536x257.jpg 1536w, https:\/\/espoonperinneseura.net\/yritykset\/wp-content\/uploads\/2023\/07\/KasityokouluRobottiL.jpg 1701w\" sizes=\"auto, (max-width: 1024px) 100vw, 1024px\" \/><\/div>\n<h4>K\u00e4sity\u00f6koulu Robotti<\/h4>\n<p>K\u00e4sity\u00f6koulu Robotti tarjoaa media- ja elektronisen taiteen opetusta lapsille ja nuorille. Jatkuvat opetusryhm\u00e4t tutustuvat elektronisen ja mediataiteen sis\u00e4lt\u00f6ihin, v\u00e4lineisiin, historiaan ja nykyp\u00e4iv\u00e4\u00e4n oman tuottamisen kautta. Opetuksen keskeisi\u00e4 sis\u00e4lt\u00f6j\u00e4 ovat elektroninen rakentaminen, ohjelmointi, uusi digitaalinen tuottaminen ja luovat k\u00e4dentaidot. Tavoitteena on kehitt\u00e4\u00e4 oppilaiden mediateknologista osaamista ja kriittist\u00e4 medialukutaitoa taidekasvatuksen keinoin. Opetusta j\u00e4rjestet\u00e4\u00e4n Espoossa Lasten kulttuurikeskus Aurorassa.<\/p>\n<p><a href=\"_blank\">K\u00e4sity\u00f6koulu Robotti<\/a><\/p>\n<div class=\"wp-caption-right-30\"><img loading=\"lazy\" decoding=\"async\" class=\"alignnone size-large wp-image-1457\" src=\"https:\/\/espoonperinneseura.net\/yritykset\/wp-content\/uploads\/2023\/07\/Aalto-1024x847.png\" alt=\"\" width=\"1024\" height=\"847\" srcset=\"https:\/\/espoonperinneseura.net\/yritykset\/wp-content\/uploads\/2023\/07\/Aalto-1024x847.png 1024w, https:\/\/espoonperinneseura.net\/yritykset\/wp-content\/uploads\/2023\/07\/Aalto-300x248.png 300w, https:\/\/espoonperinneseura.net\/yritykset\/wp-content\/uploads\/2023\/07\/Aalto-768x635.png 768w, https:\/\/espoonperinneseura.net\/yritykset\/wp-content\/uploads\/2023\/07\/Aalto.png 1358w\" sizes=\"auto, (max-width: 1024px) 100vw, 1024px\" \/><\/div>\n<h4>Aalto-yliopisto &#8211; Kuvataidekasvatus<\/h4>\n<p>Opinnot Aalto-yliopiston kuvataidekasvatuksen p\u00e4\u00e4aineessa tarjoavat hienon mahdollisuuden syventy\u00e4 taiteelliseen ajatteluun suhteessa yhteiskunnan ja ymp\u00e4rist\u00f6n muutoksiin sek\u00e4 niihin vaikuttamiseen taidepedagogisen toiminnan keinoin. Opinnoissa teoreettinen ajattelu ja taiteellinen toiminta yhdistyv\u00e4t pedagogisten valmiuksien harjoittamiseen. Opetus perustuu yhteis\u00f6llisyyteen ja ajankohtaiseen tutkimustietoon. Siin\u00e4 painottuvat nykytaiteen toimintatapojen, Kuvataidekasvatuksen ja digitaalisten oppimisymp\u00e4rist\u00f6jen mahdollisuudet kest\u00e4v\u00e4n tulevaisuuden rakentamisessa sek\u00e4 kulttuurisen ja sosiaalisen tasa-arvon edist\u00e4misess\u00e4.<\/p>\n<p>Opiskelijalta edellytet\u00e4\u00e4n uteliaisuutta kuvataiteen ja visuaalisen kulttuurin ilmi\u00f6it\u00e4 ja pedagogisia kysymyksi\u00e4 kohtaan, kriittist\u00e4 ajattelua sek\u00e4 avoimuutta uusille n\u00e4k\u00f6kulmille. Opinnot mahdollistavat opiskelijalle monipuolisen ja monialaisen ammatillisen verkostoitumisen sek\u00e4 kotimaassa ett\u00e4 kansainv\u00e4lisesti.<\/p>\n<p><a href=\"_blank\">Kuvataidekasvatus &#8211; Taide ja Media, taiteen kandidaatti ja maisteri | Aalto-yliopisto<\/a><\/p>\n<h4>Ateljee Espoo<\/h4>\n<p>Ateljee Espoo toimii Espoon Mankkaalla. L\u00e4hiopetuksen lis\u00e4ksi se tarjoaa verkko-opetusta sek\u00e4 intensiivikursseja ymp\u00e4ri Suomea.<\/p>\n<div class=\"wp-caption-right-30\"><img loading=\"lazy\" decoding=\"async\" class=\"alignnone size-full wp-image-1462\" src=\"https:\/\/espoonperinneseura.net\/yritykset\/wp-content\/uploads\/2023\/07\/OMNIA_Black_RGB.png\" alt=\"\" width=\"1000\" height=\"1000\" srcset=\"https:\/\/espoonperinneseura.net\/yritykset\/wp-content\/uploads\/2023\/07\/OMNIA_Black_RGB.png 1000w, https:\/\/espoonperinneseura.net\/yritykset\/wp-content\/uploads\/2023\/07\/OMNIA_Black_RGB-300x300.png 300w, https:\/\/espoonperinneseura.net\/yritykset\/wp-content\/uploads\/2023\/07\/OMNIA_Black_RGB-150x150.png 150w, https:\/\/espoonperinneseura.net\/yritykset\/wp-content\/uploads\/2023\/07\/OMNIA_Black_RGB-768x768.png 768w\" sizes=\"auto, (max-width: 1000px) 100vw, 1000px\" \/><\/div>\n<h4>Taiteen perusopetus &#8211; Omnia<\/h4>\n<p>Kuvataiteen perusopetus johdattaa kuvataiteen historiaan ja nykyp\u00e4iv\u00e4\u00e4n sek\u00e4 opastaa kuvan keinoihin kertoa ja vaikuttaa. Opintojen j\u00e4lkeen taiden\u00e4kemys on kehittynyt ja on opittu taitoja ilmaisemaan haluamaasi kuvataiteen keinoin. Kuvataiteen perusopetus voi olla ensimm\u00e4inen kuvataidekurssisi tai askel hakeutumaan opintoihin t\u00e4ydent\u00e4m\u00e4\u00e4n taitoja ja n\u00e4kemyksi\u00e4.<\/p>\n<p><a href=\"_blank\">Taiteen perusopetus | Omnia<\/a><\/p>\n<h3 style=\"clear: both;\">Taiden\u00e4yttelyt &#8211; Galleriat<\/h3>\n<p>Taideyritt\u00e4misen sponsoroinnin suuri mesenaatti on Espoon kaupunki<\/p>\n<div class=\"wp-caption-right-30\"><img loading=\"lazy\" decoding=\"async\" class=\"alignnone size-full wp-image-1468\" src=\"https:\/\/espoonperinneseura.net\/yritykset\/wp-content\/uploads\/2023\/07\/EMMA-nelio.jpg\" alt=\"\" width=\"800\" height=\"800\" srcset=\"https:\/\/espoonperinneseura.net\/yritykset\/wp-content\/uploads\/2023\/07\/EMMA-nelio.jpg 800w, https:\/\/espoonperinneseura.net\/yritykset\/wp-content\/uploads\/2023\/07\/EMMA-nelio-300x300.jpg 300w, https:\/\/espoonperinneseura.net\/yritykset\/wp-content\/uploads\/2023\/07\/EMMA-nelio-150x150.jpg 150w, https:\/\/espoonperinneseura.net\/yritykset\/wp-content\/uploads\/2023\/07\/EMMA-nelio-768x768.jpg 768w\" sizes=\"auto, (max-width: 800px) 100vw, 800px\" \/><\/div>\n<h4>EMMA \u2013 Espoon modernin taiteen museo<\/h4>\n<p>EMMA esittelee kotimaista ja kansainv\u00e4list\u00e4 modernismia, nykytaidetta sek\u00e4 Saastamoisen s\u00e4\u00e4ti\u00f6n ja Tapio Wirkkala Rut Bryk s\u00e4\u00e4ti\u00f6n kokoelmien sek\u00e4 vaihtuvien n\u00e4yttelyiden kokemuksellista esitt\u00e4mist\u00e4.<\/p>\n<p>El\u00e4ville kuvataiteilijoille EMMA on jo vuosia tarjonnut n\u00e4kyvyytt\u00e4 niin modernin taiteen, videotaiteen kuin kuvanveistonkin alueella. EMMA toimii n\u00e4yttelykeskus WeeGeess\u00e4.<\/p>\n<p>N\u00e4yttelykeskus WeeGee on monipuolinen museoiden, n\u00e4yttelyiden ja tapahtumien keskus. WeeGee toimii professori Aarno Ruusuvuoren (1925\u20131992) suunnittelemassa entisess\u00e4Weilin&amp;G\u00f6\u00f6sin kirjapainotalossa Espoon Tapiolassa.<\/p>\n<p>Espoon kaupungissa on luetteloituna pysyv\u00e4sti julkisilla paikoilla olevia taideteoksia, muistomerkkej\u00e4 ja muistolaattoja sek\u00e4 hautausmailla olevia yleisi\u00e4 muistomerkkej\u00e4 ja patsaita 111 kohdetta, joihin voi tutustua esim. Espoon perinneseuran sivustolta. Taideteokset ovat Espoon kaupunginmuseon hallinnassa.<\/p>\n<p><a href=\"_blank\">EMMA | Espoon modernin taiteen museo<\/a><\/p>\n<p><a href=\"https:\/\/espoonperinneseura.net\/perinnetietoa\/veistoksia-ja-muistomerkkeja-espoossa-2\/\">Veistoksia ja muistomerkkej\u00e4 Espoossa | Espoon perinneseura<\/a><\/p>\n<div class=\"wp-caption-right-30\">\n<div id=\"attachment_1433\" style=\"width: 557px\" class=\"wp-caption aligncenter\"><img loading=\"lazy\" decoding=\"async\" aria-describedby=\"caption-attachment-1433\" class=\"pict wp-image-1433\" src=\"https:\/\/espoonperinneseura.net\/yritykset\/wp-content\/uploads\/2023\/07\/Espoon-Nelli.jpg\" alt=\"\" width=\"547\" height=\"323\" srcset=\"https:\/\/espoonperinneseura.net\/yritykset\/wp-content\/uploads\/2023\/07\/Espoon-Nelli.jpg 547w, https:\/\/espoonperinneseura.net\/yritykset\/wp-content\/uploads\/2023\/07\/Espoon-Nelli-300x177.jpg 300w\" sizes=\"auto, (max-width: 547px) 100vw, 547px\" \/><p id=\"caption-attachment-1433\" class=\"wp-caption-text\">Espoon Nelli<\/p><\/div>\n<\/div>\n<p>Kerttu Horilan espoolaisille suunnittelema pronssiveistos, <strong>Espoon Nelli<\/strong> l\u00f6ytyy eri puolilta Espoota! Haukilahdessa kev\u00e4\u00e4ll\u00e4 2022 julkistettu veistos on EMMAn lahja 50-vuotiaalle Espoolle. Teos on suunniteltu liikutettavaksi ja sen on m\u00e4\u00e4r\u00e4 vaihtaa maisemaa s\u00e4\u00e4nn\u00f6llisin v\u00e4liajoin, jolloin se tulee osaksi mahdollisimman monen espoolaisen arkea.<\/p>\n<p><strong>Neidon l\u00e4hde<\/strong>: alkuper\u00e4iselt\u00e4 nimelt\u00e4\u00e4n Runon l\u00e4hde. Espoon kaupungin ja rakennusyhti\u00f6 Hakan 20-vuotislahja Matinkyl\u00e4lle 1988. Professori Laila Pullisen ymp\u00e4rist\u00f6taideteos Runon l\u00e4hde syntyy kallion reunaan kiinnitetyn pronssiveistoksen, suihkul\u00e4hteen ja aukion muodostamasta kokonaisuudesta. Voimakasrytmisen pronssiveistoksen moniselitteisest\u00e4 hahmosta voi l\u00f6yt\u00e4\u00e4 kulttuurihistoriallisia viittauksia. Pullisen mukaan veistos yhdess\u00e4 ymp\u00e4rist\u00f6ns\u00e4 kanssa muodostaakin kuva-arvoituksen, johon ratkaisua voi hakea my\u00f6s viereisest\u00e4 Matinkyl\u00e4n kirjastosta.<\/p>\n<div class=\"wp-caption-right-30\"><img loading=\"lazy\" decoding=\"async\" class=\"alignnone size-large wp-image-1471\" src=\"https:\/\/espoonperinneseura.net\/yritykset\/wp-content\/uploads\/2023\/07\/Galleria-aarni-1024x256.png\" alt=\"\" width=\"1024\" height=\"256\" srcset=\"https:\/\/espoonperinneseura.net\/yritykset\/wp-content\/uploads\/2023\/07\/Galleria-aarni-1024x256.png 1024w, https:\/\/espoonperinneseura.net\/yritykset\/wp-content\/uploads\/2023\/07\/Galleria-aarni-300x75.png 300w, https:\/\/espoonperinneseura.net\/yritykset\/wp-content\/uploads\/2023\/07\/Galleria-aarni-768x192.png 768w, https:\/\/espoonperinneseura.net\/yritykset\/wp-content\/uploads\/2023\/07\/Galleria-aarni-1536x384.png 1536w, https:\/\/espoonperinneseura.net\/yritykset\/wp-content\/uploads\/2023\/07\/Galleria-aarni.png 1558w\" sizes=\"auto, (max-width: 1024px) 100vw, 1024px\" \/><\/div>\n<h4>Galleria Aarni<\/h4>\n<p>Espoon kuvataiteilijat ry:n n\u00e4yttelytoiminta keskittyy Galleria Aarniin. Galleriassa esitell\u00e4\u00e4n nykytaidetta nelj\u00e4n viikon v\u00e4lein vaihtuvin n\u00e4yttelyin. Galleria Aarnin kanssa samassa tilassa toimii Espoon Taidelainaamo, josta l\u00f6ytyy espoolaisten ammattitaiteilijoiden tuotantoa hyvin laajalla kirjolla. N\u00e4yttelyt, avajaiset, keskustelutilaisuudet, koululaisvierailut ja yhteisty\u00f6 muiden kulttuurialan toimijoiden kanssa on keskeinen osa toimintaa.<\/p>\n<p><a href=\"_blank\">Galleria Aarni &#8211; Espoon Kuvataiteilijat<\/a><\/p>\n<div class=\"wp-caption-right-30\"><img loading=\"lazy\" decoding=\"async\" class=\"alignnone size-large wp-image-1472\" src=\"https:\/\/espoonperinneseura.net\/yritykset\/wp-content\/uploads\/2023\/07\/Espoon-taidelainaamo-1024x256.png\" alt=\"\" width=\"1024\" height=\"256\" srcset=\"https:\/\/espoonperinneseura.net\/yritykset\/wp-content\/uploads\/2023\/07\/Espoon-taidelainaamo-1024x256.png 1024w, https:\/\/espoonperinneseura.net\/yritykset\/wp-content\/uploads\/2023\/07\/Espoon-taidelainaamo-300x75.png 300w, https:\/\/espoonperinneseura.net\/yritykset\/wp-content\/uploads\/2023\/07\/Espoon-taidelainaamo-768x192.png 768w, https:\/\/espoonperinneseura.net\/yritykset\/wp-content\/uploads\/2023\/07\/Espoon-taidelainaamo-1536x384.png 1536w, https:\/\/espoonperinneseura.net\/yritykset\/wp-content\/uploads\/2023\/07\/Espoon-taidelainaamo.png 1558w\" sizes=\"auto, (max-width: 1024px) 100vw, 1024px\" \/><\/div>\n<h4>Espoon taidelainaamo<\/h4>\n<p>Espoon taidelainaamoa yll\u00e4pit\u00e4\u00e4 Espoon kuvataiteilijat ry, jonka tarkoituksena on edist\u00e4\u00e4 espoolaisten kuvataiteilijoiden ammatillista kehityst\u00e4, tukea heid\u00e4n taiteellisia ja ammatillisia pyrkimyksi\u00e4\u00e4n sek\u00e4 her\u00e4tt\u00e4\u00e4 yleist\u00e4 kiinnostusta kuvataidetta kohtaan.<\/p>\n<p><a href=\"_blank\">Espoon Taidelainaamo<\/a><\/p>\n<h4>Gallen-Kallelan Museo<\/h4>\n<p>Taiteilija Akseli Gallen-Kallelan (1865\u20131931) suunnittelema ja rakentama Tarvasp\u00e4\u00e4n ateljeelinna avattiin yleis\u00f6lle vuonna 1961 Gallen-Kallelan Museona. Museo esittelee vaihtuvissa n\u00e4yttelyiss\u00e4\u00e4n Gallen-Kallelan ja h\u00e4nen aikalaistensa taidetta ja el\u00e4m\u00e4\u00e4 sek\u00e4 nykytaidetta. Vuonna 1958 ateljeelinna ja Linuddin huvila siirtyiv\u00e4t Akseli Gallen-Kallelan Museos\u00e4\u00e4ti\u00f6n omistukseen.<\/p>\n<p><a href=\"_blank\">Gallen-Kallelan Museo<\/a><\/p>\n<h4>Auroratalo<\/h4>\n<p>Vuosia tyhjill\u00e4\u00e4n olleesta hoivakodista muotoutuu kulttuurikeidas Auroratalo. Yksi vuokralaisista on Espoo Art, joka muutti pois M\u00e4kkyl\u00e4n taitelijatalosta eli vanhasta koulusta, joka puretaan. Taiteilijoilla on Auroratalossa k\u00e4yt\u00f6ss\u00e4\u00e4n yhden siiven koko toinen kerros, jossa heill\u00e4 on k\u00e4ytett\u00e4viss\u00e4 yli 900 neli\u00f6n tilat, ja niiss\u00e4 ty\u00f6skentelee 33 taiteilijaa.<\/p>\n<p>Espoo Artin tiloissa on my\u00f6s aula, jossa voi j\u00e4rjest\u00e4\u00e4 luentoja tai kritiikki-iltoja. Eri kerroksessa on tila, jossa voidaan j\u00e4rjest\u00e4\u00e4 monenlaisia taidekursseja. Espoo Art on jo vuosia tehnyt yhteisty\u00f6t\u00e4 Repin Instituutin kanssa. Yhteisty\u00f6 jatkuu, ja syksyn kurssi-illoista on jo sovittu.<\/p>\n<p><a href=\"_blank\">Tr\u00e4sk\u00e4ndanpuiston Auroratalo<\/a><\/p>\n<h4>Vihergalleria<\/h4>\n<p>Espoon Kehys ja Lasin tiloissa Viherlaaksossa sijaitsevassa Vihergalleriassa voi j\u00e4rjest\u00e4\u00e4 omien t\u00f6iden taidemyyntin\u00e4yttelyn. N\u00e4yttelyaika on nelj\u00e4 viikkoa tai lyhyempi.<\/p>\n<p><a href=\"_blank\">Galleriatila Espoo<\/a><\/p>\n<h4>Hanasaaren kulttuurikeskus<\/h4>\n<p>Hanasaari on ruotsalais-suomalainen kulttuurikeskus. Galleria toimii ensisijaisesti kutsuperiaatteella, mutta toisinaan siell\u00e4 j\u00e4rjestet\u00e4\u00e4n my\u00f6s avoimia hakutilaisuuksia taiteilijoille.<\/p>\n<p><a href=\"_blank\">Kulttuurikeskus &#8211; Hanaholmen<\/a><\/p>\n<h4>Karhusaaren taidekeskus<\/h4>\n<p>Karhusaaren Sinebrychoffien historiallisessa huvilassa ja talousrakennuksissa taiteesta nauttimiseen ja alueeseen tutustumiseen ei ole toistaiseksi mahdollisuutta. Karhusaaren Taidekeskus on nyt remontissa, joka p\u00e4\u00e4ttynee vuoden 2023 lopulla.<\/p>\n<h3>Kuvataide kaikille<\/h3>\n<h4>Espoo etsii tekij\u00e4\u00e4 yhteis\u00f6lliselle taideteokselle<\/h4>\n<p>Teht\u00e4v\u00e4n\u00e4 on osallistaa kaupunkilaisia taiteen tekemiseen. Taideteos alikulkutunnelissa tai kerrostalon rappuk\u00e4yt\u00e4v\u00e4ss\u00e4 ovat t\u00e4rkeit\u00e4 tapoja vahvistaa asuinalueen vetovoimaa, identiteetti\u00e4 ja turvallisuutta.<\/p>\n<p>Matinkyl\u00e4-seuran aktiivit alkoivat 2020-luvulla pohtia, miten saada omasta asuinalueesta viihtyis\u00e4mpi ja miellytt\u00e4v\u00e4mpi kaikille. Alueella monet alikulkutunnelit oli t\u00f6hritty, mik\u00e4 oli omiaan heikent\u00e4m\u00e4\u00e4n alueen tunnelmaa ja lis\u00e4\u00e4m\u00e4\u00e4n my\u00f6s turvattomuutta. \u201dKiersimme kuvaamassa sotkuisessa kunnossa olevat tunnelit, joita oli yhteens\u00e4 15. Laadimme kaupungille aloitteen, jossa ehdotimme, ett\u00e4 betonisein\u00e4isist\u00e4 pimeist\u00e4 tunneleista teht\u00e4isiin valoisia taidegallerioita\u201d, kertoo Matinkyl\u00e4-seuran varapuheenjohtaja Sirkka Ruikkala.<\/p>\n<p>Taideteosten voisi kuvitella houkuttelevan t\u00f6hrij\u00f6it\u00e4. Toisin on k\u00e4ynyt Akselinpolun alikulkutunnelissa, jonka Matinkyl\u00e4-seura kuvitti kaupungin luvalla seitsem\u00e4n vuotta sitten. Nyt kahdessa Matinkyl\u00e4n alikulkutunnelissa komeilee julkiset taideteokset: Kati Immosen Muistomerkki Viljonpolun alikulkutunnelissa ja Laura Pehkosen Domino Nuottaniemen alikulkutunnelissa.<\/p>\n<p>EMMA \u2013 Espoon modernin taiteen museo on kuratoinut Matinkyl\u00e4n alikulkutunneleihin teoksia erilaisin tekniikoin ty\u00f6skentelevilt\u00e4 taiteilijoilta. Espoon kaupungin kulttuurin tulosyksikk\u00f6 on toiminut hankkeen k\u00e4ynnist\u00e4j\u00e4n\u00e4, ja tavoitteena on pitk\u00e4j\u00e4nteinen yhteisty\u00f6 EMMAn, kaupunkiymp\u00e4rist\u00f6n toimialan ja Matinkyl\u00e4-seuran kanssa. Hanke syntyi Matinkyl\u00e4-seuran aloitteesta, ja EMMA on vastannut teosten toteutuksesta.<\/p>\n<h4>Taiteen n\u00e4kyvyytt\u00e4 toivotaan &#8211; prosenttiperiaate<\/h4>\n<p><a href=\"http:\/\/prosenttiperiaate.fi\/tutkimus2016\/\" target=\"_blank\" rel=\"noopener\">http:\/\/prosenttiperiaate.fi\/tutkimus2016\/<\/a><\/p>\n<p><strong>Prosenttiperiaatteella on laaja kannatus<\/strong><\/p>\n<p>Kaikki Suomen 23 suurinta kaupunkia noudattaa prosenttiperiaatetta, joskin sitoutumisen aste ja laajuus vaihtelevat. Tuoreimman kuntia koskevan selvityksen mukaan 79 Suomen kuntaa on tehnyt prosenttiperiaatetta koskevan periaatep\u00e4\u00e4t\u00f6ksen.<\/p>\n<p>Tunnetuin prosenttiperiaatteen soveltamistapa on kaupungin p\u00e4\u00e4t\u00f6s ohjata omien julkisten rakennustensa toteutuskustannuksista 0,5-2% taiteen toteuttamiseen osana hanketta. Periaatetta on sovellettu Suomessa 1970-luvulta saakka.<\/p>\n<p>Julkisella taiteella voidaan tarkoittaa esimerkiksi veistoksia, sein\u00e4maalauksia, julkisivumateriaaleihin upotettuja kuva-aiheita, valotaidetta, videoprojisointeja, muotoiltuja kadunkalusteita tai opasteita, performansseja tai ty\u00f6pajoja, jotka ovat katsottavissa tai koettavissa ihmisten elinymp\u00e4rist\u00f6ss\u00e4 ilman p\u00e4\u00e4symaksuja ja aukioloaikoja.<\/p>\n<p>Aalto-yliopisto lis\u00e4\u00e4 taiteen ja luovuuden n\u00e4kyvyytt\u00e4 ja vaikutusta sek\u00e4 yhteiskunnassa ett\u00e4 omalla kampuksellaan. Aalto-yliopisto k\u00e4ytt\u00e4\u00e4 yhden prosentin rakennuskustannuksista taiteen rahoittamiseen.<\/p>\n<h4>Espoon julkisen taiteen periaatteet 3.5.2019<span style=\"background-color: white;\">\u00a0<\/span>&#8211; Esimerkkikohteina Kera ja Matinkyl\u00e4<\/h4>\n<p>Esimerkkikohteina on tutkittu julkisen taiteen mahdollisuuksia kahdella kesken\u00e4\u00e4n erilaisella espoolaisella asuinalueella &#8211; Matinkyl\u00e4ss\u00e4 ja Kerassa. Matinkyl\u00e4 on ajallisesti kerrostunut, t\u00e4ydennysrakentuva kaupunginosa, siin\u00e4 miss\u00e4 Kera on vasta kaavoitusvaiheessa oleva, t\u00e4ysin uusi asuinalue. Alueiden erot luovat mahdollisuuden tarkastella julkisen taiteen mahdollisuuksia espoolaisissa kaupunkitiloissa laajasti eri n\u00e4k\u00f6kulmista. Ty\u00f6n laatimisesta on vastannut julkiseen taiteeseen erikoistunut suunnittelu- ja konsulttitoimisto Public Art Agency Finland, ja ty\u00f6t\u00e4 on ohjannut Espoon kaupungin kaupunkisuunnittelu- ja kulttuuripalveluiden, sek\u00e4 Espoon modernin taiteen museo EMMA:n edustajista koostuva ohjausryhm\u00e4.<\/p>\n<p>Tehd\u00e4\u00e4n asukkaille visuaalisesti katsottava kaupunki!<\/p>\n","protected":false},"excerpt":{"rendered":"<p>Kata Aaltonen Julkisella taiteella voidaan tarkoittaa esimerkiksi veistoksia, sein\u00e4maalauksia, julkisivumateriaaleihin upotettuja kuva-aiheita, valotaidetta, videoprojisointeja, muotoiltuja kadunkalusteita tai opasteita, performansseja tai ty\u00f6pajoja, jotka ovat katsottavissa tai koettavissa ihmisten elinymp\u00e4rist\u00f6ss\u00e4. Kuvataiteilija ty\u00f6skentelee yhden tai useamman kuvataiteen alan parissa. Kuvataiteilija voi tehd\u00e4 esimerkiksi <span class=\"excerpt-dots\">&hellip;<\/span> <a class=\"more-link\" href=\"https:\/\/espoonperinneseura.net\/yritykset\/taide-on-hyvaksi-mielelle\/\"><span class=\"more-msg\">Jatka lukemista &rarr;<\/span><\/a><\/p>\n","protected":false},"author":1,"featured_media":0,"parent":0,"menu_order":0,"comment_status":"closed","ping_status":"closed","template":"","meta":{"om_disable_all_campaigns":false,"_monsterinsights_skip_tracking":false,"_monsterinsights_sitenote_active":false,"_monsterinsights_sitenote_note":"","_monsterinsights_sitenote_category":0,"_uf_show_specific_survey":0,"_uf_disable_surveys":false,"footnotes":""},"class_list":["post-1431","page","type-page","status-publish","hentry"],"aioseo_notices":[],"featured_image_src":null,"_links":{"self":[{"href":"https:\/\/espoonperinneseura.net\/yritykset\/wp-json\/wp\/v2\/pages\/1431","targetHints":{"allow":["GET"]}}],"collection":[{"href":"https:\/\/espoonperinneseura.net\/yritykset\/wp-json\/wp\/v2\/pages"}],"about":[{"href":"https:\/\/espoonperinneseura.net\/yritykset\/wp-json\/wp\/v2\/types\/page"}],"author":[{"embeddable":true,"href":"https:\/\/espoonperinneseura.net\/yritykset\/wp-json\/wp\/v2\/users\/1"}],"replies":[{"embeddable":true,"href":"https:\/\/espoonperinneseura.net\/yritykset\/wp-json\/wp\/v2\/comments?post=1431"}],"version-history":[{"count":30,"href":"https:\/\/espoonperinneseura.net\/yritykset\/wp-json\/wp\/v2\/pages\/1431\/revisions"}],"predecessor-version":[{"id":1484,"href":"https:\/\/espoonperinneseura.net\/yritykset\/wp-json\/wp\/v2\/pages\/1431\/revisions\/1484"}],"wp:attachment":[{"href":"https:\/\/espoonperinneseura.net\/yritykset\/wp-json\/wp\/v2\/media?parent=1431"}],"curies":[{"name":"wp","href":"https:\/\/api.w.org\/{rel}","templated":true}]}}