{"id":1653,"date":"2023-09-19T06:59:05","date_gmt":"2023-09-19T03:59:05","guid":{"rendered":"https:\/\/espoonperinneseura.net\/yritykset\/?page_id=1653"},"modified":"2023-09-19T21:15:10","modified_gmt":"2023-09-19T18:15:10","slug":"vermon-ravirata","status":"publish","type":"page","link":"https:\/\/espoonperinneseura.net\/yritykset\/vermon-ravirata\/","title":{"rendered":"Yritystoimintaa Vermon raviradalla"},"content":{"rendered":"<p><em>Kata Aaltonen<\/em><\/p>\n<h4 style=\"white-space: nowrap;\"><img loading=\"lazy\" decoding=\"async\" class=\"alignright size-full wp-image-1676\" style=\"padding: 10px 0 10px 10px;\" src=\"https:\/\/espoonperinneseura.net\/yritykset\/wp-content\/uploads\/2023\/09\/Vermo1a-1-e1695142619561.jpg\" alt=\"\" width=\"400\" height=\"180\" \/>Vermon raviradan taustaa<\/h4>\n<p><span style=\"white-space: nowrap;\">1893 Helsingfors<\/span> Trafsportklubb lahjoitti 1884 valmiin Oulunkyl\u00e4n raviratansa Uudenmaan L\u00e4\u00e4nin Hevosyst\u00e4v\u00e4in Yhdistykselle. Kun se 1916 lakkautti itsens\u00e4, ravirata luovutettiin Suomen Raviurheilun Yst\u00e4v\u00e4t ry:lle. 1930 t\u00e4m\u00e4 yhdistys joutui talousvaikeuksien vuoksi myym\u00e4\u00e4n uuden K\u00e4pyl\u00e4n ratansa Helsingin kaupungille. Helsingin Ravirata Oy j\u00e4rjesti ravikilpailuja ja hevosn\u00e4yttelyj\u00e4. K\u00e4pyl\u00e4n Ravirata oli valmistunut 1926 ja tuli Helsingin Ravirata Oy:n hallintaan 1946. Helsingin kaupunki omisti maan.<\/p>\n<p>Vermo on Oulunkyl\u00e4n ja K\u00e4pyl\u00e4n raviratojen j\u00e4lkeen Helsingin kolmas ravirata. Suunnittelu aloitettiin 1970-luvun alkupuoliskolla, kun K\u00e4pyl\u00e4n raviradan viereen alettiin rakentaa Helsingin Messukeskusta, jonka alle osa sen alueesta j\u00e4i.<\/p>\n<p>Ensimm\u00e4iset ravikilpailut Vermossa j\u00e4rjestettiin 27. joulukuuta 1977. Yleis\u00f6ll\u00e4 oli ensimm\u00e4isiin raveihin vapaa p\u00e4\u00e4sy ja ne ajettiin ilman ennakkomainontaa, koska tarkoituksena oli \u201dkoeajaa\u201d henkil\u00f6kuntaa ja tekniikkaa varsinaisia avajaisraveja varten mit\u00e4t\u00f6im\u00e4\u00e4n tietokonevikojen vuoksi.<\/p>\n<p>Vermon raviradan, tallit ja katsomorakennuksen rakennutti 1975 perustettu Vermon Ravirata Oy (nimi vuoteen 1981 Huopalahden Ravirata Oy), jonka 98 % omistaja on Helsingin Keskusraviseura. Toiminta Vermossa (pelimyynti, mainos- ja vuokratulot p\u00e4\u00e4symaksut, palkintomenot) on t\u00e4ss\u00e4 yhti\u00f6ss\u00e4.<\/p>\n<p>Vermon ravirata on Lepp\u00e4vaarassa sijaitseva Helsingin ravirata. Se on Suomen keskusravirata, jonka viikoittainen kilpailup\u00e4iv\u00e4 on muiden pohjoismaisten p\u00e4\u00e4ratojen tapaan keskiviikko. Vermon ravirata aloitti toimintansa joulukuussa 1977. Sen omistaa Vermon Ravirata Oy, jonka suurin osakkeenomistaja on Helsingin Keskusraviseura ry.<\/p>\n<p>Vermon raviradan merkitt\u00e4vin ravitapahtuma on vuodesta 1980 l\u00e4htien ajettu kansainv\u00e4linen Finlandia-ajo. Lis\u00e4ksi ohjelmassa on useita muita vuosittaisia suurkilpailuja. Ravitapahtumien ohella Vermossa j\u00e4rjestet\u00e4\u00e4n joka vuosi muun muassa Kansallinen ponin\u00e4yttely.<\/p>\n<p>Helsingin kaupunki ilmoitti lokakuussa 2022 ettei se tule jatkamaan omistamansa raviradan maa-alueen vuonna 2030 p\u00e4\u00e4ttyv\u00e4\u00e4 vuokrasopimusta Vermon Ravirata Oy:n kanssa.<\/p>\n<h4>Rakennukset ja toiminnot<\/h4>\n<div style=\"width: 100%; max-width: 600px; float: none;\">\n<div id=\"attachment_1667\" style=\"width: 1034px\" class=\"wp-caption alignnone\"><img loading=\"lazy\" decoding=\"async\" aria-describedby=\"caption-attachment-1667\" class=\"wp-image-1667 size-full\" src=\"https:\/\/espoonperinneseura.net\/yritykset\/wp-content\/uploads\/2023\/09\/Vermon-katsomo.jpg\" alt=\"\" width=\"1024\" height=\"683\" srcset=\"https:\/\/espoonperinneseura.net\/yritykset\/wp-content\/uploads\/2023\/09\/Vermon-katsomo.jpg 1024w, https:\/\/espoonperinneseura.net\/yritykset\/wp-content\/uploads\/2023\/09\/Vermon-katsomo-300x200.jpg 300w, https:\/\/espoonperinneseura.net\/yritykset\/wp-content\/uploads\/2023\/09\/Vermon-katsomo-768x512.jpg 768w\" sizes=\"auto, (max-width: 1024px) 100vw, 1024px\" \/><p id=\"caption-attachment-1667\" class=\"wp-caption-text\">Vermon katsomorakennuksen sis\u00e4\u00e4ntulon puoleinen p\u00e4\u00e4ty<\/p><\/div>\n<\/div>\n<p>Vermon raviradan kolmikerroksisen p\u00e4\u00e4rakennuksen on suunnitellut arkkitehti Risto Man\u00e9rus. Katsomossa on yhteens\u00e4 noin 2 000 istumapaikkaa ja se k\u00e4sitt\u00e4\u00e4 480 hengelle tarkoitetun ravintola Ravillan. Lis\u00e4ksi katsomorakennuksessa on kolme baaria sek\u00e4 kaksi kahvilaa. Kes\u00e4aikana yleis\u00f6\u00e4 palvelee my\u00f6s terassiravintola. Vermon tiloissa on raviradan oman toimiston lis\u00e4ksi Suomen Ravivalmentajat ry:n toimisto.<\/p>\n<p>Vermon varikkoalueella toimii kahvila, hevostarvikemyym\u00e4l\u00e4 sek\u00e4 hevosklinikka. Valmennustoimintaa Vermossa harjoittavat muun muassa Pekka Korpi, sek\u00e4 Pertti Puikkonen. Raviradan vieress\u00e4 sijaitsevalle entisen betoniaseman tontille on ollut suunnitelmissa kaavoittaa ratsastuskeskus.<\/p>\n<p>Vermon kirppis, konttitori on toiminut Vermossa ainakin jo v. 2007. Kontti- ja kirpputoritoiminnan perustarkoitus on tavaran kierr\u00e4tt\u00e4minen.<\/p>\n<h4>Vermon tapahtumapuisto<\/h4>\n<div style=\"width: 100%; max-width: 600px; float: none;\">\n<div id=\"attachment_1663\" style=\"width: 1034px\" class=\"wp-caption alignnone\"><img loading=\"lazy\" decoding=\"async\" aria-describedby=\"caption-attachment-1663\" class=\"size-large wp-image-1663\" src=\"https:\/\/espoonperinneseura.net\/yritykset\/wp-content\/uploads\/2023\/09\/Vermon-maisemasuunnitelma-1024x804.png\" alt=\"\" width=\"1024\" height=\"804\" srcset=\"https:\/\/espoonperinneseura.net\/yritykset\/wp-content\/uploads\/2023\/09\/Vermon-maisemasuunnitelma-1024x804.png 1024w, https:\/\/espoonperinneseura.net\/yritykset\/wp-content\/uploads\/2023\/09\/Vermon-maisemasuunnitelma-300x236.png 300w, https:\/\/espoonperinneseura.net\/yritykset\/wp-content\/uploads\/2023\/09\/Vermon-maisemasuunnitelma-768x603.png 768w, https:\/\/espoonperinneseura.net\/yritykset\/wp-content\/uploads\/2023\/09\/Vermon-maisemasuunnitelma.png 1082w\" sizes=\"auto, (max-width: 1024px) 100vw, 1024px\" \/><p id=\"caption-attachment-1663\" class=\"wp-caption-text\">Vermon tapahtumapuiston maisemasuunnitelma. Weekend Festival 2023 j\u00e4rjestettiin p\u00e4\u00e4asiassa alueilla, jotka on merkitty t\u00e4h\u00e4n kuvaan vihre\u00e4ll\u00e4 v\u00e4rill\u00e4.<\/p><\/div>\n<\/div>\n<p>Vermon raviradalle suunniteltavassa tapahtumapuistossa j\u00e4rjestett\u00e4isiin tulevaisuudessa muun muassa konsertteja jopa 60 000 ihmiselle.<\/p>\n<p>Vermo Areena aikoo hakea tapahtumapuistolle Espoon kaupungilta pysyv\u00e4\u00e4 ymp\u00e4rist\u00f6lupaa, jolla se voisi j\u00e4rjest\u00e4\u00e4 tulevaisuudessa klo 24 saakka kest\u00e4vi\u00e4 konsertteja kymmenen\u00e4 p\u00e4iv\u00e4n\u00e4 per kes\u00e4. Ymp\u00e4rist\u00f6luvan hakeminen on kesken. Jo elokuussa 2023 (4.-5.8.2023) Vermossa j\u00e4rjestettiin elektronisen musiikin Weekend Festival.<\/p>\n<ul>\n<li>Vermossa asuvista noin 90 hevosesta ja ponista osa oli paikalla festiivaalin aikana. Tallien ja festivaalialueen v\u00e4liin sijoitettiin rekkoja, joiden tarkoitus oli toimia meluvallina erityisesti bassoista kantautuville matalille \u00e4\u00e4nille. Tallissa oli koko tapahtuman ajan ihminen tarkkailemassa hevosia.<\/li>\n<li>Vermo sijaitsee Helsingin kaupungin omistamalla tontilla. Tontin vuokrasopimus on voimassa vuoteen 2030 saakka. Helsingin kaupunki on tehnyt yleisen linjauksen, jonka mukaan se pyrkii myym\u00e4\u00e4n kaupungin rajojen ulkopuolella sijaitsevia maitaan. Kaupunki ei ole kuitenkaan viel\u00e4 p\u00e4\u00e4tt\u00e4nyt, mit\u00e4 Vermon tontin kanssa tehd\u00e4\u00e4n.<\/li>\n<\/ul>\n<p>Helsingin kaupungin ilmoitus siit\u00e4, ettei se jatka Vermon raviradan maa-alueen vuokrasopimusta, tuli raviradalle yll\u00e4tyksen\u00e4, sanoo Vermon Raviradan toimitusjohtaja Heikki H\u00e4yh\u00e4. Helsingin pormestari Juhana Vartiainen (kok.) kertoi, ett\u00e4 kaupunki suunnittelee rajojensa ulkopuolella omistamiensa maiden kehitt\u00e4mist\u00e4 ja myynti\u00e4 Espoon Vermossa, Hannusmets\u00e4ss\u00e4 ja Lepp\u00e4vaarassa.<\/p>\n<p>Helsingin kaupunki omistaa Espoon Lepp\u00e4vaarassa sijaitsevan noin 24,5 hehtaarin suuruisen alueen, jossa ravirata aloitti toimintansa vuonna 1977. Nykyinen vuokrasopimus on voimassa vuoden 2030 loppuun saakka.<\/p>\n<p>Vaikka Helsinki on omistanut maa-alueen, kaavoituksesta on vastannut Espoon kaupunki.<\/p>\n<p>Seuraavaksi vuorossa on keskusteluja niin Espoon kuin Helsingin edustajien kanssa. Keskeiseksi kysymykseksi nousee varmasti se, kuka Vermon alueen maat lopulta ostaa. Olisiko mahdollista, ett\u00e4 Vermon ravirata oy ryhtyisi itse maakaupoille? \u201d Vermon Ravirata oy:n toimitusjohtaja Heikki H\u00e4yh\u00e4 on luottavainen sen suhteen, ett\u00e4 ravitoiminta jatkuu Vermossa, vaikka maanomistaja vaihtuisikin.<\/p>\n<p>Vermonniitty on uusi el\u00e4m\u00e4nmakuinen asuinalue aivan Lepp\u00e4vaaran tuntumassa, keskell\u00e4 kaikkea. T\u00e4\u00e4lt\u00e4 on lyhyt matka kaikkialle ja aina helppo tulla kotiin. Vermonniitty my\u00f6s yll\u00e4tt\u00e4\u00e4, sill\u00e4 sen naapureina ovat merellinen ja historiallinen milj\u00f6\u00f6, loistavat palvelut ja liikenneyhteydet.<\/p>\n<p>Merta, puistoalueita ja kaupungin sykett\u00e4. Kaikkea oikeassa suhteessa. Vermonniityn rakennusprojekti yhdist\u00e4\u00e4 Vermon raviradan ja Perkkaan alueen tiiviimmin osaksi muuta Lepp\u00e4vaaraa.<\/p>\n<p>&nbsp;<\/p>\n","protected":false},"excerpt":{"rendered":"<p>Kata Aaltonen Vermon raviradan taustaa 1893 Helsingfors Trafsportklubb lahjoitti 1884 valmiin Oulunkyl\u00e4n raviratansa Uudenmaan L\u00e4\u00e4nin Hevosyst\u00e4v\u00e4in Yhdistykselle. Kun se 1916 lakkautti itsens\u00e4, ravirata luovutettiin Suomen Raviurheilun Yst\u00e4v\u00e4t ry:lle. 1930 t\u00e4m\u00e4 yhdistys joutui talousvaikeuksien vuoksi myym\u00e4\u00e4n uuden K\u00e4pyl\u00e4n ratansa Helsingin kaupungille. <span class=\"excerpt-dots\">&hellip;<\/span> <a class=\"more-link\" href=\"https:\/\/espoonperinneseura.net\/yritykset\/vermon-ravirata\/\"><span class=\"more-msg\">Jatka lukemista &rarr;<\/span><\/a><\/p>\n","protected":false},"author":1,"featured_media":0,"parent":0,"menu_order":0,"comment_status":"closed","ping_status":"closed","template":"","meta":{"om_disable_all_campaigns":false,"_monsterinsights_skip_tracking":false,"_monsterinsights_sitenote_active":false,"_monsterinsights_sitenote_note":"","_monsterinsights_sitenote_category":0,"_uf_show_specific_survey":0,"_uf_disable_surveys":false,"footnotes":""},"class_list":["post-1653","page","type-page","status-publish","hentry"],"aioseo_notices":[],"featured_image_src":null,"_links":{"self":[{"href":"https:\/\/espoonperinneseura.net\/yritykset\/wp-json\/wp\/v2\/pages\/1653","targetHints":{"allow":["GET"]}}],"collection":[{"href":"https:\/\/espoonperinneseura.net\/yritykset\/wp-json\/wp\/v2\/pages"}],"about":[{"href":"https:\/\/espoonperinneseura.net\/yritykset\/wp-json\/wp\/v2\/types\/page"}],"author":[{"embeddable":true,"href":"https:\/\/espoonperinneseura.net\/yritykset\/wp-json\/wp\/v2\/users\/1"}],"replies":[{"embeddable":true,"href":"https:\/\/espoonperinneseura.net\/yritykset\/wp-json\/wp\/v2\/comments?post=1653"}],"version-history":[{"count":15,"href":"https:\/\/espoonperinneseura.net\/yritykset\/wp-json\/wp\/v2\/pages\/1653\/revisions"}],"predecessor-version":[{"id":1678,"href":"https:\/\/espoonperinneseura.net\/yritykset\/wp-json\/wp\/v2\/pages\/1653\/revisions\/1678"}],"wp:attachment":[{"href":"https:\/\/espoonperinneseura.net\/yritykset\/wp-json\/wp\/v2\/media?parent=1653"}],"curies":[{"name":"wp","href":"https:\/\/api.w.org\/{rel}","templated":true}]}}