{"id":1712,"date":"2023-10-11T12:07:36","date_gmt":"2023-10-11T09:07:36","guid":{"rendered":"https:\/\/espoonperinneseura.net\/yritykset\/?page_id=1712"},"modified":"2023-11-16T11:23:05","modified_gmt":"2023-11-16T09:23:05","slug":"oy-weilingoos-ab-kirjapaino-ja-kirjankustantamo","status":"publish","type":"page","link":"https:\/\/espoonperinneseura.net\/yritykset\/yrittajyys\/oy-weilingoos-ab-kirjapaino-ja-kirjankustantamo\/","title":{"rendered":"Oy Weilin+G\u00f6\u00f6s Ab \u2013 painotalo ja kirjankustantamo"},"content":{"rendered":"<p><em>Marjatta Kuitunen (toim.)<\/em><\/p>\n<p><strong>Tapiolan puutarhakaupungissa Ahertajantiell\u00e4 katse kiinnittyy helposti kookkaaseen harmaaseen rakennukseen, n\u00e4yttelykeskus WeeGeehen. N\u00e4yttelykeskuksen nimi on johdettu kiinteist\u00f6n aikanaan rakennuttaneen Weilin + G\u00f6\u00f6s -yhti\u00f6n nimest\u00e4. Teollisen toiminnan ja kirjojen kustantamisen siirrytty\u00e4 muualle n\u00e4yttelykeskus WeeGee on tarjonnut ja tarjoaa edelleen tilat museoille ja muille kulttuurin ja sivistyksen alan toimijoille.<\/strong><\/p>\n<p>Alkuaan Weilin + G\u00f6\u00f6s -yhti\u00f6 perustettiin Jyv\u00e4skyl\u00e4ss\u00e4 vuonna 1872. Sen perustajat olivat <strong>Karl Gustav G\u00f6\u00f6s<\/strong> ja <strong>Alexander Georg Weilin<\/strong>. Ennen liikemiesuraansa molemmat herrat toimivat opettajina Jyv\u00e4skyl\u00e4ss\u00e4. 1860-luvulla Suomessa oli alkanut voimakas tiedon levitt\u00e4minen painetun sanan avulla nimenomaan kansan enemmist\u00f6n kielell\u00e4. <strong>J.V. Snellmanin<\/strong> ehdotuksesta Ven\u00e4j\u00e4n keisari oli hyv\u00e4ksynyt vuonna 1863 suomen kielen tasa-arvoiseksi ruotsin kanssa.<\/p>\n<p>Uusi yhti\u00f6 toimi aluksi kirja- ja opetusv\u00e4linekauppana. Omistajien katse t\u00e4hysi kuitenkin jo laajemmalle. Yhti\u00f6 aloitti pian kirjojen kustannustoiminnan ja painamisen omassa kirjapainossa Jyv\u00e4skyl\u00e4ss\u00e4. Vuonna 1883 Weilin + G\u00f6\u00f6s muutti Helsinkiin L\u00e4ntisen Heikinkadun varteen.<\/p>\n<p>Vuonna 1887 Weilin + G\u00f6\u00f6s vuokrasi Helsingin yliopistolta yksinoikeudet <strong>almanakkojen<\/strong> julkaisemiseen. T\u00e4m\u00e4 liiketoiminnan ydinalue ja valtakunnallinen yksinoikeus s\u00e4ilyi yhti\u00f6ll\u00e4 l\u00e4hes sata vuotta, aina vuoteen 1985 asti.<\/p>\n<p>Weilin + G\u00f6\u00f6s kustansi my\u00f6s<strong> liike-el\u00e4m\u00e4n lomakej\u00e4rjestelmi\u00e4<\/strong>. Liikevaihtovero tuli voimaan vuonna 1941. Se lis\u00e4si erilaisten kuittij\u00e4rjestelmien kysynt\u00e4\u00e4. Weilin + G\u00f6\u00f6sill\u00e4 oli <strong>Paragon<\/strong>-kuittien yksinoikeus Suomessa.<\/p>\n<p>Vuonna 1925 yhti\u00f6lle valmistui uusi 7-kerroksinen tehdas- ja konttorirakennus Helsingin T\u00f6\u00f6l\u00f6\u00f6n Mannerheimintien, T\u00f6\u00f6l\u00f6nkadun ja Etel\u00e4isen Hesperiankadun rajoittamalle alueelle. Rakennusta laajennettiin vuonna 1938. Kiinteist\u00f6 on edelleen olemassa, tosin nyt muussa k\u00e4yt\u00f6ss\u00e4.<\/p>\n<p>Liiketoiminnan kasvaessa Weilin + G\u00f6\u00f6s p\u00e4\u00e4tti rakennuttaa 1960-luvulla uuden modernin painotalon Tapiolaan. <strong>Professori Aarno Ruusuvuori<\/strong> (1925\u20131992) suunnitteli rakennuksen kaksi ensimm\u00e4ist\u00e4 vaihetta. L\u00e4ht\u00f6kohtana oli painotalon tuotantoprosessi, joka edellytti suuria vapaita tiloja. T\u00e4m\u00e4 johti erikoisiin rakenneratkaisuihin, joista n\u00e4kyvimp\u00e4n\u00e4 ovat edelleen talon laajaa vesikattoa yl\u00e4puolelta vetotangoilla kannattelevat kahdeksan pylv\u00e4st\u00e4. Rakennuksen pohjoissivu on p\u00e4\u00e4osin lasia. Tehdassali liittyikin Tapiolan kauniiseen luontoon suurten ikkunoiden v\u00e4lityksell\u00e4.<\/p>\n<p>Painotalon <strong>ensimm\u00e4isen vaiheen<\/strong> rakennusty\u00f6t aloitettiin 1963 ja ne valmistuivat seuraavana vuonna. Kirjapainon muutto Tapiolaan tarkoitti noin 200 ty\u00f6paikan siirtymist\u00e4 Helsingist\u00e4 Espooseen. L\u00e4hes kaikki ty\u00f6ntekij\u00e4t pysyiv\u00e4t yhti\u00f6n palveluksessa. Asuntojen saanti ty\u00f6ntekij\u00f6ille Tapiolan seudulta tuotti vaikeuksia.<\/p>\n<p>Vuonna 1966 k\u00e4ynnistettiin <strong>toisen vaiheen<\/strong> rakennusty\u00f6t, jotka valmistuivat seuraavana vuonna. Vuonna 1974 saatiin p\u00e4\u00e4t\u00f6kseen viel\u00e4 <strong>kolmas rakennusvaihe<\/strong>, jonka suunnittelija oli insin\u00f6\u00f6ritoimiston perustanut yritt\u00e4j\u00e4, diplomi-insin\u00f6\u00f6ri <strong>Bertel Ekengren<\/strong> (1932\u20132022). Kolmannen vaiheen valmistuttua my\u00f6s <strong>kirjankustannustoiminta<\/strong> siirtyi T\u00f6\u00f6l\u00f6st\u00e4 Tapiolaan.<\/p>\n<p>Kirjankustantamo kehitti lukuisia menestyksekk\u00e4it\u00e4 peruskoulun oppikirja- sek\u00e4 suurteossarjoja. Tietokirjoja tuotettiin my\u00f6s liike-el\u00e4m\u00e4n ja korkeakoulujen tarpeisiin, kuten <strong>Ekonomia-sarja<\/strong> ja <strong>Prisma-sarja<\/strong>. Kaunokirjallisen uransa Weilin+G\u00f6\u00f6sill\u00e4 aloittivat mm. <strong>Arto Paasilinna, Raija Oranen, Rosa Liksom, Reijo M\u00e4ki, Kauko R\u00f6yhk\u00e4, Tommy Tabermann, Pirjo Tuominen<\/strong> ja <strong>Juha Vakkuri<\/strong>. Laaja lastenkirjatuotanto toi taloon palkintojen lis\u00e4ksi painoty\u00f6t\u00e4kin, kun mm. <strong>Camilla Mickwitzin<\/strong> ja <strong>Kristiina Louhen<\/strong> kuvakirjoja painettiin my\u00f6s ulkomaisten kustantajien tilauksesta.<\/p>\n<p>Nimens\u00e4 <strong>Oy Weilin+G\u00f6\u00f6s Ab<\/strong>:ksi muuttaneen yhti\u00f6n osake-enemmist\u00f6 oli vuonna 1970 siirtynyt Amer-Tupakka Oy:lle (sittemmin Amer-yhtym\u00e4). 1980-luvulla kirjojen myynti alkoi laskea ja samaan aikaan Weilin+G\u00f6\u00f6s menetti almanakkojen tuottamisen yksinoikeuden. Laskeva suuntaus johti lopulta siihen, ett\u00e4 Amer-yhtym\u00e4 myi Weilin+G\u00f6\u00f6sin Werner S\u00f6derstr\u00f6m Oy:lle kahdessa vaiheessa. Lopulta 2010-luvulla Weilin+G\u00f6\u00f6sin toiminta p\u00e4\u00e4ttyi kokonaan, kun toiminnat olivat sulautuneet WSOY:n organisaatioon.<\/p>\n<p>Weilin+G\u00f6\u00f6s muutti pois Ahertajantien kiinteist\u00f6st\u00e4 jo vuonna 1992. Yhti\u00f6n logo j\u00e4i kuitenkin rakennuksen julkisivulle, jossa se on edelleenkin muistuttamassa talon historiasta. Espoon kaupunki osti kiinteist\u00f6n vuonna 2001 tulevan monitoimitalon k\u00e4ytt\u00f6\u00f6n.<\/p>\n<p>Kulttuurin monitoimitalon lukuisilla k\u00e4ytt\u00e4j\u00e4ryhmill\u00e4 on paljon erilaisia toiminnallisia ja teknisi\u00e4 tarpeita. Varsinkin museoiden ilmastointi- ja turvallisuusvaatimukset olivat haastavat. Uuden toiminnan vaatimukset edellyttiv\u00e4t vanhassa painotalossa mittavia muutos- ja korjaust\u00f6it\u00e4.<\/p>\n<p>Rakennuksessa k\u00e4ynnistyiv\u00e4t laajamittaiset purku- ja muutosty\u00f6t. Esimerkiksi rakennuksen julkisivuja uusittiin laajasti, rakennettiin kymmeni\u00e4 uusia portaita, yli kolmesataa uutta huonetta ja uudet hissit. Rakennuksen alle louhittiin l\u00e4hes sata metri\u00e4 pitk\u00e4 kellari ja keskeisi\u00e4 kantavia rakenteita vahvistettiin.<\/p>\n<p>N\u00e4yttelykeskus WeeGeen ensimm\u00e4inen kerros avattiin yleis\u00f6lle 13.10.2006.<\/p>\n<p>Lis\u00e4tietoja:<br \/>\nAllan Tiitta: <em>Ajan ja tiedon taitaja Weilin+G\u00f6\u00f6s 1872-1997<\/em>, Porvoo 1997<br \/>\nOsmo A. Wiio (toim.): <em>Oy Weilin+G\u00f6\u00f6s Ab 1872-1972<\/em>, Tapiola 1972<\/p>\n","protected":false},"excerpt":{"rendered":"<p>Marjatta Kuitunen (toim.) Tapiolan puutarhakaupungissa Ahertajantiell\u00e4 katse kiinnittyy helposti kookkaaseen harmaaseen rakennukseen, n\u00e4yttelykeskus WeeGeehen. N\u00e4yttelykeskuksen nimi on johdettu kiinteist\u00f6n aikanaan rakennuttaneen Weilin + G\u00f6\u00f6s -yhti\u00f6n nimest\u00e4. Teollisen toiminnan ja kirjojen kustantamisen siirrytty\u00e4 muualle n\u00e4yttelykeskus WeeGee on tarjonnut ja tarjoaa edelleen <span class=\"excerpt-dots\">&hellip;<\/span> <a class=\"more-link\" href=\"https:\/\/espoonperinneseura.net\/yritykset\/yrittajyys\/oy-weilingoos-ab-kirjapaino-ja-kirjankustantamo\/\"><span class=\"more-msg\">Jatka lukemista &rarr;<\/span><\/a><\/p>\n","protected":false},"author":1,"featured_media":0,"parent":288,"menu_order":0,"comment_status":"closed","ping_status":"closed","template":"","meta":{"om_disable_all_campaigns":false,"_monsterinsights_skip_tracking":false,"_monsterinsights_sitenote_active":false,"_monsterinsights_sitenote_note":"","_monsterinsights_sitenote_category":0,"_uf_show_specific_survey":0,"_uf_disable_surveys":false,"footnotes":""},"class_list":["post-1712","page","type-page","status-publish","hentry"],"aioseo_notices":[],"featured_image_src":null,"_links":{"self":[{"href":"https:\/\/espoonperinneseura.net\/yritykset\/wp-json\/wp\/v2\/pages\/1712","targetHints":{"allow":["GET"]}}],"collection":[{"href":"https:\/\/espoonperinneseura.net\/yritykset\/wp-json\/wp\/v2\/pages"}],"about":[{"href":"https:\/\/espoonperinneseura.net\/yritykset\/wp-json\/wp\/v2\/types\/page"}],"author":[{"embeddable":true,"href":"https:\/\/espoonperinneseura.net\/yritykset\/wp-json\/wp\/v2\/users\/1"}],"replies":[{"embeddable":true,"href":"https:\/\/espoonperinneseura.net\/yritykset\/wp-json\/wp\/v2\/comments?post=1712"}],"version-history":[{"count":2,"href":"https:\/\/espoonperinneseura.net\/yritykset\/wp-json\/wp\/v2\/pages\/1712\/revisions"}],"predecessor-version":[{"id":1746,"href":"https:\/\/espoonperinneseura.net\/yritykset\/wp-json\/wp\/v2\/pages\/1712\/revisions\/1746"}],"up":[{"embeddable":true,"href":"https:\/\/espoonperinneseura.net\/yritykset\/wp-json\/wp\/v2\/pages\/288"}],"wp:attachment":[{"href":"https:\/\/espoonperinneseura.net\/yritykset\/wp-json\/wp\/v2\/media?parent=1712"}],"curies":[{"name":"wp","href":"https:\/\/api.w.org\/{rel}","templated":true}]}}