{"id":1717,"date":"2023-10-14T20:40:23","date_gmt":"2023-10-14T17:40:23","guid":{"rendered":"https:\/\/espoonperinneseura.net\/yritykset\/?page_id=1717"},"modified":"2023-10-14T20:41:16","modified_gmt":"2023-10-14T17:41:16","slug":"suomen-toinen-kauppakeskus-tapiolan-heikintori","status":"publish","type":"page","link":"https:\/\/espoonperinneseura.net\/yritykset\/kauppa-ja-palvelut\/suomen-toinen-kauppakeskus-tapiolan-heikintori\/","title":{"rendered":"Suomen toinen kauppakeskus: Tapiolan Heikintori"},"content":{"rendered":"<p><em>Martti Hellstr\u00f6m<\/em><\/p>\n<div id=\"attachment_1720\" style=\"width: 794px\" class=\"wp-caption alignnone\"><img loading=\"lazy\" decoding=\"async\" aria-describedby=\"caption-attachment-1720\" class=\"wp-image-1720 size-full\" style=\"margin-bottom: 12px; width: 100%; height: auto;\" src=\"https:\/\/espoonperinneseura.net\/yritykset\/wp-content\/uploads\/2023\/10\/Heikintori3.jpg\" alt=\"\" width=\"784\" height=\"800\" srcset=\"https:\/\/espoonperinneseura.net\/yritykset\/wp-content\/uploads\/2023\/10\/Heikintori3.jpg 784w, https:\/\/espoonperinneseura.net\/yritykset\/wp-content\/uploads\/2023\/10\/Heikintori3-294x300.jpg 294w, https:\/\/espoonperinneseura.net\/yritykset\/wp-content\/uploads\/2023\/10\/Heikintori3-768x784.jpg 768w\" sizes=\"auto, (max-width: 784px) 100vw, 784px\" \/><p id=\"caption-attachment-1720\" class=\"wp-caption-text\">Heikintori 1972. Kuva: Teuvo Kanerva, Espoon kaupunginmuseo.<\/p><\/div>\n<p>Tapiolan Heikintorin kauppakeskus avattiin vuonna 1968 suurten juhlien merkeiss\u00e4. Avajaisia juhlittiin kolme p\u00e4iv\u00e4\u00e4. Heikintori on Suomen toiseksi vanhin kauppakeskus. Suomen ensimm\u00e4inen varsinainen ostoskeskus on vuonna 1959 valmistunut Munkkivuoren ostoskeskus Helsingiss\u00e4. Heikintorin rakennuksen suunnitteli koko Tapiolan ilmeen luonut arkkitehti Aarne Ervi.<\/p>\n<p>Sijainti oli hyv\u00e4: Heikintori oli aivan Tapiolan keskustassa. Vieress\u00e4 oli iso parkkipaikka. Kauppakeskus oli vire\u00e4n\u00e4 aina 1990-luvulle saakka. Siell\u00e4 sai monipuolisia ja ammattitaitoisia palveluita. Oli mm. elintarvkeliikkeit\u00e4, ravintoloita, kahviloita, pankkeja, erikoistavaraliikkeit\u00e4 kuten rautakauppa ja suutari, jalkahoitola ja jopa peruukkiliike. Siell\u00e4 oli ymp\u00e4ri vuorokauden auki olleita elintarvikeautomaattejakin. Ensimm\u00e4isi\u00e4 liikkeit\u00e4 olivat mm. Hattu Atelier Sederlo\u0308f, Kulta- ja Kelloliike Sylvester Korhonen, Salon Inkeri Harri, Tapiolan Autokoulu Oy ja Musiikkiliike Wager. Klassikon maine on ainakin yh\u00e4 toimivalla Grilli Ribiksell\u00e4.<\/p>\n<p>Rakennus on kolmikerroksinen. Alemman kerroksen keskik\u00e4yt\u00e4v\u00e4 ik\u00e4\u00e4n kuin jatkoi sinne johtavaa Tapionraittia. Sit\u00e4 kuvattiin ikuisen kes\u00e4n ostoskaduksi. Sen vartella myytiin PopUp-liikkeiss\u00e4 mm. kelloja ja koruja. Kellarikerroksessa oli kunnallinen diskoteekki Downsound.<\/p>\n<div id=\"attachment_1719\" style=\"width: 810px\" class=\"wp-caption alignnone\"><img loading=\"lazy\" decoding=\"async\" aria-describedby=\"caption-attachment-1719\" class=\"wp-image-1719 size-full\" src=\"https:\/\/espoonperinneseura.net\/yritykset\/wp-content\/uploads\/2023\/10\/Heikintori2.jpg\" alt=\"\" width=\"800\" height=\"546\" srcset=\"https:\/\/espoonperinneseura.net\/yritykset\/wp-content\/uploads\/2023\/10\/Heikintori2.jpg 800w, https:\/\/espoonperinneseura.net\/yritykset\/wp-content\/uploads\/2023\/10\/Heikintori2-300x205.jpg 300w, https:\/\/espoonperinneseura.net\/yritykset\/wp-content\/uploads\/2023\/10\/Heikintori2-768x524.jpg 768w\" sizes=\"auto, (max-width: 800px) 100vw, 800px\" \/><p id=\"caption-attachment-1719\" class=\"wp-caption-text\">Heikintori, 1969 &#8211; 1972. Kuva: Espoon kaupunginmuseo.<\/p><\/div>\n<p>Viel\u00e4 1990-luvulla Heikintori oli t\u00e4rke\u00e4 kaupank\u00e4ynnin keskus Tapiolassa. Sitten sen imu- ja pitovoima heikkeniv\u00e4t. Tiloja j\u00e4i tyhjiksi. Usea aikaisemmin Heikintorilla toiminut liike siirtyi kauppakeskus Ainoaan. Kaupunki suunnitteli rakennukseen monipuolista liikuntakeskustakin, mutta idealle ei l\u00f6ytynyt tukea. Paikalle toivottiin my\u00f6s kauppahallia Helsingin Hakaniemen hallin tapaan.<\/p>\n<p>T\u00e4n\u00e4\u00e4n Heikintorilla on tosi v\u00e4h\u00e4n toimijoita. Tiloista suuri osa on tyhjill\u00e4\u00e4n; vain noin kolmasosaa kauppakeskuksen toimitilasta k\u00e4ytet\u00e4\u00e4n. Sen tilat samoin kuin naapurissa olevan parkkihallin vaatisivat varsin kalliin remontin. Liukuportaat toiseen kerrokseen on suljettu. Betoniportaat murenevat, ja ter\u00e4srakenteissa valuu ruostetta. Uudistustarpeen vuoksi tiloihin ei voida ottaa pitk\u00e4kestoisia vuokralaisia. Rakennus on osin suojelukohde, joten purkaminenkaan ei k\u00e4y. Heikintorin t\u00e4ytyy s\u00e4ily\u00e4 ennallaan ulkoap\u00e4in. My\u00f6s keskik\u00e4yt\u00e4v\u00e4 l\u00e4pi kiinteist\u00f6n t\u00e4ytyy s\u00e4ilytt\u00e4\u00e4.<\/p>\n<p>Ribiksen lis\u00e4ksi siell\u00e4 toimii viel\u00e4 mm. Kirpputori. Rakennuksen omistavalla Cityconilla on suunnitelmia Heikintorin tulevaisuudesta, mutta niist\u00e4 ei ole viel\u00e4 kerrottu julkisuuteen. Todenn\u00e4k\u00f6isesti se ei ole jatkossa kauppakeskus. Asiakkaisen odotukset ovat muuttuneet. Lis\u00e4ksi se on liian l\u00e4hell\u00e4 Ainoaa. Ehk\u00e4 siit\u00e4 tulee toimistokeskus?<\/p>\n","protected":false},"excerpt":{"rendered":"<p>Martti Hellstr\u00f6m Tapiolan Heikintorin kauppakeskus avattiin vuonna 1968 suurten juhlien merkeiss\u00e4. Avajaisia juhlittiin kolme p\u00e4iv\u00e4\u00e4. Heikintori on Suomen toiseksi vanhin kauppakeskus. Suomen ensimm\u00e4inen varsinainen ostoskeskus on vuonna 1959 valmistunut Munkkivuoren ostoskeskus Helsingiss\u00e4. Heikintorin rakennuksen suunnitteli koko Tapiolan ilmeen luonut arkkitehti <span class=\"excerpt-dots\">&hellip;<\/span> <a class=\"more-link\" href=\"https:\/\/espoonperinneseura.net\/yritykset\/kauppa-ja-palvelut\/suomen-toinen-kauppakeskus-tapiolan-heikintori\/\"><span class=\"more-msg\">Jatka lukemista &rarr;<\/span><\/a><\/p>\n","protected":false},"author":1,"featured_media":0,"parent":236,"menu_order":0,"comment_status":"closed","ping_status":"closed","template":"","meta":{"om_disable_all_campaigns":false,"_monsterinsights_skip_tracking":false,"_monsterinsights_sitenote_active":false,"_monsterinsights_sitenote_note":"","_monsterinsights_sitenote_category":0,"_uf_show_specific_survey":0,"_uf_disable_surveys":false,"footnotes":""},"class_list":["post-1717","page","type-page","status-publish","hentry"],"aioseo_notices":[],"featured_image_src":null,"_links":{"self":[{"href":"https:\/\/espoonperinneseura.net\/yritykset\/wp-json\/wp\/v2\/pages\/1717","targetHints":{"allow":["GET"]}}],"collection":[{"href":"https:\/\/espoonperinneseura.net\/yritykset\/wp-json\/wp\/v2\/pages"}],"about":[{"href":"https:\/\/espoonperinneseura.net\/yritykset\/wp-json\/wp\/v2\/types\/page"}],"author":[{"embeddable":true,"href":"https:\/\/espoonperinneseura.net\/yritykset\/wp-json\/wp\/v2\/users\/1"}],"replies":[{"embeddable":true,"href":"https:\/\/espoonperinneseura.net\/yritykset\/wp-json\/wp\/v2\/comments?post=1717"}],"version-history":[{"count":4,"href":"https:\/\/espoonperinneseura.net\/yritykset\/wp-json\/wp\/v2\/pages\/1717\/revisions"}],"predecessor-version":[{"id":1723,"href":"https:\/\/espoonperinneseura.net\/yritykset\/wp-json\/wp\/v2\/pages\/1717\/revisions\/1723"}],"up":[{"embeddable":true,"href":"https:\/\/espoonperinneseura.net\/yritykset\/wp-json\/wp\/v2\/pages\/236"}],"wp:attachment":[{"href":"https:\/\/espoonperinneseura.net\/yritykset\/wp-json\/wp\/v2\/media?parent=1717"}],"curies":[{"name":"wp","href":"https:\/\/api.w.org\/{rel}","templated":true}]}}