{"id":1748,"date":"2023-12-05T06:16:12","date_gmt":"2023-12-05T04:16:12","guid":{"rendered":"https:\/\/espoonperinneseura.net\/yritykset\/?page_id=1748"},"modified":"2023-12-05T08:17:35","modified_gmt":"2023-12-05T06:17:35","slug":"yrittajyys-perintona","status":"publish","type":"page","link":"https:\/\/espoonperinneseura.net\/yritykset\/tarinoita-yritysmaailmasta\/yrittajyys-perintona\/","title":{"rendered":"Yritt\u00e4jyys perint\u00f6n\u00e4"},"content":{"rendered":"<p>Antti ja Anssi Myntin haastattelut marraskuussa 2023<\/p>\n<p><em>Aapo Kirvesniemi<\/em><\/p>\n<h4>Mit\u00e4 on yritt\u00e4minen?<\/h4>\n<p>Yritt\u00e4jyyden tulkinta on vaihdellut. Aikojen alussa jokainen on ollut yritt\u00e4j\u00e4: on yritetty pysy\u00e4 hengiss\u00e4 ja sen lis\u00e4ksi pyritty turvaamaan l\u00e4himm\u00e4isille parempi el\u00e4m\u00e4 kuin on itsell\u00e4. Nykyisin yritt\u00e4miseksi miellet\u00e4\u00e4n itsen\u00e4inen ansioty\u00f6, jota yritt\u00e4j\u00e4 tarjoaa joko omalla nimell\u00e4\u00e4n tai omistamansa yrityksen kautta.<\/p>\n<p>Yritt\u00e4j\u00e4ksi ryhtyminen tai siihen asemaan joutuminen ja siin\u00e4 menestyminen vaatii monia my\u00f6nteisi\u00e4 ominaisuuksia. Ne eiv\u00e4t ole helposti m\u00e4\u00e4ritelt\u00e4viss\u00e4, eiv\u00e4tk\u00e4 miss\u00e4\u00e4n tapauksessa pelkistett\u00e4viss\u00e4 yksik\u00e4sitteisiksi. Joitakin on kuitenkin helppo luetella. Yritt\u00e4j\u00e4 on sinnik\u00e4s, rohkea, ottaa riskej\u00e4, ulosp\u00e4in suuntautuva, yhteistoimintakykyinen. Yritt\u00e4j\u00e4 ei ole arka, ujo, vet\u00e4ytyv\u00e4 tai laiska. Yritt\u00e4j\u00e4 voi kuitenkin tasapainottaa heikkouksiaan, vahvuuksiaan korostamalla. Yritt\u00e4ji\u00e4 on siis monenlaisia.<\/p>\n<p>Yritt\u00e4jyys kulkee usein suvussa. Ehk\u00e4 se onkin periytyv\u00e4 ominaisuus tai luonteenpiirre, lahjakkuus omassa lajissaan, kuten musikaalisuus tai matemaattinen lahjakkuus.<\/p>\n<p>Lippaj\u00e4rven kaupunginosassa on ollut ja on edelleen per\u00e4kk\u00e4isten sukupolvien esitt\u00e4m\u00e4 oiva esimerkki yritt\u00e4jyydest\u00e4. Myntin suvussa on yritt\u00e4ji\u00e4 jo kolmannessa polvessa. Ennusmerkit n\u00e4ytt\u00e4v\u00e4t, ett\u00e4 nelj\u00e4skin polvi on kehittym\u00e4ss\u00e4. Ilmeisesti talouskin on ollut kunnossa, kun jo vanhat roomalaiset sanoivat \u201dNomen est omen\u201d eli \u201dnimi on enne\u201d, ja todellakin, mynttih\u00e4n merkitsee my\u00f6s rahaa. Myntti on lainasana ruotsin kielest\u00e4 ja k\u00e4\u00e4nnet\u00e4\u00e4n yleens\u00e4 sanoilla kolikko tai lantti.<\/p>\n<h4>Lipparinteen kauppias Antti Myntti<\/h4>\n<p>Antti Myntti hoiti Lipparinteess\u00e4 p\u00e4ivitt\u00e4istavaramyym\u00e4l\u00e4\u00e4 vuosina 1977-1982. Elettiin tasaisen ja nopean talouskasvun aikaa. Alueella oli valmiina vauras ja riitt\u00e4v\u00e4 ostokykyinen asiakaskunta. L\u00e4hderanta, Lipparinne ja Aurinkoniitty olivat valmiina. Kaupanhoito oli viel\u00e4 yksinkertaista tavaravalikoimaltaan nykyhetkeen verrattuna. Myytiin siis elintarvikkeita, sek\u00e4 tietysti virvoitusjuomia ja kodinhoitoon liittyvi\u00e4 tarvikkeita kuten pesuaineita, talouspaperitarvikkeita yms.<\/p>\n<p>Antti on ns. pitk\u00e4n linjan kauppias. H\u00e4n on aloittanut jo 12-vuotiaana maalaiskaupassa \u201dnaapurin sed\u00e4n pikku apulaisena\u201d. Siin\u00e4 i\u00e4ss\u00e4 lienee uuden omaksumiskyky ja ennakkoluuloton uteliaisuus ihmisess\u00e4 parhaimmillaan. Ja oppi meni perille.<\/p>\n<p>Antin muutettua kotiseudultaan Keuruulta Helsinkiin kauppiastaidot karttuivat l\u00e4hes vuoden ty\u00f6rupeamalla K\u00e4pyl\u00e4ss\u00e4 toimineessa lihakaupassa. Armeijan j\u00e4lkeen ura urkeni Hakaniemen Ympyr\u00e4talossa sijainneessa modernissa valintaliikkeess\u00e4, jossa h\u00e4nen kyvykkyytens\u00e4 tunnustettiin nime\u00e4m\u00e4ll\u00e4 h\u00e4net h\u00e4mm\u00e4stytt\u00e4v\u00e4n nuorena yksik\u00f6n esimieheksi. T\u00e4m\u00e4 ty\u00f6paikka kuului Talous-Osakekauppa-ryhm\u00e4\u00e4n, ja t\u00e4t\u00e4 kautta Antille tarjottiin my\u00f6hemmin mahdollisuutta aloittaa oman myym\u00e4l\u00e4n hoito Espoon Lipparinteess\u00e4. (My\u00f6hemmin kiinteist\u00f6ss\u00e4 toimi l\u00e4hetysty\u00f6n kirpputori, nyttemmin se on ollut tyhjill\u00e4\u00e4n jo monta vuotta.) Kiinteist\u00f6ss\u00e4 oli jo aikaisemmin toiminut p\u00e4ivitt\u00e4istavarakauppa, mutta toiminnan jatkaminen edellytti riskin ottamista ja henkil\u00f6kohtaiseen lainaan sitoutumista. P\u00e4\u00e4t\u00f6kset tehtiin ja uusi kauppias aloitti.<\/p>\n<div id=\"attachment_1750\" style=\"width: 1034px\" class=\"wp-caption alignnone\"><img loading=\"lazy\" decoding=\"async\" aria-describedby=\"caption-attachment-1750\" class=\"wp-image-1750 size-large\" src=\"https:\/\/espoonperinneseura.net\/yritykset\/wp-content\/uploads\/2023\/12\/Myntti1-1024x676.jpg\" alt=\"\" width=\"1024\" height=\"676\" srcset=\"https:\/\/espoonperinneseura.net\/yritykset\/wp-content\/uploads\/2023\/12\/Myntti1-1024x676.jpg 1024w, https:\/\/espoonperinneseura.net\/yritykset\/wp-content\/uploads\/2023\/12\/Myntti1-300x198.jpg 300w, https:\/\/espoonperinneseura.net\/yritykset\/wp-content\/uploads\/2023\/12\/Myntti1-768x507.jpg 768w, https:\/\/espoonperinneseura.net\/yritykset\/wp-content\/uploads\/2023\/12\/Myntti1-1536x1014.jpg 1536w, https:\/\/espoonperinneseura.net\/yritykset\/wp-content\/uploads\/2023\/12\/Myntti1-2048x1352.jpg 2048w\" sizes=\"auto, (max-width: 1024px) 100vw, 1024px\" \/><p id=\"caption-attachment-1750\" class=\"wp-caption-text\">Vanha myym\u00e4l\u00e4 Kolkekannaksentiell\u00e4 odottaa purkua.<\/p><\/div>\n<p>T\u00e4t\u00e4 viisi vuotta kest\u00e4nytt\u00e4 aikaa muistelee Antti suurella l\u00e4mm\u00f6ll\u00e4. Oli nuoruutta, voimaa, intoa ja kauppa k\u00e4vi. Toiminnan ideoinnissa h\u00e4n oli vuosikymmeni\u00e4 aikaansa edell\u00e4, sill\u00e4 h\u00e4n oli ainoa, joka toimitti tavarat my\u00f6s kotiin kuljetettuina ja aluksi jopa ilman lis\u00e4maksua. T\u00e4t\u00e4 toimintoa ei tarvinnut mainostaa, vaan sana levisi tyytyv\u00e4isten asiakkaiden kautta, ja saavutti my\u00f6s suurostajia. Kuljetuksia syntyi useille keh\u00e4tien varrella oleville suuryrityksille, joiden ty\u00f6maaruokalat ja kahvilat tajusivat saavansa tarpeelliset tavaransa Myntilt\u00e4 t\u00e4sm\u00e4llisesti ja edullisesti. My\u00f6s Jorvin sairaala kuului kuljetuskohteisiin. 200 kahvipakettia tai 100 litraa maitoa ei kertaostoksena menisi aivan l\u00e4hinaapurustoon. Luottamus Antti Myntin toimintaan meni jopa niin pitk\u00e4lle, ett\u00e4 er\u00e4skin kotiin toimituksista nauttiva asiakas oli antanut avaimensa, jolla p\u00e4\u00e4si tuomaan tavarat h\u00e4nen poissaolleessaan suoraan j\u00e4\u00e4kaappiin. Koirakin oli tottunut jo auton tulosta ja askelien \u00e4\u00e4nest\u00e4 tuntemaan tutun tulijan, koska ei milloinkaan haukkunut, vaan heilutti iloisesti h\u00e4nt\u00e4\u00e4ns\u00e4.<\/p>\n<p>Kaupan ovi k\u00e4vi tihe\u00e4sti, ja kauppa-apulaisia tarvittiin vakituisesti viisi ja lauantaisin viel\u00e4 muutama lis\u00e4\u00e4. V\u00e4ki oli ty\u00f6ss\u00e4 viihtyv\u00e4\u00e4, vaihtuvuus oli tuon viiden vuoden aikana kovin v\u00e4h\u00e4ist\u00e4.<\/p>\n<p>Hankinnat tapahtuivat p\u00e4\u00e4asiassa kauppayhtym\u00e4n sopimustoimittajilta ja maito ja voi tuotteet siihen aikaan tulivat tietysti Valiolta. Toimitusketju ja tulonmuodostus olivat varsin vakiintuneita ja tasapainossa nykyist\u00e4 paremmin osapuolten v\u00e4lill\u00e4, aprikoi Myntti.<\/p>\n<p>Paperity\u00f6t kaupanpidossa eiv\u00e4t vieneet suurta aikaa. Kauppias maksoi laskut, ja osuuskunnan tilimiehet hoitivat kauppiaan heille kuukausittain maksettujen laskujen kuitit kirjanpitoon ja tekiv\u00e4t tilinp\u00e4\u00e4t\u00f6kset. Verot hoituivat siin\u00e4 samassa lain kirjaimen mukaisesti. Sopimusty\u00f6ntekij\u00f6iden palkanmaksut hoituivat my\u00f6s osuuskunnan hoitamina.<br \/>\nTaloudellinen tulos tuli asiakkailta. Tuntui jo hieman imartelulta, kuinka kotiseutuni v\u00e4ke\u00e4 asiakkaina kiiteltiin. Kaupassa ei koskaan ollut virkavaltaa paikalle vaativia hankaluuksia. Pikkupojat saattoivat ymm\u00e4rt\u00e4m\u00e4tt\u00f6myydess\u00e4\u00e4n joskus unohtaa tikkukaramellin maksamisen, mutta is\u00e4llinen puhuttelu yleens\u00e4 paransi muistin seuraavaksi kerraksi.<\/p>\n<p>Reklamaatioita tavaran laadusta oli joskus, mutta ne olivat asiallisia. Ilmeisesti sen ajan leip\u00e4taikinassa ei ollut niin paljon homemyrkkyj\u00e4 kuten nyky\u00e4\u00e4n.<\/p>\n<p>Kauppiaat ovat yleens\u00e4 seurallista ja joviaalia v\u00e4ke\u00e4. Kauppiasyhdistys oli alan j\u00e4rjest\u00f6, jossa oli satoja j\u00e4seni\u00e4. Yhdistys oli luonteeltaan edunvalvontayhdistys, joka piti yhteytt\u00e4 kansakunnan p\u00e4\u00e4tt\u00e4jiin, mutta oli my\u00f6s samalla sosiaalinen yhdysside kauppiaiden kesken. Hauskoista kes\u00e4juhlista ja tutustumismatkoista alan eri yrityksiin olisi Antilla juttuja riitt\u00e4nyt. Esimerkkin\u00e4 olkoon, ett\u00e4 h\u00e4n oli kerran myynyt 50 kg nakkeja ja viel\u00e4 itse ne kaikki grillannut kaksip\u00e4iv\u00e4isess\u00e4 tapahtumassa.<\/p>\n<p>Kaupan pito Lipparannassa p\u00e4\u00e4ttyi 1982, mutta toki jatkui kauppiaana Tapiolassa ja sen j\u00e4lkeen Kivenlahdessa, joten espoolaisia on palveltu pitk\u00e4\u00e4n.<\/p>\n<p>Viel\u00e4 er\u00e4s t\u00e4rke\u00e4 maininta: jossain ty\u00f6n ja toiminnan v\u00e4liss\u00e4 on ehditty hankkia teoreettistakin oppia ja suorittaa kaksivuotinen kauppakoulun tutkinto. Ty\u00f6 ja touhu jatkuu el\u00e4kel\u00e4isen\u00e4. Anssi-pojan yrityksess\u00e4 ollaan apulaisena tarvittaessa ja mik\u00e4s on t\u00f6it\u00e4 tehdess\u00e4, kun n\u00e4kee, ett\u00e4 on ollut hyv\u00e4n\u00e4 esimerkkin\u00e4, kuntoa on ja pomona on oma poika Anssi.<\/p>\n<h4>Antin is\u00e4n yritt\u00e4jyys<\/h4>\n<p>Antin is\u00e4n perhe oli komea. Heit\u00e4 oli 10 sisarusta. Anttia mietitytti hieman, sopiiko termi yritt\u00e4j\u00e4 h\u00e4nen is\u00e4\u00e4ns\u00e4. Asiasta keskusteltuamme totesimme, ett\u00e4 h\u00e4nh\u00e4n se vasta yritt\u00e4j\u00e4 olikin. Vanhaan aikaan ei maanviljelystilan omistajaa sanottu yritt\u00e4j\u00e4ksi, vaikka ty\u00f6 oli todella varsinaista yritt\u00e4mist\u00e4. Kes\u00e4ll\u00e4 elukat ja pelto, talvella hevonen, saha ja kirves ja puun kimppuun. Ei ollut maataloustukia, mutta ei my\u00f6sk\u00e4\u00e4n EU:lle raportointia.<\/p>\n<h4>Anssi Myntin polku yritt\u00e4jyyteen<\/h4>\n<p>Yritt\u00e4j\u00e4 Antti Myntin poika, Anssi Myntti suostui mielell\u00e4\u00e4n kertomaan yritteli\u00e4isyydest\u00e4\u00e4n ja yrityksest\u00e4\u00e4n. Aiheen otsikko \u201dYritteli\u00e4isyys perint\u00f6n\u00e4\u201d siis saa jatkoa todellisesta el\u00e4m\u00e4st\u00e4.<\/p>\n<p>Ensimm\u00e4iseen kysymykseen siit\u00e4, miten is\u00e4 on vaikuttanut siihen, ett\u00e4 my\u00f6s pojasta on tullut yritt\u00e4j\u00e4, oli vastaus, ett\u00e4 ei is\u00e4 ainakaan pakottanut eik\u00e4 oikein patistanutkaan. Is\u00e4n toiminnassa ei lapsen ja sitten nuorukaisen kokemana ollut mit\u00e4\u00e4n, joka olisi saanut ep\u00e4ilem\u00e4\u00e4n tai n\u00e4kem\u00e4\u00e4n huonossa valossa is\u00e4n el\u00e4m\u00e4ntapaa itsen\u00e4isen\u00e4 kauppias yritt\u00e4j\u00e4n\u00e4.<\/p>\n<p>Anssin koulu sujui normaalisti, ja ylioppilaaksi tultiin Kauniaisten lukiosta. Koulun j\u00e4lkeen vuorossa oli armeija, jossa Anssista tuli l\u00e4\u00e4kint\u00e4mies. T\u00e4m\u00e4kin, hieno ja normaaliel\u00e4m\u00e4\u00e4 muita armeijassa opittuja taitoja paremmin palveleva koulutus, on antanut lis\u00e4arvoa yritt\u00e4jyydelle. Yritt\u00e4j\u00e4n on aina muistettava, ett\u00e4 yritt\u00e4misess\u00e4 onnistuminen, merkitsee palvelua ja auttamista, muuten yritt\u00e4j\u00e4ll\u00e4 on lyhyt ura.<\/p>\n<p>Jo kouluaikana tuli esille aktiivinen innostus ja kiinnostus saada jotain aikaiseksi. Kauppa-apulaisena \u201dpullopoikana\u201d ty\u00f6skentely jo 14-vuotiaana oli mukavaa. Kes\u00e4ty\u00f6t Tapiolan Kotihalli -yrityksen \u201dhedelm\u00e4- ja vihannes\u201d -osastolla alkoivat 15- vuotiaana. T\u00e4m\u00e4 johti jatko opinnoissa opiskeluun Ravintolakoulu Perhossa, jossa Anssi suoritti ravintolakokin loppututkinnon.<\/p>\n<p>Veri veti kuitenkin t\u00e4ss\u00e4 el\u00e4m\u00e4n vaiheessa enemm\u00e4n kauppiaaksi kuin kokiksi. Pitk\u00e4 ty\u00f6rupeama jatkui Tapiolassa Aslakin lihatiskin takana. Ty\u00f6teht\u00e4vi\u00e4 oli my\u00f6s ravintoloille, joissa ty\u00f6skenteli Anssin opiskelutovereita.<\/p>\n<p>Anssin toimittua 15 vuotta elintarvikealan myyntitoiminnoissa ja edetty\u00e4\u00e4n esimiesasemaan tapahtui muutos. H\u00e4n oli ollut tiiviiss\u00e4 yhteydess\u00e4 yrityksiin, jotka hoitivat elintarvikekuljetuksia asiakkaille. Alalla ty\u00f6skennelleen hyv\u00e4n yst\u00e4v\u00e4n innoittamana ja kannustamana Anssi siirtyi tiskin takaa auton rattiin.<\/p>\n<p>Er\u00e4s ajava voima muutokselle oli my\u00f6s perheasiat ja esikoisen syntym\u00e4. Myyntialan jatkuvasti kiristynyt ty\u00f6rytmi ei antanut tarpeeksi aikaa perheelle. Anssi uskoi ett\u00e4 t\u00e4m\u00e4 ty\u00f6n vaihdos olisi ongelman ratkaisu. Parin vuoden toiminta toisen palveluksessa elintarvikealan kuljetusteht\u00e4viss\u00e4 antoi n\u00e4kym\u00e4\u00e4 ja tietoa alasta. Syntyi p\u00e4\u00e4t\u00f6s oman yrityksen perustamisesta ja liikenneluvan suorittamisesta.<\/p>\n<p>Alkuajan tavoite oli saada yritys tasolle, jolla oman perheen taloudellinen tilanne hoituisi ja aikaa j\u00e4isi my\u00f6s lapsille. Muutaman vuoden toiminnan j\u00e4lkeen voitiin palkata ensimm\u00e4inen vakituinen ty\u00f6ntekij\u00e4.<\/p>\n<p>Yritys on toiminut nyt ensimm\u00e4iset kymmenen vuotta. T\u00e4h\u00e4n aikaan on kuulunut moninaisten ty\u00f6v\u00e4lineiden, kuten autojen, kaivureiden, kuormaajien, vaihtolavojen yms. hankinta. Ty\u00f6tilat, jotka mahdollistavat autojen ja muiden ty\u00f6v\u00e4lineiden s\u00e4ilytyksen, oli my\u00f6s hankittava. Samalla j\u00e4rjestyi t\u00e4ss\u00e4kin ty\u00f6ss\u00e4 tarvittavat korjaus- ja huoltotilat. My\u00f6s pieni konttorisoppi oli tarpeellinen.<\/p>\n<p>Suurkaupunkialueella on useita samantapaisia, suunnilleen saman liikevaihdon ja henkil\u00f6st\u00f6m\u00e4\u00e4r\u00e4n kuljetusyrityksi\u00e4. On muodostunut er\u00e4\u00e4nlainen yritt\u00e4j\u00e4joukko, joka osaa paitsi kilpailla, my\u00f6s toimia toisiaan auttavana joukkueena. K\u00e4yt\u00e4nn\u00f6ss\u00e4 t\u00e4m\u00e4 tapahtuu v\u00e4lineiden lainaamisena, vuokraamisena ja ty\u00f6voiman luovuttamisena sovittua korvausta vastaan toisen palvelukseen. Tyypillisen\u00e4 esimerkkin\u00e4 Anssi kertoi er\u00e4\u00e4st\u00e4 projektista, jonka l\u00e4piviemiseen tarvittiin normaalia suurempi henkil\u00f6m\u00e4\u00e4r\u00e4, kuin h\u00e4nen palveluksessaan silloin oli. Neuvottelut yritt\u00e4j\u00e4kollegoiden kanssa onnistuivat, v\u00e4ke\u00e4 saatiin ja projekti voitiin toteuttaa.<\/p>\n<p>Kuljetusten tarvitsijoita on monelta alalta. Yritykset siirt\u00e4v\u00e4t tuotteitaan, ja tavalliset kansalaiset muuttavat, jolloin kaikki kodin tavarat t\u00e4ytyy vied\u00e4 uuteen paikkaan. Rakentamisessa on l\u00e4hes aina kuljetusteht\u00e4vi\u00e4, rakennustarvikkeiden lis\u00e4ksi maansiirtoa.<\/p>\n<div id=\"attachment_1752\" style=\"width: 1034px\" class=\"wp-caption alignnone\"><img loading=\"lazy\" decoding=\"async\" aria-describedby=\"caption-attachment-1752\" class=\"wp-image-1752 size-large\" src=\"https:\/\/espoonperinneseura.net\/yritykset\/wp-content\/uploads\/2023\/12\/Myntin-autot-1024x441.jpg\" alt=\"\" width=\"1024\" height=\"441\" srcset=\"https:\/\/espoonperinneseura.net\/yritykset\/wp-content\/uploads\/2023\/12\/Myntin-autot-1024x441.jpg 1024w, https:\/\/espoonperinneseura.net\/yritykset\/wp-content\/uploads\/2023\/12\/Myntin-autot-300x129.jpg 300w, https:\/\/espoonperinneseura.net\/yritykset\/wp-content\/uploads\/2023\/12\/Myntin-autot-768x331.jpg 768w, https:\/\/espoonperinneseura.net\/yritykset\/wp-content\/uploads\/2023\/12\/Myntin-autot-1536x662.jpg 1536w, https:\/\/espoonperinneseura.net\/yritykset\/wp-content\/uploads\/2023\/12\/Myntin-autot.jpg 1648w\" sizes=\"auto, (max-width: 1024px) 100vw, 1024px\" \/><p id=\"caption-attachment-1752\" class=\"wp-caption-text\">Anssin komeat autot<\/p><\/div>\n<p>Varsinaisten kuljetustoimintojen lis\u00e4ksi on toimintaa laajennettu. Yrityksen hyvin laadituilta nettisivuilta l\u00f6yd\u00e4mme KULJETUS JA KUNNOSSAPITOPALVELUT MYNTTI otsikon alta pitk\u00e4n listan yrityksen tarjoamista palveluista, kuten<\/p>\n<ul>\n<li>kuljetukset<\/li>\n<li>kiinteist\u00f6huolto<\/li>\n<li>vaihtolavakuljetukset<\/li>\n<li>lumity\u00f6t<\/li>\n<li>autojen pesu<\/li>\n<li>tapahtumatarvikkeet, grillit, paellapannut, kylm\u00e4kalusteet jne.<\/li>\n<li>pihaty\u00f6t ja remontit<\/li>\n<\/ul>\n<div id=\"attachment_1753\" style=\"width: 310px\" class=\"wp-caption alignleft\"><img loading=\"lazy\" decoding=\"async\" aria-describedby=\"caption-attachment-1753\" class=\"wp-image-1753 size-medium\" src=\"https:\/\/espoonperinneseura.net\/yritykset\/wp-content\/uploads\/2023\/12\/Anssi-Myntti-300x281.jpg\" alt=\"\" width=\"300\" height=\"281\" srcset=\"https:\/\/espoonperinneseura.net\/yritykset\/wp-content\/uploads\/2023\/12\/Anssi-Myntti-300x281.jpg 300w, https:\/\/espoonperinneseura.net\/yritykset\/wp-content\/uploads\/2023\/12\/Anssi-Myntti.jpg 510w\" sizes=\"auto, (max-width: 300px) 100vw, 300px\" \/><p id=\"caption-attachment-1753\" class=\"wp-caption-text\">Yritt\u00e4j\u00e4 Anssin hymy\u00e4<\/p><\/div>\n<p>&nbsp;<\/p>\n<p>Lippaj\u00e4rvel\u00e4iset ovat saaneet nauttia Anssin toimeliaisuudesta. H\u00e4n on useana vuonna, ilmojen salliessa aurannut ja lanannut Lippaj\u00e4rven rantaan suksiladun ja luisteluradan. N\u00e4it\u00e4 k\u00e4ytt\u00e4vilt\u00e4 kiitollisilta kuntoilijoilta Anssi saa vastaanottaa iloisen k\u00e4denheilautuksen ohi ajaessaan.<\/p>\n<h4 style=\"clear: both;\">Nelj\u00e4s yritt\u00e4j\u00e4polvi tulossa<\/h4>\n<p>Nykyist\u00e4 kouluj\u00e4rjestelm\u00e4\u00e4 kritisoidaan monestakin aiheesta. Er\u00e4s toiminto, ty\u00f6harjoittelu on sen sijaan varsin onnistunut. Siin\u00e4 nuori ihminen p\u00e4\u00e4see n\u00e4kem\u00e4\u00e4n, mit\u00e4 aikuiset ihmiset oikein tekev\u00e4t. Monelle ty\u00f6harjoittelussa tulee tunne \u201djos t\u00e4m\u00e4 on ty\u00f6t\u00e4, t\u00e4m\u00e4h\u00e4n on mukavaa\u201d. Ty\u00f6 onkin mielenkiintoista ja j\u00e4nnitt\u00e4v\u00e4\u00e4, eik\u00e4 siin\u00e4 v\u00e4syk\u00e4\u00e4n tai stressaannu niin kuin oli luultu.<\/p>\n<p>T\u00e4m\u00e4n tunteen koki my\u00f6s Anssin poika Eemil koulun ty\u00f6harjoittelussa. Tunne oli niin voimakas, ett\u00e4 ensimm\u00e4inen ty\u00f6harjoittelu jatkuikin jo samana iltana palkallisena apupoikana rengasliikkeess\u00e4. Tekniikka tuntuu olevan Eemilin p\u00e4\u00e4kiinnostusalue, ja is\u00e4n avustamana monenlaisia taitoja on jo tullut opituksi. Nykyaikaiset polkupy\u00f6r\u00e4t ovat kovin monimutkaisia ja vaikeasti s\u00e4\u00e4dett\u00e4vi\u00e4 laitteita, mutta Eemililt\u00e4 n\u00e4m\u00e4kin huolto- ja korjaushommat jo sujuvat. Eemil on nyt 15-vuotias (2023) ja nuoresta i\u00e4st\u00e4\u00e4n huolimatta my\u00f6s 4H-yritt\u00e4j\u00e4. Todenn\u00e4k\u00f6isyys nelj\u00e4nnen polven yritt\u00e4jyydest\u00e4 Myntin suvussa on varsin vahva.<\/p>\n<p>&nbsp;<\/p>\n<p>&nbsp;<\/p>\n","protected":false},"excerpt":{"rendered":"<p>Antti ja Anssi Myntin haastattelut marraskuussa 2023 Aapo Kirvesniemi Mit\u00e4 on yritt\u00e4minen? Yritt\u00e4jyyden tulkinta on vaihdellut. Aikojen alussa jokainen on ollut yritt\u00e4j\u00e4: on yritetty pysy\u00e4 hengiss\u00e4 ja sen lis\u00e4ksi pyritty turvaamaan l\u00e4himm\u00e4isille parempi el\u00e4m\u00e4 kuin on itsell\u00e4. Nykyisin yritt\u00e4miseksi miellet\u00e4\u00e4n <span class=\"excerpt-dots\">&hellip;<\/span> <a class=\"more-link\" href=\"https:\/\/espoonperinneseura.net\/yritykset\/tarinoita-yritysmaailmasta\/yrittajyys-perintona\/\"><span class=\"more-msg\">Jatka lukemista &rarr;<\/span><\/a><\/p>\n","protected":false},"author":1,"featured_media":0,"parent":322,"menu_order":0,"comment_status":"closed","ping_status":"closed","template":"","meta":{"om_disable_all_campaigns":false,"_monsterinsights_skip_tracking":false,"_monsterinsights_sitenote_active":false,"_monsterinsights_sitenote_note":"","_monsterinsights_sitenote_category":0,"_uf_show_specific_survey":0,"_uf_disable_surveys":false,"footnotes":""},"class_list":["post-1748","page","type-page","status-publish","hentry"],"aioseo_notices":[],"featured_image_src":null,"_links":{"self":[{"href":"https:\/\/espoonperinneseura.net\/yritykset\/wp-json\/wp\/v2\/pages\/1748","targetHints":{"allow":["GET"]}}],"collection":[{"href":"https:\/\/espoonperinneseura.net\/yritykset\/wp-json\/wp\/v2\/pages"}],"about":[{"href":"https:\/\/espoonperinneseura.net\/yritykset\/wp-json\/wp\/v2\/types\/page"}],"author":[{"embeddable":true,"href":"https:\/\/espoonperinneseura.net\/yritykset\/wp-json\/wp\/v2\/users\/1"}],"replies":[{"embeddable":true,"href":"https:\/\/espoonperinneseura.net\/yritykset\/wp-json\/wp\/v2\/comments?post=1748"}],"version-history":[{"count":4,"href":"https:\/\/espoonperinneseura.net\/yritykset\/wp-json\/wp\/v2\/pages\/1748\/revisions"}],"predecessor-version":[{"id":1757,"href":"https:\/\/espoonperinneseura.net\/yritykset\/wp-json\/wp\/v2\/pages\/1748\/revisions\/1757"}],"up":[{"embeddable":true,"href":"https:\/\/espoonperinneseura.net\/yritykset\/wp-json\/wp\/v2\/pages\/322"}],"wp:attachment":[{"href":"https:\/\/espoonperinneseura.net\/yritykset\/wp-json\/wp\/v2\/media?parent=1748"}],"curies":[{"name":"wp","href":"https:\/\/api.w.org\/{rel}","templated":true}]}}